{"id":7965,"date":"2025-01-09T17:08:10","date_gmt":"2025-01-09T10:08:10","guid":{"rendered":"https:\/\/shop.tim-deli.vn\/?post_type=product&#038;p=7965"},"modified":"2026-01-16T10:23:28","modified_gmt":"2026-01-16T03:23:28","slug":"bot-tra-sua-khoai-mon-3in1-320gr","status":"publish","type":"product","link":"https:\/\/shop.tim-deli.vn\/vi\/san-pham\/bot-tra-sua-khoai-mon-3in1-320gr\/","title":{"rendered":"B\u1ed9t Tr\u00e0 S\u1eefa Khoai M\u00f4n 3in1 D\u00e9li &#8211; 320Gr (H\u1ed9p\/8 g\u00f3i)"},"content":{"rendered":"<h2 data-start=\"151\" data-end=\"237\"><strong data-start=\"154\" data-end=\"237\">B\u1ed9t Tr\u00e0 S\u1eefa Khoai M\u00f4n 3in1 320g D\u00e9li \u2013 M\u00e0u T\u00edm T\u1ef1 Nhi\u00ean, V\u1ecb B\u00f9i Th\u01a1m Chu\u1ea9n Qu\u00e1n<\/strong><\/h2>\n<p data-start=\"239\" data-end=\"453\"><strong data-start=\"239\" data-end=\"279\">B\u1ed9t tr\u00e0 s\u1eefa khoai m\u00f4n 3in1 320g D\u00e9li<\/strong> l\u00e0 l\u1ef1a ch\u1ecdn l\u00fd t\u01b0\u1edfng cho qu\u00e1n caf\u00e9, ti\u1ec7m tr\u00e0 s\u1eefa, m\u00f4 h\u00ecnh take-away ho\u1eb7c ng\u01b0\u1eddi d\u00f9ng c\u00e1 nh\u00e2n mu\u1ed1n pha ch\u1ebf tr\u00e0 s\u1eefa khoai m\u00f4n th\u01a1m ngon, ti\u1ec7n l\u1ee3i, kh\u00f4ng c\u1ea7n th\u00eam \u0111\u01b0\u1eddng hay s\u1eefa.<\/p>\n<p data-start=\"455\" data-end=\"732\">S\u1ea3n ph\u1ea9m s\u1eed d\u1ee5ng h\u01b0\u01a1ng khoai m\u00f4n t\u1ef1 nhi\u00ean, chi\u1ebft xu\u1ea5t khoai t\u1eeb b\u1ed9t 5.1%, k\u1ebft h\u1ee3p kem b\u00e9o v\u00e0 b\u1ed9t s\u1eefa \u2013 t\u1ea1o n\u00ean m\u00e0u t\u00edm nh\u1ea1t b\u1eaft m\u1eaft, v\u1ecb khoai b\u00f9i, ng\u1eady v\u00e0 h\u1eadu ng\u1ecdt d\u1ecbu. G\u00f3i nh\u1ecf 40g chia s\u1eb5n \u0111\u1ecbnh l\u01b0\u1ee3ng chu\u1ea9n gi\u00fap r\u00fat ng\u1eafn th\u1eddi gian pha ch\u1ebf, ki\u1ec3m so\u00e1t cost v\u00e0 d\u1ec5 training nh\u00e2n s\u1ef1.<\/p>\n<hr data-start=\"734\" data-end=\"737\" \/>\n<h3 data-start=\"739\" data-end=\"803\"><strong data-start=\"743\" data-end=\"803\">\u01afu \u0111i\u1ec3m n\u1ed5i b\u1eadt c\u1ee7a b\u1ed9t tr\u00e0 s\u1eefa khoai m\u00f4n 3in1 320g D\u00e9li<\/strong><\/h3>\n<ul data-start=\"805\" data-end=\"1241\">\n<li data-start=\"805\" data-end=\"874\">\n<p data-start=\"807\" data-end=\"874\">H\u01b0\u01a1ng khoai m\u00f4n t\u1ef1 nhi\u00ean \u0111\u1eadm \u0111\u00e0, b\u00f9i b\u00e9o, th\u01a1m nh\u1eb9 \u2013 kh\u00f4ng b\u1ecb ng\u1ea5y.<\/p>\n<\/li>\n<li data-start=\"875\" data-end=\"951\">\n<p data-start=\"877\" data-end=\"951\">C\u00f4ng th\u1ee9c 3in1 ti\u1ec7n d\u1ee5ng \u2013 kh\u00f4ng c\u1ea7n c\u00e2n \u0111o, kh\u00f4ng c\u1ea7n th\u00eam s\u1eefa hay \u0111\u01b0\u1eddng.<\/p>\n<\/li>\n<li data-start=\"952\" data-end=\"1028\">\n<p data-start=\"954\" data-end=\"1028\">M\u00e0u t\u00edm nh\u1ea1t t\u1ef1 nhi\u00ean, ph\u00f9 h\u1ee3p ph\u1ee5c v\u1ee5 trong ly nh\u1ef1a trong ho\u1eb7c th\u1ee7y tinh.<\/p>\n<\/li>\n<li data-start=\"1029\" data-end=\"1091\">\n<p data-start=\"1031\" data-end=\"1091\">Tan nhanh trong n\u01b0\u1edbc n\u00f3ng, kh\u00f4ng l\u1ee3n c\u1ee3n, kh\u00f4ng b\u1ecb t\u00e1ch l\u1edbp.<\/p>\n<\/li>\n<li data-start=\"1092\" data-end=\"1149\">\n<p data-start=\"1094\" data-end=\"1149\">G\u00f3i nh\u1ecf \u0111\u1ecbnh l\u01b0\u1ee3ng 40g \u2013 t\u1ed1i \u01b0u v\u1eadn h\u00e0nh, d\u1ec5 mang theo.<\/p>\n<\/li>\n<li data-start=\"1150\" data-end=\"1241\">\n<p data-start=\"1152\" data-end=\"1241\">\u0110\u01b0\u1ee3c s\u1ea3n xu\u1ea5t t\u1ea1i Vi\u1ec7t Nam, \u0111\u1ea1t chu\u1ea9n <strong data-start=\"1190\" data-end=\"1203\">ISO 22000<\/strong> \u2013 an t\u00e2m s\u1eed d\u1ee5ng cho m\u1ecdi m\u00f4 h\u00ecnh F&amp;B.<\/p>\n<\/li>\n<\/ul>\n<hr data-start=\"1243\" data-end=\"1246\" \/>\n<h3 data-start=\"1248\" data-end=\"1313\"><strong data-start=\"1252\" data-end=\"1313\">\u1ee8ng d\u1ee5ng th\u1ef1c t\u1ebf c\u1ee7a b\u1ed9t tr\u00e0 s\u1eefa khoai m\u00f4n 3in1 320g D\u00e9li<\/strong><\/h3>\n<h4 data-start=\"1315\" data-end=\"1334\">Trong \u0111\u1ed3 u\u1ed1ng:<\/h4>\n<ul data-start=\"1336\" data-end=\"1672\">\n<li data-start=\"1336\" data-end=\"1429\">\n<p data-start=\"1338\" data-end=\"1429\"><strong data-start=\"1338\" data-end=\"1372\">Tr\u00e0 s\u1eefa khoai m\u00f4n \u0111\u00e1 ho\u1eb7c n\u00f3ng<\/strong>: pha nhanh, th\u00eam topping tr\u00e2n ch\u00e2u ho\u1eb7c th\u1ea1ch khoai m\u00f4n.<\/p>\n<\/li>\n<li data-start=\"1430\" data-end=\"1504\">\n<p data-start=\"1432\" data-end=\"1504\"><strong data-start=\"1432\" data-end=\"1452\">Khoai m\u00f4n \u0111\u00e1 xay<\/strong>: k\u1ebft h\u1ee3p th\u00eam \u0111\u00e1 v\u00e0 s\u1eefa \u0111\u1eb7c cho m\u00f3n \u0111\u00e1 xay m\u1ecbn b\u00e9o.<\/p>\n<\/li>\n<li data-start=\"1505\" data-end=\"1582\">\n<p data-start=\"1507\" data-end=\"1582\"><strong data-start=\"1507\" data-end=\"1526\">Latte khoai m\u00f4n<\/strong>: bi\u1ebfn t\u1ea5u b\u1eb1ng c\u00e1ch d\u00f9ng s\u1eefa t\u01b0\u01a1i t\u1ea1o n\u1ec1n v\u1ecb thanh nh\u1eb9.<\/p>\n<\/li>\n<li data-start=\"1583\" data-end=\"1672\">\n<p data-start=\"1585\" data-end=\"1672\"><strong data-start=\"1585\" data-end=\"1609\">Khoai m\u00f4n kem cheese<\/strong>: l\u1edbp tr\u00e0 khoai m\u00f4n k\u1ebft h\u1ee3p kem m\u1eb7n cho v\u1ecb ng\u1ecdt \u2013 m\u1eb7n c\u00e2n b\u1eb1ng.<\/p>\n<\/li>\n<\/ul>\n<h4 data-start=\"1674\" data-end=\"1692\">Trong m\u00f3n \u0103n:<\/h4>\n<ul data-start=\"1694\" data-end=\"1837\">\n<li data-start=\"1694\" data-end=\"1762\">\n<p data-start=\"1696\" data-end=\"1762\">L\u00e0m <strong data-start=\"1700\" data-end=\"1720\">mousse khoai m\u00f4n<\/strong>, <strong data-start=\"1722\" data-end=\"1735\">b\u00e1nh l\u1ea1nh<\/strong>, <strong data-start=\"1737\" data-end=\"1761\">cupcake v\u1ecb khoai m\u00f4n<\/strong>.<\/p>\n<\/li>\n<li data-start=\"1763\" data-end=\"1837\">\n<p data-start=\"1765\" data-end=\"1837\">D\u00f9ng l\u00e0m <strong data-start=\"1774\" data-end=\"1788\">nh\u00e2n mochi<\/strong> ho\u1eb7c pha v\u1edbi whipping \u0111\u1ec3 t\u1ea1o kem trang tr\u00ed b\u00e1nh.<\/p>\n<\/li>\n<\/ul>\n<hr data-start=\"1839\" data-end=\"1842\" \/>\n<h3 data-start=\"1965\" data-end=\"2031\">\ud83c\udfa5 <strong data-start=\"1972\" data-end=\"2029\">Xem video pha ch\u1ebf th\u1ef1c t\u1ebf t\u1eeb <\/strong><strong data-start=\"1972\" data-end=\"2029\">b\u1ed9t tr\u00e0 s\u1eefa khoai m\u00f4n 3in1 <\/strong><strong data-start=\"1972\" data-end=\"2029\">D\u00e9li t\u1ea1i TikTok: <a class=\"cursor-pointer\" href=\"https:\/\/www.tiktok.com\/@phachecungdeli\" target=\"_new\" rel=\"noopener\" data-start=\"2012\" data-end=\"2069\">@phachecungdeli<\/a><\/strong><\/h3>\n<hr data-start=\"1960\" data-end=\"1963\" \/>\n<h3 data-start=\"1965\" data-end=\"2000\"><strong data-start=\"1969\" data-end=\"2000\">Th\u00f4ng tin k\u1ef9 thu\u1eadt s\u1ea3n ph\u1ea9m<\/strong><\/h3>\n<ul data-start=\"2002\" data-end=\"2999\">\n<li data-start=\"2002\" data-end=\"2095\">\n<p data-start=\"2004\" data-end=\"2095\"><strong data-start=\"2004\" data-end=\"2021\">T\u00ean s\u1ea3n ph\u1ea9m:<\/strong> B\u1ed9t Tr\u00e0 S\u1eefa Khoai M\u00f4n D\u00e9li \u2013 D\u00f2ng s\u1ea3n ph\u1ea9m pha ch\u1ebf ti\u1ec7n l\u1ee3i 3in1 (320g)<\/p>\n<\/li>\n<li data-start=\"2096\" data-end=\"2355\">\n<p data-start=\"2098\" data-end=\"2355\"><strong data-start=\"2098\" data-end=\"2113\">Th\u00e0nh ph\u1ea7n:<\/strong> B\u1ed9t kem b\u00e9o th\u1ef1c v\u1eadt, \u0111\u01b0\u1eddng tinh luy\u1ec7n, b\u1ed9t s\u1eefa t\u00e1ch b\u00e9o (2.5%), h\u01b0\u01a1ng khoai m\u00f4n t\u1ed5ng h\u1ee3p, chi\u1ebft xu\u1ea5t t\u1eeb c\u1ee7 khoai m\u00f4n (5.1%), b\u1ed9t khoai m\u00f4n t\u00edm, ch\u1ea5t ch\u1ed1ng \u0111\u00f4ng v\u00f3n (INS 551), m\u00e0u th\u1ef1c ph\u1ea9m t\u1ef1 nhi\u00ean v\u00e0 t\u1ed5ng h\u1ee3p (INS 120, INS 122, INS 133).<\/p>\n<\/li>\n<li data-start=\"2356\" data-end=\"2485\">\n<p data-start=\"2358\" data-end=\"2485\"><strong data-start=\"2358\" data-end=\"2380\">H\u01b0\u1edbng d\u1eabn s\u1eed d\u1ee5ng:<\/strong> Cho 1 g\u00f3i b\u1ed9t (40g) v\u00e0o ly, th\u00eam 80ml n\u01b0\u1edbc n\u00f3ng (85\u201390\u00b0C), khu\u1ea5y \u0111\u1ec1u. Th\u00eam \u0111\u00e1, topping v\u00e0 th\u01b0\u1edfng th\u1ee9c.<\/p>\n<\/li>\n<li data-start=\"2486\" data-end=\"2550\">\n<p data-start=\"2488\" data-end=\"2550\"><strong data-start=\"2488\" data-end=\"2510\">Quy c\u00e1ch \u0111\u00f3ng g\u00f3i:<\/strong> H\u1ed9p 320g \u2013 g\u1ed3m 8 g\u00f3i nh\u1ecf, m\u1ed7i g\u00f3i 40g<\/p>\n<\/li>\n<li data-start=\"2551\" data-end=\"2587\">\n<p data-start=\"2553\" data-end=\"2587\"><strong data-start=\"2553\" data-end=\"2569\">NSX &amp; L\u00f4 SX:<\/strong> Xem tr\u00ean bao b\u00ec<\/p>\n<\/li>\n<li data-start=\"2588\" data-end=\"2637\">\n<p data-start=\"2590\" data-end=\"2637\"><strong data-start=\"2590\" data-end=\"2606\">H\u1ea1n s\u1eed d\u1ee5ng:<\/strong> 18 th\u00e1ng k\u1ec3 t\u1eeb ng\u00e0y s\u1ea3n xu\u1ea5t<\/p>\n<\/li>\n<li data-start=\"2638\" data-end=\"2706\">\n<p data-start=\"2640\" data-end=\"2706\"><strong data-start=\"2640\" data-end=\"2653\">B\u1ea3o qu\u1ea3n:<\/strong> N\u01a1i kh\u00f4 r\u00e1o, tho\u00e1ng m\u00e1t, tr\u00e1nh \u00e1nh n\u1eafng tr\u1ef1c ti\u1ebfp.<\/p>\n<\/li>\n<li data-start=\"2707\" data-end=\"2736\">\n<p data-start=\"2709\" data-end=\"2736\"><strong data-start=\"2709\" data-end=\"2720\">S\u1ed1 TCB:<\/strong> 46\/TYRAN\/2021<\/p>\n<\/li>\n<li data-start=\"2737\" data-end=\"2762\">\n<p data-start=\"2739\" data-end=\"2762\"><strong data-start=\"2739\" data-end=\"2751\">Xu\u1ea5t x\u1ee9:<\/strong> Vi\u1ec7t Nam<\/p>\n<\/li>\n<\/ul>\n<ul data-start=\"1625\" data-end=\"2564\">\n<li><strong data-start=\"3001\" data-end=\"3026\">Ti\u00eau chu\u1ea9n ch\u1ea5t l\u01b0\u1ee3ng<\/strong>: ISO 22000<\/li>\n<\/ul>\n<ul data-start=\"2268\" data-end=\"3285\">\n<li data-start=\"3056\" data-end=\"3169\">\n<p data-start=\"3058\" data-end=\"3169\"><strong data-start=\"3058\" data-end=\"3074\">S\u1ea3n xu\u1ea5t t\u1ea1i<\/strong>: C\u00f4ng ty TNHH TMDV TYRAN \u2013 D20\/530 Tr\u1ecbnh Quang Ngh\u1ecb, x\u00e3 B\u00ecnh H\u01b0ng, Th\u00e0nh ph\u1ed1 H\u1ed3 Ch\u00ed Minh, Vi\u1ec7t Nam<\/p>\n<\/li>\n<li data-start=\"3170\" data-end=\"3285\">\n<p data-start=\"3172\" data-end=\"3285\"><strong data-start=\"3172\" data-end=\"3199\">Ph\u00e2n ph\u1ed1i \u0111\u1ed9c quy\u1ec1n b\u1edfi<\/strong>: C\u00f4ng ty TNHH TIM CORP \u2013 T\u1ea7ng 14, T\u00f2a Nh\u00e0 HM Town, 412 Nguy\u1ec5n Th\u1ecb Minh Khai, Ph\u01b0\u1eddng B\u00e0n C\u1edd, Th\u00e0nh ph\u1ed1 H\u1ed3 Ch\u00ed Minh, Vi\u1ec7t Nam<\/p>\n<\/li>\n<\/ul>\n<hr data-start=\"3001\" data-end=\"3004\" \/>\n<h3 data-start=\"3006\" data-end=\"3084\"><strong data-start=\"3010\" data-end=\"3084\">V\u00ec sao n\u00ean ch\u1ecdn b\u1ed9t tr\u00e0 s\u1eefa khoai m\u00f4n 3in1 320g D\u00e9li cho qu\u00e1n c\u1ee7a b\u1ea1n?<\/strong><\/h3>\n<ul data-start=\"3086\" data-end=\"3362\">\n<li data-start=\"3086\" data-end=\"3127\">\n<p data-start=\"3088\" data-end=\"3127\">Ti\u1ebft ki\u1ec7m th\u1eddi gian v\u00e0 nh\u00e2n s\u1ef1 pha ch\u1ebf.<\/p>\n<\/li>\n<li data-start=\"3128\" data-end=\"3167\">\n<p data-start=\"3130\" data-end=\"3167\">\u0110\u1ecbnh l\u01b0\u1ee3ng chu\u1ea9n \u2013 d\u1ec5 ki\u1ec3m so\u00e1t cost.<\/p>\n<\/li>\n<li data-start=\"3168\" data-end=\"3226\">\n<p data-start=\"3170\" data-end=\"3226\">Gi\u1eef \u0111\u01b0\u1ee3c \u0111\u1ed9 \u1ed5n \u0111\u1ecbnh h\u01b0\u01a1ng v\u1ecb trong m\u1ecdi m\u00f4 h\u00ecnh v\u1eadn h\u00e0nh.<\/p>\n<\/li>\n<li data-start=\"3227\" data-end=\"3292\">\n<p data-start=\"3229\" data-end=\"3292\">Kh\u00f4ng c\u1ea7n th\u00eam nguy\u00ean li\u1ec7u \u2013 ph\u00f9 h\u1ee3p m\u1ecdi quy m\u00f4 t\u1eeb nh\u1ecf \u0111\u1ebfn l\u1edbn.<\/p>\n<\/li>\n<li data-start=\"3293\" data-end=\"3362\">\n<p data-start=\"3295\" data-end=\"3362\">G\u1ecdn nh\u1eb9, ti\u1ec7n b\u1ea3o qu\u1ea3n, kh\u00f4ng chi\u1ebfm di\u1ec7n t\u00edch nh\u01b0 nguy\u00ean li\u1ec7u t\u01b0\u01a1i.<\/p>\n<\/li>\n<\/ul>\n<hr data-start=\"3364\" data-end=\"3367\" \/>\n<h3 data-start=\"3369\" data-end=\"3418\"><strong data-start=\"3373\" data-end=\"3418\">Kh\u00e1m ph\u00e1 th\u00eam c\u00e1c d\u00f2ng s\u1ea3n ph\u1ea9m D\u00e9li kh\u00e1c<\/strong><\/h3>\n<p data-start=\"3420\" data-end=\"3501\">Ngo\u00e0i <strong data-start=\"3426\" data-end=\"3461\">b\u1ed9t tr\u00e0 s\u1eefa khoai m\u00f4n 3in1 320g<\/strong>, D\u00e9li c\u00f2n c\u00f3 c\u00e1c d\u00f2ng n\u1ed5i b\u1eadt kh\u00e1c nh\u01b0:<\/p>\n<ul data-start=\"3503\" data-end=\"3668\">\n<li data-start=\"3503\" data-end=\"3540\">\n<p data-start=\"3505\" data-end=\"3540\"><strong data-start=\"3505\" data-end=\"3540\">B\u1ed9t Tr\u00e0 S\u1eefa Th\u00e1i Xanh 3in1 320g<\/strong><\/p>\n<\/li>\n<li data-start=\"3541\" data-end=\"3576\">\n<p data-start=\"3543\" data-end=\"3576\"><strong data-start=\"3543\" data-end=\"3576\">B\u1ed9t Tr\u00e0 S\u1eefa Th\u00e1i \u0110\u1ecf 3in1 320g<\/strong><\/p>\n<\/li>\n<li data-start=\"3577\" data-end=\"3611\">\n<p data-start=\"3579\" data-end=\"3611\"><strong data-start=\"3579\" data-end=\"3611\">B\u1ed9t Tr\u00e0 S\u1eefa Matcha 3in1 320g<\/strong><\/p>\n<\/li>\n<li data-start=\"3612\" data-end=\"3668\">\n<p data-start=\"3614\" data-end=\"3668\"><strong data-start=\"3614\" data-end=\"3668\">Siro D\u00e9li 1L \u2013 D\u00f2ng s\u1ea3n ph\u1ea9m pha ch\u1ebf chuy\u00ean nghi\u1ec7p<\/strong><\/p>\n<\/li>\n<\/ul>\n<p>\ud83d\udc49 <strong data-start=\"3564\" data-end=\"3599\">Xem danh m\u1ee5c s\u1ea3n ph\u1ea9m D\u00e9li t\u1ea1i: <a class=\"cursor-pointer\" href=\"https:\/\/shop.tim-deli.vn\/en\/shop\/\" rel=\"noopener\" data-start=\"3670\" data-end=\"3705\">Danh m\u1ee5c s\u1ea3n ph\u1ea9m D\u00e9li<\/a><\/strong><\/p>\n","protected":false},"excerpt":{"rendered":"<p class=\"QN2lPu\"><strong>TH\u00d4NG TIN S\u1ea2N PH\u1ea8M B\u1ed8T TR\u00c0 S\u1eeeA KHOAI M\u00d4N 3IN1 320G<\/strong><\/p>\n<p><strong>Th\u01b0\u01a1ng hi\u1ec7u<\/strong>: D\u00e9li<\/p>\n<p><strong>Quy C\u00e1ch:<\/strong> 320g (H\u1ed9p\/8 g\u00f3i)<\/p>\n<p><strong>Ng\u00e0y s\u1ea3n xu\u1ea5t:<\/strong>\u00a0in tr\u00ean bao b\u00ec.<\/p>\n<p><strong>H\u1ea1n s\u1eed d\u1ee5ng:<\/strong> 18 th\u00e1ng k\u1ec3 t\u1eeb ng\u00e0y s\u1ea3n xu\u1ea5t.<\/p>\n<p><strong>Xu\u1ea5t x\u1ee9:<\/strong>\u00a0Vi\u1ec7t Nam<\/p>\n<p><strong>B\u1ea3o qu\u1ea3n:<\/strong> N\u01a1i kh\u00f4 r\u00e1o, tho\u00e1ng m\u00e1t, tr\u00e1nh \u00e1nh n\u1eafng tr\u1ef1c ti\u1ebfp. \u0110\u1eady k\u00edn sau khi m\u1edf v\u00e0 d\u00f9ng h\u1ebft s\u1edbm \u0111\u1ec3 gi\u1eef tr\u1ecdn h\u01b0\u01a1ng v\u1ecb.<\/p>\n","protected":false},"featured_media":9395,"comment_status":"open","ping_status":"closed","template":"","meta":{"_acf_changed":false,"inline_featured_image":false},"product_brand":[],"product_cat":[182,344,277],"product_tag":[],"class_list":{"0":"post-7965","1":"product","2":"type-product","3":"status-publish","4":"has-post-thumbnail","6":"product_cat-bot-tra-sua-3-in-1","7":"product_cat-mua2-tang-1","8":"product_cat-promotion","11":"instock","12":"taxable","13":"shipping-taxable","14":"purchasable","15":"product-type-variable"},"acf":[],"_links":{"self":[{"href":"https:\/\/shop.tim-deli.vn\/vi\/wp-json\/wp\/v2\/product\/7965","targetHints":{"allow":["GET"]}}],"collection":[{"href":"https:\/\/shop.tim-deli.vn\/vi\/wp-json\/wp\/v2\/product"}],"about":[{"href":"https:\/\/shop.tim-deli.vn\/vi\/wp-json\/wp\/v2\/types\/product"}],"replies":[{"embeddable":true,"href":"https:\/\/shop.tim-deli.vn\/vi\/wp-json\/wp\/v2\/comments?post=7965"}],"version-history":[{"count":5,"href":"https:\/\/shop.tim-deli.vn\/vi\/wp-json\/wp\/v2\/product\/7965\/revisions"}],"predecessor-version":[{"id":11665,"href":"https:\/\/shop.tim-deli.vn\/vi\/wp-json\/wp\/v2\/product\/7965\/revisions\/11665"}],"wp:featuredmedia":[{"embeddable":true,"href":"https:\/\/shop.tim-deli.vn\/vi\/wp-json\/wp\/v2\/media\/9395"}],"wp:attachment":[{"href":"https:\/\/shop.tim-deli.vn\/vi\/wp-json\/wp\/v2\/media?parent=7965"}],"wp:term":[{"taxonomy":"product_brand","embeddable":true,"href":"https:\/\/shop.tim-deli.vn\/vi\/wp-json\/wp\/v2\/product_brand?post=7965"},{"taxonomy":"product_cat","embeddable":true,"href":"https:\/\/shop.tim-deli.vn\/vi\/wp-json\/wp\/v2\/product_cat?post=7965"},{"taxonomy":"product_tag","embeddable":true,"href":"https:\/\/shop.tim-deli.vn\/vi\/wp-json\/wp\/v2\/product_tag?post=7965"}],"curies":[{"name":"wp","href":"https:\/\/api.w.org\/{rel}","templated":true}]}}