{"id":7817,"date":"2025-01-07T15:23:06","date_gmt":"2025-01-07T08:23:06","guid":{"rendered":"https:\/\/shop.tim-deli.vn\/?post_type=product&#038;p=7817"},"modified":"2025-11-25T10:58:31","modified_gmt":"2025-11-25T03:58:31","slug":"ca-phe-rang-xay-1kg","status":"publish","type":"product","link":"https:\/\/shop.tim-deli.vn\/vi\/san-pham\/ca-phe-rang-xay-1kg\/","title":{"rendered":"C\u00e0 Ph\u00ea B\u1ed9t Rang Xay 1kg &#8211; 100% Robusta &#038; Arabica"},"content":{"rendered":"<h2 data-start=\"763\" data-end=\"838\"><strong data-start=\"767\" data-end=\"838\">C\u00e0 Ph\u00ea Rang Xay 1kg \u2013 L\u1ef1a Ch\u1ecdn C\u1ee7a C\u00e1c Qu\u00e1n Cafe Chuy\u00ean Nghi\u1ec7p<\/strong><\/h2>\n<p data-start=\"840\" data-end=\"1184\">Khi v\u1eadn h\u00e0nh qu\u00e1n caf\u00e9, vi\u1ec7c l\u1ef1a ch\u1ecdn nguy\u00ean li\u1ec7u ch\u1ea5t l\u01b0\u1ee3ng \u2013 \u1ed5n \u0111\u1ecbnh \u2013 d\u1ec5 pha l\u00e0 y\u1ebfu t\u1ed1 s\u1ed1ng c\u00f2n. <strong data-start=\"940\" data-end=\"968\">C\u00e0 ph\u00ea rang xay 1kg D\u00e9li<\/strong> \u0111\u01b0\u1ee3c ph\u00e1t tri\u1ec3n v\u1edbi m\u1ee5c ti\u00eau ph\u1ee5c v\u1ee5 c\u00e1c qu\u00e1n c\u00e0 ph\u00ea chuy\u00ean nghi\u1ec7p, chu\u1ed7i nh\u1ecf ho\u1eb7c nh\u00e0 h\u00e0ng \u2013 caf\u00e9 \u2013 kh\u00e1ch s\u1ea1n (HORECA), c\u1ea7n s\u1ea3n ph\u1ea9m <strong data-start=\"1103\" data-end=\"1129\">c\u00e0 ph\u00ea b\u1ed9t nguy\u00ean ch\u1ea5t<\/strong>, d\u1ec5 s\u1eed d\u1ee5ng, gi\u00e1 h\u1ee3p l\u00fd, h\u01b0\u01a1ng v\u1ecb chu\u1ea9n gu th\u1ecb tr\u01b0\u1eddng.<\/p>\n<p data-start=\"1186\" data-end=\"1489\">S\u1ea3n ph\u1ea9m s\u1eed d\u1ee5ng <strong data-start=\"1203\" data-end=\"1249\">100% h\u1ea1t c\u00e0 ph\u00ea Arabica v\u00e0 Robusta ch\u00edn \u0111\u1ecf<\/strong>, rang v\u1eeba (medium roast) \u0111\u1ec3 \u0111\u1ea1t \u0111\u01b0\u1ee3c s\u1ef1 c\u00e2n b\u1eb1ng gi\u1eefa v\u1ecb \u0111\u1eadm v\u00e0 h\u01b0\u01a1ng th\u01a1m. <strong data-start=\"1326\" data-end=\"1337\">Arabica<\/strong> g\u00f3p ph\u1ea7n t\u1ea1o n\u00ean h\u01b0\u01a1ng th\u01a1m d\u1ecbu nh\u1eb9, chua thanh v\u00e0 h\u1eadu ng\u1ecdt; c\u00f2n <strong data-start=\"1403\" data-end=\"1414\">Robusta<\/strong> mang l\u1ea1i \u0111\u1ed9 \u0111\u1eadm c\u1ea7n thi\u1ebft, gi\u00fap espresso c\u00f3 body t\u1ed1t v\u00e0 l\u1edbp crema \u0111\u1eb9p m\u1eaft.<\/p>\n<hr data-start=\"1491\" data-end=\"1494\" \/>\n<h3 data-start=\"1496\" data-end=\"1519\"><strong data-start=\"1500\" data-end=\"1519\">\u01afu \u0111i\u1ec3m n\u1ed5i b\u1eadt<\/strong><\/h3>\n<ul data-start=\"1521\" data-end=\"1903\">\n<li data-start=\"1521\" data-end=\"1602\">\n<p data-start=\"1523\" data-end=\"1602\">\u2714\ufe0f K\u1ebft h\u1ee3p <strong data-start=\"1534\" data-end=\"1567\">Arabica &amp; Robusta nguy\u00ean ch\u1ea5t<\/strong> \u2013 kh\u00f4ng t\u1ea9m h\u01b0\u01a1ng, kh\u00f4ng pha \u0111\u1ed9n<\/p>\n<\/li>\n<li data-start=\"1603\" data-end=\"1661\">\n<p data-start=\"1605\" data-end=\"1661\">\u2714\ufe0f <strong data-start=\"1608\" data-end=\"1635\">Rang v\u1eeba \u2013 Medium Roast<\/strong> gi\u1eef tr\u1ecdn h\u01b0\u01a1ng t\u1ef1 nhi\u00ean<\/p>\n<\/li>\n<li data-start=\"1662\" data-end=\"1722\">\n<p data-start=\"1664\" data-end=\"1722\">\u2714\ufe0f <strong data-start=\"1667\" data-end=\"1678\">Xay s\u1eb5n<\/strong> \u2013 s\u1eed d\u1ee5ng ngay cho <strong data-start=\"1698\" data-end=\"1720\">pha phin &amp; pha m\u00e1y<\/strong><\/p>\n<\/li>\n<li data-start=\"1723\" data-end=\"1778\">\n<p data-start=\"1725\" data-end=\"1778\">\u2714\ufe0f <strong data-start=\"1728\" data-end=\"1744\">\u0110\u00f3ng g\u00f3i 1kg<\/strong> \u2013 t\u1ed1i \u01b0u cho nhu c\u1ea7u kinh doanh<\/p>\n<\/li>\n<li data-start=\"1779\" data-end=\"1842\">\n<p data-start=\"1781\" data-end=\"1842\">\u2714\ufe0f H\u01b0\u01a1ng v\u1ecb c\u00e2n b\u1eb1ng, ph\u00f9 h\u1ee3p th\u1ecb hi\u1ebfu kh\u00e1ch h\u00e0ng ph\u1ed5 th\u00f4ng<\/p>\n<\/li>\n<li data-start=\"1843\" data-end=\"1903\">\n<p data-start=\"1845\" data-end=\"1903\">\u2714\ufe0f S\u1ea3n xu\u1ea5t theo ti\u00eau chu\u1ea9n ISO 22000, kh\u00f4ng ch\u1ea5t b\u1ea3o qu\u1ea3n<\/p>\n<\/li>\n<\/ul>\n<hr data-start=\"1905\" data-end=\"1908\" \/>\n<h3 data-start=\"1910\" data-end=\"1934\"><strong data-start=\"1914\" data-end=\"1934\">\u1ee8ng d\u1ee5ng th\u1ef1c t\u1ebf<\/strong><\/h3>\n<h4 data-start=\"1936\" data-end=\"1980\">\u0110\u1ed1i v\u1edbi qu\u00e1n caf\u00e9, nh\u00e0 h\u00e0ng, kh\u00e1ch s\u1ea1n:<\/h4>\n<ul data-start=\"1981\" data-end=\"2161\">\n<li data-start=\"1981\" data-end=\"2030\">\n<p data-start=\"1983\" data-end=\"2030\">D\u00f9ng cho espresso, latte, cappuccino, cold brew<\/p>\n<\/li>\n<li data-start=\"2031\" data-end=\"2096\">\n<p data-start=\"2033\" data-end=\"2096\">Th\u00edch h\u1ee3p pha phin Vi\u1ec7t ho\u1eb7c m\u00e1y b\u00e1n t\u1ef1 \u0111\u1ed9ng, m\u00e1y chuy\u00ean nghi\u1ec7p<\/p>\n<\/li>\n<li data-start=\"2097\" data-end=\"2161\">\n<p data-start=\"2099\" data-end=\"2161\">\u0110\u00f3ng g\u00f3i 1kg gi\u00fap qu\u1ea3n l\u00fd t\u1ed3n kho d\u1ec5 d\u00e0ng, gi\u1ea3m chi ph\u00ed \u0111\u01a1n v\u1ecb<\/p>\n<\/li>\n<\/ul>\n<h4 data-start=\"2163\" data-end=\"2195\">\u0110\u1ed1i v\u1edbi c\u00e1 nh\u00e2n, v\u0103n ph\u00f2ng:<\/h4>\n<ul data-start=\"2196\" data-end=\"2324\">\n<li data-start=\"2196\" data-end=\"2234\">\n<p data-start=\"2198\" data-end=\"2234\">S\u1eed d\u1ee5ng h\u00e0ng ng\u00e0y n\u1ebfu c\u00f3 nhu c\u1ea7u l\u1edbn<\/p>\n<\/li>\n<li data-start=\"2235\" data-end=\"2281\">\n<p data-start=\"2237\" data-end=\"2281\">Ph\u00f9 h\u1ee3p l\u00e0m nguy\u00ean li\u1ec7u \u0111\u1ec3 ph\u1ed1i tr\u1ed9n (blend)<\/p>\n<\/li>\n<li data-start=\"2282\" data-end=\"2324\">\n<p data-start=\"2284\" data-end=\"2324\">Ti\u1ebft ki\u1ec7m chi ph\u00ed h\u01a1n so v\u1edbi mua g\u00f3i nh\u1ecf<\/p>\n<\/li>\n<\/ul>\n<hr data-start=\"2436\" data-end=\"2439\" \/>\n<h3 data-start=\"1965\" data-end=\"2031\">\ud83c\udfa5 <strong data-start=\"1972\" data-end=\"2029\">Xem video pha ch\u1ebf th\u1ef1c t\u1ebf D\u00e9li t\u1ea1i TikTok: <a class=\"cursor-pointer\" href=\"https:\/\/www.tiktok.com\/@phachecungdeli\" target=\"_new\" rel=\"noopener\" data-start=\"2012\" data-end=\"2069\">@phachecungdeli<\/a><\/strong><\/h3>\n<hr data-start=\"2436\" data-end=\"2439\" \/>\n<h3 data-start=\"2441\" data-end=\"2476\"><strong data-start=\"2445\" data-end=\"2476\">Th\u00f4ng tin k\u1ef9 thu\u1eadt s\u1ea3n ph\u1ea9m<\/strong><\/h3>\n<ul data-start=\"2478\" data-end=\"2998\">\n<li data-start=\"2478\" data-end=\"2540\">\n<p data-start=\"2480\" data-end=\"2540\"><strong data-start=\"2480\" data-end=\"2497\">T\u00ean s\u1ea3n ph\u1ea9m:<\/strong> C\u00e0 ph\u00ea rang xay D\u00e9li \u2013 Robusta &amp; Arabica<\/p>\n<\/li>\n<li data-start=\"2541\" data-end=\"2569\">\n<p data-start=\"2543\" data-end=\"2569\"><strong data-start=\"2543\" data-end=\"2563\">Kh\u1ed1i l\u01b0\u1ee3ng t\u1ecbnh:<\/strong> 1kg<\/p>\n<\/li>\n<li data-start=\"2570\" data-end=\"2603\">\n<p data-start=\"2572\" data-end=\"2603\"><strong data-start=\"2572\" data-end=\"2590\">D\u1ea1ng s\u1ea3n ph\u1ea9m:<\/strong> C\u00e0 ph\u00ea b\u1ed9t<\/p>\n<\/li>\n<li data-start=\"2604\" data-end=\"2643\">\n<p data-start=\"2606\" data-end=\"2643\"><strong data-start=\"2606\" data-end=\"2622\">M\u1ee9c \u0111\u1ed9 rang:<\/strong> V\u1eeba (Medium Roast)<\/p>\n<\/li>\n<li data-start=\"2644\" data-end=\"2694\">\n<p data-start=\"2646\" data-end=\"2694\"><strong data-start=\"2646\" data-end=\"2661\">Th\u00e0nh ph\u1ea7n:<\/strong> 100% Arabica &amp; Robusta ch\u00edn \u0111\u1ecf<\/p>\n<\/li>\n<li data-start=\"2695\" data-end=\"2746\">\n<p data-start=\"2697\" data-end=\"2746\"><strong data-start=\"2697\" data-end=\"2717\">Ph\u00f9 h\u1ee3p s\u1eed d\u1ee5ng:<\/strong> Pha phin, pha m\u00e1y espresso<\/p>\n<\/li>\n<li data-start=\"2747\" data-end=\"2811\">\n<p data-start=\"2749\" data-end=\"2811\"><strong>B\u1ea3o qu\u1ea3n:<\/strong> B\u1ea3o qu\u1ea3n n\u01a1i kh\u00f4 r\u00e1o, tho\u00e1ng m\u00e1t. Tr\u00e1nh ti\u1ebfp x\u00fac tr\u1ef1c ti\u1ebfp v\u1edbi \u00e1nh s\u00e1ng m\u1eb7t tr\u1eddi, \u0111\u00f3ng k\u00edn mi\u1ec7ng t\u00fai sau khi s\u1eed d\u1ee5ng<\/p>\n<\/li>\n<li data-start=\"2812\" data-end=\"2853\">\n<p data-start=\"2814\" data-end=\"2853\"><strong data-start=\"2814\" data-end=\"2822\">HSD:<\/strong> 12 th\u00e1ng k\u1ec3 t\u1eeb ng\u00e0y s\u1ea3n xu\u1ea5t<\/p>\n<\/li>\n<li data-start=\"2854\" data-end=\"2879\">\n<p data-start=\"2856\" data-end=\"2879\"><strong data-start=\"2856\" data-end=\"2868\">Xu\u1ea5t x\u1ee9:<\/strong> Vi\u1ec7t Nam<\/p>\n<\/li>\n<\/ul>\n<ul>\n<li><strong data-start=\"3001\" data-end=\"3026\">Ti\u00eau chu\u1ea9n ch\u1ea5t l\u01b0\u1ee3ng<\/strong>: ISO 22000<\/li>\n<\/ul>\n<ul data-start=\"2268\" data-end=\"3285\">\n<li data-start=\"3056\" data-end=\"3169\">\n<p data-start=\"3058\" data-end=\"3169\"><strong data-start=\"3058\" data-end=\"3074\">S\u1ea3n xu\u1ea5t t\u1ea1i<\/strong>: C\u00f4ng ty TNHH TMDV TYRAN \u2013 D20\/530 Tr\u1ecbnh Quang Ngh\u1ecb, x\u00e3 B\u00ecnh H\u01b0ng, Th\u00e0nh ph\u1ed1 H\u1ed3 Ch\u00ed Minh, Vi\u1ec7t Nam<\/p>\n<\/li>\n<li data-start=\"3170\" data-end=\"3285\">\n<p data-start=\"3172\" data-end=\"3285\"><strong data-start=\"3172\" data-end=\"3199\">Ph\u00e2n ph\u1ed1i \u0111\u1ed9c quy\u1ec1n b\u1edfi<\/strong>: C\u00f4ng ty TNHH TIM CORP \u2013 T\u1ea7ng 14, T\u00f2a Nh\u00e0 HM Town, 412 Nguy\u1ec5n Th\u1ecb Minh Khai, Ph\u01b0\u1eddng B\u00e0n C\u1edd, Th\u00e0nh ph\u1ed1 H\u1ed3 Ch\u00ed Minh, Vi\u1ec7t Nam<\/p>\n<\/li>\n<\/ul>\n<hr data-start=\"3000\" data-end=\"3003\" \/>\n<h3 data-start=\"3005\" data-end=\"3061\"><strong data-start=\"3009\" data-end=\"3061\">L\u00fd do n\u00ean ch\u1ecdn c\u00e0 ph\u00ea rang xay 1kg D\u00e9li cho qu\u00e1n<\/strong><\/h3>\n<ul data-start=\"3063\" data-end=\"3310\">\n<li data-start=\"3063\" data-end=\"3100\">\n<p data-start=\"3065\" data-end=\"3100\">\u2615 \u0110\u1eadm \u0111\u00e0 \u2013 th\u01a1m l\u00e2u \u2013 h\u1eadu v\u1ecb s\u1ea1ch<\/p>\n<\/li>\n<li data-start=\"3101\" data-end=\"3153\">\n<p data-start=\"3103\" data-end=\"3153\">\ud83d\udcbc Quy c\u00e1ch 1kg t\u1ed1i \u01b0u cho pha ch\u1ebf chuy\u00ean nghi\u1ec7p<\/p>\n<\/li>\n<li data-start=\"3154\" data-end=\"3197\">\n<p data-start=\"3156\" data-end=\"3197\">\ud83d\udd04 \u0110\u1ed3ng \u0111\u1ec1u h\u01b0\u01a1ng v\u1ecb, d\u1ec5 ph\u1ed1i c\u00f4ng th\u1ee9c<\/p>\n<\/li>\n<li data-start=\"3198\" data-end=\"3244\">\n<p data-start=\"3200\" data-end=\"3244\">\u2705 Kh\u00f4ng ph\u1ee5 gia, kh\u00f4ng h\u01b0\u01a1ng li\u1ec7u nh\u00e2n t\u1ea1o<\/p>\n<\/li>\n<li data-start=\"3245\" data-end=\"3310\">\n<p data-start=\"3247\" data-end=\"3310\">\ud83c\udfe2 \u0110\u1ed3ng h\u00e0nh c\u00f9ng h\u00e0ng tr\u0103m qu\u00e1n caf\u00e9 &amp; nh\u00e0 h\u00e0ng tr\u00ean to\u00e0n qu\u1ed1c<\/p>\n<\/li>\n<\/ul>\n<hr data-start=\"3312\" data-end=\"3315\" \/>\n<h3 data-start=\"3317\" data-end=\"3359\"><strong data-start=\"3321\" data-end=\"3359\">Kh\u00e1m ph\u00e1 th\u00eam c\u00e1c d\u00f2ng c\u00e0 ph\u00ea D\u00e9li<\/strong><\/h3>\n<ul data-start=\"3062\" data-end=\"3273\">\n<li data-start=\"3062\" data-end=\"3133\">\n<p data-start=\"3064\" data-end=\"3133\">\ud83d\udc49 <a class=\"\" href=\"#\" rel=\"noopener\" data-start=\"3067\" data-end=\"3131\">C\u00e0 ph\u00ea rang xay 500kg D\u00e9li \u2013 D\u00e0nh cho qu\u00e1n caf\u00e9 chuy\u00ean nghi\u1ec7p<\/a><\/p>\n<\/li>\n<li data-start=\"3134\" data-end=\"3204\">\n<p data-start=\"3136\" data-end=\"3204\">\ud83d\udc49 <a class=\"\" href=\"#\" rel=\"noopener\" data-start=\"3139\" data-end=\"3202\">C\u00e0 ph\u00ea h\u1ea1t rang Arabica 100% \u2013 Rang nh\u1eb9, ph\u00f9 h\u1ee3p cold brew<\/a><\/p>\n<\/li>\n<\/ul>\n<p data-start=\"3572\" data-end=\"3653\">\ud83d\udc49 <strong data-start=\"3564\" data-end=\"3599\">Xem danh m\u1ee5c s\u1ea3n ph\u1ea9m D\u00e9li t\u1ea1i: <a class=\"cursor-pointer\" href=\"https:\/\/shop.tim-deli.vn\/en\/shop\/\" rel=\"noopener\" data-start=\"3670\" data-end=\"3705\">Danh m\u1ee5c s\u1ea3n ph\u1ea9m D\u00e9li<\/a><\/strong><\/p>\n","protected":false},"excerpt":{"rendered":"<p class=\"QN2lPu\"><strong>TH\u00d4NG TIN S\u1ea2N PH\u1ea8M C\u00c0 PH\u00ca RANG XAY 1KG<\/strong><\/p>\n<p><strong>Th\u01b0\u01a1ng hi\u1ec7u<\/strong>: D\u00e9li<\/p>\n<p><strong>Th\u00e0nh ph\u1ea7n:<\/strong> 100% cafe ch\u00edn Robusta &amp; Arabica<\/p>\n<p><strong>Quy C\u00e1ch:<\/strong> 1kg<\/p>\n<p><strong>Ng\u00e0y s\u1ea3n xu\u1ea5t:<\/strong>\u00a0in tr\u00ean bao b\u00ec.<\/p>\n<p><strong>H\u1ea1n s\u1eed d\u1ee5ng:<\/strong> 12 th\u00e1ng k\u1ec3 t\u1eeb ng\u00e0y s\u1ea3n xu\u1ea5t.<\/p>\n<p><strong>Xu\u1ea5t x\u1ee9:<\/strong>\u00a0Vi\u1ec7t Nam<\/p>\n<p><strong>B\u1ea3o qu\u1ea3n:<\/strong> B\u1ea3o qu\u1ea3n n\u01a1i kh\u00f4 r\u00e1o, tho\u00e1ng m\u00e1t. Tr\u00e1nh ti\u1ebfp x\u00fac tr\u1ef1c ti\u1ebfp v\u1edbi \u00e1nh s\u00e1ng m\u1eb7t tr\u1eddi, \u0111\u00f3ng k\u00edn mi\u1ec7ng t\u00fai sau khi s\u1eed d\u1ee5ng<\/p>\n","protected":false},"featured_media":9445,"comment_status":"open","ping_status":"closed","template":"","meta":{"_acf_changed":false,"inline_featured_image":false},"product_brand":[],"product_cat":[15],"product_tag":[],"class_list":{"0":"post-7817","1":"product","2":"type-product","3":"status-publish","4":"has-post-thumbnail","6":"product_cat-ca-phe","9":"instock","10":"taxable","11":"shipping-taxable","12":"purchasable","13":"product-type-variable"},"acf":[],"_links":{"self":[{"href":"https:\/\/shop.tim-deli.vn\/vi\/wp-json\/wp\/v2\/product\/7817","targetHints":{"allow":["GET"]}}],"collection":[{"href":"https:\/\/shop.tim-deli.vn\/vi\/wp-json\/wp\/v2\/product"}],"about":[{"href":"https:\/\/shop.tim-deli.vn\/vi\/wp-json\/wp\/v2\/types\/product"}],"replies":[{"embeddable":true,"href":"https:\/\/shop.tim-deli.vn\/vi\/wp-json\/wp\/v2\/comments?post=7817"}],"version-history":[{"count":3,"href":"https:\/\/shop.tim-deli.vn\/vi\/wp-json\/wp\/v2\/product\/7817\/revisions"}],"predecessor-version":[{"id":11570,"href":"https:\/\/shop.tim-deli.vn\/vi\/wp-json\/wp\/v2\/product\/7817\/revisions\/11570"}],"wp:featuredmedia":[{"embeddable":true,"href":"https:\/\/shop.tim-deli.vn\/vi\/wp-json\/wp\/v2\/media\/9445"}],"wp:attachment":[{"href":"https:\/\/shop.tim-deli.vn\/vi\/wp-json\/wp\/v2\/media?parent=7817"}],"wp:term":[{"taxonomy":"product_brand","embeddable":true,"href":"https:\/\/shop.tim-deli.vn\/vi\/wp-json\/wp\/v2\/product_brand?post=7817"},{"taxonomy":"product_cat","embeddable":true,"href":"https:\/\/shop.tim-deli.vn\/vi\/wp-json\/wp\/v2\/product_cat?post=7817"},{"taxonomy":"product_tag","embeddable":true,"href":"https:\/\/shop.tim-deli.vn\/vi\/wp-json\/wp\/v2\/product_tag?post=7817"}],"curies":[{"name":"wp","href":"https:\/\/api.w.org\/{rel}","templated":true}]}}