{"id":7815,"date":"2025-01-07T14:52:34","date_gmt":"2025-01-07T07:52:34","guid":{"rendered":"https:\/\/shop.tim-deli.vn\/?post_type=product&#038;p=7815"},"modified":"2025-11-25T10:59:20","modified_gmt":"2025-11-25T03:59:20","slug":"bot-rau-cau","status":"publish","type":"product","link":"https:\/\/shop.tim-deli.vn\/vi\/san-pham\/bot-rau-cau\/","title":{"rendered":"B\u1ed9t rau c\u00e2u cao c\u1ea5p D\u00e9li &#8211; 200gr"},"content":{"rendered":"<p class=\"QN2lPu\">\u2705 TH\u00d4NG TIN CHI TI\u1ebeT S\u1ea2N PH\u1ea8M:<\/p>\n<p class=\"QN2lPu\">\u2022 Th\u00e0nh ph\u1ea7n: 100% b\u1ed9t rau c\u00e2u (chi\u1ebft xu\u1ea5t rong bi\u1ec3n)<\/p>\n<p class=\"QN2lPu\">\ud83d\udc49 Tr\u1ecdng l\u01b0\u1ee3ng: 200gram\/t\u00fai<\/p>\n<p class=\"QN2lPu\">\ud83d\udc49Ng\u00e0y s\u1ea3n xu\u1ea5t: in tr\u00ean bao b\u00ec.<\/p>\n<p class=\"QN2lPu\">\ud83d\udc49H\u1ea1n s\u1eed d\u1ee5ng: 12 th\u00e1ng k\u1ec3 t\u1eeb ng\u00e0y s\u1ea3n xu\u1ea5t.<\/p>\n<p class=\"QN2lPu\">\ud83d\udc49S\u1ea3n xu\u1ea5t : Vi\u1ec7t Nam<\/p>\n<p class=\"QN2lPu\">\u2b50\ufe0f B\u1ea3o qu\u1ea3n: n\u01a1i kh\u00f4 r\u00e1o tho\u00e1ng, lu\u00f4n \u0111\u00f3ng k\u00edn bao tr\u00e0 sau khi s\u1eed d\u1ee5ng.<\/p>\n<p class=\"QN2lPu\">\u2022 Th\u00f4ng tin c\u1ea3nh b\u00e1o an to\u00e0n, v\u1ec7 sinh: kh\u00f4ng s\u1eed d\u1ee5ng khi s\u1ea3n ph\u1ea9m c\u00f3 hi\u1ec7n t\u01b0\u1ee3ng n\u1ea5m m\u1ed1c, m\u00f9i l\u1ea1.<\/p>\n<p><strong>H\u01b0\u1edbng d\u1eabn b\u1ea3o qu\u1ea3n: <\/strong>b\u1ea3o qu\u1ea3n n\u01a1i kh\u00f4 m\u00e1t, \u0111\u1eady k\u00edn s\u1ea3n ph\u1ea9m sau khi m\u1edf.<\/p>\n<p class=\"QN2lPu\">\u2705 H\u01af\u1edaNG D\u1eaaN S\u1eec D\u1ee4NG<\/p>\n<p class=\"QN2lPu\">&#8211; \u0110un s\u00f4i 800ml n\u01b0\u1edbc v\u1edbi 10g b\u1ed9t rau c\u00e2u D\u00e9li (c\u00f3 th\u1ec3 gi\u1ea3m l\u01b0\u1ee3ng n\u01b0\u1edbc \u0111\u1ec3 rau c\u00e2u c\u1ee9ng h\u01a1n) v\u00e0 120g \u0111\u01b0\u1eddng, v\u1eeba n\u1ea5u v\u1eeba kh\u1ea5y \u0111\u1ec3 h\u1ed7n h\u1ee3p tan \u0111\u1ec1u. R\u00f3t h\u1ed7n h\u1ee3p v\u00e0o khu\u00f4n, \u0111\u1ec3 \u0111\u00f4ng l\u1ea1i v\u00e0 s\u1eed d\u1ee5ng.<\/p>\n<p class=\"QN2lPu\">&#8211; C\u00f3 th\u1ec3 thay n\u01b0\u1edbc b\u1eb1ng n\u01b0\u1edbc d\u1eeba, n\u01b0\u1edbc tr\u00e1i c\u00e2y ho\u1eb7c s\u1eefa&#8230;v\u00e0 c\u00f3 th\u1ec3 th\u00eam c\u00e1c lo\u1ea1i nh\u00e2n nh\u01b0 tr\u00e1i c\u00e2y, ph\u00f4 mai c\u1eaft nh\u1ecf.<\/p>\n<p class=\"QN2lPu\">&#8211; Ngon h\u01a1n khi \u0111\u1ec3 l\u1ea1nh<\/p>\n<p><strong data-start=\"90\" data-end=\"110\">B\u1ed9t Rau C\u00e2u D\u00e9li<\/strong> \u2013 Nguy\u00ean li\u1ec7u 100% t\u1eeb rong bi\u1ec3n, gi\u00fap b\u1ea1n l\u00e0m m\u00f3n rau c\u00e2u gi\u00f2n ngon, d\u1ec5 pha ch\u1ebf v\u1edbi n\u01b0\u1edbc, tr\u00e1i c\u00e2y ho\u1eb7c s\u1eefa. Th\u00edch h\u1ee3p l\u00e0m m\u00f3n tr\u00e1ng mi\u1ec7ng h\u1ea5p d\u1eabn, ngon h\u01a1n khi d\u00f9ng l\u1ea1nh.<\/p>\n","protected":false},"excerpt":{"rendered":"<p class=\"QN2lPu\"><strong>TH\u00d4NG TIN CHI TI\u1ebeT S\u1ea2N PH\u1ea8M:<\/strong><\/p>\n<p class=\"QN2lPu\"><strong>Th\u00e0nh ph\u1ea7n:<\/strong> 100% b\u1ed9t rau c\u00e2u (chi\u1ebft xu\u1ea5t rong bi\u1ec3n)<\/p>\n<p class=\"QN2lPu\"><strong>Tr\u1ecdng l\u01b0\u1ee3ng:<\/strong> 200gram\/t\u00fai<\/p>\n<p class=\"QN2lPu\"><strong>Ng\u00e0y s\u1ea3n xu\u1ea5t:<\/strong> in tr\u00ean bao b\u00ec.<\/p>\n<p class=\"QN2lPu\"><strong>H\u1ea1n s\u1eed d\u1ee5ng:<\/strong> 12 th\u00e1ng k\u1ec3 t\u1eeb ng\u00e0y s\u1ea3n xu\u1ea5t.<\/p>\n<p class=\"QN2lPu\"><strong>S\u1ea3n xu\u1ea5t:<\/strong> Vi\u1ec7t Nam<\/p>\n<p class=\"QN2lPu\"><strong>B\u1ea3o qu\u1ea3n:<\/strong> n\u01a1i kh\u00f4 r\u00e1o tho\u00e1ng, lu\u00f4n \u0111\u00f3ng k\u00edn bao tr\u00e0 sau khi s\u1eed d\u1ee5ng.<\/p>\n","protected":false},"featured_media":9684,"comment_status":"open","ping_status":"closed","template":"","meta":{"_acf_changed":false,"inline_featured_image":false},"product_brand":[],"product_cat":[145],"product_tag":[],"class_list":{"0":"post-7815","1":"product","2":"type-product","3":"status-publish","4":"has-post-thumbnail","6":"product_cat-tran-chau-topping","9":"instock","10":"taxable","11":"shipping-taxable","12":"purchasable","13":"product-type-variable"},"acf":[],"_links":{"self":[{"href":"https:\/\/shop.tim-deli.vn\/vi\/wp-json\/wp\/v2\/product\/7815","targetHints":{"allow":["GET"]}}],"collection":[{"href":"https:\/\/shop.tim-deli.vn\/vi\/wp-json\/wp\/v2\/product"}],"about":[{"href":"https:\/\/shop.tim-deli.vn\/vi\/wp-json\/wp\/v2\/types\/product"}],"replies":[{"embeddable":true,"href":"https:\/\/shop.tim-deli.vn\/vi\/wp-json\/wp\/v2\/comments?post=7815"}],"version-history":[{"count":5,"href":"https:\/\/shop.tim-deli.vn\/vi\/wp-json\/wp\/v2\/product\/7815\/revisions"}],"predecessor-version":[{"id":11569,"href":"https:\/\/shop.tim-deli.vn\/vi\/wp-json\/wp\/v2\/product\/7815\/revisions\/11569"}],"wp:featuredmedia":[{"embeddable":true,"href":"https:\/\/shop.tim-deli.vn\/vi\/wp-json\/wp\/v2\/media\/9684"}],"wp:attachment":[{"href":"https:\/\/shop.tim-deli.vn\/vi\/wp-json\/wp\/v2\/media?parent=7815"}],"wp:term":[{"taxonomy":"product_brand","embeddable":true,"href":"https:\/\/shop.tim-deli.vn\/vi\/wp-json\/wp\/v2\/product_brand?post=7815"},{"taxonomy":"product_cat","embeddable":true,"href":"https:\/\/shop.tim-deli.vn\/vi\/wp-json\/wp\/v2\/product_cat?post=7815"},{"taxonomy":"product_tag","embeddable":true,"href":"https:\/\/shop.tim-deli.vn\/vi\/wp-json\/wp\/v2\/product_tag?post=7815"}],"curies":[{"name":"wp","href":"https:\/\/api.w.org\/{rel}","templated":true}]}}