{"id":7083,"date":"2022-04-27T14:19:37","date_gmt":"2022-04-27T07:19:37","guid":{"rendered":"https:\/\/deli.tim-corp.vn\/?post_type=product&#038;p=7083"},"modified":"2025-11-25T11:23:29","modified_gmt":"2025-11-25T04:23:29","slug":"mut-dao-1l","status":"publish","type":"product","link":"https:\/\/shop.tim-deli.vn\/vi\/san-pham\/mut-dao-1l\/","title":{"rendered":"M\u1ee9t \u0110\u00e0o D\u00e9li &#8211; 1L"},"content":{"rendered":"<h2 data-start=\"227\" data-end=\"310\">\ud83c\udf51 M\u1ee9t \u0110\u00e0o D\u00e9li 1L \u2013 H\u01b0\u01a1ng V\u1ecb Tr\u00e1i C\u00e2y Cao C\u1ea5p Cho M\u00f4 H\u00ecnh Pha Ch\u1ebf Chuy\u00ean Nghi\u1ec7p<\/h2>\n<p data-start=\"312\" data-end=\"611\"><strong data-start=\"312\" data-end=\"331\">M\u1ee9t \u0111\u00e0o 1L D\u00e9li<\/strong> l\u00e0 d\u00f2ng <strong data-start=\"340\" data-end=\"360\">m\u1ee9t \u0111\u00e0o chai l\u1edbn<\/strong> \u0111\u01b0\u1ee3c chi\u1ebft xu\u1ea5t t\u1eeb tr\u00e1i \u0111\u00e0o t\u01b0\u01a1i \u226540%, s\u1edf h\u1eefu m\u00e0u s\u1eafc t\u1ef1 nhi\u00ean, m\u00f9i th\u01a1m d\u1ecbu nh\u1eb9 v\u00e0 v\u1ecb ng\u1ecdt thanh \u0111\u1eb7c tr\u01b0ng. V\u1edbi thi\u1ebft k\u1ebf chai dung t\u00edch l\u1edbn, D\u00e9li \u0111\u00e1p \u1ee9ng t\u1ed1i \u0111a nhu c\u1ea7u s\u1eed d\u1ee5ng t\u1ea1i c\u00e1c qu\u00e1n tr\u00e0 s\u1eefa, caf\u00e9, nh\u00e0 h\u00e0ng v\u00e0 c\u00e1c chu\u1ed7i \u0111\u1ed3 u\u1ed1ng chuy\u00ean nghi\u1ec7p.<\/p>\n<hr data-start=\"613\" data-end=\"616\" \/>\n<h2 data-start=\"618\" data-end=\"659\">\ud83c\udf1f \u01afu \u0111i\u1ec3m n\u1ed5i b\u1eadt c\u1ee7a m\u1ee9t \u0111\u00e0o 1L D\u00e9li<\/h2>\n<ul data-start=\"661\" data-end=\"1147\">\n<li data-start=\"661\" data-end=\"730\">\n<p data-start=\"663\" data-end=\"730\"><strong data-start=\"663\" data-end=\"694\">Chi\u1ebft xu\u1ea5t t\u1eeb \u0111\u00e0o t\u01b0\u01a1i \u226540%<\/strong>, kh\u00f4ng s\u1eed d\u1ee5ng h\u01b0\u01a1ng li\u1ec7u t\u1ed5ng h\u1ee3p.<\/p>\n<\/li>\n<li data-start=\"731\" data-end=\"798\">\n<p data-start=\"733\" data-end=\"798\"><strong data-start=\"733\" data-end=\"764\">V\u1ecb \u0111\u00e0o d\u1ecbu nh\u1eb9 \u2013 ng\u1ecdt thanh<\/strong>, d\u1ec5 u\u1ed1ng, h\u1ee3p gu kh\u00e1ch h\u00e0ng Vi\u1ec7t.<\/p>\n<\/li>\n<li data-start=\"799\" data-end=\"848\">\n<p data-start=\"801\" data-end=\"848\"><strong data-start=\"801\" data-end=\"825\">M\u00e0u v\u00e0ng cam h\u1ea5p d\u1eabn<\/strong>, l\u00ean ly \u0111\u1eb9p \u2013 b\u1eaft m\u1eaft.<\/p>\n<\/li>\n<li data-start=\"849\" data-end=\"920\">\n<p data-start=\"851\" data-end=\"920\"><strong data-start=\"851\" data-end=\"871\">K\u1ebft c\u1ea5u s\u00e1nh m\u1ecbn<\/strong>, kh\u00f4ng v\u00f3n c\u1ee5c, d\u1ec5 h\u00f2a tan trong n\u01b0\u1edbc n\u00f3ng\/l\u1ea1nh.<\/p>\n<\/li>\n<li data-start=\"921\" data-end=\"994\">\n<p data-start=\"923\" data-end=\"994\"><strong data-start=\"923\" data-end=\"948\">Chai l\u1edbn 1L ti\u1ec7n d\u1ee5ng<\/strong>, m\u1ed7i chai c\u00f3 th\u1ec3 pha \u0111\u01b0\u1ee3c 30\u201340 ph\u1ea7n \u0111\u1ed3 u\u1ed1ng.<\/p>\n<\/li>\n<li data-start=\"995\" data-end=\"1064\">\n<p data-start=\"997\" data-end=\"1064\"><strong data-start=\"997\" data-end=\"1028\">D\u1ec5 \u0111\u1ecbnh l\u01b0\u1ee3ng \u2013 d\u1ec5 b\u1ea3o qu\u1ea3n<\/strong>, h\u1ed7 tr\u1ee3 v\u1eadn h\u00e0nh qu\u1ea7y bar hi\u1ec7u qu\u1ea3.<\/p>\n<\/li>\n<li data-start=\"1065\" data-end=\"1147\">\n<p data-start=\"1067\" data-end=\"1147\"><strong data-start=\"1067\" data-end=\"1098\">\u0110\u1ea1t chu\u1ea9n an to\u00e0n ISO 22000<\/strong>, ph\u00f9 h\u1ee3p cho c\u1ea3 th\u1ecb tr\u01b0\u1eddng n\u1ed9i \u0111\u1ecba v\u00e0 xu\u1ea5t kh\u1ea9u.<\/p>\n<\/li>\n<\/ul>\n<hr data-start=\"1149\" data-end=\"1152\" \/>\n<h2 data-start=\"1154\" data-end=\"1212\">\ud83c\udf79 \u1ee8ng d\u1ee5ng c\u1ee7a m\u1ee9t \u0111\u00e0o chai l\u1edbn trong pha ch\u1ebf &amp; m\u00f3n \u0103n<\/h2>\n<h3 data-start=\"1214\" data-end=\"1240\">Trong pha ch\u1ebf \u0111\u1ed3 u\u1ed1ng:<\/h3>\n<ul data-start=\"1242\" data-end=\"1515\">\n<li data-start=\"1242\" data-end=\"1314\">\n<p data-start=\"1244\" data-end=\"1314\"><strong data-start=\"1244\" data-end=\"1262\">Tr\u00e0 \u0111\u00e0o cam s\u1ea3<\/strong>: 40ml m\u1ee9t \u0111\u00e0o 1L + 80ml tr\u00e0 olong + v\u00e0i l\u00e1t cam s\u1ea3.<\/p>\n<\/li>\n<li data-start=\"1315\" data-end=\"1382\">\n<p data-start=\"1317\" data-end=\"1382\"><strong data-start=\"1317\" data-end=\"1335\">Soda \u0111\u00e0o chanh<\/strong>: m\u1ee9t \u0111\u00e0o + soda kh\u00f4ng \u0111\u01b0\u1eddng + \u0111\u00e1 + chanh t\u01b0\u01a1i.<\/p>\n<\/li>\n<li data-start=\"1383\" data-end=\"1441\">\n<p data-start=\"1385\" data-end=\"1441\"><strong data-start=\"1385\" data-end=\"1406\">Yogurt \u0111\u00e0o \u0111\u00e1 xay<\/strong>: yogurt + \u0111\u00e1 + m\u1ee9t \u0111\u00e0o xay nhuy\u1ec5n.<\/p>\n<\/li>\n<li data-start=\"1442\" data-end=\"1515\">\n<p data-start=\"1444\" data-end=\"1515\"><strong data-start=\"1444\" data-end=\"1459\">Tr\u00e0 s\u1eefa \u0111\u00e0o<\/strong>: k\u1ebft h\u1ee3p m\u1ee9t \u0111\u00e0o v\u1edbi n\u1ec1n tr\u00e0 \u0111en\/olong t\u0103ng h\u01b0\u01a1ng th\u01a1m.<\/p>\n<\/li>\n<\/ul>\n<h3 data-start=\"1517\" data-end=\"1534\">Trong m\u00f3n \u0103n:<\/h3>\n<ul data-start=\"1536\" data-end=\"1697\">\n<li data-start=\"1536\" data-end=\"1595\">\n<p data-start=\"1538\" data-end=\"1595\"><strong data-start=\"1538\" data-end=\"1594\">Rau c\u00e2u, panna cotta, b\u00e1nh mousse, cheesecake v\u1ecb \u0111\u00e0o<\/strong>.<\/p>\n<\/li>\n<li data-start=\"1596\" data-end=\"1641\">\n<p data-start=\"1598\" data-end=\"1641\"><strong data-start=\"1598\" data-end=\"1640\">Nh\u00e2n b\u00e1nh tart l\u1ea1nh, b\u00e1nh quy tr\u00e1i c\u00e2y<\/strong>.<\/p>\n<\/li>\n<li data-start=\"1642\" data-end=\"1697\">\n<p data-start=\"1644\" data-end=\"1697\"><strong data-start=\"1644\" data-end=\"1697\">\u0102n k\u00e8m v\u1edbi b\u00e1nh m\u00ec ho\u1eb7c topping yogurt \u2013 granola.<\/strong><\/p>\n<\/li>\n<\/ul>\n<blockquote data-start=\"1699\" data-end=\"1819\">\n<p data-start=\"1701\" data-end=\"1819\">\ud83c\udfa5 Xem c\u00f4ng th\u1ee9c pha ch\u1ebf th\u1ef1c t\u1ebf t\u1eeb m\u1ee9t \u0111\u00e0o D\u00e9li t\u1ea1i TikTok: <a class=\"cursor-pointer\" href=\"https:\/\/www.tiktok.com\/@phachecungdeli\" target=\"_new\" rel=\"noopener\" data-start=\"2012\" data-end=\"2069\">@phachecungdeli<\/a><\/p>\n<\/blockquote>\n<hr data-start=\"1821\" data-end=\"1824\" \/>\n<h2 data-start=\"1826\" data-end=\"1859\">\ud83d\udce6 Th\u00f4ng tin k\u1ef9 thu\u1eadt s\u1ea3n ph\u1ea9m<\/h2>\n<ul>\n<li data-start=\"1861\" data-end=\"1926\">\n<p data-start=\"1863\" data-end=\"1926\"><strong data-start=\"1863\" data-end=\"1879\">T\u00ean s\u1ea3n ph\u1ea9m<\/strong>: M\u1ee9t \u0110\u00e0o D\u00e9li \u2013 D\u00f2ng pha ch\u1ebf cao c\u1ea5p (1 L\u00edt)<\/p>\n<\/li>\n<li data-start=\"2066\" data-end=\"2282\"><strong data-start=\"2066\" data-end=\"2081\">Th\u00e0nh ph\u1ea7n: <\/strong>\u0110\u00e0o \u226540%, \u0111\u01b0\u1eddng ng\u00f4 HFCS, h\u1ed7n h\u1ee3p l\u00e0m th\u1ef1c ph\u1ea9m h\u01b0\u01a1ng \u0111\u00e0o &#8211; Pasta Pesca (15%), m\u1ea1ch nha, n\u01b0\u1edbc, ch\u1ea5t \u1ed5n \u0111\u1ecbnh (INS 440), \u0111i\u1ec1u ch\u1ec9nh \u0111\u1ed9 acid (INS 330), h\u01b0\u01a1ng \u0111\u00e0o t\u1ed5ng h\u1ee3p, ch\u1ea5t b\u1ea3o qu\u1ea3n (INS 211).<\/li>\n<li data-start=\"2284\" data-end=\"2469\"><strong data-start=\"2284\" data-end=\"2306\">H\u01b0\u1edbng d\u1eabn s\u1eed d\u1ee5ng:<\/strong><br data-start=\"2306\" data-end=\"2309\" \/>D\u00f9ng \u0111\u1ec3 pha ch\u1ebf tr\u00e0 tr\u00e1i c\u00e2y, soda, yogurt, \u0111\u00e1 xay; ho\u1eb7c ch\u1ebf bi\u1ebfn b\u00e1nh mousse, rau c\u00e2u, pudding.<br data-start=\"2405\" data-end=\"2408\" \/><strong data-start=\"2408\" data-end=\"2429\">G\u1ee3i \u00fd \u0111\u1ecbnh l\u01b0\u1ee3ng:<\/strong> 40ml m\u1ee9t + 40ml s\u1eefa \u0111\u1eb7c + 250g \u0111\u00e1 vi\u00ean.<\/li>\n<li data-start=\"2471\" data-end=\"2588\"><strong data-start=\"2471\" data-end=\"2494\">H\u01b0\u1edbng d\u1eabn b\u1ea3o qu\u1ea3n:<\/strong><br data-start=\"2494\" data-end=\"2497\" \/>B\u1ea3o qu\u1ea3n n\u01a1i kh\u00f4 r\u00e1o, tho\u00e1ng m\u00e1t. Sau khi m\u1edf n\u1eafp, b\u1ea3o qu\u1ea3n l\u1ea1nh v\u00e0 d\u00f9ng trong v\u00f2ng 30 ng\u00e0y.<\/li>\n<li data-start=\"2590\" data-end=\"2614\">\n<p data-start=\"2592\" data-end=\"2614\"><strong data-start=\"2592\" data-end=\"2605\">Dung t\u00edch<\/strong>: 1 L\u00edt<\/p>\n<\/li>\n<li data-start=\"2615\" data-end=\"2661\">\n<p data-start=\"2617\" data-end=\"2661\"><strong data-start=\"2617\" data-end=\"2632\">H\u1ea1n s\u1eed d\u1ee5ng<\/strong>: 18 th\u00e1ng t\u1eeb ng\u00e0y s\u1ea3n xu\u1ea5t<\/p>\n<\/li>\n<li data-start=\"2662\" data-end=\"2687\">\n<p data-start=\"2664\" data-end=\"2687\"><strong data-start=\"2664\" data-end=\"2675\">Xu\u1ea5t x\u1ee9<\/strong>: Vi\u1ec7t Nam<\/p>\n<\/li>\n<\/ul>\n<ul>\n<li><strong data-start=\"2804\" data-end=\"2829\">Ti\u00eau chu\u1ea9n ch\u1ea5t l\u01b0\u1ee3ng<\/strong>: ISO 22000<\/li>\n<\/ul>\n<ul data-start=\"2268\" data-end=\"3285\">\n<li data-start=\"3056\" data-end=\"3169\">\n<p data-start=\"3058\" data-end=\"3169\"><strong data-start=\"3058\" data-end=\"3074\">S\u1ea3n xu\u1ea5t t\u1ea1i<\/strong>: C\u00f4ng ty TNHH TMDV TYRAN \u2013 D20\/530 Tr\u1ecbnh Quang Ngh\u1ecb, x\u00e3 B\u00ecnh H\u01b0ng, Th\u00e0nh ph\u1ed1 H\u1ed3 Ch\u00ed Minh, Vi\u1ec7t Nam<\/p>\n<\/li>\n<li data-start=\"3170\" data-end=\"3285\">\n<p data-start=\"3172\" data-end=\"3285\"><strong data-start=\"3172\" data-end=\"3199\">Ph\u00e2n ph\u1ed1i \u0111\u1ed9c quy\u1ec1n b\u1edfi<\/strong>: C\u00f4ng ty TNHH TIM CORP \u2013 T\u1ea7ng 14, T\u00f2a Nh\u00e0 HM Town, 412 Nguy\u1ec5n Th\u1ecb Minh Khai, Ph\u01b0\u1eddng B\u00e0n C\u1edd, Th\u00e0nh ph\u1ed1 H\u1ed3 Ch\u00ed Minh, Vi\u1ec7t Nam<\/p>\n<\/li>\n<\/ul>\n<hr data-start=\"2948\" data-end=\"2951\" \/>\n<h2 data-start=\"2953\" data-end=\"2990\">\u2705 V\u00ec sao n\u00ean ch\u1ecdn m\u1ee9t \u0111\u00e0o 1L D\u00e9li?<\/h2>\n<ul data-start=\"2992\" data-end=\"3227\">\n<li data-start=\"2992\" data-end=\"3051\">\n<p data-start=\"2994\" data-end=\"3051\"><strong data-start=\"2994\" data-end=\"3049\">Gi\u1ea3m th\u1eddi gian s\u01a1 ch\u1ebf tr\u00e1i c\u00e2y, t\u0103ng t\u1ed1c \u0111\u1ed9 ph\u1ee5c v\u1ee5<\/strong><\/p>\n<\/li>\n<li data-start=\"3052\" data-end=\"3103\">\n<p data-start=\"3054\" data-end=\"3103\"><strong data-start=\"3054\" data-end=\"3101\">Ti\u1ebft ki\u1ec7m chi ph\u00ed nguy\u00ean li\u1ec7u, gi\u1ea3m hao h\u1ee5t<\/strong><\/p>\n<\/li>\n<li data-start=\"3104\" data-end=\"3161\">\n<p data-start=\"3106\" data-end=\"3161\"><strong data-start=\"3106\" data-end=\"3159\">Gi\u1eef chu\u1ea9n h\u01b0\u01a1ng v\u1ecb &amp; m\u00e0u s\u1eafc t\u1eebng m\u1ebb n\u01b0\u1edbc\/ly b\u00e1nh<\/strong><\/p>\n<\/li>\n<li data-start=\"3162\" data-end=\"3227\">\n<p data-start=\"3164\" data-end=\"3227\"><strong data-start=\"3164\" data-end=\"3227\">Ph\u00f9 h\u1ee3p v\u1edbi c\u1ea3 m\u00f4 h\u00ecnh \u0111\u1ed9c l\u1eadp v\u00e0 chu\u1ed7i qu\u00e1n caf\u00e9 \u2013 tr\u00e0 s\u1eefa<\/strong><\/p>\n<\/li>\n<\/ul>\n<hr data-start=\"3229\" data-end=\"3232\" \/>\n<h2 data-start=\"3234\" data-end=\"3276\">\ud83d\uded2 Kh\u00e1m ph\u00e1 th\u00eam c\u00e1c d\u00f2ng m\u1ee9t D\u00e9li kh\u00e1c<\/h2>\n<p data-start=\"3278\" data-end=\"3502\">Ngo\u00e0i <strong data-start=\"3284\" data-end=\"3298\">m\u1ee9t \u0111\u00e0o 1L<\/strong>, D\u00e9li c\u00f2n c\u00f3 c\u00e1c d\u00f2ng m\u1ee9t tr\u00e1i c\u00e2y nh\u01b0 <strong data-start=\"3338\" data-end=\"3393\">m\u1ee9t th\u01a1m, m\u1ee9t \u1ed5i h\u1ed3ng, m\u1ee9t vi\u1ec7t qu\u1ea5t, m\u1ee9t chanh d\u00e2y<\/strong>&#8230; t\u1ea5t c\u1ea3 \u0111\u1ec1u ph\u00f9 h\u1ee3p v\u1edbi \u0111\u1ed3 u\u1ed1ng v\u00e0 m\u00f3n tr\u00e1ng mi\u1ec7ng.<br data-start=\"3447\" data-end=\"3450\" \/>\ud83d\udc49 Xem th\u00eam t\u1ea1i: <a class=\"cursor-pointer\" href=\"https:\/\/shop.tim-deli.vn\/en\/shop\/\" rel=\"noopener\" data-start=\"3670\" data-end=\"3705\"><strong data-start=\"3671\" data-end=\"3697\">Danh m\u1ee5c s\u1ea3n ph\u1ea9m D\u00e9li<\/strong><\/a><\/p>\n","protected":false},"excerpt":{"rendered":"<p class=\"QN2lPu\"><strong>TH\u00d4NG TIN S\u1ea2N PH\u1ea8M M\u1ee8T \u0110\u00c0O 1L<\/strong><\/p>\n<p><strong>Th\u01b0\u01a1ng hi\u1ec7u<\/strong>: D\u00e9li<\/p>\n<p><strong>Quy C\u00e1ch:<\/strong> 1L<\/p>\n<p><strong>Ng\u00e0y s\u1ea3n xu\u1ea5t:<\/strong>\u00a0in tr\u00ean bao b\u00ec.<\/p>\n<p><strong>H\u1ea1n s\u1eed d\u1ee5ng:<\/strong> 18 th\u00e1ng k\u1ec3 t\u1eeb ng\u00e0y s\u1ea3n xu\u1ea5t.<\/p>\n<p><strong>Xu\u1ea5t x\u1ee9:<\/strong>\u00a0Vi\u1ec7t Nam<\/p>\n<p><strong>B\u1ea3o qu\u1ea3n:<\/strong> n\u01a1i kh\u00f4 r\u00e1o tho\u00e1ng, tr\u00e1nh \u00e1nh s\u00e1ng tr\u1ef1c ti\u1ebfp, sau khi m\u1edf n\u1eafp ph\u1ea3i \u0111\u1ec3 trong ng\u0103n m\u00e1t t\u1ee7 l\u1ea1nh.<\/p>\n","protected":false},"featured_media":10819,"comment_status":"open","ping_status":"closed","template":"","meta":{"_acf_changed":false,"inline_featured_image":false},"product_brand":[],"product_cat":[140],"product_tag":[],"class_list":{"0":"post-7083","1":"product","2":"type-product","3":"status-publish","4":"has-post-thumbnail","6":"product_cat-mut-trai-cay","9":"instock","10":"taxable","11":"shipping-taxable","12":"purchasable","13":"product-type-variable"},"acf":[],"_links":{"self":[{"href":"https:\/\/shop.tim-deli.vn\/vi\/wp-json\/wp\/v2\/product\/7083","targetHints":{"allow":["GET"]}}],"collection":[{"href":"https:\/\/shop.tim-deli.vn\/vi\/wp-json\/wp\/v2\/product"}],"about":[{"href":"https:\/\/shop.tim-deli.vn\/vi\/wp-json\/wp\/v2\/types\/product"}],"replies":[{"embeddable":true,"href":"https:\/\/shop.tim-deli.vn\/vi\/wp-json\/wp\/v2\/comments?post=7083"}],"version-history":[{"count":5,"href":"https:\/\/shop.tim-deli.vn\/vi\/wp-json\/wp\/v2\/product\/7083\/revisions"}],"predecessor-version":[{"id":10661,"href":"https:\/\/shop.tim-deli.vn\/vi\/wp-json\/wp\/v2\/product\/7083\/revisions\/10661"}],"wp:featuredmedia":[{"embeddable":true,"href":"https:\/\/shop.tim-deli.vn\/vi\/wp-json\/wp\/v2\/media\/10819"}],"wp:attachment":[{"href":"https:\/\/shop.tim-deli.vn\/vi\/wp-json\/wp\/v2\/media?parent=7083"}],"wp:term":[{"taxonomy":"product_brand","embeddable":true,"href":"https:\/\/shop.tim-deli.vn\/vi\/wp-json\/wp\/v2\/product_brand?post=7083"},{"taxonomy":"product_cat","embeddable":true,"href":"https:\/\/shop.tim-deli.vn\/vi\/wp-json\/wp\/v2\/product_cat?post=7083"},{"taxonomy":"product_tag","embeddable":true,"href":"https:\/\/shop.tim-deli.vn\/vi\/wp-json\/wp\/v2\/product_tag?post=7083"}],"curies":[{"name":"wp","href":"https:\/\/api.w.org\/{rel}","templated":true}]}}