{"id":6353,"date":"2021-11-24T10:19:13","date_gmt":"2021-11-24T03:19:13","guid":{"rendered":"https:\/\/deli.tim-corp.vn\/?post_type=product&#038;p=6353"},"modified":"2025-11-25T11:26:58","modified_gmt":"2025-11-25T04:26:58","slug":"tran-chau-caramel","status":"publish","type":"product","link":"https:\/\/shop.tim-deli.vn\/vi\/san-pham\/tran-chau-caramel\/","title":{"rendered":"Tr\u00e2n ch\u00e2u Caramel"},"content":{"rendered":"","protected":false},"excerpt":{"rendered":"<p><strong>TH\u00d4NG TIN CHI TI\u1ebeT S\u1ea2N PH\u1ea8M<\/strong><\/p>\n<p>Tr\u1ecdng l\u01b0\u1ee3ng: 1kg \/t\u00fai h\u00fat ch\u00e2n kh\u00f4ng<\/p>\n<p>\ud83d\udc49Ng\u00e0y s\u1ea3n xu\u1ea5t: in tr\u00ean bao b\u00ec.<\/p>\n<p>\ud83d\udc49H\u1ea1n s\u1eed d\u1ee5ng: 8 th\u00e1ng k\u1ec3 t\u1eeb ng\u00e0y s\u1ea3n xu\u1ea5t.<\/p>\n<p>\ud83d\udc49S\u1ea3n xu\u1ea5t : Vi\u1ec7t Nam<\/p>\n<p>\u2b50\ufe0f B\u1ea3o qu\u1ea3n: N\u01a1i kh\u00f4 r\u00e1o, tho\u00e1ng m\u00e1t, tr\u00e1nh \u00e1nh n\u1eafng tr\u1ef1c ti\u1ebfp<\/p>\n","protected":false},"featured_media":9622,"comment_status":"open","ping_status":"closed","template":"","meta":{"_acf_changed":false,"inline_featured_image":false},"product_brand":[],"product_cat":[145],"product_tag":[],"class_list":{"0":"post-6353","1":"product","2":"type-product","3":"status-publish","4":"has-post-thumbnail","6":"product_cat-tran-chau-topping","9":"instock","10":"taxable","11":"shipping-taxable","12":"purchasable","13":"product-type-variable"},"acf":[],"_links":{"self":[{"href":"https:\/\/shop.tim-deli.vn\/vi\/wp-json\/wp\/v2\/product\/6353","targetHints":{"allow":["GET"]}}],"collection":[{"href":"https:\/\/shop.tim-deli.vn\/vi\/wp-json\/wp\/v2\/product"}],"about":[{"href":"https:\/\/shop.tim-deli.vn\/vi\/wp-json\/wp\/v2\/types\/product"}],"replies":[{"embeddable":true,"href":"https:\/\/shop.tim-deli.vn\/vi\/wp-json\/wp\/v2\/comments?post=6353"}],"version-history":[{"count":5,"href":"https:\/\/shop.tim-deli.vn\/vi\/wp-json\/wp\/v2\/product\/6353\/revisions"}],"predecessor-version":[{"id":10645,"href":"https:\/\/shop.tim-deli.vn\/vi\/wp-json\/wp\/v2\/product\/6353\/revisions\/10645"}],"wp:featuredmedia":[{"embeddable":true,"href":"https:\/\/shop.tim-deli.vn\/vi\/wp-json\/wp\/v2\/media\/9622"}],"wp:attachment":[{"href":"https:\/\/shop.tim-deli.vn\/vi\/wp-json\/wp\/v2\/media?parent=6353"}],"wp:term":[{"taxonomy":"product_brand","embeddable":true,"href":"https:\/\/shop.tim-deli.vn\/vi\/wp-json\/wp\/v2\/product_brand?post=6353"},{"taxonomy":"product_cat","embeddable":true,"href":"https:\/\/shop.tim-deli.vn\/vi\/wp-json\/wp\/v2\/product_cat?post=6353"},{"taxonomy":"product_tag","embeddable":true,"href":"https:\/\/shop.tim-deli.vn\/vi\/wp-json\/wp\/v2\/product_tag?post=6353"}],"curies":[{"name":"wp","href":"https:\/\/api.w.org\/{rel}","templated":true}]}}