{"id":6263,"date":"2021-11-22T11:24:36","date_gmt":"2021-11-22T04:24:36","guid":{"rendered":"https:\/\/deli.tim-corp.vn\/?post_type=product&#038;p=6263"},"modified":"2025-11-25T11:28:06","modified_gmt":"2025-11-25T04:28:06","slug":"tra-olong-dac-biet","status":"publish","type":"product","link":"https:\/\/shop.tim-deli.vn\/vi\/san-pham\/tra-olong-dac-biet\/","title":{"rendered":"Tr\u00e0 Oolong N\u01b0\u1edbng D\u00e9li &#8211; 500gr"},"content":{"rendered":"<p>Tr\u00e0 oolong \u0111\u1eb7c bi\u1ec7t D\u00e9li hay tr\u00e0 oolong n\u01b0\u1edbng, l\u00e0 m\u1ed9t d\u00f2ng tr\u00e0 kh\u00e1 \u0111\u1eb7c tr\u01b0ng, \u0111\u01b0\u1ee3c ch\u1ebf bi\u1ebfn b\u1eb1ng ph\u01b0\u01a1ng ph\u00e1p oxy h\u00f3a n\u00ean mang \u0111\u1ebfn h\u01b0\u01a1ng v\u1ecb &#8220;n\u01b0\u1edbng&#8221; kh\u00e1c l\u1ea1 so v\u1edbi nh\u1eefng d\u00f2ng tr\u00e0 kh\u00e1c.Tr\u00e0 olong n\u01b0\u1edbng c\u00f3 r\u1ea5t nhi\u1ec1u t\u00e1c d\u1ee5ng t\u1ed1t \u0111\u1ed1i v\u1edbi s\u1ee9c kh\u1ecfe v\u00e0 chuy\u00ean d\u00f9ng cho pha ch\u1ebf c\u00e1c m\u00f3n nh\u01b0 tr\u00e0 s\u1eefa, tr\u00e0 tr\u00e1i c\u00e2y.<\/p>\n<p class=\"QN2lPu\"><strong>NGU\u1ed2N G\u1ed0C S\u1ea2N PH\u1ea8M<\/strong><\/p>\n<p class=\"QN2lPu\">N\u1eb1m tr\u00ean \u0111\u1ed9 cao h\u01a1n 1600m so v\u1edbi m\u1ef1c n\u01b0\u1edbc bi\u1ec3n, C\u1ea7u \u0110\u1ea5t c\u00f3 kh\u00ed h\u1eadu \u00f4n ho\u00e0 quanh n\u0103m, th\u1ed5 nh\u01b0\u1ee1ng Bazan m\u00e0u m\u1ee1 \u0111\u00e3 t\u1ea1o n\u00ean nh\u1eefng \u0111\u1ed3i tr\u00e0 c\u00f3 h\u01b0\u01a1ng v\u1ecb v\u00e0 ph\u1ea9m ch\u1ea5t r\u1ea5t ri\u00eang bi\u1ec7t.<\/p>\n<p class=\"QN2lPu\">100% tr\u00e0 s\u1ea1ch, nguy\u00ean ch\u1ea5t t\u1eeb nh\u1eefng b\u00fap tr\u00e0 t\u01b0\u01a1i, do kh\u00e1c th\u1eddi gian l\u00ean men, \u00f4xy h\u00f3a n\u00ean t\u1ea1o ra m\u00e0u \u0111en \u0111\u1eb7c tr\u01b0ng, mang h\u01b0\u01a1ng th\u01a1m tao nh\u00e3, v\u1ecb thanh l\u1ecbch \u0111\u1eb7c tr\u01b0ng \u0111\u00fang hi\u1ec7u C\u1ea7u \u0110\u1ea5t.<\/p>\n<p><strong>C\u00d4NG D\u1ee4NG<\/strong><\/p>\n<p>L\u00e0 lo\u1ea1i tr\u00e0 \u0111\u1eb7c bi\u1ec7t chuy\u00ean pha ch\u1ebf tr\u00e0 s\u1eefa tr\u00e2n ch\u00e2u \u0111\u01b0\u1eddng \u0111en, tr\u00e0 s\u1eefa \u0111\u00e0i loan, tr\u00e0 s\u1eefa t\u1ef1 pha, c\u00e1c lo\u1ea1i h\u1ed3ng tr\u00e0, tr\u00e0 tr\u00e1i c\u00e2y, tr\u00e0 \u0111\u00e0o.<\/p>\n<p>S\u1ea3n ph\u1ea9m c\u00f3 t\u00e1c d\u1ee5ng l\u00e0m gi\u1ea3m cholesterol, th\u00fac \u0111\u1ea9y l\u01b0u th\u00f4ng m\u00e1u, gi\u1ea3m stress, lo \u00e2u v\u00e0 r\u1ea5t t\u1ed1t cho s\u1ee9c kho\u1ebb.<\/p>\n<p>T\u0103ng c\u01b0\u1eddng h\u1ec7 mi\u1ec5n d\u1ecbch gi\u00fap cho c\u01a1 th\u1ec3 gi\u00fap c\u01a1 th\u1ec3 ch\u1ed1ng l\u1ea1i nh\u1eefng hi\u1ec7n t\u01b0\u1ee3ng nhi\u1ec5m virus v\u00e0 nhi\u1ec5m khu\u1ea9n.<\/p>\n<h2><strong>TR\u00c0 OOLONG \u0110\u1eb6C BI\u1ec6T D\u00c9LI<\/strong><\/h2>\n<p><strong>Th\u00e0nh ph\u1ea7n:<\/strong><strong>\u00a0<\/strong>100% Tr\u00e0 Oolong tinh ch\u1ecdn<\/p>\n<p><strong>B\u1ea3o qu\u1ea3n:\u00a0<\/strong>n\u01a1i kh\u00f4 r\u00e1o, tho\u00e1ng m\u00e1t, tr\u00e1nh tr\u1ef1c ti\u1ebfp \u00e1nh s\u00e1ng m\u1eb7t tr\u1eddi<\/p>\n<p class=\"QN2lPu\"><strong>TH\u00d4NG TIN CHI TI\u1ebeT S\u1ea2N PH\u1ea8M<\/strong><\/p>\n<p class=\"QN2lPu\"><strong>Th\u00e0nh ph\u1ea7n:<\/strong> 100% \u0111\u1ecdt tr\u00e0 xanh thu h\u00e1i th\u1ee7 c\u00f4ng, l\u00ean men ho\u00e0n to\u00e0n.<\/p>\n<p class=\"QN2lPu\"><strong>Tr\u1ecdng l\u01b0\u1ee3ng:<\/strong> 500gram\/t\u00fai<\/p>\n<p class=\"QN2lPu\"><strong>Ng\u00e0y s\u1ea3n xu\u1ea5t:<\/strong> in tr\u00ean bao b\u00ec.<\/p>\n<p class=\"QN2lPu\"><strong>HSD:<\/strong> 24 th\u00e1ng k\u1ec3 t\u1eeb ng\u00e0y s\u1ea3n xu\u1ea5t.<\/p>\n<p class=\"QN2lPu\"><strong>S\u1ea3n xu\u1ea5t:<\/strong> Vi\u1ec7t Nam<\/p>\n<p class=\"QN2lPu\"><strong>B\u1ea3o qu\u1ea3n:<\/strong> n\u01a1i kh\u00f4 r\u00e1o tho\u00e1ng, lu\u00f4n \u0111\u00f3ng k\u00edn bao tr\u00e0 sau khi s\u1eed d\u1ee5ng.<\/p>\n<p class=\"QN2lPu\"><strong>H\u01b0\u01a1ng v\u1ecb:<\/strong> tr\u00e0 c\u00f3 m\u00f9i v\u1ecb \u0111\u1eb7c tr\u01b0ng v\u00e0 tho\u1ea3ng nh\u1eb9 h\u01b0\u01a1ng m\u1eadt ong. M\u00e0u n\u01b0\u1edbc khi pha c\u00f3 \u0111\u1ed9 s\u00f3ng s\u00e1nh v\u00e0ng, v\u1ecb ch\u00e1t nh\u1eb9 kh\u00f4ng g\u1eaft n\u01a1i \u0111\u1ea7u l\u01b0\u1ee1i, h\u1eadu v\u1ecb ng\u1ecdt r\u1ea5t l\u00e2u.<\/p>\n<p class=\"QN2lPu\">Th\u00f4ng tin c\u1ea3nh b\u00e1o an to\u00e0n, v\u1ec7 sinh: kh\u00f4ng s\u1eed d\u1ee5ng khi s\u1ea3n ph\u1ea9m c\u00f3 hi\u1ec7n t\u01b0\u1ee3ng n\u1ea5m m\u1ed1c, m\u00f9i l\u1ea1.<\/p>\n<p>&nbsp;<\/p>\n","protected":false},"excerpt":{"rendered":"<h2><strong>TR\u00c0 OLONG \u0110\u1eb6C BI\u1ec6T D\u00c9LI<\/strong><\/h2>\n<p class=\"QN2lPu\"><strong>Th\u00e0nh ph\u1ea7n:<\/strong> 100% \u0111\u1ecdt tr\u00e0 xanh<\/p>\n<p class=\"QN2lPu\"><strong>Quy C\u00e1ch:<\/strong>\u00a0 T\u00fai 500g<\/p>\n<p class=\"QN2lPu\"><strong>Ng\u00e0y s\u1ea3n xu\u1ea5t:<\/strong> In tr\u00ean bao b\u00ec.<\/p>\n<p class=\"QN2lPu\"><strong>HSD:<\/strong> 24 th\u00e1ng k\u1ec3 t\u1eeb ng\u00e0y s\u1ea3n xu\u1ea5t.<\/p>\n<p class=\"QN2lPu\"><strong>Xu\u1ea5t x\u1ee9:<\/strong> Vi\u1ec7t Nam<\/p>\n<p class=\"QN2lPu\"><strong>B\u1ea3o qu\u1ea3n:<\/strong> N\u01a1i kh\u00f4 r\u00e1o tho\u00e1ng, lu\u00f4n \u0111\u00f3ng k\u00edn mi\u1ec7ng bao sau khi s\u1eed d\u1ee5ng.<\/p>\n","protected":false},"featured_media":9436,"comment_status":"open","ping_status":"closed","template":"","meta":{"_acf_changed":false,"inline_featured_image":false},"product_brand":[],"product_cat":[144,170,134],"product_tag":[336,337,338],"class_list":{"0":"post-6263","1":"product","2":"type-product","3":"status-publish","4":"has-post-thumbnail","6":"product_cat-tra-goi-cac-loai","7":"product_cat-duoc-goi-y","8":"product_cat-duoc-mua-nhieu-nhat","9":"product_tag-tra","10":"product_tag-tra-olong-nuong","11":"product_tag-tra-oolong-dac-biet","14":"instock","15":"taxable","16":"shipping-taxable","17":"purchasable","18":"product-type-variable"},"acf":[],"_links":{"self":[{"href":"https:\/\/shop.tim-deli.vn\/vi\/wp-json\/wp\/v2\/product\/6263","targetHints":{"allow":["GET"]}}],"collection":[{"href":"https:\/\/shop.tim-deli.vn\/vi\/wp-json\/wp\/v2\/product"}],"about":[{"href":"https:\/\/shop.tim-deli.vn\/vi\/wp-json\/wp\/v2\/types\/product"}],"replies":[{"embeddable":true,"href":"https:\/\/shop.tim-deli.vn\/vi\/wp-json\/wp\/v2\/comments?post=6263"}],"version-history":[{"count":5,"href":"https:\/\/shop.tim-deli.vn\/vi\/wp-json\/wp\/v2\/product\/6263\/revisions"}],"predecessor-version":[{"id":9429,"href":"https:\/\/shop.tim-deli.vn\/vi\/wp-json\/wp\/v2\/product\/6263\/revisions\/9429"}],"wp:featuredmedia":[{"embeddable":true,"href":"https:\/\/shop.tim-deli.vn\/vi\/wp-json\/wp\/v2\/media\/9436"}],"wp:attachment":[{"href":"https:\/\/shop.tim-deli.vn\/vi\/wp-json\/wp\/v2\/media?parent=6263"}],"wp:term":[{"taxonomy":"product_brand","embeddable":true,"href":"https:\/\/shop.tim-deli.vn\/vi\/wp-json\/wp\/v2\/product_brand?post=6263"},{"taxonomy":"product_cat","embeddable":true,"href":"https:\/\/shop.tim-deli.vn\/vi\/wp-json\/wp\/v2\/product_cat?post=6263"},{"taxonomy":"product_tag","embeddable":true,"href":"https:\/\/shop.tim-deli.vn\/vi\/wp-json\/wp\/v2\/product_tag?post=6263"}],"curies":[{"name":"wp","href":"https:\/\/api.w.org\/{rel}","templated":true}]}}