{"id":6260,"date":"2021-11-22T11:24:35","date_gmt":"2021-11-22T04:24:35","guid":{"rendered":"https:\/\/deli.tim-corp.vn\/?post_type=product&#038;p=6260"},"modified":"2025-11-25T11:34:32","modified_gmt":"2025-11-25T04:34:32","slug":"bot-cu-den","status":"publish","type":"product","link":"https:\/\/shop.tim-deli.vn\/vi\/san-pham\/bot-cu-den\/","title":{"rendered":"B\u1ed9t c\u1ee7 d\u1ec1n D\u00e9li &#8211; 100gr"},"content":{"rendered":"<h2><strong>B\u1ed8T C\u1ee6 D\u1ec0N D\u00c9LI<\/strong><\/h2>\n<p>B\u1ed9t c\u1ee7 d\u1ec1n D\u00e9li \u0111\u01b0\u1ee3c s\u1ea3n xu\u1ea5t t\u1eeb c\u1ee7 d\u1ec1n t\u01b0\u01a1i, \u0111em l\u1ea1i m\u00e0u s\u1eafc h\u00e0i h\u00f2a cho s\u1ea3n ph\u1ea9m. S\u1ea3n ph\u1ea9m ho\u00e0n to\u00e0n t\u1eeb thi\u00ean nhi\u00ean, kh\u00f4ng h\u00f3a ch\u1ea5t b\u1ea3o qu\u1ea3n, kh\u00f4ng ch\u1ea5t t\u1ea1o m\u00e0u nh\u00e2n t\u1ea1o.<\/p>\n<p>Tinh b\u1ed9t ngo\u00e0i t\u1ea1o m\u00e0u toping tr\u00e0 s\u1eefa, b\u1ed9t m\u00e0u t\u1eeb rau c\u1ee7 100% ho\u00e0n to\u00e0n t\u1ef1 nhi\u00ean, b\u1ed9t chuy\u00ean s\u1eed d\u1ee5ng cho \u0111\u1ee7 th\u1ee9 t\u1eeb l\u00e0m b\u00e1nh, l\u00e0m th\u1ea1ch, r\u00e2u c\u00e2u, x\u00f4i, ch\u00e8&#8230; \u0110\u1eb7c bi\u1ec7t thi\u00ean nhi\u00ean 100%.<\/p>\n","protected":false},"excerpt":{"rendered":"<p class=\"QN2lPu\"><strong>TH\u00d4NG TIN CHI TI\u1ebeT S\u1ea2N PH\u1ea8M<\/strong><\/p>\n<p class=\"QN2lPu\"><strong>Tr\u1ecdng l\u01b0\u1ee3ng:<\/strong> 100gr\/h\u1ee7<\/p>\n<p class=\"QN2lPu\"><strong>NSX:<\/strong>\u00a0in tr\u00ean bao b\u00ec.<\/p>\n<p class=\"QN2lPu\"><strong>HSD:<\/strong>\u00a012 th\u00e1ng k\u1ec3 t\u1eeb ng\u00e0y s\u1ea3n xu\u1ea5t.<\/p>\n<p class=\"QN2lPu\"><strong>Xu\u1ea5t x\u1ee9:<\/strong>\u00a0Vi\u1ec7t Nam<\/p>\n<p class=\"QN2lPu\"><strong>Th\u00e0nh ph\u1ea7n:<\/strong> 100% b\u1ed9t c\u1ee7 d\u1ec1n<\/p>\n<p><strong>B\u1ea3o qu\u1ea3n:<\/strong>\u00a0n\u01a1i kh\u00f4 r\u00e1o tho\u00e1ng m\u00e1t, \u0111\u00f3ng k\u00edn n\u1eafp sau khi s\u1eed d\u1ee5ng.<\/p>\n","protected":false},"featured_media":9479,"comment_status":"open","ping_status":"closed","template":"","meta":{"_acf_changed":false,"inline_featured_image":false},"product_brand":[],"product_cat":[153],"product_tag":[331,332,333],"class_list":{"0":"post-6260","1":"product","2":"type-product","3":"status-publish","4":"has-post-thumbnail","6":"product_cat-nguyen-lieu-lam-banh","7":"product_tag-bot-cu-den","8":"product_tag-bot-cu-den-nguyen-chat","9":"product_tag-bot-tao-mau-thuc-pham","12":"instock","13":"taxable","14":"shipping-taxable","15":"purchasable","16":"product-type-variable"},"acf":[],"_links":{"self":[{"href":"https:\/\/shop.tim-deli.vn\/vi\/wp-json\/wp\/v2\/product\/6260","targetHints":{"allow":["GET"]}}],"collection":[{"href":"https:\/\/shop.tim-deli.vn\/vi\/wp-json\/wp\/v2\/product"}],"about":[{"href":"https:\/\/shop.tim-deli.vn\/vi\/wp-json\/wp\/v2\/types\/product"}],"replies":[{"embeddable":true,"href":"https:\/\/shop.tim-deli.vn\/vi\/wp-json\/wp\/v2\/comments?post=6260"}],"version-history":[{"count":4,"href":"https:\/\/shop.tim-deli.vn\/vi\/wp-json\/wp\/v2\/product\/6260\/revisions"}],"predecessor-version":[{"id":10639,"href":"https:\/\/shop.tim-deli.vn\/vi\/wp-json\/wp\/v2\/product\/6260\/revisions\/10639"}],"wp:featuredmedia":[{"embeddable":true,"href":"https:\/\/shop.tim-deli.vn\/vi\/wp-json\/wp\/v2\/media\/9479"}],"wp:attachment":[{"href":"https:\/\/shop.tim-deli.vn\/vi\/wp-json\/wp\/v2\/media?parent=6260"}],"wp:term":[{"taxonomy":"product_brand","embeddable":true,"href":"https:\/\/shop.tim-deli.vn\/vi\/wp-json\/wp\/v2\/product_brand?post=6260"},{"taxonomy":"product_cat","embeddable":true,"href":"https:\/\/shop.tim-deli.vn\/vi\/wp-json\/wp\/v2\/product_cat?post=6260"},{"taxonomy":"product_tag","embeddable":true,"href":"https:\/\/shop.tim-deli.vn\/vi\/wp-json\/wp\/v2\/product_tag?post=6260"}],"curies":[{"name":"wp","href":"https:\/\/api.w.org\/{rel}","templated":true}]}}