{"id":6258,"date":"2021-11-22T11:24:35","date_gmt":"2021-11-22T04:24:35","guid":{"rendered":"https:\/\/deli.tim-corp.vn\/?post_type=product&#038;p=6258"},"modified":"2025-11-25T16:53:06","modified_gmt":"2025-11-25T09:53:06","slug":"bot-tra-sua-nuong","status":"publish","type":"product","link":"https:\/\/shop.tim-deli.vn\/vi\/san-pham\/bot-tra-sua-nuong\/","title":{"rendered":"B\u1ed9t tr\u00e0 s\u1eefa n\u01b0\u1edbng 3in1 D\u00e9li &#8211; 1kg (25 ly)"},"content":{"rendered":"<h2><strong>B\u1ed8T TR\u00c0 S\u1eeeA N\u01af\u1edaNG 3IN1 D\u00c9LI<\/strong><\/h2>\n<p>B\u1ed9t tr\u00e0 s\u1eefa n\u01b0\u1edbng 3in1 D\u00e9li ti\u1ec7n l\u1ee3i &#8211; nhanh ch\u00f3ng &#8211; chu\u1ea9n v\u1ecb<\/p>\n<p class=\"QN2lPu\"><strong>Tr\u1ecdng l\u01b0\u1ee3ng:<\/strong> 1kg\/t\u00fai<\/p>\n<p class=\"QN2lPu\"><strong>NSX:<\/strong> in tr\u00ean bao b\u00ec.<\/p>\n<p class=\"QN2lPu\"><strong>HSD:<\/strong> 18 th\u00e1ng k\u1ec3 t\u1eeb ng\u00e0y s\u1ea3n xu\u1ea5t.<\/p>\n<p class=\"QN2lPu\"><strong>Xu\u1ea5t x\u1ee9:<\/strong> Vi\u1ec7t Nam<\/p>\n<p><strong>Th\u00e0nh ph\u1ea7n:<\/strong> b\u1ed9t kem b\u00e9o th\u1ef1c v\u1eadt, b\u1ed9t tr\u00e0 Hojicha (8%), \u0111\u01b0\u1eddng c\u00e1t tr\u1eafng, ch\u1ea5t ch\u1ed1ng \u0111\u00f4ng v\u00f3n (INS 551).<\/p>\n<p><strong>H\u01b0\u1edbng d\u1eabn s\u1eed d\u1ee5ng:<\/strong><\/p>\n<ul>\n<li>D\u00f9ng pha ch\u1ebf v\u1ecb tr\u00e0 s\u1eefa n\u01b0\u1edbng, cho 40g b\u1ed9t tr\u00e0 s\u1eefa n\u01b0\u1edbng v\u00e0o 100ml n\u01b0\u1edbc s\u00f4i, khu\u1ea5y \u0111\u1ec1u, th\u00eam \u0111\u00e1 v\u00e0o th\u01b0\u1edfng th\u1ee9c.<\/li>\n<li>Th\u1ee9c u\u1ed1ng s\u1ebd \u0111\u1eadm \u0111\u00e0 h\u01a1n khi s\u1eed d\u1ee5ng k\u00e8m 10ml s\u1eefa \u0111\u1eb7c.<\/li>\n<\/ul>\n<p><strong>B\u1ea3o qu\u1ea3n:<\/strong> tho\u00e1ng m\u00e1t, tr\u00e1nh ti\u1ebfp x\u00fac tr\u1ef1c ti\u1ebfp \u00e1nh n\u1eafng m\u1eb7t tr\u1eddi. \u0110\u00f3ng k\u00edn mi\u1ec7ng t\u00fai sau khi s\u1eed d\u1ee5ng.<\/p>\n","protected":false},"excerpt":{"rendered":"<p><strong>TH\u00d4NG TIN S\u1ea2N PH\u1ea8M<\/strong><\/p>\n<p class=\"QN2lPu\"><strong>Tr\u1ecdng l\u01b0\u1ee3ng:<\/strong> 1kg\/t\u00fai<\/p>\n<p class=\"QN2lPu\"><strong>NSX:<\/strong> in tr\u00ean bao b\u00ec.<\/p>\n<p class=\"QN2lPu\"><strong>HSD:<\/strong> 18 th\u00e1ng k\u1ec3 t\u1eeb ng\u00e0y s\u1ea3n xu\u1ea5t.<\/p>\n<p class=\"QN2lPu\"><strong>Xu\u1ea5t x\u1ee9:<\/strong> Vi\u1ec7t Nam<\/p>\n<p><strong>Th\u00e0nh ph\u1ea7n:<\/strong> b\u1ed9t kem b\u00e9o th\u1ef1c v\u1eadt, b\u1ed9t tr\u00e0 Hojicha (8%), \u0111\u01b0\u1eddng c\u00e1t tr\u1eafng, ch\u1ea5t ch\u1ed1ng \u0111\u00f4ng v\u00f3n (INS 551).<\/p>\n<p><strong>B\u1ea3o qu\u1ea3n:<\/strong> tho\u00e1ng m\u00e1t, tr\u00e1nh ti\u1ebfp x\u00fac tr\u1ef1c ti\u1ebfp \u00e1nh n\u1eafng m\u1eb7t tr\u1eddi.<\/p>\n","protected":false},"featured_media":11697,"comment_status":"open","ping_status":"closed","template":"","meta":{"_acf_changed":false,"inline_featured_image":false},"product_brand":[],"product_cat":[182],"product_tag":[],"class_list":{"0":"post-6258","1":"product","2":"type-product","3":"status-publish","4":"has-post-thumbnail","6":"product_cat-bot-tra-sua-3-in-1","9":"instock","10":"taxable","11":"shipping-taxable","12":"purchasable","13":"product-type-variable"},"acf":[],"_links":{"self":[{"href":"https:\/\/shop.tim-deli.vn\/vi\/wp-json\/wp\/v2\/product\/6258","targetHints":{"allow":["GET"]}}],"collection":[{"href":"https:\/\/shop.tim-deli.vn\/vi\/wp-json\/wp\/v2\/product"}],"about":[{"href":"https:\/\/shop.tim-deli.vn\/vi\/wp-json\/wp\/v2\/types\/product"}],"replies":[{"embeddable":true,"href":"https:\/\/shop.tim-deli.vn\/vi\/wp-json\/wp\/v2\/comments?post=6258"}],"version-history":[{"count":4,"href":"https:\/\/shop.tim-deli.vn\/vi\/wp-json\/wp\/v2\/product\/6258\/revisions"}],"predecessor-version":[{"id":10637,"href":"https:\/\/shop.tim-deli.vn\/vi\/wp-json\/wp\/v2\/product\/6258\/revisions\/10637"}],"wp:featuredmedia":[{"embeddable":true,"href":"https:\/\/shop.tim-deli.vn\/vi\/wp-json\/wp\/v2\/media\/11697"}],"wp:attachment":[{"href":"https:\/\/shop.tim-deli.vn\/vi\/wp-json\/wp\/v2\/media?parent=6258"}],"wp:term":[{"taxonomy":"product_brand","embeddable":true,"href":"https:\/\/shop.tim-deli.vn\/vi\/wp-json\/wp\/v2\/product_brand?post=6258"},{"taxonomy":"product_cat","embeddable":true,"href":"https:\/\/shop.tim-deli.vn\/vi\/wp-json\/wp\/v2\/product_cat?post=6258"},{"taxonomy":"product_tag","embeddable":true,"href":"https:\/\/shop.tim-deli.vn\/vi\/wp-json\/wp\/v2\/product_tag?post=6258"}],"curies":[{"name":"wp","href":"https:\/\/api.w.org\/{rel}","templated":true}]}}