{"id":6257,"date":"2021-11-22T11:24:35","date_gmt":"2021-11-22T04:24:35","guid":{"rendered":"https:\/\/deli.tim-corp.vn\/?post_type=product&#038;p=6257"},"modified":"2025-11-25T16:52:12","modified_gmt":"2025-11-25T09:52:12","slug":"bot-tra-sua-matcha-3in1","status":"publish","type":"product","link":"https:\/\/shop.tim-deli.vn\/vi\/san-pham\/bot-tra-sua-matcha-3in1\/","title":{"rendered":"B\u1ed9t tr\u00e0 s\u1eefa matcha 3in1 D\u00e9li &#8211; 1kg (25 ly)"},"content":{"rendered":"<h2><strong>B\u1ed8T TR\u00c0 S\u1eeeA MATCHA 3IN1 D\u00c9LI<\/strong><\/h2>\n<p>Tr\u00e0 s\u1eefa matcha 3in1 D\u00e9li ti\u1ec7n l\u1ee3i &#8211; nhanh ch\u00f3ng &#8211; chu\u1ea9n v\u1ecb<\/p>\n<p class=\"QN2lPu\"><strong>PHA CH\u1ebe TR\u00c0 S\u1eeeA CHU\u1ea8N V\u1eca D\u1ec4 D\u00c0NG V\u1edaI B\u1ed8T TR\u00c0 S\u1eeeA 3IN1 D\u00c9LI<\/strong><\/p>\n<p class=\"QN2lPu\">V\u1edbi 3 \u0111\u1eb7c \u0111i\u1ec3m ch\u00ednh n\u1ed5i b\u1eadt :<\/p>\n<p class=\"QN2lPu\">\u2705H\u01af\u01a0NG V\u1eca \u0110\u1eacM \u0110\u00c0<\/p>\n<p class=\"QN2lPu\">D\u00f9 l\u00e0 s\u1ea3n ph\u1ea9m 3in1 nh\u01b0ng b\u1ed9t tr\u00e0 s\u1eefa D\u00e9li v\u1eabn lu\u00f4n \u0111\u1ea3m b\u1ea3o \u0111\u01b0\u1ee3c s\u1ef1 \u0111\u1eadm \u0111\u00e0 trong qu\u00e1 tr\u00ecnh pha ch\u1ebf v\u00e0 s\u1eed d\u1ee5ng. V\u1edbi h\u01b0\u01a1ng v\u1ecb v\u00e0 ch\u1ea5t l\u01b0\u1ee3ng kh\u00f4ng h\u1ec1 thua k\u00e9m nh\u1eefng ly tr\u00e0 s\u1eefa pha theo ph\u01b0\u01a1ng ph\u00e1p truy\u1ec1n th\u1ed1ng.<\/p>\n<p class=\"QN2lPu\">\u2705PHA CH\u1ebe TI\u1ec6N L\u1ee2I<\/p>\n<p class=\"QN2lPu\">Ch\u1ec9 c\u1ea7n cho b\u1ed9t v\u00e0o ly, th\u00eam n\u01b0\u1edbc n\u00f3ng, khu\u1ea5y \u0111\u1ec1u v\u00e0 b\u1ea1n \u0111\u00e3 c\u00f3 ngay m\u1ed9t ly tr\u00e0 s\u1eefa th\u01a1m ngon, \u0111\u1eadm \u0111\u00e0<\/p>\n<p class=\"QN2lPu\">\u2705B\u1ea2O QU\u1ea2N D\u1ec4 D\u00c0NG<\/p>\n<p class=\"QN2lPu\">C\u00e1c s\u1ea3n ph\u1ea9m b\u1ed9t tr\u00e0 s\u1eefa 3in1 D\u00e9li \u0111\u1ec1u s\u1eed d\u1ee5ng t\u00fai zip gi\u00fap b\u1ea3o qu\u1ea3n s\u1ea3n ph\u1ea9m l\u00e2u v\u00e0 ti\u1ec7n l\u1ee3i nh\u1ea5t.<\/p>\n<p><strong>TH\u00d4NG TIN S\u1ea2N PH\u1ea8M<\/strong><\/p>\n<p><strong>Tr\u1ecdng l\u01b0\u1ee3ng:<\/strong> 1kg\/t\u00fai<\/p>\n<p class=\"QN2lPu\"><strong>NSX:<\/strong> in tr\u00ean bao b\u00ec.<\/p>\n<p class=\"QN2lPu\"><strong>HSD:<\/strong> 18 th\u00e1ng k\u1ec3 t\u1eeb ng\u00e0y s\u1ea3n xu\u1ea5t.<\/p>\n<p class=\"QN2lPu\"><strong>S\u1ea3n xu\u1ea5t:<\/strong> Vi\u1ec7t Nam<\/p>\n<p><strong>Th\u00e0nh ph\u1ea7n:<\/strong> b\u1ed9t kem b\u00e9o th\u1ef1c v\u1eadt, b\u1ed9t matcha (5%), \u0111\u01b0\u1eddng c\u00e1t tr\u1eafng, ch\u1ea5t ch\u1ed1ng \u0111\u00f4ng v\u00f3n (INS 551).<\/p>\n<p><strong>H\u01b0\u1edbng d\u1eabn s\u1eed d\u1ee5ng:<\/strong><\/p>\n<p>&#8211; D\u00f9ng pha ch\u1ebf tr\u00e0 s\u1eefa v\u1ecb matcha, cho 40g b\u1ed9t tr\u00e0 s\u1eefa matcha v\u00e0o 100ml n\u01b0\u1edbc s\u00f4i, khu\u1ea5y \u0111\u1ec1u, th\u00eam \u0111\u00e1 v\u00e0o th\u01b0\u1edfng th\u1ee9c.<\/p>\n<p>&#8211; Th\u1ee9c u\u1ed1ng s\u1ebd \u0111\u1eadm \u0111\u00e0 h\u01a1n khi s\u1eed d\u1ee5ng k\u00e8m 10ml s\u1eefa \u0111\u1eb7c.<\/p>\n<p><strong>B\u1ea3o qu\u1ea3n:<\/strong> tho\u00e1ng m\u00e1t, tr\u00e1nh ti\u1ebfp x\u00fac tr\u1ef1c ti\u1ebfp \u00e1nh s\u00e1ng m\u1eb7t tr\u1eddi. \u0110\u00f3ng k\u00edn mi\u1ec7ng t\u00fai sau khi s\u1eed d\u1ee5ng.<\/p>\n<p class=\"QN2lPu\"><strong>H\u01af\u1edaNG D\u1eaaN S\u1eec D\u1ee4NG<\/strong><\/p>\n<p class=\"QN2lPu\">&#8211; Cho 40g b\u1ed9t tr\u00e0 s\u1eefa matcha v\u00e0o 100ml n\u01b0\u1edbc s\u00f4i, khu\u1ea5y \u0111\u1ec1u, th\u00eam \u0111\u00e1 v\u00e0o th\u01b0\u1edfng th\u1ee9c.<\/p>\n<p class=\"QN2lPu\">&#8211; Th\u1ee9c u\u1ed1ng s\u1ebd \u0111\u1eadm \u0111\u00e0 h\u01a1n khi s\u1eed d\u1ee5ng k\u00e8m 10ml s\u1eefa \u0111\u1eb7c.<\/p>\n<p>&nbsp;<\/p>\n<p style=\"text-align: center;\">\n","protected":false},"excerpt":{"rendered":"<p><strong>TH\u00d4NG TIN S\u1ea2N PH\u1ea8M<\/strong><\/p>\n<p><strong>Tr\u1ecdng l\u01b0\u1ee3ng:<\/strong> 1kg\/t\u00fai<\/p>\n<p class=\"QN2lPu\"><strong>NSX:<\/strong> in tr\u00ean bao b\u00ec.<\/p>\n<p class=\"QN2lPu\"><strong>HSD:<\/strong> 18 th\u00e1ng k\u1ec3 t\u1eeb ng\u00e0y s\u1ea3n xu\u1ea5t.<\/p>\n<p class=\"QN2lPu\"><strong>S\u1ea3n xu\u1ea5t:<\/strong> Vi\u1ec7t Nam<\/p>\n<p><strong>Th\u00e0nh ph\u1ea7n:<\/strong> b\u1ed9t kem b\u00e9o th\u1ef1c v\u1eadt, b\u1ed9t matcha (5%), \u0111\u01b0\u1eddng c\u00e1t tr\u1eafng, ch\u1ea5t ch\u1ed1ng \u0111\u00f4ng v\u00f3n (INS 551).<\/p>\n<p><strong>B\u1ea3o qu\u1ea3n:<\/strong> tho\u00e1ng m\u00e1t, tr\u00e1nh ti\u1ebfp x\u00fac tr\u1ef1c ti\u1ebfp \u00e1nh s\u00e1ng m\u1eb7t tr\u1eddi.<\/p>\n","protected":false},"featured_media":11696,"comment_status":"open","ping_status":"closed","template":"","meta":{"_acf_changed":false,"inline_featured_image":false},"product_brand":[],"product_cat":[182,133],"product_tag":[],"class_list":{"0":"post-6257","1":"product","2":"type-product","3":"status-publish","4":"has-post-thumbnail","6":"product_cat-bot-tra-sua-3-in-1","7":"product_cat-de-xuat-cua-hang","10":"instock","11":"taxable","12":"shipping-taxable","13":"purchasable","14":"product-type-variable"},"acf":[],"_links":{"self":[{"href":"https:\/\/shop.tim-deli.vn\/vi\/wp-json\/wp\/v2\/product\/6257","targetHints":{"allow":["GET"]}}],"collection":[{"href":"https:\/\/shop.tim-deli.vn\/vi\/wp-json\/wp\/v2\/product"}],"about":[{"href":"https:\/\/shop.tim-deli.vn\/vi\/wp-json\/wp\/v2\/types\/product"}],"replies":[{"embeddable":true,"href":"https:\/\/shop.tim-deli.vn\/vi\/wp-json\/wp\/v2\/comments?post=6257"}],"version-history":[{"count":5,"href":"https:\/\/shop.tim-deli.vn\/vi\/wp-json\/wp\/v2\/product\/6257\/revisions"}],"predecessor-version":[{"id":10636,"href":"https:\/\/shop.tim-deli.vn\/vi\/wp-json\/wp\/v2\/product\/6257\/revisions\/10636"}],"wp:featuredmedia":[{"embeddable":true,"href":"https:\/\/shop.tim-deli.vn\/vi\/wp-json\/wp\/v2\/media\/11696"}],"wp:attachment":[{"href":"https:\/\/shop.tim-deli.vn\/vi\/wp-json\/wp\/v2\/media?parent=6257"}],"wp:term":[{"taxonomy":"product_brand","embeddable":true,"href":"https:\/\/shop.tim-deli.vn\/vi\/wp-json\/wp\/v2\/product_brand?post=6257"},{"taxonomy":"product_cat","embeddable":true,"href":"https:\/\/shop.tim-deli.vn\/vi\/wp-json\/wp\/v2\/product_cat?post=6257"},{"taxonomy":"product_tag","embeddable":true,"href":"https:\/\/shop.tim-deli.vn\/vi\/wp-json\/wp\/v2\/product_tag?post=6257"}],"curies":[{"name":"wp","href":"https:\/\/api.w.org\/{rel}","templated":true}]}}