{"id":6256,"date":"2021-11-22T11:24:31","date_gmt":"2021-11-22T04:24:31","guid":{"rendered":"https:\/\/deli.tim-corp.vn\/?post_type=product&#038;p=6256"},"modified":"2025-11-24T13:26:47","modified_gmt":"2025-11-24T06:26:47","slug":"bot-pha-tra-sua-cao-cap","status":"publish","type":"product","link":"https:\/\/shop.tim-deli.vn\/vi\/san-pham\/bot-pha-tra-sua-cao-cap\/","title":{"rendered":"B\u1ed9t pha ch\u1ebf tr\u00e0 s\u1eefa Cao C\u1ea5p D\u00e9li &#8211; 1kg"},"content":{"rendered":"<h2><strong>B\u1ed8T PHA CH\u1ebe TR\u00c0 S\u1eeeA CAO C\u1ea4P D\u00c9LI<\/strong><\/h2>\n<p><strong>S\u1ea3n ph\u1ea9m d\u00e0nh ri\u00eang cho pha ch\u1ebf tr\u00e0 s\u1eefa.<\/strong><\/p>\n<p>K\u1ebft h\u1ee3p b\u1ed9t pha ch\u1ebf tr\u00e0 s\u1eefa D\u00e9li v\u1edbi c\u00e1c d\u00f2ng tr\u00e0 kh\u00e1c nhau, t\u1ea1o \u0111\u1ed9 th\u01a1m b\u00e9o \u0111\u1eadm \u0111\u00e0 gi\u00fap c\u1ed1c tr\u00e0 s\u1eefa th\u01a1m ngon \u0111\u1eb7c bi\u1ec7t.<\/p>\n<p><strong>Th\u00e0nh ph\u1ea7n:<\/strong>\u00a0Non dairy creamer (corn syrup, palm oil, Sodium casenate, sodium citrate, silicon dioxide, fatty acide\u2026\u2026), lactose, protein s\u1eefa.<\/p>\n<p><strong>HSD:<\/strong> 12 th\u00e1ng<\/p>\n<p><strong>B\u1ea3o qu\u1ea3n:<\/strong>\u00a0B\u1ea3o qu\u1ea3n n\u01a1i kh\u00f4 r\u00e1o, tho\u00e1ng m\u00e1t, tr\u00e1nh tr\u1ef1c ti\u1ebfp \u00e1nh s\u00e1ng m\u1eb7t tr\u1eddi.<\/p>\n<p><em>* Tr\u00e0 s\u1eefa s\u1ebd th\u01a1m ngon h\u01a1n khi \u0111\u1ec3 l\u1ea1nh t\u1eeb 5 &#8211; 8 ti\u1ebfng.<\/em><\/p>\n","protected":false},"excerpt":{"rendered":"<p><strong>TH\u00d4NG TIN S\u1ea2N PH\u1ea8M<\/strong><\/p>\n<p><strong>Th\u00e0nh ph\u1ea7n:<\/strong> \u00a0Non dairy creamer, lactose, protein s\u1eefa.<\/p>\n<p><strong>Tr\u1ecdng l\u01b0\u1ee3ng:<\/strong>\u00a01kg<\/p>\n<p><strong>HSD:<\/strong>\u00a018 th\u00e1ng k\u1ec3 t\u1eeb ng\u00e0y s\u1ea3n xu\u1ea5t<\/p>\n<p><strong>Xu\u1ea5t x\u1ee9:<\/strong>\u00a0Vi\u1ec7t Nam<\/p>\n<p><strong>\u1ee8ng d\u1ee5ng:<\/strong>\u00a0d\u00f9ng l\u00e0m nguy\u00ean li\u1ec7u pha ch\u1ebf.<\/p>\n<p><strong>H\u01b0\u1edbng d\u1eabn b\u1ea3o qu\u1ea3n:<\/strong>\u00a0b\u1ea3o qu\u1ea3n n\u01a1i kh\u00f4 r\u00e1o, tho\u00e1ng m\u00e1t.<\/p>\n","protected":false},"featured_media":9727,"comment_status":"open","ping_status":"closed","template":"","meta":{"_acf_changed":false,"inline_featured_image":false},"product_brand":[],"product_cat":[187,133,183],"product_tag":[],"class_list":{"0":"post-6256","1":"product","2":"type-product","3":"status-publish","4":"has-post-thumbnail","6":"product_cat-bot-pha-che","7":"product_cat-de-xuat-cua-hang","8":"product_cat-top-nguyen-lieu-ban-pha-che-ban-chay-tai-deli","11":"instock","12":"taxable","13":"shipping-taxable","14":"purchasable","15":"product-type-variable"},"acf":[],"_links":{"self":[{"href":"https:\/\/shop.tim-deli.vn\/vi\/wp-json\/wp\/v2\/product\/6256","targetHints":{"allow":["GET"]}}],"collection":[{"href":"https:\/\/shop.tim-deli.vn\/vi\/wp-json\/wp\/v2\/product"}],"about":[{"href":"https:\/\/shop.tim-deli.vn\/vi\/wp-json\/wp\/v2\/types\/product"}],"replies":[{"embeddable":true,"href":"https:\/\/shop.tim-deli.vn\/vi\/wp-json\/wp\/v2\/comments?post=6256"}],"version-history":[{"count":5,"href":"https:\/\/shop.tim-deli.vn\/vi\/wp-json\/wp\/v2\/product\/6256\/revisions"}],"predecessor-version":[{"id":11684,"href":"https:\/\/shop.tim-deli.vn\/vi\/wp-json\/wp\/v2\/product\/6256\/revisions\/11684"}],"wp:featuredmedia":[{"embeddable":true,"href":"https:\/\/shop.tim-deli.vn\/vi\/wp-json\/wp\/v2\/media\/9727"}],"wp:attachment":[{"href":"https:\/\/shop.tim-deli.vn\/vi\/wp-json\/wp\/v2\/media?parent=6256"}],"wp:term":[{"taxonomy":"product_brand","embeddable":true,"href":"https:\/\/shop.tim-deli.vn\/vi\/wp-json\/wp\/v2\/product_brand?post=6256"},{"taxonomy":"product_cat","embeddable":true,"href":"https:\/\/shop.tim-deli.vn\/vi\/wp-json\/wp\/v2\/product_cat?post=6256"},{"taxonomy":"product_tag","embeddable":true,"href":"https:\/\/shop.tim-deli.vn\/vi\/wp-json\/wp\/v2\/product_tag?post=6256"}],"curies":[{"name":"wp","href":"https:\/\/api.w.org\/{rel}","templated":true}]}}