{"id":6254,"date":"2021-11-22T11:24:31","date_gmt":"2021-11-22T04:24:31","guid":{"rendered":"https:\/\/deli.tim-corp.vn\/?post_type=product&#038;p=6254"},"modified":"2025-11-24T17:03:21","modified_gmt":"2025-11-24T10:03:21","slug":"bot-da-xay-frappe-base","status":"publish","type":"product","link":"https:\/\/shop.tim-deli.vn\/vi\/san-pham\/bot-da-xay-frappe-base\/","title":{"rendered":"B\u1ed9t \u0110\u00e1 Xay Frappe Base D\u00e9li &#8211; 1kg"},"content":{"rendered":"<h2><strong>B\u1ed8T \u0110\u00c1 XAY FRAPPE BASE D\u00c9LI<\/strong><\/h2>\n<p>Frappe hay frappe base l\u00e0 m\u1ed9t lo\u1ea1i b\u1ed9t n\u1ec1n th\u00f4ng d\u1ee5ng th\u01b0\u1eddng \u0111\u01b0\u1ee3c d\u00f9ng trong qu\u00e1 tr\u00ecnh pha ch\u1ebf c\u00e1c lo\u1ea1i \u0111\u1ed3 u\u1ed1ng \u0111\u00e1 xay, ice blended hay sinh t\u1ed1\u2026<\/p>\n<p>B\u1ed9t Frappe Base D\u00e9li gi\u00fap cho m\u00f3n th\u1ee9c u\u1ed1ng t\u1ea1o \u0111\u01b0\u1ee3c \u0111\u1ed9 s\u00e1nh m\u1ecbn nh\u1ea5t \u0111\u1ecbnh, h\u1ea1n ch\u1ebf ph\u00e2n t\u1ea7ng hay l\u1edbp h\u1ed7n h\u1ee3p, \u0111\u1ea3m b\u1ea3o \u1ed5n \u0111\u1ecbnh m\u00f9i v\u1ecb th\u1ee9c u\u1ed1ng, gi\u1ea3m thi\u1ec3u t\u1ed1i \u0111a qu\u00e1 tr\u00ecnh l\u00e0m tan \u0111\u00e1.<\/p>\n<p class=\"QN2lPu\">TH\u00d4NG TIN CHI TI\u1ebeT S\u1ea2N PH\u1ea8M<\/p>\n<p class=\"QN2lPu\"><strong>Tr\u1ecdng l\u01b0\u1ee3ng:<\/strong> 1kg\/t\u00fai<\/p>\n<p class=\"QN2lPu\"><strong>NSX:<\/strong> in tr\u00ean bao b\u00ec.<\/p>\n<p class=\"QN2lPu\"><strong>HSD:<\/strong> 18 th\u00e1ng k\u1ec3 t\u1eeb ng\u00e0y s\u1ea3n xu\u1ea5t.<\/p>\n<p class=\"QN2lPu\"><strong>Xu\u1ea5t x\u1ee9:<\/strong> Vi\u1ec7t Nam<\/p>\n<p><strong>Th\u00e0nh ph\u1ea7n: <\/strong>b\u1ed9t kem t\u01b0\u01a1i, b\u1ed9t kem b\u00e9o th\u1ef1c v\u1eadt, b\u1ed9t s\u1eefa, b\u1ed9t topping, ch\u1ea5t l\u00e0m d\u00e0y (ins 407, ins412), ch\u1ea5t ch\u1ed1ng \u0111\u00f4ng v\u00f3n (ins 551)<\/p>\n<p><strong>H\u01b0\u1edbng d\u1eabn b\u1ea3o qu\u1ea3n: <\/strong>b\u1ea3o qu\u1ea3n n\u01a1i kh\u00f4 m\u00e1t, \u0111\u1eady k\u00edn s\u1ea3n ph\u1ea9m sau khi m\u1edf.<\/p>\n<p><strong>H\u01b0\u1edbng d\u1eabn s\u1eed d\u1ee5ng:<\/strong> d\u00f9ng l\u00e0m c\u00e1c s\u1ea3n ph\u1ea9m \u0111\u00e1 xay, sinh t\u1ed1&#8230;c\u00e1c lo\u1ea1i th\u1ee9c u\u1ed1ng kh\u00e1c. Li\u1ec1u d\u00f9ng 5-10g b\u1ed9t cho 1 ly size M<\/p>\n","protected":false},"excerpt":{"rendered":"<p class=\"QN2lPu\">TH\u00d4NG TIN CHI TI\u1ebeT S\u1ea2N PH\u1ea8M<\/p>\n<p class=\"QN2lPu\"><strong>Tr\u1ecdng l\u01b0\u1ee3ng:<\/strong> 1kg\/t\u00fai<\/p>\n<p class=\"QN2lPu\"><strong>NSX:<\/strong> in tr\u00ean bao b\u00ec.<\/p>\n<p class=\"QN2lPu\"><strong>HSD:<\/strong> 18 th\u00e1ng k\u1ec3 t\u1eeb ng\u00e0y s\u1ea3n xu\u1ea5t.<\/p>\n<p class=\"QN2lPu\"><strong>Xu\u1ea5t x\u1ee9:<\/strong> Vi\u1ec7t Nam<\/p>\n<p><strong>Th\u00e0nh ph\u1ea7n: <\/strong>b\u1ed9t kem t\u01b0\u01a1i, b\u1ed9t kem b\u00e9o th\u1ef1c v\u1eadt, b\u1ed9t s\u1eefa, b\u1ed9t topping.<\/p>\n<p><strong>H\u01b0\u1edbng d\u1eabn b\u1ea3o qu\u1ea3n: <\/strong>b\u1ea3o qu\u1ea3n n\u01a1i kh\u00f4 m\u00e1t, \u0111\u1eady k\u00edn s\u1ea3n ph\u1ea9m sau khi m\u1edf bao b\u00ec.<\/p>\n<p><strong>H\u01b0\u1edbng d\u1eabn s\u1eed d\u1ee5ng:<\/strong> d\u00f9ng l\u00e0m c\u00e1c s\u1ea3n ph\u1ea9m \u0111\u00e1 xay, sinh t\u1ed1&#8230;c\u00e1c lo\u1ea1i th\u1ee9c u\u1ed1ng kh\u00e1c.<\/p>\n","protected":false},"featured_media":9494,"comment_status":"open","ping_status":"closed","template":"","meta":{"_acf_changed":false,"inline_featured_image":false},"product_brand":[],"product_cat":[187],"product_tag":[],"class_list":{"0":"post-6254","1":"product","2":"type-product","3":"status-publish","4":"has-post-thumbnail","6":"product_cat-bot-pha-che","9":"instock","10":"taxable","11":"shipping-taxable","12":"purchasable","13":"product-type-variable"},"acf":[],"_links":{"self":[{"href":"https:\/\/shop.tim-deli.vn\/vi\/wp-json\/wp\/v2\/product\/6254","targetHints":{"allow":["GET"]}}],"collection":[{"href":"https:\/\/shop.tim-deli.vn\/vi\/wp-json\/wp\/v2\/product"}],"about":[{"href":"https:\/\/shop.tim-deli.vn\/vi\/wp-json\/wp\/v2\/types\/product"}],"replies":[{"embeddable":true,"href":"https:\/\/shop.tim-deli.vn\/vi\/wp-json\/wp\/v2\/comments?post=6254"}],"version-history":[{"count":5,"href":"https:\/\/shop.tim-deli.vn\/vi\/wp-json\/wp\/v2\/product\/6254\/revisions"}],"predecessor-version":[{"id":11092,"href":"https:\/\/shop.tim-deli.vn\/vi\/wp-json\/wp\/v2\/product\/6254\/revisions\/11092"}],"wp:featuredmedia":[{"embeddable":true,"href":"https:\/\/shop.tim-deli.vn\/vi\/wp-json\/wp\/v2\/media\/9494"}],"wp:attachment":[{"href":"https:\/\/shop.tim-deli.vn\/vi\/wp-json\/wp\/v2\/media?parent=6254"}],"wp:term":[{"taxonomy":"product_brand","embeddable":true,"href":"https:\/\/shop.tim-deli.vn\/vi\/wp-json\/wp\/v2\/product_brand?post=6254"},{"taxonomy":"product_cat","embeddable":true,"href":"https:\/\/shop.tim-deli.vn\/vi\/wp-json\/wp\/v2\/product_cat?post=6254"},{"taxonomy":"product_tag","embeddable":true,"href":"https:\/\/shop.tim-deli.vn\/vi\/wp-json\/wp\/v2\/product_tag?post=6254"}],"curies":[{"name":"wp","href":"https:\/\/api.w.org\/{rel}","templated":true}]}}