{"id":6253,"date":"2021-11-22T11:24:31","date_gmt":"2021-11-22T04:24:31","guid":{"rendered":"https:\/\/deli.tim-corp.vn\/?post_type=product&#038;p=6253"},"modified":"2025-11-24T17:05:05","modified_gmt":"2025-11-24T10:05:05","slug":"bot-ca-cao-pha-che","status":"publish","type":"product","link":"https:\/\/shop.tim-deli.vn\/vi\/san-pham\/bot-ca-cao-pha-che\/","title":{"rendered":"B\u1ed9t cacao pha ch\u1ebf D\u00e9li &#8211; 1kg"},"content":{"rendered":"<h2><strong>B\u1ed8T CA CAO PHA CH\u1ebe D\u00c9LI<\/strong><\/h2>\n<p>B\u1ed9t cacao pha ch\u1ebf D\u00e9li t\u1ea1o h\u01b0\u01a1ng v\u1ecb th\u01a1m ngon.<\/p>\n<p><strong>C\u00f4ng d\u1ee5ng:\u00a0<\/strong>L\u00e0m tr\u00e2n ch\u00e2u, b\u1ecdc ngo\u00e0i th\u1ea1ch, l\u00e0m b\u00e1nh.<\/p>\n<p><strong>B\u1ea3o qu\u1ea3n:<\/strong> B\u1ea3o qu\u1ea3n n\u01a1i kh\u00f4 r\u00e1o, tho\u00e1ng m\u00e1t, tr\u00e1nh tr\u1ef1c ti\u1ebfp \u00e1nh s\u00e1ng m\u1eb7t tr\u1eddi.<\/p>\n<p>&nbsp;<\/p>\n<p class=\"QN2lPu\">\u2705 C\u00d4NG D\u1ee4NG C\u1ee6A B\u1ed8T CACAO<\/p>\n<p class=\"QN2lPu\">\ud83c\udf43 Ng\u0103n ng\u1eeba ung th\u01b0 &#8211; k\u00e9o d\u00e0i s\u1ef1 tr\u1ebb trung: H\u1ee3p ch\u1ea5t trong cacao gi\u00fap ng\u0103n ng\u1eeba g\u1ed1c t\u1ef1 do, ch\u1ed1ng l\u00e3o h\u00f3a t\u1ebf b\u00e0o, gi\u00fap da m\u1ecbn m\u00e0ng v\u00e0 ng\u0103n h\u00ecnh th\u00e0nh n\u1ebfp nh\u0103n.<\/p>\n<p class=\"QN2lPu\">\ud83c\udf43 Gi\u1ea3m nguy c\u01a1 m\u1eafc c\u00e1c b\u1ec7nh tim m\u1ea1ch: Ho\u1ea1t ch\u1ea5t trong cacao gi\u00fap c\u00e2n b\u1eb1ng huy\u1ebft \u00e1p, gi\u1ea3m cholesterol trong m\u00e1u.<\/p>\n<p class=\"QN2lPu\">\ud83c\udf43 Gi\u00fap tinh th\u1ea7n ph\u1ea5n ch\u1ea5n, minh m\u1eabn, gi\u1ea3m stress<\/p>\n<p class=\"QN2lPu\">\ud83c\udf43 H\u1ed7 tr\u1ee3 ki\u1ec3m so\u00e1t tr\u1ecdng l\u01b0\u1ee3ng<\/p>\n<p class=\"QN2lPu\">\ud83c\udf43 L\u00e0m tr\u00e2n ch\u00e2u, b\u1ecdc ngo\u00e0i th\u1ea1ch, l\u00e0m b\u00e1nh.<\/p>\n","protected":false},"excerpt":{"rendered":"<p class=\"QN2lPu\">TH\u00d4NG TIN CHI TI\u1ebeT S\u1ea2N PH\u1ea8M<\/p>\n<p class=\"QN2lPu\"><strong>Th\u00e0nh ph\u1ea7n:<\/strong> 80% ca cao, 20% \u0111\u01b0\u1eddng<\/p>\n<p class=\"QN2lPu\"><strong>Tr\u1ecdng l\u01b0\u1ee3ng:<\/strong> 1KG\/t\u00fai<\/p>\n<p class=\"QN2lPu\"><strong>NSX:<\/strong> in tr\u00ean bao b\u00ec.<\/p>\n<p class=\"QN2lPu\"><strong>HSD:<\/strong> 12 th\u00e1ng k\u1ec3 t\u1eeb ng\u00e0y s\u1ea3n xu\u1ea5t.<\/p>\n<p class=\"QN2lPu\"><strong>Xu\u1ea5t x\u1ee9:<\/strong> Vi\u1ec7t Nam<\/p>\n<p class=\"QN2lPu\"><strong>B\u1ea3o qu\u1ea3n:<\/strong> n\u01a1i kh\u00f4 r\u00e1o tho\u00e1ng, lu\u00f4n \u0111\u00f3ng k\u00edn bao b\u00ec sau khi s\u1eed d\u1ee5ng.<\/p>\n","protected":false},"featured_media":9489,"comment_status":"open","ping_status":"closed","template":"","meta":{"_acf_changed":false,"inline_featured_image":false},"product_brand":[],"product_cat":[187,134],"product_tag":[],"class_list":{"0":"post-6253","1":"product","2":"type-product","3":"status-publish","4":"has-post-thumbnail","6":"product_cat-bot-pha-che","7":"product_cat-duoc-mua-nhieu-nhat","10":"instock","11":"taxable","12":"shipping-taxable","13":"purchasable","14":"product-type-variable"},"acf":[],"_links":{"self":[{"href":"https:\/\/shop.tim-deli.vn\/vi\/wp-json\/wp\/v2\/product\/6253","targetHints":{"allow":["GET"]}}],"collection":[{"href":"https:\/\/shop.tim-deli.vn\/vi\/wp-json\/wp\/v2\/product"}],"about":[{"href":"https:\/\/shop.tim-deli.vn\/vi\/wp-json\/wp\/v2\/types\/product"}],"replies":[{"embeddable":true,"href":"https:\/\/shop.tim-deli.vn\/vi\/wp-json\/wp\/v2\/comments?post=6253"}],"version-history":[{"count":3,"href":"https:\/\/shop.tim-deli.vn\/vi\/wp-json\/wp\/v2\/product\/6253\/revisions"}],"predecessor-version":[{"id":10720,"href":"https:\/\/shop.tim-deli.vn\/vi\/wp-json\/wp\/v2\/product\/6253\/revisions\/10720"}],"wp:featuredmedia":[{"embeddable":true,"href":"https:\/\/shop.tim-deli.vn\/vi\/wp-json\/wp\/v2\/media\/9489"}],"wp:attachment":[{"href":"https:\/\/shop.tim-deli.vn\/vi\/wp-json\/wp\/v2\/media?parent=6253"}],"wp:term":[{"taxonomy":"product_brand","embeddable":true,"href":"https:\/\/shop.tim-deli.vn\/vi\/wp-json\/wp\/v2\/product_brand?post=6253"},{"taxonomy":"product_cat","embeddable":true,"href":"https:\/\/shop.tim-deli.vn\/vi\/wp-json\/wp\/v2\/product_cat?post=6253"},{"taxonomy":"product_tag","embeddable":true,"href":"https:\/\/shop.tim-deli.vn\/vi\/wp-json\/wp\/v2\/product_tag?post=6253"}],"curies":[{"name":"wp","href":"https:\/\/api.w.org\/{rel}","templated":true}]}}