{"id":6252,"date":"2021-11-22T11:24:31","date_gmt":"2021-11-22T04:24:31","guid":{"rendered":"https:\/\/deli.tim-corp.vn\/?post_type=product&#038;p=6252"},"modified":"2025-07-29T16:29:10","modified_gmt":"2025-07-29T09:29:10","slug":"duong-den-deli","status":"publish","type":"product","link":"https:\/\/shop.tim-deli.vn\/vi\/san-pham\/duong-den-deli\/","title":{"rendered":"\u0110\u01b0\u1eddng \u0111en h\u1ea1t D\u00e9li &#8211; 1kg"},"content":{"rendered":"<h2><strong>\u0110\u01af\u1edcNG \u0110EN D\u00c9LI<\/strong><\/h2>\n<p class=\"QN2lPu\">\u0110\u01af\u1edcNG \u0110EN Nguy\u00ean Li\u1ec7u L\u00e0m Tr\u00e0 S\u1eefa Tr\u00e2n Ch\u00e2u T\u1ef1 Pha H\u1ed3ng Tr\u00e0 \u0110en L\u1ee5c Tr\u00e0 L\u00e0i Th\u00e1i Xanh Th\u00e1i \u0110\u1ecf<\/p>\n<p class=\"QN2lPu\">\u0110\u01b0\u1eddng \u0111en \u0111\u1eadm v\u1ecb m\u00eda n\u00ean \u0111\u01b0\u1eddng \u0111en s\u1ebd \u1ea9m h\u01a1n \u0111\u01b0\u1eddng k\u00ednh th\u00f4ng th\u01b0\u1eddng, ng\u1ecdt s\u1eafc v\u00e0 c\u00f2n nhi\u1ec1u dinh d\u01b0\u1ee1ng n\u00ean s\u1ebd c\u00f3 v\u1ecb \u0111\u01b0\u1eddng \u0111\u1eadm h\u01a1n, ng\u1ecdt ng\u00e0o h\u01a1n.<\/p>\n<p class=\"QN2lPu\">Ch\u00ednh nh\u1edd m\u00e0u s\u1eafc ng\u1ea3 v\u00e0ng h\u01a1n c\u1ee7a \u0111\u01b0\u1eddng \u0111en m\u00e0 l\u00e0m b\u00e1nh hay n\u1ea5u tr\u00e0 s\u1eefa s\u1ebd c\u00f3 m\u00e0u s\u1eafc \u0111\u1eb7c tr\u01b0ng. \u0110\u01b0\u1eddng \u0111en mang \u0111\u1ebfn m\u00e0u s\u1eafc t\u1ef1 nhi\u00ean, l\u00e0m \u0111\u1eadm \u0111\u00e0 th\u00eam h\u01b0\u01a1ng v\u1ecb cho c\u00e1c lo\u1ea1i th\u1ee9c u\u1ed1ng, m\u00f3n tr\u00e1ng mi\u1ec7ng, ch\u00e8 v\u00e0 \u0111\u1eb7c bi\u1ec7t l\u00e0 c\u00e1c lo\u1ea1i b\u00e1nh \u00c2u. \u0110\u01b0\u1eddng \u0111en s\u1ebd l\u00e0m t\u0103ng m\u00f9i v\u1ecb th\u01a1m ngon v\u00e0 th\u00eam \u0111\u1ed9 \u1ea9m v\u00e0o b\u00e1nh.<\/p>\n<p><strong>Th\u00f4ng tin dinh d\u01b0\u1ee1ng (100g)<\/strong><\/p>\n<table border=\"1\" cellspacing=\"1\" cellpadding=\"1\">\n<tbody>\n<tr>\n<td>\u00a0N\u0103ng l\u01b0\u1ee3ng (Energy)<\/td>\n<td>\u00a0\u2265 360kcal<\/td>\n<\/tr>\n<tr>\n<td>\u00a0Carbohydrate<\/td>\n<td>\u00a0&gt; 90%<\/td>\n<\/tr>\n<\/tbody>\n<\/table>\n<p><strong>TH\u00d4NG TIN CHI TI\u1ebeT S\u1ea2N PH\u1ea8M<\/strong><\/p>\n<p><strong>Th\u00e0nh ph\u1ea7n:<\/strong><strong>\u00a0<\/strong>\u0110\u01b0\u1eddng m\u00eda, m\u1eadt m\u00eda, h\u01b0\u01a1ng caramel<\/p>\n<p class=\"QN2lPu\"><strong>S\u1ed1 TCB:<\/strong> 53\/TIMCORP\/2020<\/p>\n<p class=\"QN2lPu\"><strong>HSD:<\/strong> 18 th\u00e1ng k\u1ec3 t\u1eeb NSX (xem tr\u00ean bao b\u00ec)<\/p>\n<p><strong>Xu\u1ea5t x\u1ee9:<\/strong> Vi\u1ec7t Nam<\/p>\n<p><strong>B\u1ea3o qu\u1ea3n:<\/strong><strong>\u00a0<\/strong>N\u01a1i kh\u00f4 r\u00e1o, tho\u00e1ng m\u00e1t, tr\u00e1nh \u00e1nh n\u1eafng tr\u1ef1c ti\u1ebfp<\/p>\n<p><strong>H\u01b0\u1edbng d\u1eabn s\u1eed d\u1ee5ng:<\/strong> \u0110\u01b0\u1eddng \u0111en D\u00e9li v\u1ecb ng\u1ecdt thanh, m\u00f9i th\u01a1m nh\u1eb9, mang \u0111\u1ebfn h\u01b0\u01a1ng v\u1ecb th\u01a1m ngon cho c\u00e1c m\u00f3n \u0103n, \u0111\u1ed3 u\u1ed1ng. S\u1ea3n ph\u1ea9m ph\u00f9 h\u1ee3p \u0111\u1ec3 ch\u1ebf bi\u1ebfn c\u00e1c lo\u1ea1i th\u1ef1c ph\u1ea9m, \u0111\u1ed3 u\u1ed1ng, \u0111\u1eb7c bi\u1ec7t l\u00e0 c\u00e1c d\u00f2ng tr\u00e0 \/ tr\u00e0 s\u1eefa \u0110\u00e0i Loan.<\/p>\n","protected":false},"excerpt":{"rendered":"<p><strong>TH\u00d4NG TIN CHI TI\u1ebeT S\u1ea2N PH\u1ea8M<\/strong><\/p>\n<p><strong>Th\u00e0nh ph\u1ea7n:<\/strong><strong>\u00a0<\/strong>\u0110\u01b0\u1eddng m\u00eda, m\u1eadt m\u00eda, h\u01b0\u01a1ng caramel<\/p>\n<p class=\"QN2lPu\"><strong>HSD:<\/strong> 12 th\u00e1ng k\u1ec3 t\u1eeb NSX (xem tr\u00ean bao b\u00ec)<\/p>\n<p><strong>Xu\u1ea5t x\u1ee9:<\/strong> Vi\u1ec7t Nam<\/p>\n<p><strong>B\u1ea3o qu\u1ea3n:<\/strong><strong>\u00a0<\/strong>N\u01a1i kh\u00f4 r\u00e1o, tho\u00e1ng m\u00e1t, tr\u00e1nh \u00e1nh n\u1eafng tr\u1ef1c ti\u1ebfp<\/p>\n","protected":false},"featured_media":9690,"comment_status":"open","ping_status":"closed","template":"","meta":{"_acf_changed":false,"inline_featured_image":false},"product_brand":[],"product_cat":[153],"product_tag":[],"class_list":{"0":"post-6252","1":"product","2":"type-product","3":"status-publish","4":"has-post-thumbnail","6":"product_cat-nguyen-lieu-lam-banh","9":"instock","10":"taxable","11":"shipping-taxable","12":"purchasable","13":"product-type-simple"},"acf":[],"_links":{"self":[{"href":"https:\/\/shop.tim-deli.vn\/vi\/wp-json\/wp\/v2\/product\/6252","targetHints":{"allow":["GET"]}}],"collection":[{"href":"https:\/\/shop.tim-deli.vn\/vi\/wp-json\/wp\/v2\/product"}],"about":[{"href":"https:\/\/shop.tim-deli.vn\/vi\/wp-json\/wp\/v2\/types\/product"}],"replies":[{"embeddable":true,"href":"https:\/\/shop.tim-deli.vn\/vi\/wp-json\/wp\/v2\/comments?post=6252"}],"version-history":[{"count":3,"href":"https:\/\/shop.tim-deli.vn\/vi\/wp-json\/wp\/v2\/product\/6252\/revisions"}],"predecessor-version":[{"id":10634,"href":"https:\/\/shop.tim-deli.vn\/vi\/wp-json\/wp\/v2\/product\/6252\/revisions\/10634"}],"wp:featuredmedia":[{"embeddable":true,"href":"https:\/\/shop.tim-deli.vn\/vi\/wp-json\/wp\/v2\/media\/9690"}],"wp:attachment":[{"href":"https:\/\/shop.tim-deli.vn\/vi\/wp-json\/wp\/v2\/media?parent=6252"}],"wp:term":[{"taxonomy":"product_brand","embeddable":true,"href":"https:\/\/shop.tim-deli.vn\/vi\/wp-json\/wp\/v2\/product_brand?post=6252"},{"taxonomy":"product_cat","embeddable":true,"href":"https:\/\/shop.tim-deli.vn\/vi\/wp-json\/wp\/v2\/product_cat?post=6252"},{"taxonomy":"product_tag","embeddable":true,"href":"https:\/\/shop.tim-deli.vn\/vi\/wp-json\/wp\/v2\/product_tag?post=6252"}],"curies":[{"name":"wp","href":"https:\/\/api.w.org\/{rel}","templated":true}]}}