{"id":6251,"date":"2021-11-22T11:24:30","date_gmt":"2021-11-22T04:24:30","guid":{"rendered":"https:\/\/deli.tim-corp.vn\/?post_type=product&#038;p=6251"},"modified":"2025-11-24T17:06:48","modified_gmt":"2025-11-24T10:06:48","slug":"bot-sau-rieng-nguyen-chat","status":"publish","type":"product","link":"https:\/\/shop.tim-deli.vn\/vi\/san-pham\/bot-sau-rieng-nguyen-chat\/","title":{"rendered":"Pudding s\u1ea7u ri\u00eang D\u00e9li"},"content":{"rendered":"<h2><strong>B\u1ed8T S\u1ea6U RI\u00caNG NGUY\u00caN CH\u1ea4T D\u00c9LI<\/strong><\/h2>\n<p>V\u1edbi m\u00f9i th\u01a1m \u0111\u1eb7c tr\u01b0ng, b\u1ed9t s\u1ea7u ri\u00eang nguy\u00ean ch\u1ea5t \u0111\u01b0\u1ee3c d\u00f9ng trong ch\u1ebf bi\u1ebfn th\u1ef1c ph\u1ea9m, l\u00e0m b\u00e1nh, tr\u00e0 s\u1eefa, topping&#8230;mang \u0111\u1ebfn h\u01b0\u01a1ng v\u1ecb \u0111\u1ed9c \u0111\u00e1o v\u00e0 h\u1ea5p d\u1eabn cho c\u00e1c m\u00f3n \u0103n, th\u01b0c u\u1ed1ng.<\/p>\n<p class=\"QN2lPu\">C\u00c1CH S\u1eec D\u1ee4NG<\/p>\n<p class=\"QN2lPu\">-Chu\u1ea9n b\u1ecb 100g b\u1ed9t pudding s\u1ea7u ri\u00eang D\u00e9li, 50g \u0111\u01b0\u1eddng c\u00e1t tr\u1eafng, 800ml n\u01b0\u1edbc.<\/p>\n<p class=\"QN2lPu\">-\u0110un n\u01b0\u1edbc ch\u1edd \u0111\u1ebfn khi s\u00f4i.<\/p>\n<p class=\"QN2lPu\">-Tr\u1ed9n \u0111\u1ec1u h\u1ed7n h\u1ee3p pudding v\u00e0 \u0111\u01b0\u1eddng r\u1ed3i cho h\u1ed7n h\u1ee3p v\u00e0o n\u01b0\u1edbc s\u00f4i,kh\u1ea5y \u0111\u1ec1u cho tan h\u1ed7n h\u1ee3p trong 3-5 ph\u00fat,t\u1eaft b\u1ebfp v\u00e0 v\u1edbt b\u1ecdt tr\u00ean m\u1eb7t .<\/p>\n<p class=\"QN2lPu\">&#8211; R\u00f3t dung d\u1ecbch \u0111\u00e3 n\u1ea5u v\u00e0o khu\u00f4n,\u0111\u1ec3 ngu\u1ed9i r\u1ed3i cho v\u00e0o t\u1ee7 m\u00e1t ch\u1edd pudding \u0111\u00f4ng l\u1ea1i<\/p>\n<p>&nbsp;<\/p>\n<p>&nbsp;<\/p>\n","protected":false},"excerpt":{"rendered":"<p><strong>TH\u00d4NG TIN S\u1ea2N PH\u1ea8M<\/strong><\/p>\n<p><strong>Th\u00e0nh ph\u1ea7n:<\/strong> b\u1ed9t kem b\u00e9o th\u1ef1c v\u1eadt, b\u1ed9t s\u1eefa, \u0111\u01b0\u1eddng tinh luy\u1ec7n, b\u1ed9t s\u1ea7u ri\u00eang s\u1ea5y th\u0103ng hoa, h\u01b0\u01a1ng s\u1ea7u ri\u00eang,ch\u1ea5t l\u00e0m d\u00e0y(INS 407), ch\u1ea5t ch\u1ed1ng \u0111\u1ed3ng v\u1ed1n(INS551) m\u00e0u th\u1ef1c ph\u1ea9m (INS 102, INS 113)<\/p>\n<p class=\"QN2lPu\"><strong>Tr\u1ecdng l\u01b0\u1ee3ng:<\/strong> 1kg \/t\u00fai<\/p>\n<p class=\"QN2lPu\"><strong>NSX:<\/strong> in tr\u00ean bao b\u00ec.<\/p>\n<p class=\"QN2lPu\"><strong>HSD:<\/strong> 18 th\u00e1ng k\u1ec3 t\u1eeb ng\u00e0y s\u1ea3n xu\u1ea5t.<\/p>\n<p class=\"QN2lPu\"><strong>S\u1ea3n xu\u1ea5t:<\/strong> Vi\u1ec7t Nam<\/p>\n<p><strong>C\u00f4ng d\u1ee5ng:\u00a0<\/strong>L\u00e0m tr\u00e2n ch\u00e2u, b\u1ecdc ngo\u00e0i th\u1ea1ch, l\u00e0m b\u00e1nh.<\/p>\n<p><strong>B\u1ea3o qu\u1ea3n:<\/strong>\u00a0B\u1ea3o qu\u1ea3n n\u01a1i kh\u00f4 r\u00e1o, tho\u00e1ng m\u00e1t, tr\u00e1nh tr\u1ef1c ti\u1ebfp \u00e1nh s\u00e1ng m\u1eb7t tr\u1eddi.<\/p>\n<p>&nbsp;<\/p>\n","protected":false},"featured_media":9612,"comment_status":"open","ping_status":"closed","template":"","meta":{"_acf_changed":false,"inline_featured_image":false},"product_brand":[],"product_cat":[145],"product_tag":[],"class_list":{"0":"post-6251","1":"product","2":"type-product","3":"status-publish","4":"has-post-thumbnail","6":"product_cat-tran-chau-topping","9":"instock","10":"taxable","11":"shipping-taxable","12":"purchasable","13":"product-type-variable"},"acf":[],"_links":{"self":[{"href":"https:\/\/shop.tim-deli.vn\/vi\/wp-json\/wp\/v2\/product\/6251","targetHints":{"allow":["GET"]}}],"collection":[{"href":"https:\/\/shop.tim-deli.vn\/vi\/wp-json\/wp\/v2\/product"}],"about":[{"href":"https:\/\/shop.tim-deli.vn\/vi\/wp-json\/wp\/v2\/types\/product"}],"replies":[{"embeddable":true,"href":"https:\/\/shop.tim-deli.vn\/vi\/wp-json\/wp\/v2\/comments?post=6251"}],"version-history":[{"count":3,"href":"https:\/\/shop.tim-deli.vn\/vi\/wp-json\/wp\/v2\/product\/6251\/revisions"}],"predecessor-version":[{"id":10633,"href":"https:\/\/shop.tim-deli.vn\/vi\/wp-json\/wp\/v2\/product\/6251\/revisions\/10633"}],"wp:featuredmedia":[{"embeddable":true,"href":"https:\/\/shop.tim-deli.vn\/vi\/wp-json\/wp\/v2\/media\/9612"}],"wp:attachment":[{"href":"https:\/\/shop.tim-deli.vn\/vi\/wp-json\/wp\/v2\/media?parent=6251"}],"wp:term":[{"taxonomy":"product_brand","embeddable":true,"href":"https:\/\/shop.tim-deli.vn\/vi\/wp-json\/wp\/v2\/product_brand?post=6251"},{"taxonomy":"product_cat","embeddable":true,"href":"https:\/\/shop.tim-deli.vn\/vi\/wp-json\/wp\/v2\/product_cat?post=6251"},{"taxonomy":"product_tag","embeddable":true,"href":"https:\/\/shop.tim-deli.vn\/vi\/wp-json\/wp\/v2\/product_tag?post=6251"}],"curies":[{"name":"wp","href":"https:\/\/api.w.org\/{rel}","templated":true}]}}