{"id":6249,"date":"2021-11-22T11:24:30","date_gmt":"2021-11-22T04:24:30","guid":{"rendered":"https:\/\/deli.tim-corp.vn\/?post_type=product&#038;p=6249"},"modified":"2025-11-24T17:08:36","modified_gmt":"2025-11-24T10:08:36","slug":"bot-matcha-nguyen-chat","status":"publish","type":"product","link":"https:\/\/shop.tim-deli.vn\/vi\/san-pham\/bot-matcha-nguyen-chat\/","title":{"rendered":"B\u1ed9t matcha nguy\u00ean ch\u1ea5t D\u00e9li &#8211; 200gr"},"content":{"rendered":"<h2><strong>B\u1ed8T MATCHA NGUY\u00caN CH\u1ea4T D\u00c9LI<\/strong><\/h2>\n<p><strong data-start=\"136\" data-end=\"167\">B\u1ed9t Matcha Nguy\u00ean Ch\u1ea5t D\u00e9li<\/strong> l\u00e0 nguy\u00ean li\u1ec7u cao c\u1ea5p gi\u00fap mang l\u1ea1i m\u00e0u s\u1eafc xanh t\u1ef1 nhi\u00ean, h\u01b0\u01a1ng th\u01a1m nh\u1eb9 v\u00e0 v\u1ecb tr\u00e0 xanh \u0111\u1eb7c tr\u01b0ng cho c\u00e1c m\u00f3n \u0103n, \u0111\u1ed3 u\u1ed1ng. S\u1ea3n ph\u1ea9m \u0111\u01b0\u1ee3c \u1ee9ng d\u1ee5ng r\u1ed9ng r\u00e3i trong ng\u00e0nh ch\u1ebf bi\u1ebfn th\u1ef1c ph\u1ea9m, t\u1eeb l\u00e0m tr\u00e2n ch\u00e2u, th\u1ea1ch, b\u00e1nh, \u0111\u1ebfn c\u00e1c m\u00f3n tr\u00e1ng mi\u1ec7ng v\u00e0 \u0111\u1ed3 u\u1ed1ng.<\/p>\n<p><strong>C\u00d4NG D\u1ee4NG\u00a0<\/strong><\/p>\n<ul>\n<li>T\u1ea1o m\u00e0u xanh t\u1ef1 nhi\u00ean, t\u0103ng \u0111\u1ed9 h\u1ea5p d\u1eabn cho m\u00f3n \u0103n.<\/li>\n<li>Mang l\u1ea1i h\u01b0\u01a1ng th\u01a1m nh\u1eb9, v\u1ecb tr\u00e0 xanh \u0111\u1eb7c tr\u01b0ng, kh\u00f4ng l\u1eabn t\u1ea1p.<\/li>\n<li>\u1ee8ng d\u1ee5ng \u0111a d\u1ea1ng: l\u00e0m tr\u00e2n ch\u00e2u, b\u1ecdc ngo\u00e0i th\u1ea1ch, l\u00e0m b\u00e1nh, pha ch\u1ebf \u0111\u1ed3 u\u1ed1ng, m\u00f3n tr\u00e1ng mi\u1ec7ng.<\/li>\n<\/ul>\n<p><strong>C\u00c1CH S\u1eec D\u1ee4NG<\/strong><\/p>\n<ul>\n<li><strong data-start=\"729\" data-end=\"748\">Tr\u1ed9n tr\u1ef1c ti\u1ebfp:<\/strong> Tr\u1ed9n b\u1ed9t matcha v\u00e0o nguy\u00ean li\u1ec7u (b\u1ed9t b\u00e1nh, b\u1ed9t tr\u00e2n ch\u00e2u\u2026) tr\u01b0\u1edbc khi ch\u1ebf bi\u1ebfn.<\/li>\n<li><strong data-start=\"834\" data-end=\"846\">H\u00f2a tan:<\/strong> H\u00f2a b\u1ed9t matcha v\u1edbi l\u01b0\u1ee3ng n\u01b0\u1edbc v\u1eeba \u0111\u1ee7, khu\u1ea5y \u0111\u1ec1u cho tan ho\u00e0n to\u00e0n, sau \u0111\u00f3 tr\u1ed9n v\u00e0o c\u00e1c nguy\u00ean li\u1ec7u kh\u00e1c \u0111\u1ec3 t\u1ea1o m\u00e0u s\u1eafc, m\u00f9i h\u01b0\u01a1ng nh\u01b0 \u00fd.<\/li>\n<\/ul>\n<p><strong>TH\u00d4NG TIN CHI TI\u1ebeT S\u1ea2N PH\u1ea8M<\/strong><\/p>\n<p class=\"\" data-start=\"1032\" data-end=\"1094\"><strong data-start=\"1032\" data-end=\"1047\">Th\u00e0nh ph\u1ea7n:<\/strong> B\u1ed9t tr\u00e0 xanh (80%), t\u1ea3o l\u1ee5c Chlorella (20%).<\/p>\n<p class=\"\" data-start=\"1097\" data-end=\"1191\"><strong data-start=\"1097\" data-end=\"1111\">C\u00f4ng d\u1ee5ng:<\/strong> L\u00e0m tr\u00e2n ch\u00e2u, b\u1ecdc ngo\u00e0i th\u1ea1ch, l\u00e0m b\u00e1nh, pha ch\u1ebf, t\u1ea1o m\u00e0u v\u00e0 h\u01b0\u01a1ng t\u1ef1 nhi\u00ean.<\/p>\n<p class=\"\" data-start=\"1194\" data-end=\"1301\"><strong data-start=\"1194\" data-end=\"1217\">H\u01b0\u1edbng d\u1eabn b\u1ea3o qu\u1ea3n:<\/strong> \u0110\u1ec3 n\u01a1i kh\u00f4 r\u00e1o, tho\u00e1ng m\u00e1t, nhi\u1ec7t \u0111\u1ed9 25\u201330\u00b0C, \u0111\u00f3ng k\u00edn mi\u1ec7ng t\u00fai sau khi s\u1eed d\u1ee5ng.<\/p>\n<p class=\"\" data-start=\"1304\" data-end=\"1328\"><strong data-start=\"1304\" data-end=\"1316\">Xu\u1ea5t x\u1ee9:<\/strong> Vi\u1ec7t Nam.<\/p>\n<p><strong data-start=\"1927\" data-end=\"1958\">B\u1ed9t Matcha Nguy\u00ean Ch\u1ea5t D\u00e9li<\/strong> \u2013 b\u1ed9t matcha cao c\u1ea5p, m\u00e0u xanh t\u1ef1 nhi\u00ean, h\u01b0\u01a1ng th\u01a1m d\u1ecbu nh\u1eb9, v\u1ecb tr\u00e0 xanh \u0111\u1eb7c tr\u01b0ng, chuy\u00ean d\u00f9ng l\u00e0m b\u00e1nh, tr\u00e2n ch\u00e2u, th\u1ea1ch, pha ch\u1ebf \u0111\u1ed3 u\u1ed1ng, gi\u00fap m\u00f3n \u0103n th\u00eam b\u1eaft m\u1eaft, h\u1ea5p d\u1eabn.<\/p>\n","protected":false},"excerpt":{"rendered":"<p><strong>TH\u00d4NG TIN CHI TI\u1ebeT S\u1ea2N PH\u1ea8M<\/strong><\/p>\n<p class=\"QN2lPu\"><strong>Tr\u1ecdng l\u01b0\u1ee3ng:<\/strong> 200g\/<\/p>\n<p class=\"QN2lPu\"><strong>NSX:<\/strong>\u00a0in tr\u00ean bao b\u00ec.<\/p>\n<p class=\"QN2lPu\"><strong>HSD:<\/strong> 24 th\u00e1ng k\u1ec3 t\u1eeb ng\u00e0y s\u1ea3n xu\u1ea5t.<\/p>\n<p class=\"\" data-start=\"1032\" data-end=\"1094\"><strong data-start=\"1032\" data-end=\"1047\">Th\u00e0nh ph\u1ea7n:<\/strong> 100% B\u1ed9t tr\u00e0 xanh<\/p>\n<p class=\"\" data-start=\"1097\" data-end=\"1191\"><strong data-start=\"1097\" data-end=\"1111\">C\u00f4ng d\u1ee5ng:<\/strong> L\u00e0m tr\u00e2n ch\u00e2u, b\u1ecdc ngo\u00e0i th\u1ea1ch, l\u00e0m b\u00e1nh, pha ch\u1ebf, t\u1ea1o m\u00e0u v\u00e0 h\u01b0\u01a1ng t\u1ef1 nhi\u00ean.<\/p>\n<p class=\"\" data-start=\"1194\" data-end=\"1301\"><strong data-start=\"1194\" data-end=\"1217\">H\u01b0\u1edbng d\u1eabn b\u1ea3o qu\u1ea3n:<\/strong> \u0110\u1ec3 n\u01a1i kh\u00f4 r\u00e1o, tho\u00e1ng m\u00e1t, nhi\u1ec7t \u0111\u1ed9 25\u201330\u00b0C, \u0111\u00f3ng k\u00edn mi\u1ec7ng t\u00fai sau khi s\u1eed d\u1ee5ng.<\/p>\n<p class=\"\" data-start=\"1304\" data-end=\"1328\"><strong data-start=\"1304\" data-end=\"1316\">Xu\u1ea5t x\u1ee9:<\/strong> Vi\u1ec7t Nam.<\/p>\n","protected":false},"featured_media":9723,"comment_status":"open","ping_status":"closed","template":"","meta":{"_acf_changed":false,"inline_featured_image":false},"product_brand":[],"product_cat":[187,134],"product_tag":[],"class_list":{"0":"post-6249","1":"product","2":"type-product","3":"status-publish","4":"has-post-thumbnail","6":"product_cat-bot-pha-che","7":"product_cat-duoc-mua-nhieu-nhat","10":"instock","11":"taxable","12":"shipping-taxable","13":"purchasable","14":"product-type-variable"},"acf":[],"_links":{"self":[{"href":"https:\/\/shop.tim-deli.vn\/vi\/wp-json\/wp\/v2\/product\/6249","targetHints":{"allow":["GET"]}}],"collection":[{"href":"https:\/\/shop.tim-deli.vn\/vi\/wp-json\/wp\/v2\/product"}],"about":[{"href":"https:\/\/shop.tim-deli.vn\/vi\/wp-json\/wp\/v2\/types\/product"}],"replies":[{"embeddable":true,"href":"https:\/\/shop.tim-deli.vn\/vi\/wp-json\/wp\/v2\/comments?post=6249"}],"version-history":[{"count":4,"href":"https:\/\/shop.tim-deli.vn\/vi\/wp-json\/wp\/v2\/product\/6249\/revisions"}],"predecessor-version":[{"id":11651,"href":"https:\/\/shop.tim-deli.vn\/vi\/wp-json\/wp\/v2\/product\/6249\/revisions\/11651"}],"wp:featuredmedia":[{"embeddable":true,"href":"https:\/\/shop.tim-deli.vn\/vi\/wp-json\/wp\/v2\/media\/9723"}],"wp:attachment":[{"href":"https:\/\/shop.tim-deli.vn\/vi\/wp-json\/wp\/v2\/media?parent=6249"}],"wp:term":[{"taxonomy":"product_brand","embeddable":true,"href":"https:\/\/shop.tim-deli.vn\/vi\/wp-json\/wp\/v2\/product_brand?post=6249"},{"taxonomy":"product_cat","embeddable":true,"href":"https:\/\/shop.tim-deli.vn\/vi\/wp-json\/wp\/v2\/product_cat?post=6249"},{"taxonomy":"product_tag","embeddable":true,"href":"https:\/\/shop.tim-deli.vn\/vi\/wp-json\/wp\/v2\/product_tag?post=6249"}],"curies":[{"name":"wp","href":"https:\/\/api.w.org\/{rel}","templated":true}]}}