{"id":6238,"date":"2025-01-06T11:57:52","date_gmt":"2025-01-06T04:57:52","guid":{"rendered":"https:\/\/deli.tim-corp.vn\/?post_type=product&#038;p=6238"},"modified":"2025-11-25T11:13:23","modified_gmt":"2025-11-25T04:13:23","slug":"siro-duong-den-1l","status":"publish","type":"product","link":"https:\/\/shop.tim-deli.vn\/vi\/san-pham\/siro-duong-den-1l\/","title":{"rendered":"Siro \u0110\u01b0\u1eddng \u0110en D\u00e9li &#8211; 1L"},"content":{"rendered":"<h2 data-start=\"306\" data-end=\"393\"><strong data-start=\"309\" data-end=\"393\">Siro \u0110\u01b0\u1eddng \u0110en 1L D\u00e9li \u2013 V\u1ecb Ng\u1ecdt M\u1eadt M\u00eda, H\u01b0\u01a1ng Th\u01a1m \u0110\u01b0\u1eddng \u0110en, Chu\u1ea9n V\u1ecb Pha Ch\u1ebf<\/strong><\/h2>\n<p data-start=\"395\" data-end=\"750\"><strong data-start=\"395\" data-end=\"421\">Siro \u0111\u01b0\u1eddng \u0111en 1L D\u00e9li<\/strong> l\u00e0 d\u00f2ng siro chuy\u00ean d\u1ee5ng d\u00e0nh cho c\u00e1c qu\u00e1n tr\u00e0 s\u1eefa, qu\u00e1n caf\u00e9, m\u00f4 h\u00ecnh take-away v\u00e0 nh\u00e0 h\u00e0ng hi\u1ec7n \u0111\u1ea1i. S\u1ea3n ph\u1ea9m \u0111\u01b0\u1ee3c s\u1ea3n xu\u1ea5t t\u1eeb <strong data-start=\"551\" data-end=\"595\">m\u1ea1ch nha, m\u1eadt m\u00eda v\u00e0 \u0111\u01b0\u1eddng \u0111en (5%)<\/strong>, mang \u0111\u1ebfn v\u1ecb ng\u1ecdt d\u1ecbu s\u00e2u v\u00e0 <strong data-start=\"625\" data-end=\"676\">h\u01b0\u01a1ng th\u01a1m \u0111\u1eb7c tr\u01b0ng c\u1ee7a \u0111\u01b0\u1eddng \u0111en truy\u1ec1n th\u1ed1ng<\/strong>, gi\u00fap t\u1ea1o n\u00ean c\u00e1c m\u00f3n th\u1ee9c u\u1ed1ng \u0111\u1ea7y c\u00e1 t\u00ednh v\u00e0 d\u1ec5 ghi nh\u1edb v\u1edbi th\u1ef1c kh\u00e1ch.<\/p>\n<p data-start=\"752\" data-end=\"967\">D\u00f2ng siro n\u00e0y \u0111\u01b0\u1ee3c \u0111\u00f3ng chai dung t\u00edch l\u1edbn 1L \u2013 ti\u1ec7n l\u1ee3i, d\u1ec5 \u0111\u1ecbnh l\u01b0\u1ee3ng, t\u1ed1i \u01b0u chi ph\u00ed v\u00e0 v\u1eadn h\u00e0nh \u2013 l\u00e0 l\u1ef1a ch\u1ecdn ho\u00e0n h\u1ea3o cho nh\u1eefng \u0111\u01a1n v\u1ecb kinh doanh c\u1ea7n s\u1ef1 \u1ed5n \u0111\u1ecbnh, chuy\u00ean nghi\u1ec7p v\u00e0 \u0111\u1ed3ng \u0111\u1ec1u trong t\u1eebng ly pha ch\u1ebf.<\/p>\n<hr data-start=\"969\" data-end=\"972\" \/>\n<h3 data-start=\"974\" data-end=\"1026\">\u2705 <strong data-start=\"980\" data-end=\"1026\">\u01afu \u0111i\u1ec3m n\u1ed5i b\u1eadt c\u1ee7a siro \u0111\u01b0\u1eddng \u0111en 1L D\u00e9li<\/strong><\/h3>\n<ul data-start=\"1028\" data-end=\"1617\">\n<li data-start=\"1028\" data-end=\"1174\">\n<p data-start=\"1030\" data-end=\"1174\"><strong data-start=\"1030\" data-end=\"1083\">Th\u00e0nh ph\u1ea7n m\u1eadt m\u00eda, m\u1ea1ch nha, \u0111\u01b0\u1eddng \u0111en (5%)<\/strong>, t\u00e1i hi\u1ec7n v\u1ecb ng\u1ecdt \u0111\u1eb7c tr\u01b0ng c\u1ee7a \u0111\u01b0\u1eddng \u0111en truy\u1ec1n th\u1ed1ng \u2013 kh\u00f4ng qu\u00e1 g\u1eaft, kh\u00f4ng l\u1eabn caramel.<\/p>\n<\/li>\n<li data-start=\"1175\" data-end=\"1249\">\n<p data-start=\"1177\" data-end=\"1249\"><strong data-start=\"1177\" data-end=\"1199\">H\u01b0\u01a1ng th\u01a1m d\u1ecbu nh\u1eb9<\/strong>, \u0111\u1eadm h\u1eadu \u2013 th\u00edch h\u1ee3p cho c\u1ea3 \u0111\u1ed3 u\u1ed1ng n\u00f3ng v\u00e0 l\u1ea1nh.<\/p>\n<\/li>\n<li data-start=\"1250\" data-end=\"1343\">\n<p data-start=\"1252\" data-end=\"1343\"><strong data-start=\"1252\" data-end=\"1276\">M\u00e0u n\u00e2u \u0111en t\u1ef1 nhi\u00ean<\/strong>, gi\u00fap \u0111\u1ed3 u\u1ed1ng n\u1ed5i b\u1eadt, thu h\u00fat \u00e1nh nh\u00ecn khi s\u1eed d\u1ee5ng ly nh\u1ef1a trong.<\/p>\n<\/li>\n<li data-start=\"1344\" data-end=\"1416\">\n<p data-start=\"1346\" data-end=\"1416\"><strong data-start=\"1346\" data-end=\"1376\">Kh\u00f4ng l\u1eafng c\u1eb7n \u2013 kh\u00f4ng v\u00f3n<\/strong>, d\u1ec5 ho\u00e0 tan v\u1edbi n\u1ec1n tr\u00e0, s\u1eefa ho\u1eb7c soda.<\/p>\n<\/li>\n<li data-start=\"1417\" data-end=\"1478\">\n<p data-start=\"1419\" data-end=\"1478\"><strong data-start=\"1419\" data-end=\"1435\">\u0110\u00f3ng chai 1L<\/strong> ti\u1ec7n d\u1ee5ng, c\u00f3 th\u1ec3 pha 30\u201340 ly ti\u00eau chu\u1ea9n.<\/p>\n<\/li>\n<li data-start=\"1479\" data-end=\"1548\">\n<p data-start=\"1481\" data-end=\"1548\"><strong data-start=\"1481\" data-end=\"1548\">Ti\u1ebft ki\u1ec7m th\u1eddi gian s\u01a1 ch\u1ebf \u2013 d\u1ec5 \u0111\u1ecbnh l\u01b0\u1ee3ng \u2013 d\u1ec5 ki\u1ec3m so\u00e1t cost.<\/strong><\/p>\n<\/li>\n<li data-start=\"1549\" data-end=\"1617\">\n<p data-start=\"1551\" data-end=\"1617\"><strong data-start=\"1551\" data-end=\"1577\">\u0110\u1ea1t ti\u00eau chu\u1ea9n an to\u00e0n<\/strong>, c\u00f4ng b\u1ed1 ch\u1ea5t l\u01b0\u1ee3ng s\u1ed1 01\/TIMCORP\/2022.<\/p>\n<\/li>\n<\/ul>\n<hr data-start=\"1619\" data-end=\"1622\" \/>\n<h3 data-start=\"1624\" data-end=\"1676\">\ud83c\udf79 <strong data-start=\"1631\" data-end=\"1676\">\u1ee8ng d\u1ee5ng th\u1ef1c t\u1ebf trong pha ch\u1ebf &amp; ch\u1ebf bi\u1ebfn<\/strong><\/h3>\n<h4 data-start=\"1678\" data-end=\"1709\"><strong data-start=\"1683\" data-end=\"1709\">Trong pha ch\u1ebf \u0111\u1ed3 u\u1ed1ng:<\/strong><\/h4>\n<ul data-start=\"1710\" data-end=\"2043\">\n<li data-start=\"1710\" data-end=\"1801\">\n<p data-start=\"1712\" data-end=\"1801\"><strong data-start=\"1712\" data-end=\"1743\">Tr\u00e0 s\u1eefa tr\u00e2n ch\u00e2u \u0111\u01b0\u1eddng \u0111en<\/strong>: 40ml <strong data-start=\"1750\" data-end=\"1771\">siro \u0111\u01b0\u1eddng \u0111en 1L<\/strong> + n\u1ec1n tr\u00e0 s\u1eefa + \u0111\u00e1 + topping.<\/p>\n<\/li>\n<li data-start=\"1802\" data-end=\"1899\">\n<p data-start=\"1804\" data-end=\"1899\"><strong data-start=\"1804\" data-end=\"1826\">S\u1eefa t\u01b0\u01a1i \u0111\u01b0\u1eddng \u0111en<\/strong>: s\u1eefa t\u01b0\u01a1i + \u0111\u00e1 vi\u00ean + <strong data-start=\"1849\" data-end=\"1886\">siro \u0111\u01b0\u1eddng \u0111en h\u01b0\u01a1ng truy\u1ec1n th\u1ed1ng<\/strong> + tr\u00e2n ch\u00e2u.<\/p>\n<\/li>\n<li data-start=\"1900\" data-end=\"1979\">\n<p data-start=\"1902\" data-end=\"1979\"><strong data-start=\"1902\" data-end=\"1921\">Latte \u0111\u01b0\u1eddng \u0111en<\/strong>: mix c\u00f9ng espresso v\u00e0 s\u1eefa t\u01b0\u01a1i, t\u1ea1o \u0111i\u1ec3m nh\u1ea5n h\u1eadu v\u1ecb s\u00e2u.<\/p>\n<\/li>\n<li data-start=\"1980\" data-end=\"2043\">\n<p data-start=\"1982\" data-end=\"2043\"><strong data-start=\"1982\" data-end=\"2000\">Soda \u0111\u01b0\u1eddng \u0111en<\/strong>: siro + soda kh\u00f4ng \u0111\u01b0\u1eddng + l\u00e1t chanh + \u0111\u00e1.<\/p>\n<\/li>\n<\/ul>\n<h4 data-start=\"2045\" data-end=\"2077\"><strong data-start=\"2050\" data-end=\"2077\">Trong m\u00f3n \u0103n &amp; topping:<\/strong><\/h4>\n<ul data-start=\"2078\" data-end=\"2268\">\n<li data-start=\"2078\" data-end=\"2136\">\n<p data-start=\"2080\" data-end=\"2136\">R\u01b0\u1edbi l\u00ean kem t\u01b0\u01a1i, panna cotta, b\u00e1nh flan ho\u1eb7c s\u1eefa chua.<\/p>\n<\/li>\n<li data-start=\"2137\" data-end=\"2196\">\n<p data-start=\"2139\" data-end=\"2196\">L\u00e0m s\u1ed1t topping cho b\u00e1nh pancake, toast, ho\u1eb7c b\u00e1nh crepe.<\/p>\n<\/li>\n<li data-start=\"2197\" data-end=\"2268\">\n<p data-start=\"2199\" data-end=\"2268\">Mix c\u00f9ng granola, ng\u0169 c\u1ed1c, tr\u00e1i c\u00e2y \u0111\u1ec3 t\u1ea1o b\u1eefa s\u00e1ng v\u1eeba ngon v\u1eeba \u0111\u1eb9p.<\/p>\n<\/li>\n<\/ul>\n<hr data-start=\"2270\" data-end=\"2273\" \/>\n<p>\ud83c\udfa5 <strong data-start=\"2282\" data-end=\"2338\">Xem video pha ch\u1ebf t\u1eeb siro \u0111\u01b0\u1eddng \u0111en D\u00e9li t\u1ea1i TikTok: <\/strong><strong data-start=\"1972\" data-end=\"2029\"><a class=\"cursor-pointer\" href=\"https:\/\/www.tiktok.com\/@phachecungdeli\" target=\"_new\" rel=\"noopener\" data-start=\"2012\" data-end=\"2069\">@phachecungdeli<\/a><\/strong><\/p>\n<hr data-start=\"2358\" data-end=\"2361\" \/>\n<h3 data-start=\"2363\" data-end=\"2400\">\ud83e\uddfe <strong data-start=\"2369\" data-end=\"2400\">Th\u00f4ng tin k\u1ef9 thu\u1eadt s\u1ea3n ph\u1ea9m<\/strong><\/h3>\n<ul data-start=\"2402\" data-end=\"3283\">\n<li data-start=\"2402\" data-end=\"2474\">\n<p data-start=\"2404\" data-end=\"2474\"><strong data-start=\"2404\" data-end=\"2421\">T\u00ean s\u1ea3n ph\u1ea9m:<\/strong> Siro \u0110\u01b0\u1eddng \u0110en D\u00e9li \u2013 D\u00f2ng pha ch\u1ebf cao c\u1ea5p (1 L\u00edt)<\/p>\n<\/li>\n<li data-start=\"2475\" data-end=\"2639\">\n<p data-start=\"2477\" data-end=\"2639\"><strong data-start=\"2477\" data-end=\"2492\">Th\u00e0nh ph\u1ea7n:<\/strong><br data-start=\"2492\" data-end=\"2495\" \/>\u0110\u01b0\u1eddng ng\u00f4 HFCS, n\u01b0\u1edbc, m\u1ea1ch nha, m\u1eadt m\u00eda, \u0111\u01b0\u1eddng \u0111en (5%), m\u00e0u t\u1ed5ng h\u1ee3p caramel (INS 150d), h\u01b0\u01a1ng \u0111\u01b0\u1eddng \u0111en t\u1ed5ng h\u1ee3p, ch\u1ea5t b\u1ea3o qu\u1ea3n (INS 211).<\/p>\n<\/li>\n<li data-start=\"2640\" data-end=\"2767\">\n<p data-start=\"2642\" data-end=\"2767\"><strong data-start=\"2642\" data-end=\"2664\">H\u01b0\u1edbng d\u1eabn s\u1eed d\u1ee5ng:<\/strong><br data-start=\"2664\" data-end=\"2667\" \/>D\u00f9ng pha ch\u1ebf \u0111\u1ed3 u\u1ed1ng (soda, cocktail, tr\u00e0 s\u1eefa\u2026), l\u00e0m th\u1ea1ch ho\u1eb7c ch\u1ebf bi\u1ebfn th\u1ef1c ph\u1ea9m (b\u00e1nh, kem\u2026).<\/p>\n<\/li>\n<li data-start=\"2768\" data-end=\"2804\">\n<p data-start=\"2770\" data-end=\"2804\"><strong data-start=\"2770\" data-end=\"2786\">NSX &amp; L\u00f4 SX:<\/strong> Xem tr\u00ean bao b\u00ec<\/p>\n<\/li>\n<li data-start=\"2805\" data-end=\"2854\">\n<p data-start=\"2807\" data-end=\"2854\"><strong data-start=\"2807\" data-end=\"2823\">H\u1ea1n s\u1eed d\u1ee5ng:<\/strong> 12 th\u00e1ng k\u1ec3 t\u1eeb ng\u00e0y s\u1ea3n xu\u1ea5t<\/p>\n<\/li>\n<li data-start=\"2855\" data-end=\"2923\">\n<p data-start=\"2857\" data-end=\"2923\"><strong data-start=\"2857\" data-end=\"2870\">B\u1ea3o qu\u1ea3n:<\/strong> N\u01a1i kh\u00f4 r\u00e1o, tho\u00e1ng m\u00e1t. Tr\u00e1nh \u00e1nh s\u00e1ng tr\u1ef1c ti\u1ebfp.<\/p>\n<\/li>\n<li data-start=\"2924\" data-end=\"2967\">\n<p data-start=\"2926\" data-end=\"2967\"><strong data-start=\"2926\" data-end=\"2939\">C\u1ea3nh b\u00e1o:<\/strong> Kh\u00f4ng s\u1eed d\u1ee5ng khi h\u1ebft h\u1ea1n<\/p>\n<\/li>\n<li data-start=\"2968\" data-end=\"2999\">\n<p data-start=\"2970\" data-end=\"2999\"><strong data-start=\"2970\" data-end=\"2981\">S\u1ed1 TCB:<\/strong> 01\/TIMCORP\/2022<\/p>\n<\/li>\n<li data-start=\"3000\" data-end=\"3025\">\n<p data-start=\"3002\" data-end=\"3025\"><strong data-start=\"3002\" data-end=\"3014\">Xu\u1ea5t x\u1ee9:<\/strong> Vi\u1ec7t Nam<\/p>\n<\/li>\n<li data-start=\"3026\" data-end=\"3149\">\n<p data-start=\"3028\" data-end=\"3149\"><strong data-start=\"3028\" data-end=\"3045\">S\u1ea3n xu\u1ea5t t\u1ea1i:<\/strong><br data-start=\"3045\" data-end=\"3048\" \/>C\u00f4ng ty TNHH TMDV TYRAN \u2013 D20\/530A Tr\u1ecbnh Quang Ngh\u1ecb, X\u00e3 Phong Ph\u00fa, H. B\u00ecnh Ch\u00e1nh, TP. H\u1ed3 Ch\u00ed Minh<\/p>\n<\/li>\n<li data-start=\"3150\" data-end=\"3283\">\n<p data-start=\"3152\" data-end=\"3283\"><strong data-start=\"3152\" data-end=\"3176\">Ph\u00e2n ph\u1ed1i \u0111\u1ed9c quy\u1ec1n:<\/strong><br data-start=\"3176\" data-end=\"3179\" \/>C\u00f4ng ty TNHH TIM CORP \u2013 T\u1ea7ng 14, T\u00f2a nh\u00e0 HM Town, 412 Nguy\u1ec5n Th\u1ecb Minh Khai, P. B\u00e0n C\u1edd, TP. H\u1ed3 Ch\u00ed Minh<\/p>\n<\/li>\n<\/ul>\n<hr data-start=\"3285\" data-end=\"3288\" \/>\n<h3 data-start=\"3290\" data-end=\"3370\">\ud83d\udca1 <strong data-start=\"3296\" data-end=\"3370\">V\u00ec sao n\u00ean ch\u1ecdn siro \u0111\u01b0\u1eddng \u0111en 1L D\u00e9li cho m\u00f4 h\u00ecnh kinh doanh c\u1ee7a b\u1ea1n?<\/strong><\/h3>\n<ul data-start=\"3372\" data-end=\"3646\">\n<li data-start=\"3372\" data-end=\"3440\">\n<p data-start=\"3374\" data-end=\"3440\">Kh\u00f4ng c\u1ea7n n\u1ea5u \u0111\u01b0\u1eddng \u0111en \u2013 ti\u1ebft ki\u1ec7m th\u1eddi gian chu\u1ea9n b\u1ecb v\u00e0 nh\u00e2n s\u1ef1.<\/p>\n<\/li>\n<li data-start=\"3441\" data-end=\"3517\">\n<p data-start=\"3443\" data-end=\"3517\">Gi\u1eef h\u01b0\u01a1ng v\u1ecb &amp; m\u00e0u s\u1eafc \u1ed5n \u0111\u1ecbnh \u2013 t\u1ea1o tr\u1ea3i nghi\u1ec7m \u0111\u1ed3ng nh\u1ea5t cho kh\u00e1ch h\u00e0ng.<\/p>\n<\/li>\n<li data-start=\"3518\" data-end=\"3583\">\n<p data-start=\"3520\" data-end=\"3583\">Ph\u00f9 h\u1ee3p v\u1edbi m\u1ecdi m\u00f4 h\u00ecnh: t\u1eeb qu\u00e1n nh\u1ecf \u0111\u1ebfn chu\u1ed7i th\u01b0\u01a1ng hi\u1ec7u l\u1edbn.<\/p>\n<\/li>\n<li data-start=\"3584\" data-end=\"3646\">\n<p data-start=\"3586\" data-end=\"3646\">D\u1ec5 k\u1ebft h\u1ee3p v\u1edbi \u0111a d\u1ea1ng n\u1ec1n \u0111\u1ed3 u\u1ed1ng \u2013 m\u1edf r\u1ed9ng menu linh ho\u1ea1t.<\/p>\n<\/li>\n<\/ul>\n<hr data-start=\"3648\" data-end=\"3651\" \/>\n<h3 data-start=\"3653\" data-end=\"3700\">\ud83d\udd0e <strong data-start=\"3659\" data-end=\"3700\">Kh\u00e1m ph\u00e1 th\u00eam c\u00e1c d\u00f2ng siro D\u00e9li kh\u00e1c<\/strong><\/h3>\n<p data-start=\"3702\" data-end=\"3940\">Ngo\u00e0i <strong data-start=\"3708\" data-end=\"3729\">siro \u0111\u01b0\u1eddng \u0111en 1L<\/strong>, D\u00e9li c\u00f2n c\u00f3 nhi\u1ec1u d\u00f2ng siro v\u00e0 m\u1ee9t pha ch\u1ebf kh\u00e1c nh\u01b0: <strong data-start=\"3784\" data-end=\"3856\">siro me, siro \u0111\u00e0o, siro v\u1ea3i, m\u1ee9t chanh d\u00e2y, m\u1ee9t th\u01a1m, m\u1ee9t vi\u1ec7t qu\u1ea5t\u2026<\/strong> \u2013 \u0111\u1ec1u \u0111\u01b0\u1ee3c s\u1ea3n xu\u1ea5t t\u1eeb nguy\u00ean li\u1ec7u th\u1eadt, ph\u00f9 h\u1ee3p cho c\u1ea3 pha ch\u1ebf v\u00e0 m\u00f3n tr\u00e1ng mi\u1ec7ng.<\/p>\n<p data-start=\"3942\" data-end=\"4013\">\ud83d\udc49 <strong data-start=\"3945\" data-end=\"3980\">Xem danh m\u1ee5c s\u1ea3n ph\u1ea9m D\u00e9li t\u1ea1i:<\/strong> <strong data-start=\"3564\" data-end=\"3599\"><a class=\"cursor-pointer\" href=\"https:\/\/shop.tim-deli.vn\/en\/shop\/\" rel=\"noopener\" data-start=\"3670\" data-end=\"3705\">Danh m\u1ee5c s\u1ea3n ph\u1ea9m D\u00e9li<\/a><\/strong><\/p>\n","protected":false},"excerpt":{"rendered":"<p class=\"QN2lPu\"><strong>TH\u00d4NG TIN S\u1ea2N PH\u1ea8M SIRO \u0110\u01af\u1edcNG \u0110EN 1L<\/strong><\/p>\n<p><strong>Th\u01b0\u01a1ng hi\u1ec7u<\/strong>: D\u00e9li<\/p>\n<p><strong>Quy C\u00e1ch:<\/strong> 1L<\/p>\n<p><strong>Ng\u00e0y s\u1ea3n xu\u1ea5t:<\/strong>\u00a0in tr\u00ean bao b\u00ec.<\/p>\n<p><strong>H\u1ea1n s\u1eed d\u1ee5ng:<\/strong> 18 th\u00e1ng k\u1ec3 t\u1eeb ng\u00e0y s\u1ea3n xu\u1ea5t.<\/p>\n<p><strong>Xu\u1ea5t x\u1ee9:<\/strong>\u00a0Vi\u1ec7t Nam<\/p>\n<p><strong>B\u1ea3o qu\u1ea3n:<\/strong> B\u1ea3o qu\u1ea3n n\u01a1i kh\u00f4 r\u00e1o, tho\u00e1ng m\u00e1t. Tr\u00e1nh ti\u1ebfp x\u00fac tr\u1ef1c ti\u1ebfp v\u1edbi \u00e1nh s\u00e1ng m\u1eb7t tr\u1eddi.<\/p>\n","protected":false},"featured_media":9133,"comment_status":"open","ping_status":"closed","template":"","meta":{"_acf_changed":false,"inline_featured_image":false},"product_brand":[],"product_cat":[142,191],"product_tag":[],"class_list":{"0":"post-6238","1":"product","2":"type-product","3":"status-publish","4":"has-post-thumbnail","6":"product_cat-siro-syrup","7":"product_cat-top-5-loai-siro-duoc-yeu-thich-nhat","10":"instock","11":"taxable","12":"shipping-taxable","13":"purchasable","14":"product-type-variable"},"acf":[],"_links":{"self":[{"href":"https:\/\/shop.tim-deli.vn\/vi\/wp-json\/wp\/v2\/product\/6238","targetHints":{"allow":["GET"]}}],"collection":[{"href":"https:\/\/shop.tim-deli.vn\/vi\/wp-json\/wp\/v2\/product"}],"about":[{"href":"https:\/\/shop.tim-deli.vn\/vi\/wp-json\/wp\/v2\/types\/product"}],"replies":[{"embeddable":true,"href":"https:\/\/shop.tim-deli.vn\/vi\/wp-json\/wp\/v2\/comments?post=6238"}],"version-history":[{"count":4,"href":"https:\/\/shop.tim-deli.vn\/vi\/wp-json\/wp\/v2\/product\/6238\/revisions"}],"predecessor-version":[{"id":11452,"href":"https:\/\/shop.tim-deli.vn\/vi\/wp-json\/wp\/v2\/product\/6238\/revisions\/11452"}],"wp:featuredmedia":[{"embeddable":true,"href":"https:\/\/shop.tim-deli.vn\/vi\/wp-json\/wp\/v2\/media\/9133"}],"wp:attachment":[{"href":"https:\/\/shop.tim-deli.vn\/vi\/wp-json\/wp\/v2\/media?parent=6238"}],"wp:term":[{"taxonomy":"product_brand","embeddable":true,"href":"https:\/\/shop.tim-deli.vn\/vi\/wp-json\/wp\/v2\/product_brand?post=6238"},{"taxonomy":"product_cat","embeddable":true,"href":"https:\/\/shop.tim-deli.vn\/vi\/wp-json\/wp\/v2\/product_cat?post=6238"},{"taxonomy":"product_tag","embeddable":true,"href":"https:\/\/shop.tim-deli.vn\/vi\/wp-json\/wp\/v2\/product_tag?post=6238"}],"curies":[{"name":"wp","href":"https:\/\/api.w.org\/{rel}","templated":true}]}}