{"id":6232,"date":"2025-01-06T11:57:12","date_gmt":"2025-01-06T04:57:12","guid":{"rendered":"https:\/\/deli.tim-corp.vn\/?post_type=product&#038;p=6232"},"modified":"2025-11-25T11:13:59","modified_gmt":"2025-11-25T04:13:59","slug":"siro-blueberry-1l","status":"publish","type":"product","link":"https:\/\/shop.tim-deli.vn\/vi\/san-pham\/siro-blueberry-1l\/","title":{"rendered":"Siro Blueberry D\u00e9li &#8211; 1L"},"content":{"rendered":"<h2 data-start=\"1166\" data-end=\"1245\"><strong data-start=\"1169\" data-end=\"1245\">Siro Blueberry 1L D\u00e9li \u2013 H\u01b0\u01a1ng Vi\u1ec7t Qu\u1ea5t \u0110\u1eadm V\u1ecb, M\u00e0u T\u00edm \u0110\u1eb9p, D\u1ec5 Pha Ch\u1ebf<\/strong><\/h2>\n<p data-start=\"1247\" data-end=\"1536\"><strong data-start=\"1247\" data-end=\"1273\">Siro blueberry 1L D\u00e9li<\/strong> l\u00e0 d\u00f2ng siro pha ch\u1ebf chuy\u00ean nghi\u1ec7p d\u00e0nh cho qu\u00e1n caf\u00e9, tr\u00e0 s\u1eefa, nh\u00e0 h\u00e0ng v\u00e0 kh\u00e1ch s\u1ea1n. S\u1ea3n ph\u1ea9m c\u00f3 <strong data-start=\"1373\" data-end=\"1413\">th\u00e0nh ph\u1ea7n t\u1eeb h\u1ed7n h\u1ee3p tr\u00e1i vi\u1ec7t qu\u1ea5t<\/strong> k\u1ebft h\u1ee3p v\u1edbi h\u01b0\u01a1ng t\u1ed5ng h\u1ee3p, mang l\u1ea1i <strong data-start=\"1451\" data-end=\"1495\">h\u01b0\u01a1ng v\u1ecb chua ng\u1ecdt t\u1ef1 nhi\u00ean, h\u1eadu v\u1ecb t\u01b0\u01a1i<\/strong>, d\u1ec5 \u1ee9ng d\u1ee5ng cho c\u1ea3 \u0111\u1ed3 u\u1ed1ng n\u00f3ng \u2013 l\u1ea1nh.<\/p>\n<p data-start=\"1538\" data-end=\"1686\">M\u00e0u t\u00edm xanh \u0111\u1eb7c tr\u01b0ng t\u1eeb vi\u1ec7t qu\u1ea5t gi\u00fap \u0111\u1ed3 u\u1ed1ng n\u1ed5i b\u1eadt khi l\u00ean ly nh\u1ef1a trong, t\u0103ng hi\u1ec7u \u1ee9ng th\u1ecb gi\u00e1c v\u00e0 t\u1ea1o \u0111i\u1ec3m nh\u1ea5n trong menu \u0111\u1ed3 u\u1ed1ng tr\u00e1i c\u00e2y.<\/p>\n<hr data-start=\"1688\" data-end=\"1691\" \/>\n<p>\u2705 <strong data-start=\"1699\" data-end=\"1745\">\u01afu \u0111i\u1ec3m n\u1ed5i b\u1eadt c\u1ee7a siro blueberry 1L D\u00e9li<\/strong><\/p>\n<ul data-start=\"1747\" data-end=\"2182\">\n<li data-start=\"1747\" data-end=\"1833\">\n<p data-start=\"1749\" data-end=\"1833\"><strong data-start=\"1749\" data-end=\"1780\">H\u01b0\u01a1ng v\u1ecb vi\u1ec7t qu\u1ea5t t\u1ef1 nhi\u00ean<\/strong> \u2013 chua nh\u1eb9, ng\u1ecdt d\u1ecbu \u2013 d\u1ec5 mix v\u1edbi tr\u00e0, soda, yogurt.<\/p>\n<\/li>\n<li data-start=\"1834\" data-end=\"1907\">\n<p data-start=\"1836\" data-end=\"1907\"><strong data-start=\"1836\" data-end=\"1856\">M\u00e0u t\u00edm xanh \u0111\u1eadm<\/strong>, gi\u00fap \u0111\u1ed3 u\u1ed1ng n\u1ed5i b\u1eadt v\u00e0 chuy\u00ean nghi\u1ec7p khi l\u00ean ly.<\/p>\n<\/li>\n<li data-start=\"1908\" data-end=\"1994\">\n<p data-start=\"1910\" data-end=\"1994\"><strong data-start=\"1910\" data-end=\"1955\">K\u1ebft c\u1ea5u l\u1ecfng \u2013 kh\u00f4ng v\u00f3n \u2013 kh\u00f4ng l\u1eafng c\u1eb7n<\/strong>, ho\u00e0 tan t\u1ed1t trong c\u1ea3 \u0111\u1ed3 l\u1ea1nh v\u00e0 n\u00f3ng.<\/p>\n<\/li>\n<li data-start=\"1995\" data-end=\"2054\">\n<p data-start=\"1997\" data-end=\"2054\"><strong data-start=\"1997\" data-end=\"2023\">Dung t\u00edch 1L ti\u1ebft ki\u1ec7m<\/strong>, pha \u0111\u01b0\u1ee3c 30\u201340 ly ti\u00eau chu\u1ea9n.<\/p>\n<\/li>\n<li data-start=\"2055\" data-end=\"2117\">\n<p data-start=\"2057\" data-end=\"2117\"><strong data-start=\"2057\" data-end=\"2091\">S\u1ea3n ph\u1ea9m \u0111\u00e3 c\u00f4ng b\u1ed1 ch\u1ea5t l\u01b0\u1ee3ng<\/strong>, s\u1ed1 TCB: 13\/TIMCORP\/2021.<\/p>\n<\/li>\n<li data-start=\"2118\" data-end=\"2182\">\n<p data-start=\"2120\" data-end=\"2182\">Ph\u00f9 h\u1ee3p cho m\u1ecdi m\u00f4 h\u00ecnh t\u1eeb qu\u00e1n nh\u1ecf \u0111\u1ebfn chu\u1ed7i th\u01b0\u01a1ng hi\u1ec7u l\u1edbn.<\/p>\n<\/li>\n<\/ul>\n<hr data-start=\"2184\" data-end=\"2187\" \/>\n<p>\ud83c\udf79 <strong data-start=\"2196\" data-end=\"2239\">\u1ee8ng d\u1ee5ng th\u1ef1c t\u1ebf trong pha ch\u1ebf &amp; m\u00f3n \u0103n<\/strong><\/p>\n<h4 data-start=\"2241\" data-end=\"2264\"><strong data-start=\"2246\" data-end=\"2264\">Trong \u0111\u1ed3 u\u1ed1ng:<\/strong><\/h4>\n<ul data-start=\"2265\" data-end=\"2602\">\n<li data-start=\"2265\" data-end=\"2353\">\n<p data-start=\"2267\" data-end=\"2353\"><strong data-start=\"2267\" data-end=\"2284\">Tr\u00e0 vi\u1ec7t qu\u1ea5t<\/strong>: 40ml <strong data-start=\"2291\" data-end=\"2312\">siro blueberry 1L<\/strong> + 80ml tr\u00e0 nh\u00e0i + \u0111\u00e1 + topping tr\u00e1i c\u00e2y.<\/p>\n<\/li>\n<li data-start=\"2354\" data-end=\"2425\">\n<p data-start=\"2356\" data-end=\"2425\"><strong data-start=\"2356\" data-end=\"2387\">Soda vi\u1ec7t qu\u1ea5t chanh b\u1ea1c h\u00e0<\/strong>: siro + soda + l\u00e1t chanh + l\u00e1 b\u1ea1c h\u00e0.<\/p>\n<\/li>\n<li data-start=\"2426\" data-end=\"2514\">\n<p data-start=\"2428\" data-end=\"2514\"><strong data-start=\"2428\" data-end=\"2455\">Yogurt \u0111\u00e1 xay blueberry<\/strong>: yogurt + <strong data-start=\"2466\" data-end=\"2492\">siro vi\u1ec7t qu\u1ea5t pha ch\u1ebf<\/strong> + \u0111\u00e1 vi\u00ean xay nhuy\u1ec5n.<\/p>\n<\/li>\n<li data-start=\"2515\" data-end=\"2602\">\n<p data-start=\"2517\" data-end=\"2602\"><strong data-start=\"2517\" data-end=\"2546\">Cocktail tr\u00e1i c\u00e2y m\u00e0u t\u00edm<\/strong>: mix v\u1edbi gin\/rum + blueberry syrup + n\u01b0\u1edbc \u00e9p nho tr\u1eafng.<\/p>\n<\/li>\n<\/ul>\n<h4 data-start=\"2604\" data-end=\"2626\"><strong data-start=\"2609\" data-end=\"2626\">Trong m\u00f3n \u0103n:<\/strong><\/h4>\n<ul data-start=\"2627\" data-end=\"2821\">\n<li data-start=\"2627\" data-end=\"2700\">\n<p data-start=\"2629\" data-end=\"2700\">L\u00e0m th\u1ea1ch vi\u1ec7t qu\u1ea5t, s\u1ed1t topping cho panna cotta, kem l\u1ea1nh, b\u00e1nh crepe.<\/p>\n<\/li>\n<li data-start=\"2701\" data-end=\"2750\">\n<p data-start=\"2703\" data-end=\"2750\">Trang tr\u00ed m\u00f3n tr\u00e1ng mi\u1ec7ng c\u1ea7n s\u1eafc t\u00edm t\u1ef1 nhi\u00ean.<\/p>\n<\/li>\n<li data-start=\"2751\" data-end=\"2821\">\n<p data-start=\"2753\" data-end=\"2821\">R\u01b0\u1edbi l\u00ean b\u00e1nh cheesecake, mousse, yogurt \u0111\u1ec3 t\u0103ng h\u01b0\u01a1ng v\u1ecb &amp; m\u00e0u s\u1eafc.<\/p>\n<\/li>\n<\/ul>\n<hr data-start=\"2823\" data-end=\"2826\" \/>\n<p>\ud83c\udfa5 <strong data-start=\"2835\" data-end=\"2891\">Xem video pha ch\u1ebf t\u1eeb siro blueberry D\u00e9li t\u1ea1i TikTok: <\/strong><strong data-start=\"1972\" data-end=\"2029\"><a class=\"cursor-pointer\" href=\"https:\/\/www.tiktok.com\/@phachecungdeli\" target=\"_new\" rel=\"noopener\" data-start=\"2012\" data-end=\"2069\">@phachecungdeli<\/a><\/strong><\/p>\n<hr data-start=\"2911\" data-end=\"2914\" \/>\n<p>\ud83e\uddfe <strong data-start=\"2922\" data-end=\"2953\">Th\u00f4ng tin k\u1ef9 thu\u1eadt s\u1ea3n ph\u1ea9m<\/strong><\/p>\n<ul data-start=\"2955\" data-end=\"3931\">\n<li data-start=\"2955\" data-end=\"3027\">\n<p data-start=\"2957\" data-end=\"3027\"><strong data-start=\"2957\" data-end=\"2974\">T\u00ean s\u1ea3n ph\u1ea9m:<\/strong> Siro Blueberry D\u00e9li \u2013 D\u00f2ng pha ch\u1ebf cao c\u1ea5p (1 L\u00edt)<\/p>\n<\/li>\n<li data-start=\"3028\" data-end=\"3272\">\n<p data-start=\"3030\" data-end=\"3272\"><strong data-start=\"3030\" data-end=\"3045\">Th\u00e0nh ph\u1ea7n:<\/strong><br data-start=\"3045\" data-end=\"3048\" \/>\u0110\u01b0\u1eddng ng\u00f4 HFCS, n\u01b0\u1edbc, h\u1ed7n h\u1ee3p l\u00e0m th\u1ef1c ph\u1ea9m h\u01b0\u01a1ng d\u00e2u r\u1eebng (Pasta frutti di bosco 8%), ch\u1ea5t \u0111i\u1ec1u ch\u1ec9nh \u0111\u1ed9 acid (INS 330), ch\u1ea5t \u1ed5n \u0111\u1ecbnh (INS 440), h\u01b0\u01a1ng vi\u1ec7t qu\u1ea5t t\u1ed5ng h\u1ee3p, m\u00e0u th\u1ef1c ph\u1ea9m t\u1ed5ng h\u1ee3p, ch\u1ea5t b\u1ea3o qu\u1ea3n (INS 211).<\/p>\n<\/li>\n<li data-start=\"3273\" data-end=\"3408\">\n<p data-start=\"3275\" data-end=\"3408\"><strong data-start=\"3275\" data-end=\"3297\">H\u01b0\u1edbng d\u1eabn s\u1eed d\u1ee5ng:<\/strong><br data-start=\"3297\" data-end=\"3300\" \/>D\u00f9ng \u0111\u1ec3 pha ch\u1ebf \u0111\u1ed3 u\u1ed1ng (soda, cocktail, tr\u00e0 s\u1eefa\u2026), l\u00e0m th\u1ea1ch ho\u1eb7c ch\u1ebf bi\u1ebfn th\u1ef1c ph\u1ea9m kh\u00e1c (b\u00e1nh, kem\u2026).<\/p>\n<\/li>\n<li data-start=\"3409\" data-end=\"3445\">\n<p data-start=\"3411\" data-end=\"3445\"><strong data-start=\"3411\" data-end=\"3427\">NSX &amp; L\u00f4 SX:<\/strong> Xem tr\u00ean bao b\u00ec<\/p>\n<\/li>\n<li data-start=\"3446\" data-end=\"3495\">\n<p data-start=\"3448\" data-end=\"3495\"><strong data-start=\"3448\" data-end=\"3464\">H\u1ea1n s\u1eed d\u1ee5ng:<\/strong> 12 th\u00e1ng k\u1ec3 t\u1eeb ng\u00e0y s\u1ea3n xu\u1ea5t<\/p>\n<\/li>\n<li data-start=\"3496\" data-end=\"3586\">\n<p data-start=\"3498\" data-end=\"3586\"><strong data-start=\"3498\" data-end=\"3511\">B\u1ea3o qu\u1ea3n:<\/strong> N\u01a1i kh\u00f4 r\u00e1o, tho\u00e1ng m\u00e1t. Tr\u00e1nh ti\u1ebfp x\u00fac tr\u1ef1c ti\u1ebfp v\u1edbi \u00e1nh n\u1eafng m\u1eb7t tr\u1eddi.<\/p>\n<\/li>\n<li data-start=\"3587\" data-end=\"3639\">\n<p data-start=\"3589\" data-end=\"3639\"><strong data-start=\"3589\" data-end=\"3602\">C\u1ea3nh b\u00e1o:<\/strong> Kh\u00f4ng s\u1eed d\u1ee5ng s\u1ea3n ph\u1ea9m khi h\u1ebft h\u1ea1n<\/p>\n<\/li>\n<li data-start=\"3640\" data-end=\"3671\">\n<p data-start=\"3642\" data-end=\"3671\"><strong data-start=\"3642\" data-end=\"3653\">S\u1ed1 TCB:<\/strong> 13\/TIMCORP\/2021<\/p>\n<\/li>\n<li data-start=\"3672\" data-end=\"3697\">\n<p data-start=\"3674\" data-end=\"3697\"><strong data-start=\"3674\" data-end=\"3686\">Xu\u1ea5t x\u1ee9:<\/strong> Vi\u1ec7t Nam<\/p>\n<\/li>\n<\/ul>\n<ul>\n<li><strong data-start=\"3001\" data-end=\"3026\">Ti\u00eau chu\u1ea9n ch\u1ea5t l\u01b0\u1ee3ng<\/strong>: ISO 22000<\/li>\n<\/ul>\n<ul data-start=\"2268\" data-end=\"3285\">\n<li data-start=\"3056\" data-end=\"3169\">\n<p data-start=\"3058\" data-end=\"3169\"><strong data-start=\"3058\" data-end=\"3074\">S\u1ea3n xu\u1ea5t t\u1ea1i<\/strong>: C\u00f4ng ty TNHH TMDV TYRAN \u2013 D20\/530 Tr\u1ecbnh Quang Ngh\u1ecb, x\u00e3 B\u00ecnh H\u01b0ng, Th\u00e0nh ph\u1ed1 H\u1ed3 Ch\u00ed Minh, Vi\u1ec7t Nam<\/p>\n<\/li>\n<li data-start=\"3170\" data-end=\"3285\">\n<p data-start=\"3172\" data-end=\"3285\"><strong data-start=\"3172\" data-end=\"3199\">Ph\u00e2n ph\u1ed1i \u0111\u1ed9c quy\u1ec1n b\u1edfi<\/strong>: C\u00f4ng ty TNHH TIM CORP \u2013 T\u1ea7ng 14, T\u00f2a Nh\u00e0 HM Town, 412 Nguy\u1ec5n Th\u1ecb Minh Khai, Ph\u01b0\u1eddng B\u00e0n C\u1edd, Th\u00e0nh ph\u1ed1 H\u1ed3 Ch\u00ed Minh, Vi\u1ec7t Nam<\/p>\n<\/li>\n<\/ul>\n<hr data-start=\"3933\" data-end=\"3936\" \/>\n<h3 data-start=\"3938\" data-end=\"4015\">\ud83d\udca1 <strong data-start=\"3944\" data-end=\"4015\">V\u00ec sao n\u00ean ch\u1ecdn siro blueberry 1L D\u00e9li cho m\u00f4 h\u00ecnh pha ch\u1ebf c\u1ee7a b\u1ea1n?<\/strong><\/h3>\n<ul data-start=\"4017\" data-end=\"4318\">\n<li data-start=\"4017\" data-end=\"4091\">\n<p data-start=\"4019\" data-end=\"4091\">Kh\u00f4ng c\u1ea7n s\u01a1 ch\u1ebf tr\u00e1i t\u01b0\u01a1i \u2013 \u0111\u1ea3m b\u1ea3o v\u1eadn h\u00e0nh nhanh, \u1ed5n \u0111\u1ecbnh ch\u1ea5t l\u01b0\u1ee3ng.<\/p>\n<\/li>\n<li data-start=\"4092\" data-end=\"4156\">\n<p data-start=\"4094\" data-end=\"4156\">H\u01b0\u01a1ng v\u1ecb vi\u1ec7t qu\u1ea5t \u0111\u01b0\u1ee3c y\u00eau th\u00edch, d\u1ec5 k\u1ebft h\u1ee3p v\u00e0 m\u1edf r\u1ed9ng menu.<\/p>\n<\/li>\n<li data-start=\"4157\" data-end=\"4240\">\n<p data-start=\"4159\" data-end=\"4240\">D\u1ec5 t\u1ea1o nh\u1eadn di\u1ec7n m\u00e0u cho m\u00f3n signature \u2013 t\u0103ng \u0111\u1ed9 h\u1ea5p d\u1eabn &amp; nh\u1eadn di\u1ec7n th\u01b0\u01a1ng hi\u1ec7u.<\/p>\n<\/li>\n<li data-start=\"4241\" data-end=\"4318\">\n<p data-start=\"4243\" data-end=\"4318\">\u0110\u1ea1t ti\u00eau chu\u1ea9n an to\u00e0n \u2013 \u0111\u00e1ng tin c\u1eady cho m\u00f4 h\u00ecnh kinh doanh chuy\u00ean nghi\u1ec7p.<\/p>\n<\/li>\n<\/ul>\n<hr data-start=\"4320\" data-end=\"4323\" \/>\n<h3 data-start=\"4325\" data-end=\"4372\">\ud83d\udd0d <strong data-start=\"4331\" data-end=\"4372\">Kh\u00e1m ph\u00e1 th\u00eam c\u00e1c d\u00f2ng siro D\u00e9li kh\u00e1c<\/strong><\/h3>\n<p data-start=\"4374\" data-end=\"4562\">Ngo\u00e0i <strong data-start=\"4380\" data-end=\"4401\">siro blueberry 1L<\/strong>, D\u00e9li c\u00f2n c\u00f3 c\u00e1c h\u01b0\u01a1ng v\u1ecb tr\u00e1i c\u00e2y t\u1ef1 nhi\u00ean nh\u01b0: <strong data-start=\"4451\" data-end=\"4508\">siro v\u1ea3i, siro me, siro kiwi, m\u1ee9t \u0111\u00e0o, m\u1ee9t vi\u1ec7t qu\u1ea5t\u2026<\/strong> \u2013 t\u1ea5t c\u1ea3 \u0111\u1ec1u d\u1ec5 pha, d\u1ec5 \u1ee9ng d\u1ee5ng, ch\u1ea5t l\u01b0\u1ee3ng \u1ed5n \u0111\u1ecbnh.<\/p>\n<p data-start=\"4564\" data-end=\"4636\">\ud83d\udc49 <strong data-start=\"4567\" data-end=\"4595\">Xem danh m\u1ee5c \u0111\u1ea7y \u0111\u1ee7 t\u1ea1i:<\/strong> <strong data-start=\"3564\" data-end=\"3599\"><a class=\"cursor-pointer\" href=\"https:\/\/shop.tim-deli.vn\/en\/shop\/\" rel=\"noopener\" data-start=\"3670\" data-end=\"3705\">Danh m\u1ee5c s\u1ea3n ph\u1ea9m D\u00e9li<\/a><\/strong><\/p>\n","protected":false},"excerpt":{"rendered":"<p class=\"QN2lPu\"><strong>TH\u00d4NG TIN S\u1ea2N PH\u1ea8M SIRO BLUEBERRY 1L<\/strong><\/p>\n<p><strong>Th\u01b0\u01a1ng hi\u1ec7u<\/strong>: D\u00e9li<\/p>\n<p><strong>Quy C\u00e1ch:<\/strong> 1L<\/p>\n<p><strong>Ng\u00e0y s\u1ea3n xu\u1ea5t:<\/strong>\u00a0in tr\u00ean bao b\u00ec.<\/p>\n<p><strong>H\u1ea1n s\u1eed d\u1ee5ng:<\/strong> 12 th\u00e1ng k\u1ec3 t\u1eeb ng\u00e0y s\u1ea3n xu\u1ea5t.<\/p>\n<p><strong>Xu\u1ea5t x\u1ee9:<\/strong>\u00a0Vi\u1ec7t Nam<\/p>\n<p><strong>B\u1ea3o qu\u1ea3n:<\/strong> B\u1ea3o qu\u1ea3n n\u01a1i kh\u00f4 r\u00e1o, tho\u00e1ng m\u00e1t. Tr\u00e1nh ti\u1ebfp x\u00fac tr\u1ef1c ti\u1ebfp v\u1edbi \u00e1nh s\u00e1ng m\u1eb7t tr\u1eddi.<\/p>\n","protected":false},"featured_media":9148,"comment_status":"open","ping_status":"closed","template":"","meta":{"_acf_changed":false,"inline_featured_image":false},"product_brand":[],"product_cat":[191,142],"product_tag":[],"class_list":{"0":"post-6232","1":"product","2":"type-product","3":"status-publish","4":"has-post-thumbnail","6":"product_cat-top-5-loai-siro-duoc-yeu-thich-nhat","7":"product_cat-siro-syrup","10":"instock","11":"taxable","12":"shipping-taxable","13":"purchasable","14":"product-type-variable"},"acf":[],"_links":{"self":[{"href":"https:\/\/shop.tim-deli.vn\/vi\/wp-json\/wp\/v2\/product\/6232","targetHints":{"allow":["GET"]}}],"collection":[{"href":"https:\/\/shop.tim-deli.vn\/vi\/wp-json\/wp\/v2\/product"}],"about":[{"href":"https:\/\/shop.tim-deli.vn\/vi\/wp-json\/wp\/v2\/types\/product"}],"replies":[{"embeddable":true,"href":"https:\/\/shop.tim-deli.vn\/vi\/wp-json\/wp\/v2\/comments?post=6232"}],"version-history":[{"count":6,"href":"https:\/\/shop.tim-deli.vn\/vi\/wp-json\/wp\/v2\/product\/6232\/revisions"}],"predecessor-version":[{"id":11440,"href":"https:\/\/shop.tim-deli.vn\/vi\/wp-json\/wp\/v2\/product\/6232\/revisions\/11440"}],"wp:featuredmedia":[{"embeddable":true,"href":"https:\/\/shop.tim-deli.vn\/vi\/wp-json\/wp\/v2\/media\/9148"}],"wp:attachment":[{"href":"https:\/\/shop.tim-deli.vn\/vi\/wp-json\/wp\/v2\/media?parent=6232"}],"wp:term":[{"taxonomy":"product_brand","embeddable":true,"href":"https:\/\/shop.tim-deli.vn\/vi\/wp-json\/wp\/v2\/product_brand?post=6232"},{"taxonomy":"product_cat","embeddable":true,"href":"https:\/\/shop.tim-deli.vn\/vi\/wp-json\/wp\/v2\/product_cat?post=6232"},{"taxonomy":"product_tag","embeddable":true,"href":"https:\/\/shop.tim-deli.vn\/vi\/wp-json\/wp\/v2\/product_tag?post=6232"}],"curies":[{"name":"wp","href":"https:\/\/api.w.org\/{rel}","templated":true}]}}