{"id":6229,"date":"2021-11-22T11:24:28","date_gmt":"2021-11-22T04:24:28","guid":{"rendered":"https:\/\/deli.tim-corp.vn\/?post_type=product&#038;p=6229"},"modified":"2025-11-24T17:12:44","modified_gmt":"2025-11-24T10:12:44","slug":"tra-oolong-delideli","status":"publish","type":"product","link":"https:\/\/shop.tim-deli.vn\/vi\/san-pham\/tra-oolong-delideli\/","title":{"rendered":"Tr\u00e0 Oolong D\u00e9li"},"content":{"rendered":"<h2><strong>TR\u00c0 OOLONG D\u00c9LI<\/strong><\/h2>\n<p><strong>NGU\u1ed2N G\u1ed0C S\u1ea2N PH\u1ea8M<\/strong><\/p>\n<ul>\n<li class=\"QN2lPu\">N\u1eb1m tr\u00ean \u0111\u1ed9 cao h\u01a1n 1600m so v\u1edbi m\u1ef1c n\u01b0\u1edbc bi\u1ec3n, C\u1ea7u \u0110\u1ea5t c\u00f3 kh\u00ed h\u1eadu \u00f4n ho\u00e0 quanh n\u0103m, th\u1ed5 nh\u01b0\u1ee1ng Bazan m\u00e0u m\u1ee1 \u0111\u00e3 t\u1ea1o n\u00ean nh\u1eefng \u0111\u1ed3i tr\u00e0 c\u00f3 h\u01b0\u01a1ng v\u1ecb v\u00e0 ph\u1ea9m ch\u1ea5t r\u1ea5t ri\u00eang bi\u1ec7t.<\/li>\n<li class=\"QN2lPu\">100% tr\u00e0 s\u1ea1ch, nguy\u00ean ch\u1ea5t t\u1eeb nh\u1eefng b\u00fap<a href=\"https:\/\/shop.tim-deli.vn\/san-pham\/combo-tra-olong-nuong-500gr-bot-sua-cao-cap-1kg-siro-duong-den-1l-deli\/\"> tr\u00e0<\/a> t\u01b0\u01a1i, do kh\u00e1c th\u1eddi gian l\u00ean men, \u00f4xy h\u00f3a n\u00ean t\u1ea1o ra m\u00e0u \u0111en \u0111\u1eb7c tr\u01b0ng, mang h\u01b0\u01a1ng th\u01a1m tao nh\u00e3, v\u1ecb thanh l\u1ecbch \u0111\u1eb7c tr\u01b0ng \u0111\u00fang hi\u1ec7u C\u1ea7u \u0110\u1ea5t.<\/li>\n<li class=\"QN2lPu\">Tr\u00e0 Oolong D\u00e9li \u0111\u01b0\u1ee3c s\u1ea3n xu\u1ea5t t\u1eeb 100% b\u00fap tr\u00e0 xanh t\u01b0\u01a1i non, thu h\u00e1i th\u1ee7 c\u00f4ng t\u1ea1i <a href=\"https:\/\/vinpearl.com\/vi\/doi-che-cau-dat\" target=\"_blank\" rel=\"noopener\">C\u1ea7u \u0110\u1ea5t<\/a> \u2013 v\u00f9ng nguy\u00ean li\u1ec7u n\u1ed5i ti\u1ebfng n\u1eb1m tr\u00ean \u0111\u1ed9 cao h\u01a1n 1600m so v\u1edbi m\u1ef1c n\u01b0\u1edbc bi\u1ec3n.<\/li>\n<li data-start=\"292\" data-end=\"439\">Kh\u00ed h\u1eadu \u00f4n h\u00f2a quanh n\u0103m, \u0111\u1ea5t Bazan m\u00e0u m\u1ee1 \u0111\u00e3 t\u1ea1o n\u00ean h\u01b0\u01a1ng v\u1ecb Olong \u0111\u1eb7c tr\u01b0ng, mang l\u1ea1i ph\u1ea9m ch\u1ea5t kh\u00f3 n\u01a1i n\u00e0o s\u00e1nh \u0111\u01b0\u1ee3c.<\/li>\n<li data-start=\"442\" data-end=\"632\">Tr\u00e0 s\u1ea1ch, nguy\u00ean ch\u1ea5t, \u0111\u01b0\u1ee3c l\u00ean men v\u00e0 \u00f4 xy h\u00f3a ho\u00e0n to\u00e0n, t\u1ea1o n\u00ean m\u00e0u n\u01b0\u1edbc h\u1ed3ng ng\u1ecdc \u0111\u1eb9p m\u1eaft, h\u01b0\u01a1ng th\u01a1m hoa qu\u1ea3 ch\u00edn, v\u1ecb tr\u00e0 thanh l\u1ecbch, h\u1eadu v\u1ecb nh\u1eb9 nh\u00e0ng chu\u1ea9n hi\u1ec7u C\u1ea7u \u0110\u1ea5t.<\/li>\n<\/ul>\n<p><strong>C\u00d4NG D\u1ee4NG Tr\u00e0 Olong D\u00e9li\u00a0<\/strong><\/p>\n<ul>\n<li>Chuy\u00ean pha ch\u1ebf: tr\u00e0 s\u1eefa tr\u00e2n ch\u00e2u \u0111\u01b0\u1eddng \u0111en, tr\u00e0 s\u1eefa \u0110\u00e0i Loan, tr\u00e0 s\u1eefa handmade, tr\u00e0 Oolong, tr\u00e0 tr\u00e1i c\u00e2y, tr\u00e0 \u0111\u00e0o.<\/li>\n<li>H\u1ed7 tr\u1ee3 gi\u1ea3m cholesterol, t\u0103ng c\u01b0\u1eddng l\u01b0u th\u00f4ng m\u00e1u, gi\u1ea3m c\u0103ng th\u1eb3ng, lo \u00e2u, ch\u1ed1ng stress hi\u1ec7u qu\u1ea3.<\/li>\n<li>T\u0103ng c\u01b0\u1eddng h\u1ec7 mi\u1ec5n d\u1ecbch, gi\u00fap c\u01a1 th\u1ec3 ch\u1ed1ng l\u1ea1i virus, vi khu\u1ea9n, b\u1ea3o v\u1ec7 s\u1ee9c kh\u1ecfe m\u1ed7i ng\u00e0y..<\/li>\n<\/ul>\n<p class=\"QN2lPu\"><strong>TH\u00d4NG TIN CHI TI\u1ebeT S\u1ea2N PH\u1ea8M<\/strong><\/p>\n<p class=\"QN2lPu\"><strong>Th\u00e0nh ph\u1ea7n:<\/strong> 100% \u0111\u1ecdt tr\u00e0 xanh thu h\u00e1i th\u1ee7 c\u00f4ng, l\u00ean men ho\u00e0n to\u00e0n.<\/p>\n<p><strong data-start=\"1120\" data-end=\"1133\">H\u01b0\u01a1ng v\u1ecb:<\/strong> N\u01b0\u1edbc tr\u00e0 h\u1ed3ng ng\u1ecdc, v\u1ecb tr\u00e0 v\u1eeba ph\u1ea3i, h\u01b0\u01a1ng th\u01a1m hoa qu\u1ea3 ch\u00edn, h\u1eadu v\u1ecb thanh nh\u1eb9.<\/p>\n<p class=\"QN2lPu\"><strong>Tr\u1ecdng l\u01b0\u1ee3ng:<\/strong> 500gram\/t\u00fai<\/p>\n<p class=\"QN2lPu\"><strong>NSX:<\/strong> xem tr\u00ean bao b\u00ec.<\/p>\n<p class=\"QN2lPu\"><strong>HSD:<\/strong> 24 th\u00e1ng k\u1ec3 t\u1eeb ng\u00e0y s\u1ea3n xu\u1ea5t.<\/p>\n<p class=\"QN2lPu\"><strong>Xu\u1ea5t x\u1ee9:<\/strong> Vi\u1ec7t Nam<\/p>\n<p class=\"QN2lPu\"><strong>B\u1ea3o qu\u1ea3n: <\/strong>\u0111\u1ec3 n\u01a1i kh\u00f4 r\u00e1o, tho\u00e1ng m\u00e1t, tr\u00e1nh \u00e1nh n\u1eafng tr\u1ef1c ti\u1ebfp, lu\u00f4n \u0111\u00f3ng k\u00edn t\u00fai sau khi d\u00f9ng.<\/p>\n<p><strong data-start=\"1461\" data-end=\"1482\">C\u1ea3nh b\u00e1o an to\u00e0n:<\/strong> Kh\u00f4ng s\u1eed d\u1ee5ng khi s\u1ea3n ph\u1ea9m c\u00f3 d\u1ea5u hi\u1ec7u n\u1ea5m m\u1ed1c, m\u00f9i l\u1ea1.<\/p>\n","protected":false},"excerpt":{"rendered":"<p><strong data-start=\"119\" data-end=\"137\">Tr\u00e0 Oolong D\u00e9li<\/strong><\/p>\n<p><strong>Th\u01b0\u01a1ng hi\u1ec7u<\/strong>: D\u00e9li<\/p>\n<p><strong>Quy C\u00e1ch:<\/strong> g\u00f3i 500g<\/p>\n<p><strong>Ng\u00e0y s\u1ea3n xu\u1ea5t:<\/strong>\u00a0in tr\u00ean bao b\u00ec.<\/p>\n<p><strong>H\u1ea1n s\u1eed d\u1ee5ng:<\/strong> 24 th\u00e1ng k\u1ec3 t\u1eeb ng\u00e0y s\u1ea3n xu\u1ea5t.<\/p>\n<p><strong>Xu\u1ea5t x\u1ee9:<\/strong>\u00a0Vi\u1ec7t Nam<\/p>\n<p><strong>B\u1ea3o qu\u1ea3n:<\/strong>\u00a0B\u1ea3o qu\u1ea3n n\u01a1i kh\u00f4 r\u00e1o, tho\u00e1ng m\u00e1t. Tr\u00e1nh ti\u1ebfp x\u00fac tr\u1ef1c ti\u1ebfp v\u1edbi \u00e1nh s\u00e1ng m\u1eb7t tr\u1eddi.<\/p>\n","protected":false},"featured_media":9423,"comment_status":"open","ping_status":"closed","template":"","meta":{"_acf_changed":false,"inline_featured_image":false},"product_brand":[],"product_cat":[144,134,183],"product_tag":[336,335,334],"class_list":{"0":"post-6229","1":"product","2":"type-product","3":"status-publish","4":"has-post-thumbnail","6":"product_cat-tra-goi-cac-loai","7":"product_cat-duoc-mua-nhieu-nhat","8":"product_cat-top-nguyen-lieu-ban-pha-che-ban-chay-tai-deli","9":"product_tag-tra","10":"product_tag-tra-cao-cap","11":"product_tag-tra-oolong","14":"instock","15":"taxable","16":"shipping-taxable","17":"purchasable","18":"product-type-variable"},"acf":[],"_links":{"self":[{"href":"https:\/\/shop.tim-deli.vn\/vi\/wp-json\/wp\/v2\/product\/6229","targetHints":{"allow":["GET"]}}],"collection":[{"href":"https:\/\/shop.tim-deli.vn\/vi\/wp-json\/wp\/v2\/product"}],"about":[{"href":"https:\/\/shop.tim-deli.vn\/vi\/wp-json\/wp\/v2\/types\/product"}],"replies":[{"embeddable":true,"href":"https:\/\/shop.tim-deli.vn\/vi\/wp-json\/wp\/v2\/comments?post=6229"}],"version-history":[{"count":4,"href":"https:\/\/shop.tim-deli.vn\/vi\/wp-json\/wp\/v2\/product\/6229\/revisions"}],"predecessor-version":[{"id":10619,"href":"https:\/\/shop.tim-deli.vn\/vi\/wp-json\/wp\/v2\/product\/6229\/revisions\/10619"}],"wp:featuredmedia":[{"embeddable":true,"href":"https:\/\/shop.tim-deli.vn\/vi\/wp-json\/wp\/v2\/media\/9423"}],"wp:attachment":[{"href":"https:\/\/shop.tim-deli.vn\/vi\/wp-json\/wp\/v2\/media?parent=6229"}],"wp:term":[{"taxonomy":"product_brand","embeddable":true,"href":"https:\/\/shop.tim-deli.vn\/vi\/wp-json\/wp\/v2\/product_brand?post=6229"},{"taxonomy":"product_cat","embeddable":true,"href":"https:\/\/shop.tim-deli.vn\/vi\/wp-json\/wp\/v2\/product_cat?post=6229"},{"taxonomy":"product_tag","embeddable":true,"href":"https:\/\/shop.tim-deli.vn\/vi\/wp-json\/wp\/v2\/product_tag?post=6229"}],"curies":[{"name":"wp","href":"https:\/\/api.w.org\/{rel}","templated":true}]}}