{"id":10608,"date":"2025-07-29T15:56:39","date_gmt":"2025-07-29T08:56:39","guid":{"rendered":"https:\/\/shop.tim-deli.vn\/?post_type=product&#038;p=10608"},"modified":"2026-01-16T10:28:40","modified_gmt":"2026-01-16T03:28:40","slug":"hop-tra-sua-tran-chau-thai-do-deli-3in1-2","status":"publish","type":"product","link":"https:\/\/shop.tim-deli.vn\/vi\/san-pham\/hop-tra-sua-tran-chau-thai-do-deli-3in1-2\/","title":{"rendered":"H\u1ed9p Tr\u00e0 S\u1eefa Tr\u00e2n Ch\u00e2u Th\u00e1i \u0110\u1ecf D\u00e9li 3in1"},"content":{"rendered":"<h1 data-start=\"138\" data-end=\"207\">Tr\u00e0 s\u1eefa tr\u00e2n ch\u00e2u Th\u00e1i \u0110\u1ecf D\u00e9li \u2013 H\u01b0\u01a1ng v\u1ecb b\u00f9ng n\u1ed5, pha d\u1ec5 nh\u01b0 ch\u01a1i!<\/h1>\n<p data-start=\"209\" data-end=\"744\"><strong data-start=\"599\" data-end=\"633\">Tr\u00e0 s\u1eefa tr\u00e2n ch\u00e2u Th\u00e1i \u0110\u1ecf D\u00e9li<\/strong> \u2013 phi\u00ean b\u1ea3n \u0111\u00f3ng g\u00f3i s\u1eb5n chu\u1ea9n v\u1ecb Th\u00e1i, d\u1ec5 pha ch\u1ebf, ngon chu\u1ea9n gu v\u00e0 s\u1eb5n s\u00e0ng \u0111\u1ed3ng h\u00e0nh trong m\u1ecdi kho\u1ea3nh kh\u1eafc.<\/p>\n<hr data-start=\"746\" data-end=\"749\" \/>\n<h2 data-start=\"751\" data-end=\"814\">Tr\u00e0 s\u1eefa Th\u00e1i \u0110\u1ecf<\/h2>\n<p data-start=\"1003\" data-end=\"1364\">S\u1edf h\u1eefu m\u00e0u \u0111\u1ecf cam \u0111\u1eb7c tr\u01b0ng b\u1eaft m\u1eaft, <strong data-start=\"1242\" data-end=\"1261\">tr\u00e0 s\u1eefa Th\u00e1i \u0110\u1ecf<\/strong> th\u01b0\u1eddng \u0111\u01b0\u1ee3c pha t\u1eeb l\u00e1 tr\u00e0 \u0111en b\u1ea3n \u0111\u1ecba, h\u00f2a quy\u1ec7n v\u1edbi s\u1eefa \u0111\u1eb7c v\u00e0 \u0111\u01b0\u1eddng, t\u1ea1o n\u00ean m\u1ed9t t\u1ed5ng th\u1ec3 ng\u1ecdt d\u1ecbu, b\u00e9o nh\u1eb9 v\u00e0 h\u01b0\u01a1ng th\u01a1m ng\u1ea5t ng\u00e2y. Khi k\u1ebft h\u1ee3p c\u00f9ng \u0111\u00e1 m\u00e1t l\u1ea1nh ho\u1eb7c tr\u00e2n ch\u00e2u dai gi\u00f2n, <strong data-start=\"1242\" data-end=\"1261\">tr\u00e0 s\u1eefa Th\u00e1i \u0110\u1ecf<\/strong> tr\u1edf th\u00e0nh th\u1ee9c u\u1ed1ng ho\u00e0n h\u1ea3o cho c\u1ea3 m\u00f9a h\u00e8 l\u1eabn m\u00f9a \u0111\u00f4ng \u2013 v\u1eeba th\u1ecfa m\u00e3n v\u1ecb gi\u00e1c, v\u1eeba \u0111\u00e1nh th\u1ee9c c\u1ea3m x\u00fac.<\/p>\n<hr data-start=\"1366\" data-end=\"1369\" \/>\n<h2 data-start=\"1371\" data-end=\"1432\">D\u00e9li \u2013 Bi\u1ebfn tr\u1ea3i nghi\u1ec7m tr\u00e0 s\u1eefa th\u00e0nh \u0111i\u1ec1u th\u1eadt d\u1ec5 d\u00e0ng<\/h2>\n<p data-start=\"1434\" data-end=\"1699\">Thay v\u00ec ph\u1ea3i l\u1eb7n l\u1ed9i \u0111i mua t\u1eebng nguy\u00ean li\u1ec7u v\u00e0 t\u1ef1 pha th\u1ee7 c\u00f4ng, gi\u1edd \u0111\u00e2y b\u1ea1n ho\u00e0n to\u00e0n c\u00f3 th\u1ec3 th\u01b0\u1edfng th\u1ee9c <strong data-start=\"1540\" data-end=\"1573\">tr\u00e0 s\u1eefa Th\u00e1i \u0110\u1ecf chu\u1ea9n v\u1ecb Th\u00e1i<\/strong> ngay t\u1ea1i nh\u00e0 ho\u1eb7c qu\u00e1n c\u1ee7a m\u00ecnh \u2013 nhanh g\u1ecdn, ti\u1ec7n l\u1ee3i, chu\u1ea9n x\u00e1c \u2013 ch\u1ec9 v\u1edbi 1 h\u1ed9p s\u1ea3n ph\u1ea9m <strong data-start=\"1664\" data-end=\"1698\">Tr\u00e0 s\u1eefa tr\u00e2n ch\u00e2u Th\u00e1i \u0110\u1ecf D\u00e9li<\/strong>.<\/p>\n<h3 data-start=\"1701\" data-end=\"1744\">\u2714\ufe0f Ti\u1ec7n l\u1ee3i v\u1edbi set nguy\u00ean li\u1ec7u pha s\u1eb5n<\/h3>\n<p data-start=\"1745\" data-end=\"1766\">M\u1ed7i h\u1ed9p s\u1ea3n ph\u1ea9m g\u1ed3m:<\/p>\n<ul data-start=\"1767\" data-end=\"1883\">\n<li data-start=\"1767\" data-end=\"1801\">\n<p data-start=\"1769\" data-end=\"1801\">4 g\u00f3i tr\u00e0 s\u1eefa Th\u00e1i \u0111\u1ecf: 4 x 30g<\/p>\n<\/li>\n<li data-start=\"1802\" data-end=\"1883\">\n<p data-start=\"1804\" data-end=\"1883\">4 g\u00f3i topping tr\u00e2n ch\u00e2u ho\u1eb7c th\u1ea1ch 3Q: 4 x 30g<br data-start=\"1850\" data-end=\"1853\" \/>=&gt; T\u1ed5ng tr\u1ecdng l\u01b0\u1ee3ng t\u1ecbnh: 240g<\/p>\n<\/li>\n<\/ul>\n<p data-start=\"1885\" data-end=\"2120\">M\u1ecdi nguy\u00ean li\u1ec7u \u0111\u1ec1u \u0111\u01b0\u1ee3c chia s\u1eb5n theo kh\u1ea9u ph\u1ea7n, d\u1ec5 b\u1ea3o qu\u1ea3n, d\u1ec5 \u0111\u1ecbnh l\u01b0\u1ee3ng, kh\u00f4ng c\u1ea7n th\u00eam g\u00ec kh\u00e1c. D\u00f9 b\u1ea1n l\u00e0 ng\u01b0\u1eddi pha ch\u1ebf chuy\u00ean nghi\u1ec7p hay ch\u1ec9 m\u1edbi t\u1eadp t\u00e0nh l\u00e0m t\u1ea1i nh\u00e0, <strong data-start=\"2059\" data-end=\"2083\">Tr\u00e0 s\u1eefa Th\u00e1i \u0110\u1ecf D\u00e9li<\/strong> lu\u00f4n mang \u0111\u1ebfn k\u1ebft qu\u1ea3 ngon nh\u01b0 qu\u00e1n.<\/p>\n<h3 data-start=\"2122\" data-end=\"2170\">\u2714\ufe0f V\u1ecb ngon chu\u1ea9n ch\u1ec9nh \u2013 Kh\u00f4ng c\u1ea7n ch\u1ec9nh s\u1eeda<\/h3>\n<p data-start=\"2171\" data-end=\"2262\">D\u00e9li nghi\u00ean c\u1ee9u k\u1ef9 t\u1eebng c\u00f4ng th\u1ee9c \u0111\u1ec3 cho ra t\u1ef7 l\u1ec7 ho\u00e0n h\u1ea3o gi\u1eefa tr\u00e0 \u2013 s\u1eefa \u2013 \u0111\u01b0\u1eddng, \u0111\u1ea3m b\u1ea3o:<\/p>\n<ul data-start=\"2263\" data-end=\"2387\">\n<li data-start=\"2263\" data-end=\"2307\">\n<p data-start=\"2265\" data-end=\"2307\"><strong data-start=\"2265\" data-end=\"2282\">V\u1ecb tr\u00e0 r\u00f5 n\u00e9t<\/strong>, h\u1eadu ng\u1ecdt d\u1ecbu, kh\u00f4ng g\u1eaft<\/p>\n<\/li>\n<li data-start=\"2308\" data-end=\"2337\">\n<p data-start=\"2310\" data-end=\"2337\"><strong data-start=\"2310\" data-end=\"2325\">S\u1eefa b\u00e9o nh\u1eb9<\/strong>, kh\u00f4ng ng\u1ea5y<\/p>\n<\/li>\n<li data-start=\"2338\" data-end=\"2387\">\n<p data-start=\"2340\" data-end=\"2387\"><strong data-start=\"2340\" data-end=\"2360\">M\u00f9i th\u01a1m d\u1ec5 ch\u1ecbu<\/strong>, chu\u1ea9n phong c\u00e1ch<\/p>\n<\/li>\n<\/ul>\n<p data-start=\"2389\" data-end=\"2530\">T\u1ea5t c\u1ea3 \u0111\u1ec1u \u0111\u1ea1t ti\u00eau chu\u1ea9n v\u1ec7 sinh an to\u00e0n th\u1ef1c ph\u1ea9m, s\u1ea3n xu\u1ea5t tr\u00ean d\u00e2y chuy\u1ec1n hi\u1ec7n \u0111\u1ea1i, ki\u1ec3m \u0111\u1ecbnh ch\u1eb7t ch\u1ebd tr\u01b0\u1edbc khi \u0111\u1ebfn tay ng\u01b0\u1eddi ti\u00eau d\u00f9ng.<\/p>\n<h3 data-start=\"2532\" data-end=\"2567\">\u2714\ufe0f Topping gi\u00f2n gi\u00f2n \u2013 \u0103n l\u00e0 m\u00ea<\/h3>\n<p data-start=\"2568\" data-end=\"2802\">Kh\u00f4ng ch\u1ec9 c\u00f3 ph\u1ea7n n\u01b0\u1edbc tr\u00e0 s\u1eefa ngon \u0111\u00fang \u0111i\u1ec7u, s\u1ea3n ph\u1ea9m c\u00f2n \u0111i k\u00e8m <strong data-start=\"2635\" data-end=\"2670\">topping th\u1ea1ch 3Q ho\u1eb7c tr\u00e2n ch\u00e2u<\/strong> v\u1edbi k\u1ebft c\u1ea5u dai gi\u00f2n vui mi\u1ec7ng. B\u1ea1n c\u00f3 th\u1ec3 lu\u1ed9c nhanh trong v\u00e0i ph\u00fat l\u00e0 d\u00f9ng \u0111\u01b0\u1ee3c ngay, ti\u1ebft ki\u1ec7m th\u1eddi gian m\u00e0 v\u1eabn \u201cngon tr\u1ecdn v\u1eb9n\u201d.<\/p>\n<hr data-start=\"2804\" data-end=\"2807\" \/>\n<h2 data-start=\"2809\" data-end=\"2879\">H\u1ed9p tr\u00e0 s\u1eefa Th\u00e1i \u0110\u1ecf D\u00e9li \u2013 L\u1ef1a ch\u1ecdn l\u00fd t\u01b0\u1edfng cho c\u1ea3 nh\u00e0, c\u1ea3 qu\u00e1n<\/h2>\n<p data-start=\"2881\" data-end=\"2934\">S\u1ea3n ph\u1ea9m ph\u00f9 h\u1ee3p v\u1edbi nhi\u1ec1u nhu c\u1ea7u s\u1eed d\u1ee5ng kh\u00e1c nhau:<\/p>\n<h3 data-start=\"2936\" data-end=\"2978\">\ud83d\udc69\u200d\ud83c\udf73 \u0110\u1ed1i v\u1edbi ng\u01b0\u1eddi ti\u00eau d\u00f9ng c\u00e1 nh\u00e2n:<\/h3>\n<ul data-start=\"2979\" data-end=\"3102\">\n<li data-start=\"2979\" data-end=\"3016\">\n<p data-start=\"2981\" data-end=\"3016\">Pha nhanh 1 ly m\u00e1t l\u1ea1nh sau gi\u1edd l\u00e0m<\/p>\n<\/li>\n<li data-start=\"3017\" data-end=\"3052\">\n<p data-start=\"3019\" data-end=\"3052\">L\u00e0m qu\u00e0 t\u1eb7ng d\u1ec5 th\u01b0\u01a1ng cho b\u1ea1n b\u00e8<\/p>\n<\/li>\n<li data-start=\"3053\" data-end=\"3102\">\n<p data-start=\"3055\" data-end=\"3102\">D\u00f9ng trong picnic, ti\u1ec7c gia \u0111\u00ecnh, d\u1ecbp cu\u1ed1i tu\u1ea7n<\/p>\n<\/li>\n<\/ul>\n<h3 data-start=\"3104\" data-end=\"3151\">\ud83e\uddd1\u200d\ud83c\udf73 \u0110\u1ed1i v\u1edbi h\u1ed9 kinh doanh, qu\u00e1n n\u01b0\u1edbc nh\u1ecf:<\/h3>\n<ul data-start=\"3152\" data-end=\"3335\">\n<li data-start=\"3152\" data-end=\"3194\">\n<p data-start=\"3154\" data-end=\"3194\">Gi\u1ea3i ph\u00e1p nh\u1eadp h\u00e0ng nguy\u00ean li\u1ec7u \u0111\u01a1n gi\u1ea3n<\/p>\n<\/li>\n<li data-start=\"3195\" data-end=\"3239\">\n<p data-start=\"3197\" data-end=\"3239\">Kh\u00f4ng c\u1ea7n thu\u00ea ng\u01b0\u1eddi pha ch\u1ebf chuy\u00ean nghi\u1ec7p<\/p>\n<\/li>\n<li data-start=\"3240\" data-end=\"3335\">\n<p data-start=\"3242\" data-end=\"3335\">C\u00f3 th\u1ec3 s\u00e1ng t\u1ea1o m\u00f3n m\u1edbi t\u1eeb n\u1ec1n tr\u00e0 Th\u00e1i \u0110\u1ecf (tr\u00e0 s\u1eefa kem cheese, tr\u00e0 s\u1eefa mix v\u1ecb, \u0111\u00e1 xay Th\u00e1i\u2026)<\/p>\n<\/li>\n<\/ul>\n<hr data-start=\"3337\" data-end=\"3340\" \/>\n<h2 data-start=\"3342\" data-end=\"3399\">C\u00e1ch pha tr\u00e0 s\u1eefa Th\u00e1i \u0110\u1ecf D\u00e9li t\u1ea1i nh\u00e0 \u2013 ch\u1ec9 3 b\u01b0\u1edbc!<\/h2>\n<p data-start=\"3401\" data-end=\"3455\">Kh\u00f4ng c\u1ea7n m\u00e1y m\u00f3c, kh\u00f4ng c\u1ea7n k\u1ef9 n\u0103ng pha ch\u1ebf, ch\u1ec9 c\u1ea7n:<\/p>\n<p data-start=\"3457\" data-end=\"3570\"><strong data-start=\"3457\" data-end=\"3468\">B\u01b0\u1edbc 1:<\/strong><br data-start=\"3468\" data-end=\"3471\" \/>Pha 1 g\u00f3i tr\u00e0 s\u1eefa Th\u00e1i \u0111\u1ecf v\u1edbi 150ml n\u01b0\u1edbc n\u00f3ng, khu\u1ea5y \u0111\u1ec1u. C\u00f3 th\u1ec3 \u0111i\u1ec1u ch\u1ec9nh l\u01b0\u1ee3ng n\u01b0\u1edbc t\u00f9y kh\u1ea9u v\u1ecb.<\/p>\n<p data-start=\"3572\" data-end=\"3662\"><strong data-start=\"3572\" data-end=\"3583\">B\u01b0\u1edbc 2:<\/strong><br data-start=\"3583\" data-end=\"3586\" \/>Lu\u1ed9c topping trong 3 \u2013 5 ph\u00fat v\u1edbi n\u01b0\u1edbc s\u00f4i, v\u1edbt ra ng\u00e2m n\u01b0\u1edbc l\u1ea1nh v\u00e0 \u0111\u1ec3 r\u00e1o.<\/p>\n<p data-start=\"3664\" data-end=\"3745\"><strong data-start=\"3664\" data-end=\"3675\">B\u01b0\u1edbc 3:<\/strong><br data-start=\"3675\" data-end=\"3678\" \/>Cho \u0111\u00e1 vi\u00ean v\u00e0 topping v\u00e0o ly, \u0111\u1ed5 tr\u00e0 s\u1eefa \u0111\u00e3 pha l\u00ean l\u00e0 ho\u00e0n th\u00e0nh.<\/p>\n<p data-start=\"3747\" data-end=\"3833\">\u27a1\ufe0f Ch\u01b0a \u0111\u1ebfn 5 ph\u00fat l\u00e0 b\u1ea1n \u0111\u00e3 c\u00f3 ngay 1 ly tr\u00e0 s\u1eefa Th\u00e1i th\u01a1m l\u1eebng, ng\u1ecdt ng\u00e0o, s\u00e1nh m\u1ecbn!<\/p>\n<hr data-start=\"4379\" data-end=\"4382\" \/>\n<h2 data-start=\"4384\" data-end=\"4435\">G\u1ee3i \u00fd c\u00e1ch bi\u1ebfn t\u1ea5u c\u00f9ng tr\u00e0 s\u1eefa Th\u00e1i \u0110\u1ecf D\u00e9li<\/h2>\n<p data-start=\"4437\" data-end=\"4533\">Kh\u00f4ng ch\u1ec9 \u0111\u01a1n thu\u1ea7n l\u00e0 tr\u00e0 s\u1eefa truy\u1ec1n th\u1ed1ng, b\u1ea1n c\u00f3 th\u1ec3 n\u00e2ng t\u1ea7m tr\u1ea3i nghi\u1ec7m b\u1eb1ng c\u00e1ch s\u00e1ng t\u1ea1o:<\/p>\n<ul data-start=\"4535\" data-end=\"4927\">\n<li data-start=\"4535\" data-end=\"4615\">\n<p data-start=\"4537\" data-end=\"4615\"><strong data-start=\"4537\" data-end=\"4560\">Th\u00e1i \u0110\u1ecf kem cheese:<\/strong> Th\u00eam l\u1edbp kem cheese b\u00e9o m\u1eb7n \u1edf tr\u00ean, h\u00fat m\u1ed9t h\u01a1i l\u00e0 m\u00ea.<\/p>\n<\/li>\n<li data-start=\"4616\" data-end=\"4717\">\n<p data-start=\"4618\" data-end=\"4717\"><strong data-start=\"4618\" data-end=\"4645\">Tr\u00e0 s\u1eefa Th\u00e1i \u0110\u1ecf \u0111\u00e1 xay:<\/strong> Xay chung v\u1edbi \u0111\u00e1 vi\u00ean v\u00e0 s\u1eefa \u0111\u1eb7c, t\u1ea1o th\u00e0nh th\u1ee9c u\u1ed1ng m\u00e1t l\u1ea1nh h\u1ea5p d\u1eabn.<\/p>\n<\/li>\n<li data-start=\"4718\" data-end=\"4813\">\n<p data-start=\"4720\" data-end=\"4813\"><strong data-start=\"4720\" data-end=\"4744\">Th\u00e1i \u0110\u1ecf mix topping:<\/strong> K\u1ebft h\u1ee3p th\u00eam h\u1ea1t th\u1ee7y tinh, th\u1ea1ch d\u1eeba, b\u00e1nh flan \u0111\u1ec3 t\u0103ng \u0111\u1ed9 b\u1eaft m\u1eaft.<\/p>\n<\/li>\n<li data-start=\"4814\" data-end=\"4927\">\n<p data-start=\"4816\" data-end=\"4927\"><strong data-start=\"4816\" data-end=\"4837\">Cocktail Th\u00e1i \u0110\u1ecf:<\/strong> Th\u00eam m\u1ed9t ch\u00fat r\u01b0\u1ee3u nh\u1eb9, l\u00e1 b\u1ea1c h\u00e0 v\u00e0 n\u01b0\u1edbc soda, bi\u1ebfn ly tr\u00e0 s\u1eefa th\u00e0nh m\u00f3n khai v\u1ecb th\u00fa v\u1ecb.<\/p>\n<\/li>\n<\/ul>\n<hr data-start=\"4929\" data-end=\"4932\" \/>\n<h2 data-start=\"4934\" data-end=\"4971\">Mua Tr\u00e0 s\u1eefa Th\u00e1i \u0110\u1ecf D\u00e9li \u1edf \u0111\u00e2u?<\/h2>\n<p data-start=\"4973\" data-end=\"5002\">S\u1ea3n ph\u1ea9m hi\u1ec7n \u0111\u00e3 c\u00f3 m\u1eb7t tr\u00ean:<\/p>\n<ul data-start=\"5003\" data-end=\"5175\">\n<li data-start=\"5003\" data-end=\"5067\">\n<p data-start=\"5005\" data-end=\"5067\">Website ch\u00ednh th\u1ee9c: <a class=\"\" href=\"https:\/\/www.tim-deli.vn\" target=\"_new\" rel=\"noopener\" data-start=\"5025\" data-end=\"5067\">www.shop.tim-deli.vn<\/a><\/p>\n<\/li>\n<li data-start=\"5068\" data-end=\"5126\">\n<p data-start=\"5070\" data-end=\"5126\">C\u00e1c n\u1ec1n t\u1ea3ng th\u01b0\u01a1ng m\u1ea1i \u0111i\u1ec7n t\u1eed nh\u01b0 Shopee, Tiki, Lazada<\/p>\n<\/li>\n<li data-start=\"5127\" data-end=\"5175\">\n<p data-start=\"5129\" data-end=\"5175\">\u0110\u1ea1i l\u00fd ph\u00e2n ph\u1ed1i nguy\u00ean li\u1ec7u pha ch\u1ebf to\u00e0n qu\u1ed1c<\/p>\n<\/li>\n<\/ul>\n<p data-start=\"5177\" data-end=\"5301\">\ud83d\udcac N\u1ebfu b\u1ea1n l\u00e0 \u0111\u1ea1i l\u00fd, qu\u00e1n kinh doanh c\u1ea7n nh\u1eadp s\u1ed1 l\u01b0\u1ee3ng l\u1edbn \u2013 h\u00e3y li\u00ean h\u1ec7 tr\u1ef1c ti\u1ebfp v\u1edbi D\u00e9li \u0111\u1ec3 \u0111\u01b0\u1ee3c b\u00e1o gi\u00e1 s\u1ec9 \u01b0u \u0111\u00e3i nh\u1ea5t!<\/p>\n<p data-start=\"5324\" data-end=\"5655\"><strong data-start=\"5324\" data-end=\"5358\">Tr\u00e0 s\u1eefa tr\u00e2n ch\u00e2u Th\u00e1i \u0110\u1ecf D\u00e9li<\/strong> l\u00e0 l\u1ef1a ch\u1ecdn tuy\u1ec7t v\u1eddi cho nh\u1eefng ai y\u00eau th\u00edch h\u01b0\u01a1ng v\u1ecb Th\u00e1i ch\u00ednh hi\u1ec7u m\u00e0 kh\u00f4ng mu\u1ed1n m\u1ea5t th\u1eddi gian chu\u1ea9n b\u1ecb c\u1ea7u k\u1ef3. T\u1eeb gia \u0111\u00ecnh \u0111\u1ebfn qu\u00e1n x\u00e1, t\u1eeb d\u00e2n pha ch\u1ebf chuy\u00ean nghi\u1ec7p \u0111\u1ebfn nh\u1eefng ng\u01b0\u1eddi m\u1edbi b\u1eaft \u0111\u1ea7u, b\u1ea5t k\u1ef3 ai c\u0169ng c\u00f3 th\u1ec3 t\u1ea1o ra m\u1ed9t ly tr\u00e0 s\u1eefa \u201cchu\u1ea9n gu \u2013 chu\u1ea9n v\u1ecb \u2013 chu\u1ea9n Th\u00e1i\u201d ch\u1ec9 trong v\u00e0i ph\u00fat.<\/p>\n<p data-start=\"5657\" data-end=\"5755\"><strong data-start=\"5657\" data-end=\"5755\">D\u00e9li \u2013 Gi\u1ea3i ph\u00e1p nguy\u00ean li\u1ec7u th\u00f4ng minh, ti\u1ec7n d\u1ee5ng v\u00e0 \u0111\u1ea7y c\u1ea3m h\u1ee9ng cho ng\u00e0nh pha ch\u1ebf hi\u1ec7n \u0111\u1ea1i.<\/strong><\/p>\n<hr data-start=\"5757\" data-end=\"5760\" \/>\n<p data-start=\"5762\" data-end=\"5855\">\ud83d\udce6 \u0110\u1eb7t mua ngay h\u00f4m nay \u0111\u1ec3 t\u1eadn h\u01b0\u1edfng nh\u1eefng ly tr\u00e0 s\u1eefa m\u00e1t l\u1ea1nh v\u00e0 gi\u00f2n gi\u00f2n topping m\u1ed7i ng\u00e0y!<\/p>\n","protected":false},"excerpt":{"rendered":"<h3 data-start=\"1701\" data-end=\"1744\">Tr\u00e0 S\u1eefa Tr\u00e2n Ch\u00e2u Th\u00e1i \u0110\u1ecf<\/h3>\n<h3 data-start=\"1701\" data-end=\"1744\">Set nguy\u00ean li\u1ec7u pha s\u1eb5n<\/h3>\n<p data-start=\"1745\" data-end=\"1766\"><strong>M\u1ed7i h\u1ed9p s\u1ea3n ph\u1ea9m g\u1ed3m:<\/strong><\/p>\n<ul data-start=\"1767\" data-end=\"1883\">\n<li data-start=\"1767\" data-end=\"1801\">\n<p data-start=\"1769\" data-end=\"1801\">4 g\u00f3i tr\u00e0 s\u1eefa Th\u00e1i \u0111\u1ecf: 4 x 30g<\/p>\n<\/li>\n<li data-start=\"1802\" data-end=\"1883\">\n<p data-start=\"1804\" data-end=\"1883\">4 g\u00f3i topping tr\u00e2n ch\u00e2u ho\u1eb7c th\u1ea1ch 3Q: 4 x 30g<\/p>\n<\/li>\n<\/ul>\n<p data-start=\"1501\" data-end=\"1547\">\u2705 D\u1ea1ng s\u1ea3n ph\u1ea9m: G\u00f3i h\u00f2a tan, d\u1ec5 s\u1eed d\u1ee5ng<\/p>\n<p data-start=\"1548\" data-end=\"1635\">\u2705 Ph\u00f9 h\u1ee3p: d\u00f9ng t\u1ea1i nh\u00e0, v\u0103n ph\u00f2ng, qu\u00e1n c\u00e0 ph\u00ea, qu\u00e1n tr\u00e0 s\u1eefa, xe \u0111\u1ea9y take-away,&#8230;<\/p>\n<p data-start=\"1548\" data-end=\"1635\"><strong>HDBQ:<\/strong> B\u1ea3o qu\u1ea3n n\u01a1i kh\u00f4 r\u00e1o tho\u00e1ng m\u00e1t tr\u00e1nh \u00e1nh n\u1eafng tr\u1ef1c t\u1ebfp<\/p>\n<p data-start=\"1548\" data-end=\"1635\"><strong>H\u1ea1n S\u1eed D\u1ee5ng:<\/strong> 18 th\u00e1ng<\/p>\n","protected":false},"featured_media":9797,"comment_status":"open","ping_status":"closed","template":"","meta":{"_acf_changed":false,"inline_featured_image":false},"product_brand":[],"product_cat":[182],"product_tag":[],"class_list":{"0":"post-10608","1":"product","2":"type-product","3":"status-publish","4":"has-post-thumbnail","6":"product_cat-bot-tra-sua-3-in-1","9":"instock","10":"taxable","11":"shipping-taxable","12":"purchasable","13":"product-type-variable"},"acf":[],"_links":{"self":[{"href":"https:\/\/shop.tim-deli.vn\/vi\/wp-json\/wp\/v2\/product\/10608","targetHints":{"allow":["GET"]}}],"collection":[{"href":"https:\/\/shop.tim-deli.vn\/vi\/wp-json\/wp\/v2\/product"}],"about":[{"href":"https:\/\/shop.tim-deli.vn\/vi\/wp-json\/wp\/v2\/types\/product"}],"replies":[{"embeddable":true,"href":"https:\/\/shop.tim-deli.vn\/vi\/wp-json\/wp\/v2\/comments?post=10608"}],"version-history":[{"count":5,"href":"https:\/\/shop.tim-deli.vn\/vi\/wp-json\/wp\/v2\/product\/10608\/revisions"}],"predecessor-version":[{"id":11479,"href":"https:\/\/shop.tim-deli.vn\/vi\/wp-json\/wp\/v2\/product\/10608\/revisions\/11479"}],"wp:featuredmedia":[{"embeddable":true,"href":"https:\/\/shop.tim-deli.vn\/vi\/wp-json\/wp\/v2\/media\/9797"}],"wp:attachment":[{"href":"https:\/\/shop.tim-deli.vn\/vi\/wp-json\/wp\/v2\/media?parent=10608"}],"wp:term":[{"taxonomy":"product_brand","embeddable":true,"href":"https:\/\/shop.tim-deli.vn\/vi\/wp-json\/wp\/v2\/product_brand?post=10608"},{"taxonomy":"product_cat","embeddable":true,"href":"https:\/\/shop.tim-deli.vn\/vi\/wp-json\/wp\/v2\/product_cat?post=10608"},{"taxonomy":"product_tag","embeddable":true,"href":"https:\/\/shop.tim-deli.vn\/vi\/wp-json\/wp\/v2\/product_tag?post=10608"}],"curies":[{"name":"wp","href":"https:\/\/api.w.org\/{rel}","templated":true}]}}