{"id":10607,"date":"2025-07-29T15:56:39","date_gmt":"2025-07-29T08:56:39","guid":{"rendered":"https:\/\/shop.tim-deli.vn\/?post_type=product&#038;p=10607"},"modified":"2025-11-25T10:01:46","modified_gmt":"2025-11-25T03:01:46","slug":"hop-tra-sua-tran-chau-thai-xanh-deli-3in1-2","status":"publish","type":"product","link":"https:\/\/shop.tim-deli.vn\/vi\/san-pham\/hop-tra-sua-tran-chau-thai-xanh-deli-3in1-2\/","title":{"rendered":"H\u1ed9p Tr\u00e0 S\u1eefa Tr\u00e2n Ch\u00e2u Th\u00e1i Xanh D\u00e9li 3in1"},"content":{"rendered":"<h1 data-start=\"331\" data-end=\"415\">TR\u00c0 S\u1eeeA TR\u00c2N CH\u00c2U TH\u00c1I XANH D\u00c9LI \u2013 NGON L\u00c0NH, NHANH CH\u00d3NG, CHU\u1ea8N V\u1eca TH\u00c1I<\/h1>\n<h2 data-start=\"417\" data-end=\"483\">Tr\u00e0 s\u1eefa Th\u00e1i Xanh \u2013 H\u01b0\u01a1ng v\u1ecb g\u00e2y nghi\u1ec7n<\/h2>\n<p data-start=\"673\" data-end=\"947\">V\u1edbi m\u00e0u xanh m\u00e1t \u0111\u1eb7c tr\u01b0ng, m\u00f9i th\u01a1m d\u1ecbu ng\u1ecdt c\u1ee7a l\u00e1 tr\u00e0 Th\u00e1i v\u00e0 v\u1ecb b\u00e9o ng\u1eady quy\u1ebfn r\u0169, tr\u00e0 s\u1eefa Th\u00e1i Xanh mang \u0111\u1ebfn m\u1ed9t c\u1ea3m gi\u00e1c v\u1eeba d\u1ec5 ch\u1ecbu, v\u1eeba b\u1eebng s\u00e1ng. \u0110\u00e2y kh\u00f4ng ch\u1ec9 l\u00e0 m\u1ed9t m\u00f3n u\u1ed1ng, m\u00e0 c\u00f2n l\u00e0 m\u1ed9t &#8220;mood booster&#8221; \u2013 gi\u00fap tinh th\u1ea7n th\u01b0 gi\u00e3n, t\u1ea1o c\u1ea3m gi\u00e1c s\u1ea3ng kho\u00e1i t\u1ee9c th\u00ec.<\/p>\n<p data-start=\"949\" data-end=\"1261\">Tuy nhi\u00ean, kh\u00f4ng ph\u1ea3i ai c\u0169ng c\u00f3 th\u1eddi gian v\u00e0 \u0111i\u1ec1u ki\u1ec7n \u0111\u1ec3 n\u1ea5u \u0111\u01b0\u1ee3c m\u1ed9t ly tr\u00e0 s\u1eefa Th\u00e1i \u0111\u00fang v\u1ecb. V\u00ec v\u1eady, <strong data-start=\"1054\" data-end=\"1062\">D\u00e9li<\/strong> \u0111\u00e3 nghi\u00ean c\u1ee9u v\u00e0 cho ra \u0111\u1eddi s\u1ea3n ph\u1ea9m <strong data-start=\"1100\" data-end=\"1139\">Tr\u00e0 S\u1eefa Tr\u00e2n Ch\u00e2u Th\u00e1i Xanh pha s\u1eb5n<\/strong> \u2013 gi\u1ea3i ph\u00e1p ti\u1ec7n l\u1ee3i cho c\u1ea3 ng\u01b0\u1eddi y\u00eau tr\u00e0 s\u1eefa t\u1ea1i nh\u00e0 v\u00e0 ch\u1ee7 qu\u00e1n F&amp;B \u0111ang t\u00ecm ki\u1ebfm c\u00f4ng th\u1ee9c chu\u1ea9n, nhanh v\u00e0 d\u1ec5 m\u1edf r\u1ed9ng.<\/p>\n<hr data-start=\"1263\" data-end=\"1266\" \/>\n<h2 data-start=\"1268\" data-end=\"1326\">Tr\u00e0 S\u1eefa Tr\u00e2n Ch\u00e2u Th\u00e1i Xanh D\u00e9li<\/h2>\n<h3 data-start=\"1328\" data-end=\"1384\">\u2705 Tr\u00e0 S\u1eefa Tr\u00e2n Ch\u00e2u Th\u00e1i Xanh \u2013 D\u00e9li<\/h3>\n<h3 data-start=\"1385\" data-end=\"1414\">\u2705 Kh\u1ed1i l\u01b0\u1ee3ng t\u1ecbnh: 240g<\/h3>\n<ul data-start=\"1415\" data-end=\"1500\">\n<li data-start=\"1415\" data-end=\"1449\">\n<p data-start=\"1417\" data-end=\"1449\">Tr\u00e0 s\u1eefa Th\u00e1i Xanh: 4 g\u00f3i x 30g<\/p>\n<\/li>\n<li data-start=\"1450\" data-end=\"1500\">\n<p data-start=\"1452\" data-end=\"1500\">Topping (Tr\u00e2n ch\u00e2u gi\u00f2n): 4 g\u00f3i x 30g<\/p>\n<\/li>\n<\/ul>\n<h3 data-start=\"1501\" data-end=\"1547\">\u2705 D\u1ea1ng s\u1ea3n ph\u1ea9m: G\u00f3i h\u00f2a tan, d\u1ec5 s\u1eed d\u1ee5ng<\/h3>\n<h3 data-start=\"1548\" data-end=\"1635\">\u2705 Ph\u00f9 h\u1ee3p: d\u00f9ng t\u1ea1i nh\u00e0, v\u0103n ph\u00f2ng, qu\u00e1n c\u00e0 ph\u00ea, qu\u00e1n tr\u00e0 s\u1eefa, xe \u0111\u1ea9y take-away,&#8230;<\/h3>\n<hr data-start=\"1637\" data-end=\"1640\" \/>\n<h2 data-start=\"1642\" data-end=\"1673\">\u0110i\u1ec3m n\u1ed5i b\u1eadt c\u1ee7a s\u1ea3n ph\u1ea9m<\/h2>\n<h3 data-start=\"1675\" data-end=\"1710\">\u2728 Chu\u1ea9n v\u1ecb Th\u00e1i \u2013 Kh\u00f4ng c\u1ea7n n\u1ea5u<\/h3>\n<p data-start=\"1711\" data-end=\"1936\">M\u1ed7i g\u00f3i tr\u00e0 s\u1eefa Th\u00e1i Xanh D\u00e9li \u0111\u01b0\u1ee3c pha ch\u1ebf theo c\u00f4ng th\u1ee9c chu\u1ea9n, gi\u1eef nguy\u00ean h\u01b0\u01a1ng v\u1ecb truy\u1ec1n th\u1ed1ng. Kh\u00f4ng c\u1ea7n \u0111un n\u1ea5u c\u1ea7u k\u1ef3 \u2013 ch\u1ec9 c\u1ea7n <strong data-start=\"1855\" data-end=\"1935\">pha v\u1edbi n\u01b0\u1edbc n\u00f3ng l\u00e0 c\u00f3 ngay ly tr\u00e0 s\u1eefa m\u00e1t l\u00e0nh, b\u00e9o th\u01a1m \u0111\u00fang v\u1ecb<\/strong>.<\/p>\n<h3 data-start=\"1938\" data-end=\"1972\">\u2728 Topping gi\u00f2n gi\u00f2n \u2013 \u0103n l\u00e0 m\u00ea<\/h3>\n<p data-start=\"1973\" data-end=\"2210\">Kh\u00e1c v\u1edbi tr\u00e2n ch\u00e2u dai th\u00f4ng th\u01b0\u1eddng, <strong data-start=\"2010\" data-end=\"2043\">topping gi\u00f2n gi\u00f2n, d\u1ebbo nh\u1eb9<\/strong> t\u1eeb D\u00e9li mang l\u1ea1i tr\u1ea3i nghi\u1ec7m m\u1edbi l\u1ea1. \u0110\u01b0\u1ee3c \u0111\u00f3ng g\u00f3i ri\u00eang, d\u1ec5 b\u1ea3o qu\u1ea3n v\u00e0 s\u1eed d\u1ee5ng nhanh ch\u00f3ng, topping n\u00e0y l\u00e0m n\u1ed5i b\u1eadt t\u1ed5ng th\u1ec3 h\u01b0\u01a1ng v\u1ecb \u2013 khi\u1ebfn t\u1eebng ng\u1ee5m \u0111\u1ec1u h\u1ea5p d\u1eabn.<\/p>\n<h3 data-start=\"2212\" data-end=\"2255\">\u2728 Ti\u1ec7n l\u1ee3i tuy\u1ec7t \u0111\u1ed1i \u2013 M\u1ecdi l\u00fac, m\u1ecdi n\u01a1i<\/h3>\n<p data-start=\"2256\" data-end=\"2505\">V\u1edbi thi\u1ebft k\u1ebf d\u1ea1ng g\u00f3i nh\u1ecf g\u1ecdn, b\u1ea1n c\u00f3 th\u1ec3 d\u1ec5 d\u00e0ng mang theo <strong data-start=\"2316\" data-end=\"2363\">\u0111\u1ebfn v\u0103n ph\u00f2ng, \u0111i du l\u1ecbch, ho\u1eb7c pha t\u1ea1i nh\u00e0<\/strong> m\u00e0 kh\u00f4ng c\u1ea7n d\u1ee5ng c\u1ee5 ph\u1ee9c t\u1ea1p. S\u1ea3n ph\u1ea9m n\u00e0y \u0111\u1eb7c bi\u1ec7t ph\u00f9 h\u1ee3p v\u1edbi m\u00f4 h\u00ecnh take-away, cafe kiosk, b\u00e1n online, hay setup trong buffet kh\u00e1ch s\u1ea1n.<\/p>\n<hr data-start=\"2507\" data-end=\"2510\" \/>\n<h2 data-start=\"2512\" data-end=\"2549\">C\u00e1ch pha tr\u00e0 s\u1eefa Th\u00e1i Xanh D\u00e9li<\/h2>\n<p data-start=\"2551\" data-end=\"2592\">Pha ch\u1ebf ch\u01b0a bao gi\u1edd d\u1ec5 \u0111\u1ebfn th\u1ebf! Ch\u1ec9 c\u1ea7n:<\/p>\n<ul data-start=\"2594\" data-end=\"2841\">\n<li data-start=\"2594\" data-end=\"2650\">\n<p data-start=\"2596\" data-end=\"2650\"><strong data-start=\"2596\" data-end=\"2607\">B\u01b0\u1edbc 1:<\/strong> Cho 1 g\u00f3i tr\u00e0 s\u1eefa Th\u00e1i Xanh (30g) v\u00e0o ly<\/p>\n<\/li>\n<li data-start=\"2651\" data-end=\"2726\">\n<p data-start=\"2653\" data-end=\"2726\"><strong data-start=\"2653\" data-end=\"2664\">B\u01b0\u1edbc 2:<\/strong> Th\u00eam 100ml n\u01b0\u1edbc n\u00f3ng (80\u201390\u00b0C), khu\u1ea5y \u0111\u1ec1u cho tan ho\u00e0n to\u00e0n<\/p>\n<\/li>\n<li data-start=\"2727\" data-end=\"2769\">\n<p data-start=\"2729\" data-end=\"2769\"><strong data-start=\"2729\" data-end=\"2740\">B\u01b0\u1edbc 3:<\/strong> Th\u00eam \u0111\u00e1 n\u1ebfu mu\u1ed1n u\u1ed1ng l\u1ea1nh<\/p>\n<\/li>\n<li data-start=\"2770\" data-end=\"2841\">\n<p data-start=\"2772\" data-end=\"2841\"><strong data-start=\"2772\" data-end=\"2783\">B\u01b0\u1edbc 4:<\/strong> M\u1edf g\u00f3i topping tr\u00e2n ch\u00e2u gi\u00f2n, cho v\u00e0o ly v\u00e0 th\u01b0\u1edfng th\u1ee9c!<\/p>\n<\/li>\n<\/ul>\n<p data-start=\"2843\" data-end=\"2981\">B\u1ea1n c\u0169ng c\u00f3 th\u1ec3 s\u00e1ng t\u1ea1o th\u00eam v\u1edbi c\u00e1c topping kh\u00e1c nh\u01b0 th\u1ea1ch c\u1ee7 n\u0103ng, th\u1ea1ch d\u1eeba, pudding,&#8230; \u0111\u1ec3 t\u1ea1o n\u00ean phi\u00ean b\u1ea3n \u0111\u1eb7c bi\u1ec7t c\u1ee7a ri\u00eang m\u00ecnh.<\/p>\n<hr data-start=\"2983\" data-end=\"2986\" \/>\n<h2 data-start=\"2988\" data-end=\"3034\">T\u1ea1i sao n\u00ean ch\u1ecdn Tr\u00e0 s\u1eefa Th\u00e1i Xanh D\u00e9li?<\/h2>\n<h3 data-start=\"3231\" data-end=\"3279\">\u2705 Gi\u1ea3i ph\u00e1p ti\u1ebft ki\u1ec7m th\u1eddi gian v\u00e0 chi ph\u00ed<\/h3>\n<p data-start=\"3280\" data-end=\"3475\">So v\u1edbi vi\u1ec7c n\u1ea5u tr\u00e0 s\u1eefa truy\u1ec1n th\u1ed1ng t\u1ed1n th\u1eddi gian v\u00e0 nh\u00e2n c\u00f4ng, tr\u00e0 s\u1eefa D\u00e9li <strong data-start=\"3358\" data-end=\"3411\">gi\u00fap b\u1ea1n ti\u1ebft ki\u1ec7m \u00edt nh\u1ea5t 70% th\u1eddi gian chu\u1ea9n b\u1ecb<\/strong>, gi\u1ea3m th\u1ea5t tho\u00e1t nguy\u00ean li\u1ec7u v\u00e0 ki\u1ec3m so\u00e1t chi ph\u00ed hi\u1ec7u qu\u1ea3 h\u01a1n.<\/p>\n<h3 data-start=\"3477\" data-end=\"3526\">\u2705 D\u1ec5 m\u1edf r\u1ed9ng menu \u2013 Kh\u00f4ng c\u1ea7n \u0111\u1ed5i quy tr\u00ecnh<\/h3>\n<p data-start=\"3527\" data-end=\"3673\">B\u1ea1n c\u00f3 th\u1ec3 th\u00eam s\u1ea3n ph\u1ea9m v\u00e0o menu qu\u00e1n m\u00e0 kh\u00f4ng c\u1ea7n \u0111\u1ea7u t\u01b0 th\u00eam thi\u1ebft b\u1ecb ho\u1eb7c thu\u00ea th\u00eam nh\u00e2n s\u1ef1. H\u01b0\u01a1ng v\u1ecb \u1ed5n \u0111\u1ecbnh \u2013 d\u1ec5 training cho nh\u00e2n vi\u00ean m\u1edbi.<\/p>\n<hr data-start=\"3675\" data-end=\"3678\" \/>\n<h2 data-start=\"3680\" data-end=\"3721\">G\u1ee3i \u00fd \u1ee9ng d\u1ee5ng trong kinh doanh F&amp;B<\/h2>\n<p data-start=\"3723\" data-end=\"3794\">Tr\u00e0 s\u1eefa Th\u00e1i Xanh D\u00e9li l\u00e0 <strong data-start=\"3749\" data-end=\"3793\">s\u1ea3n ph\u1ea9m l\u00fd t\u01b0\u1edfng \u0111\u1ec3 kinh doanh hi\u1ec7u qu\u1ea3<\/strong>:<\/p>\n<ul data-start=\"3796\" data-end=\"4190\">\n<li data-start=\"3796\" data-end=\"3887\">\n<p data-start=\"3798\" data-end=\"3887\"><strong data-start=\"3798\" data-end=\"3833\">D\u00e0nh cho m\u00f4 h\u00ecnh xe \u0111\u1ea9y tr\u00e0 s\u1eefa<\/strong>: chu\u1ea9n b\u1ecb nhanh, menu linh ho\u1ea1t, d\u1ec5 \u0111\u00f3ng g\u00f3i mang \u0111i.<\/p>\n<\/li>\n<li data-start=\"3888\" data-end=\"3989\">\n<p data-start=\"3890\" data-end=\"3989\"><strong data-start=\"3890\" data-end=\"3929\">D\u00e0nh cho qu\u00e1n cafe nh\u1ecf, qu\u00e1n \u0103n v\u1eb7t<\/strong>: t\u1ea1o th\u00eam l\u1ef1a ch\u1ecdn \u0111\u1ed3 u\u1ed1ng \u0111\u1ed9c \u0111\u00e1o, thu h\u00fat kh\u00e1ch h\u00e0ng tr\u1ebb.<\/p>\n<\/li>\n<li data-start=\"3990\" data-end=\"4099\">\n<p data-start=\"3992\" data-end=\"4099\"><strong data-start=\"3992\" data-end=\"4035\">D\u00e0nh cho buffet kh\u00e1ch s\u1ea1n, ti\u1ec7c s\u1ef1 ki\u1ec7n<\/strong>: pha h\u00e0ng lo\u1ea1t nhanh, topping \u0111\u1eb9p m\u1eaft, v\u1ecb l\u1ea1 \u2013 d\u1ec5 g\u00e2y \u1ea5n t\u01b0\u1ee3ng.<\/p>\n<\/li>\n<li data-start=\"4100\" data-end=\"4190\">\n<p data-start=\"4102\" data-end=\"4190\"><strong data-start=\"4102\" data-end=\"4140\">D\u00e0nh cho b\u00e1n online \u2013 giao t\u1eadn n\u01a1i<\/strong>: d\u1ec5 \u0111\u00f3ng g\u00f3i theo combo, kh\u00f4ng c\u1ea7n b\u1ea3o qu\u1ea3n l\u1ea1nh.<\/p>\n<\/li>\n<\/ul>\n<p data-start=\"4192\" data-end=\"4369\">D\u00f9 b\u1ea1n l\u00e0 ng\u01b0\u1eddi y\u00eau tr\u00e0 s\u1eefa hay \u0111ang v\u1eadn h\u00e0nh m\u00f4 h\u00ecnh kinh doanh, D\u00e9li \u0111\u1ec1u mang \u0111\u1ebfn m\u1ed9t s\u1ea3n ph\u1ea9m gi\u00fap b\u1ea1n t\u1ed1i \u01b0u tr\u1ea3i nghi\u1ec7m, t\u0103ng hi\u1ec7u qu\u1ea3 v\u00e0 chinh ph\u1ee5c kh\u00e1ch h\u00e0ng d\u1ec5 d\u00e0ng h\u01a1n.<\/p>\n<hr data-start=\"4371\" data-end=\"4374\" \/>\n<h2 data-start=\"4376\" data-end=\"4415\">Mua tr\u00e0 s\u1eefa Th\u00e1i Xanh D\u00e9li \u1edf \u0111\u00e2u?<\/h2>\n<p data-start=\"4417\" data-end=\"4631\">B\u1ea1n c\u00f3 th\u1ec3 mua tr\u1ef1c ti\u1ebfp t\u1ea1i website: <strong data-start=\"4455\" data-end=\"4500\"><a class=\"\" href=\"http:\/\/www.tim-deli.vn\" target=\"_new\" rel=\"noopener\" data-start=\"4457\" data-end=\"4498\">www.shop.tim-deli.vn<\/a><\/strong> ho\u1eb7c li\u00ean h\u1ec7 qua fanpage <strong data-start=\"4526\" data-end=\"4580\">D\u00e9li \u2013 Gi\u1ea3i ph\u00e1p nguy\u00ean li\u1ec7u pha ch\u1ebf chuy\u00ean nghi\u1ec7p<\/strong> \u0111\u1ec3 \u0111\u01b0\u1ee3c t\u01b0 v\u1ea5n nhanh ch\u00f3ng v\u00e0 nh\u1eadn \u01b0u \u0111\u00e3i h\u1ea5p d\u1eabn.<\/p>\n<p data-start=\"4633\" data-end=\"4790\">Ngo\u00e0i ra, s\u1ea3n ph\u1ea9m c\u0169ng \u0111\u01b0\u1ee3c ph\u00e2n ph\u1ed1i t\u1ea1i c\u00e1c s\u00e0n th\u01b0\u01a1ng m\u1ea1i \u0111i\u1ec7n t\u1eed uy t\u00edn nh\u01b0 <strong data-start=\"4714\" data-end=\"4738\">Shopee, Lazada, Tiki<\/strong> v\u00e0 c\u00e1c c\u1eeda h\u00e0ng nguy\u00ean li\u1ec7u pha ch\u1ebf tr\u00ean to\u00e0n qu\u1ed1c.<\/p>\n<p data-start=\"4813\" data-end=\"5147\"><strong data-start=\"4813\" data-end=\"4849\">Tr\u00e0 S\u1eefa Tr\u00e2n Ch\u00e2u Th\u00e1i Xanh D\u00e9li<\/strong> l\u00e0 s\u1ef1 k\u1ebft h\u1ee3p gi\u1eefa h\u01b0\u01a1ng v\u1ecb truy\u1ec1n th\u1ed1ng, c\u00f4ng ngh\u1ec7 hi\u1ec7n \u0111\u1ea1i v\u00e0 ti\u1ec7n \u00edch t\u1ed1i \u01b0u. S\u1ea3n ph\u1ea9m n\u00e0y kh\u00f4ng ch\u1ec9 gi\u00fap b\u1ea1n t\u1eadn h\u01b0\u1edfng ly tr\u00e0 s\u1eefa chu\u1ea9n v\u1ecb Th\u00e1i m\u1ed9t c\u00e1ch nhanh ch\u00f3ng, m\u00e0 c\u00f2n l\u00e0 gi\u1ea3i ph\u00e1p th\u00f4ng minh trong kinh doanh F&amp;B hi\u1ec7n \u0111\u1ea1i \u2013 n\u01a1i m\u00e0 <strong data-start=\"5090\" data-end=\"5147\">t\u1ed1c \u0111\u1ed9, ch\u1ea5t l\u01b0\u1ee3ng v\u00e0 s\u1ef1 \u0111\u1ed3ng \u0111\u1ec1u l\u00e0 y\u1ebfu t\u1ed1 s\u1ed1ng c\u00f2n.<\/strong><\/p>\n<p data-start=\"5149\" data-end=\"5270\">\ud83d\udc49 <strong data-start=\"5152\" data-end=\"5172\">Th\u1eed ngay h\u00f4m nay<\/strong> \u0111\u1ec3 c\u1ea3m nh\u1eadn v\u1ecb ngon s\u1ea3ng kho\u00e1i v\u00e0 kh\u00e1m ph\u00e1 th\u00eam nhi\u1ec1u ti\u1ec1m n\u0103ng m\u1edbi t\u1eeb m\u1ed9t s\u1ea3n ph\u1ea9m nh\u1ecf m\u00e0 c\u00f3 v\u00f5!<\/p>\n","protected":false},"excerpt":{"rendered":"<h2 data-start=\"1268\" data-end=\"1326\">Tr\u00e0 S\u1eefa Tr\u00e2n Ch\u00e2u Th\u00e1i Xanh D\u00e9li<\/h2>\n<p data-start=\"1328\" data-end=\"1384\"><strong>\u00a0Tr\u00e0 S\u1eefa Ho\u00e0 Tan c\u00f3 k\u00e8m g\u00f3i Tr\u00e2n Ch\u00e2u<\/strong><\/p>\n<p data-start=\"1385\" data-end=\"1414\">\u2705 Kh\u1ed1i l\u01b0\u1ee3ng t\u1ecbnh: 240g<\/p>\n<ul data-start=\"1415\" data-end=\"1500\">\n<li data-start=\"1415\" data-end=\"1449\">\n<p data-start=\"1417\" data-end=\"1449\">Tr\u00e0 s\u1eefa Th\u00e1i Xanh: 4 g\u00f3i x 30g<\/p>\n<\/li>\n<li data-start=\"1450\" data-end=\"1500\">\n<p data-start=\"1452\" data-end=\"1500\">Topping (Tr\u00e2n ch\u00e2u gi\u00f2n): 4 g\u00f3i x 30g<\/p>\n<\/li>\n<\/ul>\n<p data-start=\"1501\" data-end=\"1547\">\u2705 D\u1ea1ng s\u1ea3n ph\u1ea9m: G\u00f3i h\u00f2a tan, d\u1ec5 s\u1eed d\u1ee5ng<\/p>\n<p data-start=\"1548\" data-end=\"1635\">\u2705 Ph\u00f9 h\u1ee3p: d\u00f9ng t\u1ea1i nh\u00e0, v\u0103n ph\u00f2ng, qu\u00e1n c\u00e0 ph\u00ea, qu\u00e1n tr\u00e0 s\u1eefa, xe \u0111\u1ea9y take-away,&#8230;<\/p>\n<p data-start=\"1548\" data-end=\"1635\"><strong>HDBQ:<\/strong> B\u1ea3o qu\u1ea3n n\u01a1i kh\u00f4 r\u00e1o tho\u00e1ng m\u00e1t tr\u00e1nh \u00e1nh n\u1eafng tr\u1ef1c t\u1ebfp<\/p>\n<p data-start=\"1548\" data-end=\"1635\"><strong>H\u1ea1n S\u1eed D\u1ee5ng:<\/strong> 18 th\u00e1ng<\/p>\n","protected":false},"featured_media":9800,"comment_status":"open","ping_status":"closed","template":"","meta":{"_acf_changed":false,"inline_featured_image":false},"product_brand":[],"product_cat":[344,182,133,170,134],"product_tag":[],"class_list":{"0":"post-10607","1":"product","2":"type-product","3":"status-publish","4":"has-post-thumbnail","6":"product_cat-mua2-tang-1","7":"product_cat-bot-tra-sua-3-in-1","8":"product_cat-de-xuat-cua-hang","9":"product_cat-duoc-goi-y","10":"product_cat-duoc-mua-nhieu-nhat","13":"instock","14":"taxable","15":"shipping-taxable","16":"purchasable","17":"product-type-variable"},"acf":[],"_links":{"self":[{"href":"https:\/\/shop.tim-deli.vn\/vi\/wp-json\/wp\/v2\/product\/10607","targetHints":{"allow":["GET"]}}],"collection":[{"href":"https:\/\/shop.tim-deli.vn\/vi\/wp-json\/wp\/v2\/product"}],"about":[{"href":"https:\/\/shop.tim-deli.vn\/vi\/wp-json\/wp\/v2\/types\/product"}],"replies":[{"embeddable":true,"href":"https:\/\/shop.tim-deli.vn\/vi\/wp-json\/wp\/v2\/comments?post=10607"}],"version-history":[{"count":4,"href":"https:\/\/shop.tim-deli.vn\/vi\/wp-json\/wp\/v2\/product\/10607\/revisions"}],"predecessor-version":[{"id":11398,"href":"https:\/\/shop.tim-deli.vn\/vi\/wp-json\/wp\/v2\/product\/10607\/revisions\/11398"}],"wp:featuredmedia":[{"embeddable":true,"href":"https:\/\/shop.tim-deli.vn\/vi\/wp-json\/wp\/v2\/media\/9800"}],"wp:attachment":[{"href":"https:\/\/shop.tim-deli.vn\/vi\/wp-json\/wp\/v2\/media?parent=10607"}],"wp:term":[{"taxonomy":"product_brand","embeddable":true,"href":"https:\/\/shop.tim-deli.vn\/vi\/wp-json\/wp\/v2\/product_brand?post=10607"},{"taxonomy":"product_cat","embeddable":true,"href":"https:\/\/shop.tim-deli.vn\/vi\/wp-json\/wp\/v2\/product_cat?post=10607"},{"taxonomy":"product_tag","embeddable":true,"href":"https:\/\/shop.tim-deli.vn\/vi\/wp-json\/wp\/v2\/product_tag?post=10607"}],"curies":[{"name":"wp","href":"https:\/\/api.w.org\/{rel}","templated":true}]}}