{"id":10606,"date":"2025-07-29T15:56:39","date_gmt":"2025-07-29T08:56:39","guid":{"rendered":"https:\/\/shop.tim-deli.vn\/?post_type=product&#038;p=10606"},"modified":"2025-10-15T11:01:50","modified_gmt":"2025-10-15T04:01:50","slug":"bot-lam-banh-3in1-pancake-waffle-crepe-2","status":"publish","type":"product","link":"https:\/\/shop.tim-deli.vn\/vi\/san-pham\/bot-lam-banh-3in1-pancake-waffle-crepe-2\/","title":{"rendered":"B\u1ed9t L\u00e0m B\u00e1nh 3in1 Pancake &#8211; Waffle &#8211; Crepe"},"content":{"rendered":"<p data-start=\"251\" data-end=\"338\"><strong data-start=\"253\" data-end=\"338\">B\u1ed9t L\u00e0m B\u00e1nh 3in1 \u2013 B\u00ed quy\u1ebft \u201cchu\u1ea9n Ph\u00e1p\u201d cho Pancake, Waffle &amp; Crepe ngay t\u1ea1i nh\u00e0<\/strong><\/p>\n<h2 data-start=\"340\" data-end=\"382\">\u00a0Kh\u01a1i ngu\u1ed3n c\u1ea3m h\u1ee9ng l\u00e0m b\u00e1nh t\u1ea1i gia<\/h2>\n<p data-start=\"384\" data-end=\"583\">Trong m\u1ed9t bu\u1ed5i s\u00e1ng thong dong, c\u00f2n g\u00ec tuy\u1ec7t h\u01a1n khi \u0111\u01b0\u1ee3c th\u01b0\u1edfng th\u1ee9c chi\u1ebfc <strong data-start=\"460\" data-end=\"491\">pancake m\u1ec1m x\u1ed1p ph\u1ee7 m\u1eadt ong<\/strong>, m\u1ed9t <strong data-start=\"497\" data-end=\"531\">chi\u1ebfc waffle gi\u00f2n r\u1ee5m v\u00e0ng \u01b0\u01a1m<\/strong>, hay m\u1ed9t l\u1edbp <strong data-start=\"545\" data-end=\"582\">crepe m\u1ecfng m\u1ecbn cu\u1ed1n nh\u00e2n tr\u00e1i c\u00e2y<\/strong>?<\/p>\n<p data-start=\"585\" data-end=\"835\">L\u00e0m b\u00e1nh t\u1ea1i nh\u00e0 gi\u1edd \u0111\u00e2y kh\u00f4ng c\u1ea7n ph\u1ea3i ph\u1ee9c t\u1ea1p hay m\u1ea5t h\u00e0ng gi\u1edd trong b\u1ebfp. Ch\u1ec9 c\u1ea7n m\u1ed9t g\u00f3i B\u1ed9t L\u00e0m B\u00e1nh 3in1, m\u1ed9t chi\u1ebfc ch\u1ea3o ch\u1ed1ng d\u00ednh ho\u1eb7c m\u00e1y l\u00e0m b\u00e1nh \u2013 l\u00e0 b\u1ea1n \u0111\u00e3 c\u00f3 th\u1ec3 t\u1ef1 tay l\u00e0m ra nh\u1eefng chi\u1ebfc b\u00e1nh \u201cchu\u1ea9n v\u1ecb Ph\u00e1p\u201d, <strong data-start=\"811\" data-end=\"834\">ngon nh\u01b0 ngo\u00e0i ti\u1ec7m<\/strong>.<\/p>\n<hr data-start=\"837\" data-end=\"840\" \/>\n<h2 data-start=\"842\" data-end=\"867\">B\u1ed9t L\u00e0m B\u00e1nh 3in1 Pancake &#8211; Waffle &#8211; Crepe<\/h2>\n<p data-start=\"869\" data-end=\"1064\"><strong data-start=\"869\" data-end=\"885\">\u00a0B\u1ed9t l\u00e0m b\u00e1nh 3in1<\/strong> l\u00e0 d\u00f2ng b\u1ed9t tr\u1ed9n s\u1eb5n cao c\u1ea5p \u0111\u1ebfn t\u1eeb th\u01b0\u01a1ng hi\u1ec7u <strong data-start=\"934\" data-end=\"946\">Tim Corp<\/strong>, \u0111\u01b0\u1ee3c nghi\u00ean c\u1ee9u v\u00e0 ph\u00e1t tri\u1ec3n d\u00e0nh ri\u00eang cho nh\u1eefng ai y\u00eau th\u00edch l\u00e0m b\u00e1nh nh\u01b0ng <strong data-start=\"1027\" data-end=\"1063\">c\u1ea7n s\u1ef1 ti\u1ec7n l\u1ee3i v\u00e0 d\u1ec5 th\u00e0nh c\u00f4ng<\/strong>.<\/p>\n<p data-start=\"1066\" data-end=\"1136\">V\u1edbi m\u1ed9t c\u00f4ng th\u1ee9c duy nh\u1ea5t, b\u1ea1n c\u00f3 th\u1ec3 ch\u1ebf bi\u1ebfn 3 lo\u1ea1i b\u00e1nh kinh \u0111i\u1ec3n:<\/p>\n<ul data-start=\"1137\" data-end=\"1296\">\n<li data-start=\"1137\" data-end=\"1182\">\n<p data-start=\"1139\" data-end=\"1182\"><strong data-start=\"1139\" data-end=\"1153\">\ud83e\udd5e Pancake<\/strong> \u2013 m\u1ec1m, x\u1ed1p, th\u01a1m nh\u1eb9 v\u1ecb b\u01a1<\/p>\n<\/li>\n<li data-start=\"1183\" data-end=\"1245\">\n<p data-start=\"1185\" data-end=\"1245\"><strong data-start=\"1185\" data-end=\"1198\">\ud83e\uddc7 Waffle<\/strong> \u2013 gi\u00f2n b\u00ean ngo\u00e0i, m\u1ec1m b\u00ean trong, l\u00ean m\u00e0u \u0111\u1eb9p<\/p>\n<\/li>\n<li data-start=\"1246\" data-end=\"1296\">\n<p data-start=\"1248\" data-end=\"1296\"><strong data-start=\"1248\" data-end=\"1260\">\ud83e\udd63 Crepe<\/strong> \u2013 m\u1ecfng m\u1ecbn, d\u1ec5 cu\u1ed1n nh\u00e2n ng\u1ecdt\/m\u1eb7n<\/p>\n<\/li>\n<\/ul>\n<p data-start=\"1298\" data-end=\"1439\">S\u1ea3n ph\u1ea9m \u0111\u01b0\u1ee3c \u0111\u00f3ng g\u00f3i ti\u1ec7n l\u1ee3i (850g) \u2013 ph\u00f9 h\u1ee3p cho c\u1ea3 ng\u01b0\u1eddi d\u00f9ng t\u1ea1i nh\u00e0 l\u1eabn ti\u1ec7m b\u00e1nh, qu\u00e1n caf\u00e9, m\u00f4 h\u00ecnh b\u00e1n \u0111\u1ed3 \u0103n s\u00e1ng, \u0111\u1ed3 ng\u1ecdt mang \u0111i.<\/p>\n<hr data-start=\"1441\" data-end=\"1444\" \/>\n<h3 data-start=\"1446\" data-end=\"1481\">Th\u00e0nh ph\u1ea7n v\u00e0 \u01b0u \u0111i\u1ec3m n\u1ed5i b\u1eadt<\/h3>\n<h4 data-start=\"1483\" data-end=\"1532\">Nguy\u00ean li\u1ec7u cao c\u1ea5p \u2013 Ch\u1ea5t l\u01b0\u1ee3ng chu\u1ea9n Ph\u00e1p<\/h4>\n<ul data-start=\"1533\" data-end=\"1715\">\n<li data-start=\"1533\" data-end=\"1591\">\n<p data-start=\"1535\" data-end=\"1591\">C\u00f4ng th\u1ee9c c\u1ea3i ti\u1ebfn t\u1eeb ti\u00eau chu\u1ea9n b\u00e1nh \u00c2u chuy\u00ean nghi\u1ec7p<\/p>\n<\/li>\n<li data-start=\"1592\" data-end=\"1677\">\n<p data-start=\"1594\" data-end=\"1677\">Th\u00e0nh ph\u1ea7n: b\u1ed9t m\u00ec, \u0111\u01b0\u1eddng tinh luy\u1ec7n, nguy\u00ean li\u1ec7u\u00a0 th\u1ef1c ph\u1ea9m,&#8230;<\/p>\n<\/li>\n<\/ul>\n<h4 data-start=\"1717\" data-end=\"1740\">\u01afu \u0111i\u1ec3m v\u01b0\u1ee3t tr\u1ed9i<\/h4>\n<ul data-start=\"1741\" data-end=\"2097\">\n<li data-start=\"1741\" data-end=\"1807\">\n<p data-start=\"1743\" data-end=\"1807\"><strong data-start=\"1743\" data-end=\"1758\">D\u1ec5 s\u1eed d\u1ee5ng:<\/strong> Ch\u1ec9 c\u1ea7n tr\u1ed9n b\u1ed9t theo h\u01b0\u1edbng d\u1eabn in tr\u00ean bao b\u00ec<\/p>\n<\/li>\n<li data-start=\"1808\" data-end=\"1875\">\n<p data-start=\"1810\" data-end=\"1875\"><strong data-start=\"1810\" data-end=\"1822\">\u0110a n\u0103ng:<\/strong> M\u1ed9t g\u00f3i b\u1ed9t \u2013 3 ki\u1ec3u b\u00e1nh \u2013 linh ho\u1ea1t cho m\u1ecdi menu<\/p>\n<\/li>\n<li data-start=\"1876\" data-end=\"1945\">\n<p data-start=\"1878\" data-end=\"1945\"><strong data-start=\"1878\" data-end=\"1902\">Ti\u1ebft ki\u1ec7m th\u1eddi gian:<\/strong> Kh\u00f4ng c\u1ea7n chu\u1ea9n b\u1ecb qu\u00e1 nhi\u1ec1u nguy\u00ean li\u1ec7u<\/p>\n<\/li>\n<li data-start=\"1946\" data-end=\"2020\">\n<p data-start=\"1948\" data-end=\"2020\"><strong data-start=\"1948\" data-end=\"1973\">T\u1ec9 l\u1ec7 th\u00e0nh c\u00f4ng cao:<\/strong> B\u00e1nh lu\u00f4n \u0111\u1ea1t \u0111\u01b0\u1ee3c k\u1ebft c\u1ea5u \u0111\u1eb9p, d\u1ec5 trang tr\u00ed<\/p>\n<\/li>\n<li data-start=\"2021\" data-end=\"2097\">\n<p data-start=\"2023\" data-end=\"2097\"><strong data-start=\"2023\" data-end=\"2051\">Ph\u00f9 h\u1ee3p nhi\u1ec1u \u0111\u1ed1i t\u01b0\u1ee3ng:<\/strong> D\u00e0nh cho ng\u01b0\u1eddi m\u1edbi b\u1eaft \u0111\u1ea7u l\u1eabn ng\u01b0\u1eddi l\u00e0m ngh\u1ec1<\/p>\n<\/li>\n<\/ul>\n<hr data-start=\"2099\" data-end=\"2102\" \/>\n<h3 data-start=\"2104\" data-end=\"2144\">H\u01b0\u1edbng d\u1eabn s\u1eed d\u1ee5ng b\u1ed9t l\u00e0m b\u00e1nh 3in1 D\u00e9limix<\/h3>\n<p data-start=\"2146\" data-end=\"2169\"><strong>B\u01b0\u1edbc 1: Tr\u1ed9n b\u1ed9t<\/strong><\/p>\n<p data-start=\"2170\" data-end=\"2290\">Cho b\u1ed9t v\u00e0o t\u00f4 s\u1ea1ch, th\u00eam n\u01b0\u1edbc tr\u1ee9ng v\u00e0 d\u1ea7u ho\u1eb7c b\u01a1 theo h\u01b0\u1edbng d\u1eabn tr\u00ean bao b\u00ec (t\u00f9y lo\u1ea1i b\u00e1nh). Khu\u1ea5y \u0111\u1ec1u \u0111\u1ebfn khi h\u1ed7n h\u1ee3p m\u1ecbn, kh\u00f4ng v\u00f3n c\u1ee5c.<\/p>\n<blockquote data-start=\"2292\" data-end=\"2359\">\n<p data-start=\"2294\" data-end=\"2359\">\ud83d\udca1 G\u1ee3i \u00fd: B\u1ea1n c\u00f3 th\u1ec3 thay n\u01b0\u1edbc b\u1eb1ng s\u1eefa t\u01b0\u01a1i \u0111\u1ec3 t\u0103ng \u0111\u1ed9 b\u00e9o ng\u1eady.<\/p>\n<\/blockquote>\n<p data-start=\"2361\" data-end=\"2386\"><strong>B\u01b0\u1edbc 2: N\u01b0\u1edbng b\u00e1nh<\/strong><\/p>\n<ul data-start=\"2387\" data-end=\"2673\">\n<li data-start=\"2387\" data-end=\"2483\">\n<p data-start=\"2389\" data-end=\"2483\">\u0110\u1ed1i v\u1edbi <strong data-start=\"2397\" data-end=\"2408\">pancake<\/strong>: D\u00f9ng ch\u1ea3o ch\u1ed1ng d\u00ednh ho\u1eb7c m\u00e1y chuy\u00ean d\u1ee5ng, \u0111\u1ed5 b\u1ed9t v\u00e0o, n\u01b0\u1edbng l\u1eeda nh\u1ecf cho \u0111\u1ebfn khi ch\u00edn \u0111\u1ec1u 2 m\u1eb7t.<\/p>\n<\/li>\n<li data-start=\"2484\" data-end=\"2577\">\n<p data-start=\"2486\" data-end=\"2577\">\u0110\u1ed1i v\u1edbi <strong data-start=\"2494\" data-end=\"2504\">waffle<\/strong>: D\u00f9ng m\u00e1y n\u01b0\u1edbng waffle chuy\u00ean d\u1ee5ng, ph\u1ebft nh\u1eb9 l\u1edbp d\u1ea7u tr\u01b0\u1edbc khi \u0111\u1ed5 b\u1ed9t.<\/p>\n<\/li>\n<li data-start=\"2578\" data-end=\"2673\">\n<p data-start=\"2580\" data-end=\"2673\">\u0110\u1ed1i v\u1edbi <strong data-start=\"2588\" data-end=\"2597\">crepe<\/strong>: D\u00f9ng ch\u1ea3o ch\u1ed1ng d\u00ednh ho\u1eb7c m\u00e1y chuy\u00ean d\u1ee5ng, xoay tr\u00f2n \u0111\u1ec3 l\u1edbp b\u1ed9t tr\u1ea3i \u0111\u1ec1u, n\u01b0\u1edbng nhanh tay.<\/p>\n<\/li>\n<\/ul>\n<blockquote data-start=\"2675\" data-end=\"2733\">\n<p data-start=\"2677\" data-end=\"2733\">\ud83c\udfaf Th\u1eddi gian n\u01b0\u1edbng trung b\u00ecnh: 1 \u2013 2 ph\u00fat\/m\u1eb7t t\u00f9y \u0111\u1ed9 d\u00e0y<\/p>\n<\/blockquote>\n<hr data-start=\"2735\" data-end=\"2738\" \/>\n<h3 data-start=\"2740\" data-end=\"2796\">\u1ee8ng d\u1ee5ng th\u1ef1c t\u1ebf: S\u00e1ng t\u1ea1o v\u00f4 t\u1eadn v\u1edbi D\u00e9limix 3in1<\/h3>\n<h4 data-start=\"2798\" data-end=\"2830\">\ud83e\udd5e Pancake \u2013 B\u1eefa s\u00e1ng \u00eam \u0111\u1ec1m<\/h4>\n<ul data-start=\"2831\" data-end=\"2948\">\n<li data-start=\"2831\" data-end=\"2868\">\n<p data-start=\"2833\" data-end=\"2868\">\u0102n k\u00e8m m\u1eadt ong, b\u01a1, siro tr\u00e1i c\u00e2y<\/p>\n<\/li>\n<li data-start=\"2869\" data-end=\"2903\">\n<p data-start=\"2871\" data-end=\"2903\">Ph\u00f9 h\u1ee3p cho b\u1eefa s\u00e1ng l\u00e0nh m\u1ea1nh<\/p>\n<\/li>\n<li data-start=\"2904\" data-end=\"2948\">\n<p data-start=\"2906\" data-end=\"2948\">C\u00f3 th\u1ec3 d\u00f9ng l\u00e0m l\u1edbp gi\u1eefa c\u1ee7a b\u00e1nh kem mini<\/p>\n<\/li>\n<\/ul>\n<h4 data-start=\"2950\" data-end=\"2987\">\ud83e\uddc7 Waffle \u2013 \u0110\u1ed3 \u0103n v\u1eb7t b\u00e1n mang \u0111i<\/h4>\n<ul data-start=\"2988\" data-end=\"3165\">\n<li data-start=\"2988\" data-end=\"3035\">\n<p data-start=\"2990\" data-end=\"3035\">Trang tr\u00ed v\u1edbi kem t\u01b0\u01a1i, chocolate, tr\u00e1i c\u00e2y<\/p>\n<\/li>\n<li data-start=\"3036\" data-end=\"3109\">\n<p data-start=\"3038\" data-end=\"3109\">Ph\u00f9 h\u1ee3p cho menu qu\u00e1n caf\u00e9, xe b\u00e1nh v\u1ec9a h\u00e8, combo tr\u00e0 s\u1eefa \u2013 b\u00e1nh ng\u1ecdt<\/p>\n<\/li>\n<li data-start=\"3110\" data-end=\"3165\">\n<p data-start=\"3112\" data-end=\"3165\">D\u1ec5 \u0111\u00f3ng g\u00f3i \u2013 gi\u1eef \u0111\u01b0\u1ee3c \u0111\u1ed9 gi\u00f2n n\u1ebfu b\u1ea3o qu\u1ea3n \u0111\u00fang c\u00e1ch<\/p>\n<\/li>\n<\/ul>\n<h4 data-start=\"3167\" data-end=\"3214\">\ud83e\udd63 Crepe \u2013 M\u00f3n \u0103n \u0111\u01b0\u1eddng ph\u1ed1 phong c\u00e1ch Ph\u00e1p<\/h4>\n<ul data-start=\"3215\" data-end=\"3386\">\n<li data-start=\"3215\" data-end=\"3261\">\n<p data-start=\"3217\" data-end=\"3261\">Cu\u1ed1n nh\u00e2n tr\u00e1i c\u00e2y, s\u00f4-c\u00f4-la, m\u1ee9t, kem m\u1eb7n<\/p>\n<\/li>\n<li data-start=\"3262\" data-end=\"3322\">\n<p data-start=\"3264\" data-end=\"3322\">C\u00f3 th\u1ec3 d\u00f9ng l\u00e0m m\u00f3n m\u1eb7n: cu\u1ed1n th\u1ecbt ngu\u1ed9i, ph\u00f4 mai, tr\u1ee9ng<\/p>\n<\/li>\n<li data-start=\"3323\" data-end=\"3386\">\n<p data-start=\"3325\" data-end=\"3386\">B\u00e1n t\u1ea1i ch\u1ee3 \u0111\u00eam, h\u1ed9i ch\u1ee3 \u1ea9m th\u1ef1c, ho\u1eb7c l\u00e0m t\u1ea1i gia cho b\u00e9 y\u00eau<\/p>\n<\/li>\n<\/ul>\n<hr data-start=\"3388\" data-end=\"3391\" \/>\n<h3 data-start=\"3393\" data-end=\"3427\">\u00a0Ai c\u00f3 th\u1ec3 s\u1eed d\u1ee5ng B\u1ed9t L\u00e0m B\u00e1nh 3in1?<\/h3>\n<p data-start=\"3429\" data-end=\"3497\">\ud83d\udc69\u200d\ud83c\udf73 Ng\u01b0\u1eddi n\u1ed9i tr\u1ee3 \u2013 mu\u1ed1n l\u00e0m b\u00e1nh nhanh, ngon, d\u1ec5 th\u00e0nh c\u00f4ng<\/p>\n<p data-start=\"3498\" data-end=\"3580\">\ud83d\udc68\u200d\ud83d\udc69\u200d\ud83d\udc67\u200d\ud83d\udc66 Gia \u0111\u00ecnh c\u00f3 tr\u1ebb nh\u1ecf \u2013 mu\u1ed1n t\u1ea1o ho\u1ea1t \u0111\u1ed9ng l\u00e0m b\u00e1nh vui v\u1ebb t\u1ea1i nh\u00e0<\/p>\n<p data-start=\"3581\" data-end=\"3653\">\ud83e\uddc1 Ch\u1ee7 qu\u00e1n caf\u00e9 \u2013 c\u1ea7n nguy\u00ean li\u1ec7u l\u00e0m b\u00e1nh \u0111\u01a1n gi\u1ea3n nh\u01b0ng h\u1ea5p d\u1eabn<\/p>\n<p data-start=\"3654\" data-end=\"3737\">\ud83d\udecd Ng\u01b0\u1eddi kinh doanh online \u2013 mu\u1ed1n m\u1edf r\u1ed9ng menu ng\u1ecdt ho\u1eb7c th\u1eed b\u00e1n b\u00e1nh t\u1ea1i nh\u00e0<\/p>\n<p data-start=\"3738\" data-end=\"3806\">\ud83e\uddf3 Kh\u00e1ch s\u1ea1n \u2013 nh\u00e0 ngh\u1ec9 \u2013 n\u01a1i cung c\u1ea5p b\u1eefa s\u00e1ng buffet nh\u1eb9 nh\u00e0ng<\/p>\n<hr data-start=\"3808\" data-end=\"3811\" \/>\n<h2 data-start=\"3813\" data-end=\"3868\">\u00a0D\u00e9limix \u2013 S\u1ea3n ph\u1ea9m \u0111\u1ebfn t\u1eeb th\u01b0\u01a1ng hi\u1ec7u uy t\u00edn<\/h2>\n<p data-start=\"3870\" data-end=\"4012\"><a href=\"https:\/\/tim-corp.com.vn\/en\/\" target=\"_blank\" rel=\"noopener\"><strong data-start=\"3870\" data-end=\"3882\">Tim Corp<\/strong><\/a> \u2013 doanh nghi\u1ec7p chuy\u00ean cung c\u1ea5p <strong data-start=\"3914\" data-end=\"3940\">gi\u1ea3i ph\u00e1p F&amp;B tr\u1ecdn g\u00f3i<\/strong> cho th\u1ecb tr\u01b0\u1eddng Vi\u1ec7t Nam, s\u1edf h\u1eefu nhi\u1ec1u th\u01b0\u01a1ng hi\u1ec7u m\u1ea1nh trong ng\u00e0nh nh\u01b0:<\/p>\n<ul data-start=\"4013\" data-end=\"4182\">\n<li data-start=\"4013\" data-end=\"4047\">\n<p data-start=\"4015\" data-end=\"4047\"><strong data-start=\"4015\" data-end=\"4023\">D\u00e9li<\/strong> \u2013 nguy\u00ean li\u1ec7u pha ch\u1ebf<\/p>\n<\/li>\n<li data-start=\"4048\" data-end=\"4095\">\n<p data-start=\"4050\" data-end=\"4095\"><strong data-start=\"4050\" data-end=\"4064\">Tim Bakery<\/strong> \u2013 gi\u1ea3i ph\u00e1p b\u00e1nh v\u00e0 thi\u1ebft b\u1ecb<\/p>\n<\/li>\n<li data-start=\"4096\" data-end=\"4127\">\n<p data-start=\"4098\" data-end=\"4127\"><strong data-start=\"4098\" data-end=\"4108\">Gelato<\/strong> \u2013 kem \u00dd chu\u1ea9n v\u1ecb<\/p>\n<\/li>\n<li data-start=\"4128\" data-end=\"4182\">\n<p data-start=\"4130\" data-end=\"4182\"><strong data-start=\"4130\" data-end=\"4142\">Chocolab<\/strong> \u2013 h\u00e0nh tr\u00ecnh l\u00e0m s\u00f4-c\u00f4-la t\u1eeb h\u1ea1t ca cao<\/p>\n<\/li>\n<\/ul>\n<p data-start=\"4184\" data-end=\"4356\">B\u1ed9t L\u00e0m B\u00e1nh 3in1 l\u00e0 m\u1ed9t ph\u1ea7n trong b\u1ed9 s\u1ea3n ph\u1ea9m <strong data-start=\"4231\" data-end=\"4290\">\u201cL\u00e0m b\u00e1nh t\u1ea1i nh\u00e0 \u0111\u01a1n gi\u1ea3n \u2013 chu\u1ea9n v\u1ecb \u2013 th\u00e0nh c\u00f4ng cao\u201d<\/strong>, \u0111\u01b0\u1ee3c nghi\u00ean c\u1ee9u k\u1ef9 l\u01b0\u1ee1ng t\u1eeb nhu c\u1ea7u th\u1ef1c t\u1ebf c\u1ee7a ng\u01b0\u1eddi d\u00f9ng Vi\u1ec7t.<\/p>\n<hr data-start=\"4358\" data-end=\"4361\" \/>\n<h3 data-start=\"4363\" data-end=\"4393\">\u00a0C\u00e2u h\u1ecfi th\u01b0\u1eddng g\u1eb7p (FAQ)<\/h3>\n<h4 data-start=\"4395\" data-end=\"4441\">\u2753 C\u00f3 th\u1ec3 th\u00eam tr\u1ee9ng ho\u1eb7c b\u01a1 v\u00e0o b\u1ed9t kh\u00f4ng?<\/h4>\n<p data-start=\"4442\" data-end=\"4540\">\u2192 Ho\u00e0n to\u00e0n \u0111\u01b0\u1ee3c! N\u1ebfu b\u1ea1n th\u00edch b\u00e1nh b\u00e9o, b\u1ea1n c\u00f3 th\u1ec3 bi\u1ebfn t\u1ea5u th\u00eam tr\u1ee9ng g\u00e0, b\u01a1 tan ch\u1ea3y ho\u1eb7c s\u1eefa.<\/p>\n<h4 data-start=\"4542\" data-end=\"4575\">\u2753 C\u00f3 th\u1ec3 l\u00e0m b\u00e1nh chay kh\u00f4ng?<\/h4>\n<p data-start=\"4576\" data-end=\"4729\">\u2192 D\u00e9limix 3in1 <strong data-start=\"4591\" data-end=\"4629\">kh\u00f4ng ch\u1ee9a tr\u1ee9ng ho\u1eb7c s\u1eefa \u0111\u1ed9ng v\u1eadt<\/strong>, b\u1ea1n c\u00f3 th\u1ec3 tr\u1ed9n b\u1ed9t v\u1edbi n\u01b0\u1edbc ho\u1eb7c s\u1eefa th\u1ef1c v\u1eadt (nh\u01b0 s\u1eefa h\u1ea1nh nh\u00e2n, s\u1eefa \u0111\u1eadu n\u00e0nh) \u0111\u1ec3 l\u00e0m b\u00e1nh chay.<\/p>\n<h4 data-start=\"4890\" data-end=\"4923\">\u2753 Th\u1eddi gian b\u1ea3o qu\u1ea3n bao l\u00e2u?<\/h4>\n<p data-start=\"4924\" data-end=\"4995\">\u2192 H\u1ea1n s\u1eed d\u1ee5ng 9 th\u00e1ng. B\u1ea3o qu\u1ea3n n\u01a1i kh\u00f4 r\u00e1o, tr\u00e1nh \u00e1nh n\u1eafng tr\u1ef1c ti\u1ebfp.<\/p>\n<hr data-start=\"4997\" data-end=\"5000\" \/>\n<h3 data-start=\"5002\" data-end=\"5031\">Mua B\u1ed9t L\u00e0m B\u00e1nh 3in1 \u1edf \u0111\u00e2u?<\/h3>\n<p data-start=\"5033\" data-end=\"5088\">B\u1ea1n c\u00f3 th\u1ec3 \u0111\u1eb7t mua B\u1ed9t L\u00e0m B\u00e1nh 3in1<strong data-start=\"5052\" data-end=\"5083\">\u00a0ch\u00ednh h\u00e3ng<\/strong> t\u1ea1i:<\/p>\n<ul data-start=\"5089\" data-end=\"5225\">\n<li data-start=\"5089\" data-end=\"5157\">\n<p data-start=\"5091\" data-end=\"5157\">\ud83c\udf10 Website: <a class=\"\" href=\"https:\/\/shop.tim-deli.vn\" target=\"_new\" rel=\"noopener\" data-start=\"5103\" data-end=\"5155\">https:\/\/shop.tim-deli.vn<\/a><\/p>\n<\/li>\n<li data-start=\"5158\" data-end=\"5186\">\n<p data-start=\"5160\" data-end=\"5186\">\ud83d\udcde Hotline: 090 1199 076<\/p>\n<\/li>\n<li data-start=\"5187\" data-end=\"5225\">\n<p data-start=\"5189\" data-end=\"5225\">\ud83d\udce9 Email: <a class=\"cursor-pointer\" rel=\"noopener\" data-start=\"5199\" data-end=\"5225\">sales-deli@tim-corp.com.vn<\/a><\/p>\n<\/li>\n<\/ul>\n<p data-start=\"5227\" data-end=\"5302\">Giao h\u00e0ng to\u00e0n qu\u1ed1c \u2013 H\u1ed7 tr\u1ee3 t\u01b0 v\u1ea5n \u2013 Gi\u00e1 \u01b0u \u0111\u00e3i cho \u0111\u1ea1i l\u00fd &amp; kh\u00e1ch mua s\u1ec9!<\/p>\n<hr data-start=\"5304\" data-end=\"5307\" \/>\n<p data-start=\"5309\" data-end=\"5366\"><strong>H\u00e3y \u0111\u1ec3 b\u00e1nh ng\u1ecdt b\u1eaft \u0111\u1ea7u t\u1eeb \u0111i\u1ec1u \u0111\u01a1n gi\u1ea3n<\/strong><\/p>\n<p data-start=\"5368\" data-end=\"5539\">B\u1ea1n kh\u00f4ng c\u1ea7n ph\u1ea3i l\u00e0 \u0111\u1ea7u b\u1ebfp chuy\u00ean nghi\u1ec7p \u0111\u1ec3 c\u00f3 th\u1ec3 l\u00e0m n\u00ean nh\u1eefng chi\u1ebfc b\u00e1nh th\u01a1m ngon.<br data-start=\"5457\" data-end=\"5460\" \/>Ch\u1ec9 c\u1ea7n m\u1ed9t chi\u1ebfc ch\u1ea3o \u2013 m\u1ed9t g\u00f3i B\u1ed9t L\u00e0m B\u00e1nh 3in1\u00a0\u2013 v\u00e0 m\u1ed9t ch\u00fat c\u1ea3m h\u1ee9ng l\u00e0 \u0111\u1ee7.<\/p>\n<p data-start=\"5541\" data-end=\"5744\">H\u00e3y \u0111\u1ec3 m\u1ed7i bu\u1ed5i s\u00e1ng, m\u1ed7i bu\u1ed5i tr\u00e0 chi\u1ec1u, m\u1ed7i b\u1eefa \u0103n nh\u1eb9 t\u1ea1i qu\u00e1n c\u1ee7a b\u1ea1n tr\u1edf n\u00ean \u1ea5m \u00e1p, tr\u1ecdn v\u1eb9n h\u01a1n \u2013 v\u1edbi <strong data-start=\"5649\" data-end=\"5688\">nh\u1eefng chi\u1ebfc b\u00e1nh mang h\u01b0\u01a1ng v\u1ecb Ph\u00e1p<\/strong> nh\u01b0ng \u0111\u01b0\u1ee3c l\u00e0m th\u1eadt d\u1ec5 d\u00e0ng, t\u1ea1i ch\u00ednh c\u0103n b\u1ebfp c\u1ee7a b\u1ea1n.<\/p>\n<hr data-start=\"5746\" data-end=\"5749\" \/>\n<p data-start=\"5751\" data-end=\"5866\"><strong data-start=\"5751\" data-end=\"5866\">#Delimix3in1 #LamBanhTaiNha #BotLamPancake #BotWaffle #BotCrepe #GiaiPhapBakery #TimBakery #BotLamBanhChuanPhap<\/strong><\/p>\n","protected":false},"excerpt":{"rendered":"<p><strong>TH\u00d4NG TIN CHI TI\u1ebeT S\u1ea2N PH\u1ea8M<\/strong><\/p>\n<p class=\"QN2lPu\"><strong>Tr\u1ecdng l\u01b0\u1ee3ng:<\/strong> 850g\/t\u00fai<\/p>\n<p class=\"QN2lPu\"><strong>NSX:<\/strong>\u00a0in tr\u00ean bao b\u00ec.<\/p>\n<p class=\"QN2lPu\"><strong>HSD:<\/strong> 9 th\u00e1ng k\u1ec3 t\u1eeb ng\u00e0y s\u1ea3n xu\u1ea5t.<\/p>\n<p class=\"\" data-start=\"1032\" data-end=\"1094\"><strong data-start=\"1032\" data-end=\"1047\">Th\u00e0nh ph\u1ea7n:<\/strong> B\u1ed9t m\u00ec, \u0111\u01b0\u1eddng tinh luy\u1ec7n, mu\u1ed1i, &#8230;<\/p>\n<p class=\"\" data-start=\"1097\" data-end=\"1191\"><strong data-start=\"1097\" data-end=\"1111\">C\u00f4ng d\u1ee5ng:<\/strong> L\u00e0m b\u00e1nh Pancake, Waffle &amp; Crepe<\/p>\n<p class=\"\" data-start=\"1194\" data-end=\"1301\"><strong data-start=\"1194\" data-end=\"1217\">H\u01b0\u1edbng d\u1eabn b\u1ea3o qu\u1ea3n:<\/strong> \u0110\u1ec3 n\u01a1i kh\u00f4 r\u00e1o, tho\u00e1ng m\u00e1t.<\/p>\n","protected":false},"featured_media":9763,"comment_status":"open","ping_status":"closed","template":"","meta":{"_acf_changed":false,"inline_featured_image":false},"product_brand":[],"product_cat":[278,153,133,170,134],"product_tag":[],"class_list":{"0":"post-10606","1":"product","2":"type-product","3":"status-publish","4":"has-post-thumbnail","6":"product_cat-san-pham-khac","7":"product_cat-nguyen-lieu-lam-banh","8":"product_cat-de-xuat-cua-hang","9":"product_cat-duoc-goi-y","10":"product_cat-duoc-mua-nhieu-nhat","13":"instock","14":"taxable","15":"shipping-taxable","16":"purchasable","17":"product-type-simple"},"acf":[],"_links":{"self":[{"href":"https:\/\/shop.tim-deli.vn\/vi\/wp-json\/wp\/v2\/product\/10606","targetHints":{"allow":["GET"]}}],"collection":[{"href":"https:\/\/shop.tim-deli.vn\/vi\/wp-json\/wp\/v2\/product"}],"about":[{"href":"https:\/\/shop.tim-deli.vn\/vi\/wp-json\/wp\/v2\/types\/product"}],"replies":[{"embeddable":true,"href":"https:\/\/shop.tim-deli.vn\/vi\/wp-json\/wp\/v2\/comments?post=10606"}],"version-history":[{"count":5,"href":"https:\/\/shop.tim-deli.vn\/vi\/wp-json\/wp\/v2\/product\/10606\/revisions"}],"predecessor-version":[{"id":11252,"href":"https:\/\/shop.tim-deli.vn\/vi\/wp-json\/wp\/v2\/product\/10606\/revisions\/11252"}],"wp:featuredmedia":[{"embeddable":true,"href":"https:\/\/shop.tim-deli.vn\/vi\/wp-json\/wp\/v2\/media\/9763"}],"wp:attachment":[{"href":"https:\/\/shop.tim-deli.vn\/vi\/wp-json\/wp\/v2\/media?parent=10606"}],"wp:term":[{"taxonomy":"product_brand","embeddable":true,"href":"https:\/\/shop.tim-deli.vn\/vi\/wp-json\/wp\/v2\/product_brand?post=10606"},{"taxonomy":"product_cat","embeddable":true,"href":"https:\/\/shop.tim-deli.vn\/vi\/wp-json\/wp\/v2\/product_cat?post=10606"},{"taxonomy":"product_tag","embeddable":true,"href":"https:\/\/shop.tim-deli.vn\/vi\/wp-json\/wp\/v2\/product_tag?post=10606"}],"curies":[{"name":"wp","href":"https:\/\/api.w.org\/{rel}","templated":true}]}}