{"id":10574,"date":"2025-07-29T15:56:34","date_gmt":"2025-07-29T08:56:34","guid":{"rendered":"https:\/\/shop.tim-deli.vn\/?post_type=product&#038;p=10574"},"modified":"2025-07-29T15:56:38","modified_gmt":"2025-07-29T08:56:38","slug":"vien-mat-ong-nghe-vang-tyran-hu-thuy-tinh-100gr-2","status":"publish","type":"product","link":"https:\/\/shop.tim-deli.vn\/vi\/san-pham\/vien-mat-ong-nghe-vang-tyran-hu-thuy-tinh-100gr-2\/","title":{"rendered":"Vi\u00ean m\u1eadt ong ngh\u1ec7 v\u00e0ng Tyran &#8211; H\u1ee7 th\u1ee7y tinh 100gr"},"content":{"rendered":"<p><strong>C\u00f4ng d\u1ee5ng:<\/strong><\/p>\n<p class=\"QN2lPu\">&#8211; Cung c\u1ea5p c\u00e1c ch\u1ea5t dinh d\u01b0\u1ee1ng gi\u00fap t\u1ed1t cho ng\u01b0\u1eddi b\u1ec7nh m\u1edbi kh\u1ecfi, ph\u1ee5 n\u1eef sau sinh, h\u1ed7 tr\u1ee3 l\u00e0m gi\u1ea3m vi\u00eam lo\u00e9t d\u1ea1 d\u00e0y v\u00e0 t\u00e1 tr\u00e0ng.<\/p>\n<p class=\"QN2lPu\">&#8211; Vi\u00ean ngh\u1ec7 m\u1eadt ong c\u00f3 ch\u1ee9a tinh ch\u1ea5t curcumin, vitamin C, E gi\u00fap tr\u1eafng da v\u00e0 cung c\u1ea5p \u0111\u1ed9 \u1ea9m cho da, gi\u00fap ch\u1ed1ng vi\u00eam v\u00e0 sung do m\u1ee5n g\u00e2y ra.<\/p>\n<p class=\"QN2lPu\">&#8211; Vi\u00ean ngh\u1ec7 m\u1eadt ong c\u00f3 th\u1ec3 ho\u00e0 tan trong s\u1eefa chua kh\u00f4ng \u0111\u01b0\u1eddng t\u1ea1o th\u00e0nh h\u1ed7n h\u1ee3p d\u00f9ng \u0111\u1ec3 \u0111\u1eafp m\u1eb7t d\u01b0\u1ee1ng da, l\u00e0m s\u00e1ng da v\u00e0 xo\u00e1 m\u1edd th\u00e2m n\u00e1m.<\/p>\n<p class=\"QN2lPu\">&#8211; Gi\u00fap t\u0103ng c\u01b0\u1eddng h\u1ec7 th\u1ed1ng mi\u1ec5n d\u1ecbch, gi\u1ea3i \u0111\u1ed9c c\u01a1 th\u1ec3, t\u1ed1t cho ti\u00eau ho\u00e1, ki\u1ec3m so\u00e1t \u0111\u01b0\u1ee3c b\u1ec7nh ti\u1ec3u \u0111\u01b0\u1eddng.<\/p>\n<p class=\"QN2lPu\">&#8211; Vi\u00ean ngh\u1ec7 m\u1eadt ong c\u00f2n c\u00f3 kh\u1ea3 n\u0103ng ng\u0103n ng\u1eeba b\u1ec7nh g\u00fat, vi\u00eam c\u01a1 kh\u1edbp, thanh l\u1ecdc gan gi\u00fap c\u01a1 th\u1ec3 lu\u00f4n \u0111\u01b0\u1ee3c kh\u1ecfe m\u1ea1nh.<\/p>\n<p class=\"QN2lPu\">&#8211; U\u1ed1ng ngh\u1ec7 vi\u00ean m\u1eadt ong m\u1ed7i ng\u00e0y gi\u00fap an th\u1ea7n, ng\u1ee7 ngon, gi\u1ea3m c\u0103ng th\u1eb3ng v\u00e0 l\u00e0m gi\u1ea3m qu\u00e1 tr\u00ecnh l\u00e3o ho\u00e1.<\/p>\n<p class=\"QN2lPu\">&#8211; Ngo\u00e0i ra ngh\u1ec7 vi\u00ean m\u1eadt ong v\u1eeba c\u00f3 kh\u1ea3 n\u0103ng k\u00edch th\u00edch t\u0103ng c\u00e2n v\u1eeba \u0111\u1ed1t ch\u00e1y m\u1ee1 th\u1eeba gi\u00fap ch\u1ecb em kh\u00f4ng lo b\u00e9o ph\u00ec.<\/p>\n","protected":false},"excerpt":{"rendered":"<p class=\"QN2lPu\">Th\u00e0nh ph\u1ea7n: 70% b\u1ed9t ngh\u1ec7 v\u00e0ng, 30% m\u1eadt ong nguy\u00ean ch\u1ea5t<\/p>\n<p class=\"QN2lPu\">Tr\u1ecdng l\u01b0\u1ee3ng: 100gr<\/p>\n<p class=\"QN2lPu\">HSD: 3 n\u0103m k\u1ec3 t\u1eeb ng\u00e0y s\u1ea3n xu\u1ea5t.<\/p>\n<p class=\"QN2lPu\">Xu\u1ea5t x\u1ee9: Vi\u1ec7t Nam<\/p>\n<p class=\"QN2lPu\">H\u01b0\u1edbng d\u1eabn s\u1eed d\u1ee5ng: ng\u00e0y 2 l\u1ea7n, m\u1ed7i l\u1ea7n 10 vi\u00ean , u\u1ed1ng khi \u0103n 30 ph\u00fat.<\/p>\n<p class=\"QN2lPu\">Th\u00f4ng tin c\u1ea3nh b\u00e1o: kh\u00f4ng d\u00f9ng cho ph\u1ee5 n\u1eef mang thai. kh\u00f4ng d\u00f9ng s\u1ea3n ph\u1ea9m khi h\u1ebft h\u1ea1n s\u1eed d\u1ee5ng.<\/p>\n<p class=\"QN2lPu\">H\u01b0\u1edbng d\u1eabn b\u1ea3o qu\u1ea3n: B\u1ea3o qu\u1ea3n n\u01a1i kh\u00f4 r\u00e1o, tho\u00e1ng m\u00e1t, tr\u00e1nh \u00e1nh n\u1eafng m\u1eb7t tr\u1eddi.<\/p>\n<p class=\"QN2lPu\">*** S\u1ea3n ph\u1ea9m n\u00e0y kh\u00f4ng ph\u1ea3i l\u00e0 thu\u1ed1c, kh\u00f4ng c\u00f3 t\u00e1c d\u1ee5ng thay th\u1ebf thu\u1ed1c ch\u1eefa b\u1ec7nh<\/p>\n","protected":false},"featured_media":8298,"comment_status":"open","ping_status":"closed","template":"","meta":{"_acf_changed":false,"inline_featured_image":false},"product_brand":[],"product_cat":[189],"product_tag":[],"class_list":{"0":"post-10574","1":"product","2":"type-product","3":"status-publish","4":"has-post-thumbnail","6":"product_cat-thuc-pham-chuc-nang","9":"instock","10":"taxable","11":"shipping-taxable","12":"purchasable","13":"product-type-simple"},"acf":[],"_links":{"self":[{"href":"https:\/\/shop.tim-deli.vn\/vi\/wp-json\/wp\/v2\/product\/10574","targetHints":{"allow":["GET"]}}],"collection":[{"href":"https:\/\/shop.tim-deli.vn\/vi\/wp-json\/wp\/v2\/product"}],"about":[{"href":"https:\/\/shop.tim-deli.vn\/vi\/wp-json\/wp\/v2\/types\/product"}],"replies":[{"embeddable":true,"href":"https:\/\/shop.tim-deli.vn\/vi\/wp-json\/wp\/v2\/comments?post=10574"}],"version-history":[{"count":1,"href":"https:\/\/shop.tim-deli.vn\/vi\/wp-json\/wp\/v2\/product\/10574\/revisions"}],"predecessor-version":[{"id":10601,"href":"https:\/\/shop.tim-deli.vn\/vi\/wp-json\/wp\/v2\/product\/10574\/revisions\/10601"}],"wp:featuredmedia":[{"embeddable":true,"href":"https:\/\/shop.tim-deli.vn\/vi\/wp-json\/wp\/v2\/media\/8298"}],"wp:attachment":[{"href":"https:\/\/shop.tim-deli.vn\/vi\/wp-json\/wp\/v2\/media?parent=10574"}],"wp:term":[{"taxonomy":"product_brand","embeddable":true,"href":"https:\/\/shop.tim-deli.vn\/vi\/wp-json\/wp\/v2\/product_brand?post=10574"},{"taxonomy":"product_cat","embeddable":true,"href":"https:\/\/shop.tim-deli.vn\/vi\/wp-json\/wp\/v2\/product_cat?post=10574"},{"taxonomy":"product_tag","embeddable":true,"href":"https:\/\/shop.tim-deli.vn\/vi\/wp-json\/wp\/v2\/product_tag?post=10574"}],"curies":[{"name":"wp","href":"https:\/\/api.w.org\/{rel}","templated":true}]}}