{"id":10572,"date":"2025-07-29T15:56:34","date_gmt":"2025-07-29T08:56:34","guid":{"rendered":"https:\/\/shop.tim-deli.vn\/?post_type=product&#038;p=10572"},"modified":"2025-11-25T10:05:31","modified_gmt":"2025-11-25T03:05:31","slug":"tra-lai-thuong-hang-deli-400gr-2","status":"publish","type":"product","link":"https:\/\/shop.tim-deli.vn\/vi\/san-pham\/tra-lai-thuong-hang-deli-400gr-2\/","title":{"rendered":"Tr\u00e0 L\u00e0i Th\u01b0\u1ee3ng H\u1ea1ng D\u00e9li &#8211; 400gr"},"content":{"rendered":"<p class=\"QN2lPu\">NGU\u1ed2N G\u1ed0C S\u1ea2N PH\u1ea8M<\/p>\n<p class=\"\" data-start=\"438\" data-end=\"684\">Tr\u00e0 L\u00e0i \u2013 hay c\u00f2n g\u1ecdi l\u00e0 Tr\u00e0 Hoa Nh\u00e0i, l\u00e0 s\u1ef1 k\u1ebft h\u1ee3p tinh t\u1ebf gi\u1eefa tr\u00e0 xanh nguy\u00ean ch\u1ea5t v\u00e0 hoa l\u00e0i t\u1ef1 nhi\u00ean. S\u1ea3n ph\u1ea9m \u0111\u01b0\u1ee3c ch\u1ebf bi\u1ebfn tr\u1ef1c ti\u1ebfp t\u1eeb v\u00f9ng nguy\u00ean li\u1ec7u C\u1ea7u \u0110\u1ea5t, L\u00e2m \u0110\u1ed3ng, n\u01a1i c\u00f3 \u0111\u1ed9 cao h\u01a1n 1.600m so v\u1edbi m\u1ef1c n\u01b0\u1edbc bi\u1ec3n.<\/p>\n<p class=\"\" data-start=\"686\" data-end=\"948\">C\u1ea7u \u0110\u1ea5t n\u1ed5i ti\u1ebfng v\u1edbi kh\u00ed h\u1eadu \u00f4n h\u00f2a quanh n\u0103m v\u00e0 th\u1ed5 nh\u01b0\u1ee1ng Bazan m\u00e0u m\u1ee1, l\u00e0 n\u01a1i s\u1ea3n sinh ra nh\u1eefng \u0111\u1ed3i tr\u00e0 xanh ch\u1ea5t l\u01b0\u1ee3ng cao. Ch\u00ednh \u0111i\u1ec1u ki\u1ec7n t\u1ef1 nhi\u00ean n\u00e0y \u0111\u00e3 t\u1ea1o n\u00ean tr\u00e0 xanh C\u1ea7u \u0110\u1ea5t v\u1edbi h\u01b0\u01a1ng v\u1ecb thanh khi\u1ebft, h\u1eadu ng\u1ecdt s\u00e2u v\u00e0 h\u01b0\u01a1ng th\u01a1m r\u1ea5t ri\u00eang bi\u1ec7t.<\/p>\n<p class=\"\" data-start=\"950\" data-end=\"1242\">To\u00e0n b\u1ed9 Tr\u00e0 L\u00e0i C\u1ea7u \u0110\u1ea5t \u0111\u01b0\u1ee3c thu h\u00e1i th\u1ee7 c\u00f4ng, ch\u1ecdn l\u1ecdc k\u1ef9 c\u00e0ng nh\u1eefng b\u00fap tr\u00e0 t\u01b0\u01a1i, sau \u0111\u00f3 tr\u1ea3i qua nhi\u1ec1u l\u1ea7n sao \u1ee7 v\u1edbi hoa l\u00e0i \u0111\u1ec3 cho ra lo\u1ea1i tr\u00e0 c\u00f3 h\u01b0\u01a1ng th\u01a1m nh\u1eb9 nh\u00e0ng, d\u1ec5 ch\u1ecbu. Khi pha, tr\u00e0 t\u1ea1o n\u00ean c\u1ea3m gi\u00e1c th\u01b0 gi\u00e3n v\u00e0 khoan kho\u00e1i, r\u1ea5t ph\u00f9 h\u1ee3p \u0111\u1ec3 th\u01b0\u1edfng th\u1ee9c m\u1ed7i ng\u00e0y.<\/p>\n<p class=\"QN2lPu\">C\u00d4NG D\u1ee4NG C\u1ee6A TR\u00c0 L\u00c0I<\/p>\n<ul>\n<li class=\"\" data-start=\"1410\" data-end=\"1490\">\n<p class=\"\" data-start=\"1412\" data-end=\"1490\">Gi\u00fap gi\u1ea3m c\u0103ng th\u1eb3ng, lo \u00e2u v\u00e0 stress nh\u1edd h\u01b0\u01a1ng th\u01a1m d\u1ecbu nh\u1eb9 t\u1eeb hoa nh\u00e0i<\/p>\n<\/li>\n<li class=\"\" data-start=\"1491\" data-end=\"1569\">\n<p class=\"\" data-start=\"1493\" data-end=\"1569\">H\u1ed7 tr\u1ee3 \u0111i\u1ec1u h\u00f2a huy\u1ebft \u00e1p, gi\u1ea3m cholesterol v\u00e0 t\u0103ng c\u01b0\u1eddng l\u01b0u th\u00f4ng m\u00e1u<\/p>\n<\/li>\n<li class=\"\" data-start=\"1570\" data-end=\"1651\">\n<p class=\"\" data-start=\"1572\" data-end=\"1651\">T\u0103ng c\u01b0\u1eddng h\u1ec7 mi\u1ec5n d\u1ecbch, h\u1ed7 tr\u1ee3 ph\u00f2ng ch\u1ed1ng c\u00e1c b\u1ec7nh do vi khu\u1ea9n v\u00e0 virus<\/p>\n<\/li>\n<li class=\"\" data-start=\"1652\" data-end=\"1725\">\n<p class=\"\" data-start=\"1654\" data-end=\"1725\">Gi\u00fap gi\u1ea3i nhi\u1ec7t, thanh l\u1ecdc c\u01a1 th\u1ec3 v\u00e0 l\u00e0m \u0111\u1eb9p da n\u1ebfu s\u1eed d\u1ee5ng \u0111\u1ec1u \u0111\u1eb7n<\/p>\n<\/li>\n<\/ul>\n<p class=\"QN2lPu\">TH\u00d4NG TIN CHI TI\u1ebeT S\u1ea2N PH\u1ea8M<\/p>\n<p class=\"QN2lPu\"><strong>Th\u00e0nh ph\u1ea7n:<\/strong> tr\u00e0 xanh ch\u1ea5t l\u01b0\u1ee3ng v\u00e0 hoa l\u00e0i<\/p>\n<p class=\"QN2lPu\"><strong>Tr\u1ecdng l\u01b0\u1ee3ng:<\/strong> 400gr\/t\u00fai<\/p>\n<p class=\"QN2lPu\"><strong>NSX:<\/strong> in tr\u00ean bao b\u00ec.<\/p>\n<p class=\"QN2lPu\"><strong>HSD:<\/strong> 24 th\u00e1ng k\u1ec3 t\u1eeb ng\u00e0y s\u1ea3n xu\u1ea5t.<\/p>\n<p class=\"QN2lPu\"><strong>S\u1ea3n xu\u1ea5t:<\/strong> Vi\u1ec7t Nam<\/p>\n<p class=\"QN2lPu\"><strong>B\u1ea3o qu\u1ea3n:<\/strong> n\u01a1i kh\u00f4 r\u00e1o tho\u00e1ng, lu\u00f4n \u0111\u00f3ng k\u00edn bao tr\u00e0 sau khi s\u1eed d\u1ee5ng.<\/p>\n<p class=\"QN2lPu\">\u2022 Th\u00f4ng tin c\u1ea3nh b\u00e1o an to\u00e0n, v\u1ec7 sinh: kh\u00f4ng s\u1eed d\u1ee5ng khi s\u1ea3n ph\u1ea9m c\u00f3 hi\u1ec7n t\u01b0\u1ee3ng n\u1ea5m m\u1ed1c, m\u00f9i l\u1ea1.<\/p>\n","protected":false},"excerpt":{"rendered":"<p class=\"QN2lPu\"><strong>Th\u00e0nh ph\u1ea7n:<\/strong> Tr\u00e0 xanh ch\u1ea5t l\u01b0\u1ee3ng v\u00e0 hoa l\u00e0i<\/p>\n<p class=\"QN2lPu\"><strong>Quy C\u00e1ch:<\/strong>\u00a0 T\u00fai 400g<\/p>\n<p class=\"QN2lPu\"><strong>NSX:<\/strong> in tr\u00ean bao b\u00ec.<\/p>\n<p class=\"QN2lPu\"><strong>HSD:<\/strong> 24 th\u00e1ng k\u1ec3 t\u1eeb ng\u00e0y s\u1ea3n xu\u1ea5t.<\/p>\n<p class=\"QN2lPu\"><strong>Xu\u1ea5t x\u1ee9:<\/strong>\u00a0Vi\u1ec7t Nam<\/p>\n<p class=\"QN2lPu\"><strong>B\u1ea3o qu\u1ea3n:<\/strong> n\u01a1i kh\u00f4 r\u00e1o tho\u00e1ng, \u0111\u00f3ng k\u00edn mi\u1ec7ng bao sau khi s\u1eed d\u1ee5ng.<\/p>\n","protected":false},"featured_media":9431,"comment_status":"open","ping_status":"closed","template":"","meta":{"_acf_changed":false,"inline_featured_image":false},"product_brand":[],"product_cat":[144],"product_tag":[336,339,340],"class_list":{"0":"post-10572","1":"product","2":"type-product","3":"status-publish","4":"has-post-thumbnail","6":"product_cat-tra-goi-cac-loai","7":"product_tag-tra","8":"product_tag-tra-lai","9":"product_tag-tra-lai-thuong-hang","12":"instock","13":"taxable","14":"shipping-taxable","15":"purchasable","16":"product-type-variable"},"acf":[],"_links":{"self":[{"href":"https:\/\/shop.tim-deli.vn\/vi\/wp-json\/wp\/v2\/product\/10572","targetHints":{"allow":["GET"]}}],"collection":[{"href":"https:\/\/shop.tim-deli.vn\/vi\/wp-json\/wp\/v2\/product"}],"about":[{"href":"https:\/\/shop.tim-deli.vn\/vi\/wp-json\/wp\/v2\/types\/product"}],"replies":[{"embeddable":true,"href":"https:\/\/shop.tim-deli.vn\/vi\/wp-json\/wp\/v2\/comments?post=10572"}],"version-history":[{"count":1,"href":"https:\/\/shop.tim-deli.vn\/vi\/wp-json\/wp\/v2\/product\/10572\/revisions"}],"predecessor-version":[{"id":10599,"href":"https:\/\/shop.tim-deli.vn\/vi\/wp-json\/wp\/v2\/product\/10572\/revisions\/10599"}],"wp:featuredmedia":[{"embeddable":true,"href":"https:\/\/shop.tim-deli.vn\/vi\/wp-json\/wp\/v2\/media\/9431"}],"wp:attachment":[{"href":"https:\/\/shop.tim-deli.vn\/vi\/wp-json\/wp\/v2\/media?parent=10572"}],"wp:term":[{"taxonomy":"product_brand","embeddable":true,"href":"https:\/\/shop.tim-deli.vn\/vi\/wp-json\/wp\/v2\/product_brand?post=10572"},{"taxonomy":"product_cat","embeddable":true,"href":"https:\/\/shop.tim-deli.vn\/vi\/wp-json\/wp\/v2\/product_cat?post=10572"},{"taxonomy":"product_tag","embeddable":true,"href":"https:\/\/shop.tim-deli.vn\/vi\/wp-json\/wp\/v2\/product_tag?post=10572"}],"curies":[{"name":"wp","href":"https:\/\/api.w.org\/{rel}","templated":true}]}}