{"id":10571,"date":"2025-07-29T15:56:34","date_gmt":"2025-07-29T08:56:34","guid":{"rendered":"https:\/\/shop.tim-deli.vn\/?post_type=product&#038;p=10571"},"modified":"2025-07-29T15:56:38","modified_gmt":"2025-07-29T08:56:38","slug":"voi-bom-siro-deli-10ml-2","status":"publish","type":"product","link":"https:\/\/shop.tim-deli.vn\/vi\/san-pham\/voi-bom-siro-deli-10ml-2\/","title":{"rendered":"V\u00f2i B\u01a1m Siro D\u00e9li 10ml"},"content":{"rendered":"<p class=\"\" data-start=\"258\" data-end=\"460\">V\u00f2i B\u01a1m (Pump) Si-r\u00f4 D\u00e9li \u0111\u01b0\u1ee3c thi\u1ebft k\u1ebf t\u1eeb nh\u1ef1a cao c\u1ea5p an to\u00e0n, chuy\u00ean d\u00f9ng trong th\u1ef1c ph\u1ea9m, kh\u00f4ng g\u00e2y m\u00f9i l\u1ea1 v\u00e0 kh\u00f4ng \u1ea3nh h\u01b0\u1edfng \u0111\u1ebfn ch\u1ea5t l\u01b0\u1ee3ng c\u1ee7a si-r\u00f4 hay c\u00e1c lo\u1ea1i ch\u1ea5t l\u1ecfng kh\u00e1c trong chai.<\/p>\n<p class=\"\" data-start=\"462\" data-end=\"664\">S\u1ea3n ph\u1ea9m ph\u00f9 h\u1ee3p s\u1eed d\u1ee5ng cho c\u00e1c chai si-r\u00f4 pha ch\u1ebf, gi\u00fap ki\u1ec3m so\u00e1t l\u01b0\u1ee3ng siro l\u1ea5y ra \u0111\u00fang \u2013 \u0111\u1ee7 \u2013 s\u1ea1ch, \u0111\u1ea3m b\u1ea3o v\u1ec7 sinh v\u00e0 t\u00ednh chuy\u00ean nghi\u1ec7p trong pha ch\u1ebf t\u1ea1i qu\u00e1n c\u00e0 ph\u00ea, qu\u1ea7y bar hay t\u1ea1i nh\u00e0.<\/p>\n<p class=\"QN2lPu\">L\u01b0u \u00fd s\u1ea3n ph\u1ea9m:<\/p>\n<p class=\"QN2lPu\">+ \u0110\u1ec3 n\u01a1i kh\u00f4 r\u00e1o tho\u00e1ng m\u00e1t.<\/p>\n<p class=\"QN2lPu\">+ Khi s\u1eed d\u1ee5ng xong nh\u1edb v\u1ec7 sinh s\u1ea1ch s\u1ebd \u0111\u1ec3 \u0111\u1ea3m b\u1ea3o s\u1ea3n ph\u1ea9m \u0111\u01b0\u1ee3c s\u1eed d\u1ee5ng l\u00e2u d\u00e0i.<\/p>\n<p class=\"QN2lPu\">+ Tr\u00e1nh xa l\u1eeda, dao v\u00e0 c\u00e1c v\u1eadt s\u1eafc nh\u1ecdn.<\/p>\n","protected":false},"excerpt":{"rendered":"<p class=\"QN2lPu\">V\u00f2i b\u01a1m\/pump siro D\u00e9li b\u1eb1ng nh\u1ef1a an to\u00e0n th\u1ef1c ph\u1ea9m, kh\u00f4ng g\u00e2y m\u00f9i, gi\u00fap l\u1ea5y siro ch\u00ednh x\u00e1c, s\u1ea1ch s\u1ebd, ti\u1ec7n l\u1ee3i cho pha ch\u1ebf chuy\u00ean nghi\u1ec7p.<\/p>\n","protected":false},"featured_media":8287,"comment_status":"open","ping_status":"closed","template":"","meta":{"_acf_changed":false,"inline_featured_image":false},"product_brand":[],"product_cat":[188],"product_tag":[],"class_list":{"0":"post-10571","1":"product","2":"type-product","3":"status-publish","4":"has-post-thumbnail","6":"product_cat-dung-cu-pha-che","9":"instock","10":"taxable","11":"shipping-taxable","12":"purchasable","13":"product-type-simple"},"acf":[],"_links":{"self":[{"href":"https:\/\/shop.tim-deli.vn\/vi\/wp-json\/wp\/v2\/product\/10571","targetHints":{"allow":["GET"]}}],"collection":[{"href":"https:\/\/shop.tim-deli.vn\/vi\/wp-json\/wp\/v2\/product"}],"about":[{"href":"https:\/\/shop.tim-deli.vn\/vi\/wp-json\/wp\/v2\/types\/product"}],"replies":[{"embeddable":true,"href":"https:\/\/shop.tim-deli.vn\/vi\/wp-json\/wp\/v2\/comments?post=10571"}],"version-history":[{"count":1,"href":"https:\/\/shop.tim-deli.vn\/vi\/wp-json\/wp\/v2\/product\/10571\/revisions"}],"predecessor-version":[{"id":10598,"href":"https:\/\/shop.tim-deli.vn\/vi\/wp-json\/wp\/v2\/product\/10571\/revisions\/10598"}],"wp:featuredmedia":[{"embeddable":true,"href":"https:\/\/shop.tim-deli.vn\/vi\/wp-json\/wp\/v2\/media\/8287"}],"wp:attachment":[{"href":"https:\/\/shop.tim-deli.vn\/vi\/wp-json\/wp\/v2\/media?parent=10571"}],"wp:term":[{"taxonomy":"product_brand","embeddable":true,"href":"https:\/\/shop.tim-deli.vn\/vi\/wp-json\/wp\/v2\/product_brand?post=10571"},{"taxonomy":"product_cat","embeddable":true,"href":"https:\/\/shop.tim-deli.vn\/vi\/wp-json\/wp\/v2\/product_cat?post=10571"},{"taxonomy":"product_tag","embeddable":true,"href":"https:\/\/shop.tim-deli.vn\/vi\/wp-json\/wp\/v2\/product_tag?post=10571"}],"curies":[{"name":"wp","href":"https:\/\/api.w.org\/{rel}","templated":true}]}}