{"id":10564,"date":"2025-07-29T15:56:34","date_gmt":"2025-07-29T08:56:34","guid":{"rendered":"https:\/\/shop.tim-deli.vn\/?post_type=product&#038;p=10564"},"modified":"2025-11-08T09:18:02","modified_gmt":"2025-11-08T02:18:02","slug":"pudding-dua-luoi-deli-tach-le-250gr","status":"publish","type":"product","link":"https:\/\/shop.tim-deli.vn\/vi\/san-pham\/pudding-dua-luoi-deli-tach-le-250gr\/","title":{"rendered":"Pudding d\u01b0a l\u01b0\u1edbi D\u00e9li &#8211; T\u00e1ch l\u1ebb 250gr"},"content":{"rendered":"<p>Pudding d\u01b0a l\u01b0\u1edbi v\u1edbi h\u01b0\u01a1ng v\u1ecb b\u00e9o b\u00e9o, th\u01a1m th\u01a1m l\u00e0 s\u1ef1 b\u1ed5 sung ho\u00e0n h\u1ea3o cho m\u00f3n tr\u00e0 s\u1eefa, mang l\u1ea1i s\u1ef1 m\u1edbi l\u1ea1 v\u00e0 h\u1ea5p d\u1eabn ch\u01b0a t\u1eebng c\u00f3. S\u1ef1 k\u1ebft h\u1ee3p gi\u1eefa v\u1ecb ng\u1ecdt t\u1ef1 nhi\u00ean c\u1ee7a d\u01b0a l\u01b0\u1edbi v\u00e0 \u0111\u1ed9 b\u00e9o c\u1ee7a pudding t\u1ea1o n\u00ean m\u1ed9t m\u00f3n \u0111\u1ed3 u\u1ed1ng \u0111\u1ed9c \u0111\u00e1o, khi\u1ebfn tr\u00e0 s\u1eefa tr\u1edf n\u00ean th\u00fa v\u1ecb h\u01a1n bao gi\u1edd h\u1ebft.<\/p>\n<p class=\"QN2lPu\"><strong>C\u00e1ch s\u1eed d\u1ee5ng:<\/strong><\/p>\n<p class=\"QN2lPu\">&#8211; Chu\u1ea9n b\u1ecb 100g b\u1ed9t pudding d\u01b0a l\u01b0\u1edbi D\u00e9li, 50g \u0111\u01b0\u1eddng c\u00e1t tr\u1eafng, 800ml n\u01b0\u1edbc.<\/p>\n<p class=\"QN2lPu\">&#8211; \u0110un n\u01b0\u1edbc ch\u1edd \u0111\u1ebfn khi s\u00f4i.<\/p>\n<p class=\"QN2lPu\">&#8211; Tr\u1ed9n \u0111\u1ec1u h\u1ed7n h\u1ee3p pudding v\u00e0 \u0111\u01b0\u1eddng r\u1ed3i cho h\u1ed7n h\u1ee3p v\u00e0o n\u01b0\u1edbc s\u00f4i,kh\u1ea5y \u0111\u1ec1u cho tan h\u1ed7n h\u1ee3p trong 3-5 ph\u00fat,t\u1eaft b\u1ebfp v\u00e0 v\u1edbt b\u1ecdt tr\u00ean m\u1eb7t.<\/p>\n<p class=\"QN2lPu\">&#8211; R\u00f3t dung d\u1ecbch \u0111\u00e3 n\u1ea5u v\u00e0o khu\u00f4n,\u0111\u1ec3 ngu\u1ed9i r\u1ed3i cho v\u00e0o t\u1ee7 m\u00e1t ch\u1edd pudding \u0111\u00f4ng l\u1ea1i.<\/p>\n<p>TH\u00d4NG TIN CHI TI\u1ebeT S\u1ea2N PH\u1ea8M<\/p>\n<p class=\"QN2lPu\"><strong>Th\u00e0nh ph\u1ea7n:<\/strong> b\u1ed9t kem b\u00e9o th\u1ef1c v\u1eadt, b\u1ed9t s\u1eefa, \u0111\u01b0\u1eddng tinh luy\u1ec7n, h\u01b0\u01a1ng d\u01b0a l\u01b0\u1edbi, ch\u1ea5t l\u00e0m d\u00e0y (INS 407), ch\u1ea5t ch\u1ed1ng \u0111\u00f4ng v\u1ed1n (INS551) m\u00e0u th\u1ef1c ph\u1ea9m (INS 102, INS 113).<\/p>\n<p class=\"QN2lPu\"><strong>Tr\u1ecdng l\u01b0\u1ee3ng:<\/strong> 250gr\/t\u00fai<\/p>\n<p class=\"QN2lPu\"><strong>NSX:<\/strong> in tr\u00ean bao b\u00ec.<\/p>\n<p class=\"QN2lPu\"><strong>HSD:<\/strong> 18 th\u00e1ng k\u1ec3 t\u1eeb ng\u00e0y s\u1ea3n xu\u1ea5t.<\/p>\n<p class=\"QN2lPu\"><strong>S\u1ea3n xu\u1ea5t:<\/strong> Vi\u1ec7t Nam<\/p>\n<p class=\"QN2lPu\"><strong>B\u1ea3o qu\u1ea3n:<\/strong> n\u01a1i kh\u00f4 r\u00e1o tho\u00e1ng<\/p>\n","protected":false},"excerpt":{"rendered":"<p>Pudding d\u01b0a l\u01b0\u1edbi v\u1edbi h\u01b0\u01a1ng v\u1ecb b\u00e9o b\u00e9o th\u01a1m th\u01a1m l\u00e0m cho m\u00f3n tr\u00e0 s\u1eefa h\u1ea5p d\u1eabn h\u01a1n bao gi\u1edd h\u1ebft<\/p>\n","protected":false},"featured_media":8272,"comment_status":"open","ping_status":"closed","template":"","meta":{"_acf_changed":false,"inline_featured_image":false},"product_brand":[],"product_cat":[145],"product_tag":[],"class_list":{"0":"post-10564","1":"product","2":"type-product","3":"status-publish","4":"has-post-thumbnail","6":"product_cat-tran-chau-topping","9":"instock","10":"taxable","11":"shipping-taxable","12":"purchasable","13":"product-type-simple"},"acf":[],"_links":{"self":[{"href":"https:\/\/shop.tim-deli.vn\/vi\/wp-json\/wp\/v2\/product\/10564","targetHints":{"allow":["GET"]}}],"collection":[{"href":"https:\/\/shop.tim-deli.vn\/vi\/wp-json\/wp\/v2\/product"}],"about":[{"href":"https:\/\/shop.tim-deli.vn\/vi\/wp-json\/wp\/v2\/types\/product"}],"replies":[{"embeddable":true,"href":"https:\/\/shop.tim-deli.vn\/vi\/wp-json\/wp\/v2\/comments?post=10564"}],"version-history":[{"count":1,"href":"https:\/\/shop.tim-deli.vn\/vi\/wp-json\/wp\/v2\/product\/10564\/revisions"}],"predecessor-version":[{"id":10591,"href":"https:\/\/shop.tim-deli.vn\/vi\/wp-json\/wp\/v2\/product\/10564\/revisions\/10591"}],"wp:featuredmedia":[{"embeddable":true,"href":"https:\/\/shop.tim-deli.vn\/vi\/wp-json\/wp\/v2\/media\/8272"}],"wp:attachment":[{"href":"https:\/\/shop.tim-deli.vn\/vi\/wp-json\/wp\/v2\/media?parent=10564"}],"wp:term":[{"taxonomy":"product_brand","embeddable":true,"href":"https:\/\/shop.tim-deli.vn\/vi\/wp-json\/wp\/v2\/product_brand?post=10564"},{"taxonomy":"product_cat","embeddable":true,"href":"https:\/\/shop.tim-deli.vn\/vi\/wp-json\/wp\/v2\/product_cat?post=10564"},{"taxonomy":"product_tag","embeddable":true,"href":"https:\/\/shop.tim-deli.vn\/vi\/wp-json\/wp\/v2\/product_tag?post=10564"}],"curies":[{"name":"wp","href":"https:\/\/api.w.org\/{rel}","templated":true}]}}