{"id":10563,"date":"2025-07-29T15:56:34","date_gmt":"2025-07-29T08:56:34","guid":{"rendered":"https:\/\/shop.tim-deli.vn\/?post_type=product&#038;p=10563"},"modified":"2025-11-08T09:18:11","modified_gmt":"2025-11-08T02:18:11","slug":"pudding-matcha-deli-tui-chiet-250gr","status":"publish","type":"product","link":"https:\/\/shop.tim-deli.vn\/vi\/san-pham\/pudding-matcha-deli-tui-chiet-250gr\/","title":{"rendered":"Pudding matcha D\u00e9li &#8211; T\u00fai chi\u1ebft 250gr"},"content":{"rendered":"<p>Pudding matcha l\u00e0 s\u1ef1 k\u1ebft h\u1ee3p \u0111\u1ed9c \u0111\u00e1o gi\u1eefa matcha nguy\u00ean ch\u1ea5t v\u00e0 b\u1ed9t kem b\u00e9o th\u1ef1c v\u1eadt, mang \u0111\u1ebfn h\u01b0\u01a1ng v\u1ecb th\u01a1m ngon v\u00e0 m\u00e0u s\u1eafc b\u1eaft m\u1eaft cho m\u00f3n tr\u00e0 s\u1eefa. V\u1edbi v\u1ecb \u0111\u1eafng nh\u1eb9 c\u1ee7a matcha v\u00e0 \u0111\u1ed9 b\u00e9o ng\u1eady c\u1ee7a pudding, m\u00f3n tr\u00e0 s\u1eefa tr\u1edf n\u00ean h\u1ea5p d\u1eabn v\u00e0 \u0111\u1eb7c bi\u1ec7t h\u01a1n bao gi\u1edd h\u1ebft.<\/p>\n<p class=\"QN2lPu\">TH\u00d4NG TIN S\u1ea2N PH\u1ea8M<\/p>\n<p>B\u1ed9t pudding 250gr ti\u1ec7n l\u1ee3i v\u1ecb matcha si\u00eau ngon v\u00e0 h\u1ea5p d\u1eabn &#8211; D\u00e9li<\/p>\n<p class=\"QN2lPu\">Th\u01b0\u01a1ng hi\u1ec7u: D\u00e9li<\/p>\n<p class=\"QN2lPu\">Xu\u1ea5t x\u1ee9: Vi\u1ec7t Nam<\/p>\n<p class=\"QN2lPu\">Tr\u1ecdng l\u01b0\u1ee3ng: 250gr\/t\u00fai<\/p>\n","protected":false},"excerpt":{"rendered":"<p>Pudding matcha l\u00e0 s\u1ef1 k\u1ebft h\u1ee3p \u0111\u1ed9c \u0111\u00e1o c\u1ee7a matcha nguy\u00ean ch\u1ea5t v\u00e0 b\u1ed9t kem b\u00e9o th\u1ef1c v\u1eadt, gi\u00fap cho m\u00f3 tr\u00e0 s\u1eefa th\u01a1m ngon v\u00e0 b\u1eaft m\u1eaft h\u01a1n bao gi\u1edd h\u1ebft.<\/p>\n","protected":false},"featured_media":8270,"comment_status":"open","ping_status":"closed","template":"","meta":{"_acf_changed":false,"inline_featured_image":false},"product_brand":[],"product_cat":[145],"product_tag":[],"class_list":{"0":"post-10563","1":"product","2":"type-product","3":"status-publish","4":"has-post-thumbnail","6":"product_cat-tran-chau-topping","9":"instock","10":"taxable","11":"shipping-taxable","12":"purchasable","13":"product-type-simple"},"acf":[],"_links":{"self":[{"href":"https:\/\/shop.tim-deli.vn\/vi\/wp-json\/wp\/v2\/product\/10563","targetHints":{"allow":["GET"]}}],"collection":[{"href":"https:\/\/shop.tim-deli.vn\/vi\/wp-json\/wp\/v2\/product"}],"about":[{"href":"https:\/\/shop.tim-deli.vn\/vi\/wp-json\/wp\/v2\/types\/product"}],"replies":[{"embeddable":true,"href":"https:\/\/shop.tim-deli.vn\/vi\/wp-json\/wp\/v2\/comments?post=10563"}],"version-history":[{"count":1,"href":"https:\/\/shop.tim-deli.vn\/vi\/wp-json\/wp\/v2\/product\/10563\/revisions"}],"predecessor-version":[{"id":10590,"href":"https:\/\/shop.tim-deli.vn\/vi\/wp-json\/wp\/v2\/product\/10563\/revisions\/10590"}],"wp:featuredmedia":[{"embeddable":true,"href":"https:\/\/shop.tim-deli.vn\/vi\/wp-json\/wp\/v2\/media\/8270"}],"wp:attachment":[{"href":"https:\/\/shop.tim-deli.vn\/vi\/wp-json\/wp\/v2\/media?parent=10563"}],"wp:term":[{"taxonomy":"product_brand","embeddable":true,"href":"https:\/\/shop.tim-deli.vn\/vi\/wp-json\/wp\/v2\/product_brand?post=10563"},{"taxonomy":"product_cat","embeddable":true,"href":"https:\/\/shop.tim-deli.vn\/vi\/wp-json\/wp\/v2\/product_cat?post=10563"},{"taxonomy":"product_tag","embeddable":true,"href":"https:\/\/shop.tim-deli.vn\/vi\/wp-json\/wp\/v2\/product_tag?post=10563"}],"curies":[{"name":"wp","href":"https:\/\/api.w.org\/{rel}","templated":true}]}}