{"id":10562,"date":"2025-07-29T15:56:34","date_gmt":"2025-07-29T08:56:34","guid":{"rendered":"https:\/\/shop.tim-deli.vn\/?post_type=product&#038;p=10562"},"modified":"2025-11-08T09:20:45","modified_gmt":"2025-11-08T02:20:45","slug":"pudding-trung-deli-tui-chiet-250gr-2","status":"publish","type":"product","link":"https:\/\/shop.tim-deli.vn\/vi\/san-pham\/pudding-trung-deli-tui-chiet-250gr-2\/","title":{"rendered":"Pudding tr\u1ee9ng D\u00e9li &#8211; T\u00fai chi\u1ebft 250gr"},"content":{"rendered":"<p>Pudding tr\u1ee9ng mang \u0111\u1ebfn s\u1ef1 k\u1ebft h\u1ee3p tuy\u1ec7t v\u1eddi gi\u1eefa v\u1ecb ng\u1ecdt nh\u1eb9, b\u00e9o ng\u1eady c\u1ee7a tr\u1ee9ng t\u01b0\u01a1i v\u00e0 k\u1ebft c\u1ea5u m\u1ecbn m\u00e0ng, m\u1ec1m m\u01b0\u1ee3t. V\u1edbi h\u01b0\u01a1ng v\u1ecb thanh tho\u00e1t, pudding tr\u1ee9ng kh\u00f4ng ch\u1ec9 l\u00e0 m\u00f3n tr\u00e1ng mi\u1ec7ng ho\u00e0n h\u1ea3o m\u00e0 c\u00f2n l\u00e0 \u0111i\u1ec3m nh\u1ea5n th\u00fa v\u1ecb cho tr\u00e0 s\u1eefa, gi\u00fap n\u00e2ng cao tr\u1ea3i nghi\u1ec7m th\u01b0\u1edfng th\u1ee9c c\u1ee7a b\u1ea1n.<\/p>\n<p class=\"QN2lPu\"><strong>C\u00e1ch s\u1eed d\u1ee5ng:<\/strong><\/p>\n<p class=\"QN2lPu\">&#8211; Chu\u1ea9n b\u1ecb 100g b\u1ed9t pudding tr\u1ee9ng D\u00e9li, 50g \u0111\u01b0\u1eddng c\u00e1t tr\u1eafng, 800ml n\u01b0\u1edbc.<\/p>\n<p class=\"QN2lPu\">&#8211; \u0110un n\u01b0\u1edbc ch\u1edd \u0111\u1ebfn khi s\u00f4i.<\/p>\n<p class=\"QN2lPu\">&#8211; Tr\u1ed9n \u0111\u1ec1u h\u1ed7n h\u1ee3p pudding v\u00e0 \u0111\u01b0\u1eddng r\u1ed3i cho h\u1ed7n h\u1ee3p v\u00e0o n\u01b0\u1edbc s\u00f4i,kh\u1ea5y \u0111\u1ec1u cho tan h\u1ed7n h\u1ee3p trong 3-5 ph\u00fat,t\u1eaft b\u1ebfp v\u00e0 v\u1edbt b\u1ecdt tr\u00ean m\u1eb7t .<\/p>\n<p class=\"QN2lPu\">&#8211; R\u00f3t dung d\u1ecbch \u0111\u00e3 n\u1ea5u v\u00e0o khu\u00f4n,\u0111\u1ec3 ngu\u1ed9i r\u1ed3i cho v\u00e0o t\u1ee7 m\u00e1t ch\u1edd pudding \u0111\u00f4ng l\u1ea1i<\/p>\n<p>TH\u00d4NG TIN CHI TI\u1ebeT S\u1ea2N PH\u1ea8M<\/p>\n<p><strong>Th\u00e0nh ph\u1ea7n:<\/strong> b\u1ed9t kem b\u00e9o th\u1ef1c v\u1eadt, b\u1ed9t s\u1eefa, \u0111\u01b0\u1eddng tinh luy\u1ec7n, b\u1ed9t l\u00f2ng \u0111\u1ecf tr\u1ee9ng, ch\u1ea5t l\u00e0m d\u00e0y (INS 407), ch\u1ea5t ch\u1ed1ng \u0111\u00f4ng v\u1ed1n (INS551) m\u00e0u th\u1ef1c ph\u1ea9m (INS 102, INS 113).<\/p>\n<p class=\"QN2lPu\"><strong>Tr\u1ecdng l\u01b0\u1ee3ng:<\/strong> 250gr\/t\u00fai<\/p>\n<p class=\"QN2lPu\"><strong>NSX:<\/strong> in tr\u00ean bao b\u00ec.<\/p>\n<p class=\"QN2lPu\"><strong>HSD:<\/strong> 18 th\u00e1ng k\u1ec3 t\u1eeb ng\u00e0y s\u1ea3n xu\u1ea5t.<\/p>\n<p class=\"QN2lPu\"><strong>S\u1ea3n xu\u1ea5t:<\/strong> Vi\u1ec7t Nam<\/p>\n<p class=\"QN2lPu\"><strong>B\u1ea3o qu\u1ea3n:<\/strong> n\u01a1i kh\u00f4 r\u00e1o tho\u00e1ng<\/p>\n","protected":false},"excerpt":{"rendered":"<p>Pudding Tr\u1ee9ng \u2013 M\u00f3n tr\u00e1ng mi\u1ec7ng m\u1ec1m m\u1ecbn, b\u00e9o ng\u1eady v\u1edbi v\u1ecb ng\u1ecdt nh\u1eb9 t\u1eeb tr\u1ee9ng t\u01b0\u01a1i, l\u00e0 s\u1ef1 k\u1ebft h\u1ee3p ho\u00e0n h\u1ea3o cho tr\u00e0 s\u1eefa th\u00eam ph\u1ea7n h\u1ea5p d\u1eabn.<\/p>\n","protected":false},"featured_media":8267,"comment_status":"open","ping_status":"closed","template":"","meta":{"_acf_changed":false,"inline_featured_image":false},"product_brand":[],"product_cat":[145],"product_tag":[],"class_list":{"0":"post-10562","1":"product","2":"type-product","3":"status-publish","4":"has-post-thumbnail","6":"product_cat-tran-chau-topping","9":"instock","10":"taxable","11":"shipping-taxable","12":"purchasable","13":"product-type-simple"},"acf":[],"_links":{"self":[{"href":"https:\/\/shop.tim-deli.vn\/vi\/wp-json\/wp\/v2\/product\/10562","targetHints":{"allow":["GET"]}}],"collection":[{"href":"https:\/\/shop.tim-deli.vn\/vi\/wp-json\/wp\/v2\/product"}],"about":[{"href":"https:\/\/shop.tim-deli.vn\/vi\/wp-json\/wp\/v2\/types\/product"}],"replies":[{"embeddable":true,"href":"https:\/\/shop.tim-deli.vn\/vi\/wp-json\/wp\/v2\/comments?post=10562"}],"version-history":[{"count":1,"href":"https:\/\/shop.tim-deli.vn\/vi\/wp-json\/wp\/v2\/product\/10562\/revisions"}],"predecessor-version":[{"id":10589,"href":"https:\/\/shop.tim-deli.vn\/vi\/wp-json\/wp\/v2\/product\/10562\/revisions\/10589"}],"wp:featuredmedia":[{"embeddable":true,"href":"https:\/\/shop.tim-deli.vn\/vi\/wp-json\/wp\/v2\/media\/8267"}],"wp:attachment":[{"href":"https:\/\/shop.tim-deli.vn\/vi\/wp-json\/wp\/v2\/media?parent=10562"}],"wp:term":[{"taxonomy":"product_brand","embeddable":true,"href":"https:\/\/shop.tim-deli.vn\/vi\/wp-json\/wp\/v2\/product_brand?post=10562"},{"taxonomy":"product_cat","embeddable":true,"href":"https:\/\/shop.tim-deli.vn\/vi\/wp-json\/wp\/v2\/product_cat?post=10562"},{"taxonomy":"product_tag","embeddable":true,"href":"https:\/\/shop.tim-deli.vn\/vi\/wp-json\/wp\/v2\/product_tag?post=10562"}],"curies":[{"name":"wp","href":"https:\/\/api.w.org\/{rel}","templated":true}]}}