{"id":10559,"date":"2025-07-29T15:56:34","date_gmt":"2025-07-29T08:56:34","guid":{"rendered":"https:\/\/shop.tim-deli.vn\/?post_type=product&#038;p=10559"},"modified":"2025-11-25T15:57:06","modified_gmt":"2025-11-25T08:57:06","slug":"combo-tra-sua-chocolate-bot-sua-cao-cap-1kg-bot-cacao-pha-che-1kg-hong-tra-400gr-deli","status":"publish","type":"product","link":"https:\/\/shop.tim-deli.vn\/vi\/san-pham\/combo-tra-sua-chocolate-bot-sua-cao-cap-1kg-bot-cacao-pha-che-1kg-hong-tra-400gr-deli\/","title":{"rendered":"Combo Tr\u00e0 S\u1eefa Chocolate [B\u1ed9t S\u1eefa Cao C\u1ea5p 1Kg + B\u1ed9t cacao pha ch\u1ebf 1Kg + H\u1ed3ng tr\u00e0 400Gr D\u00e9li]"},"content":{"rendered":"<p>Tr\u00e0 s\u1eefa Socola l\u00e0 th\u1ee9c u\u1ed1ng y\u00eau th\u00edch c\u1ee7a nhi\u1ec1u ng\u01b0\u1eddi, ngo\u00e0i vi\u1ec7c \u0111\u1eb7t tr\u00e0 s\u1eefa t\u1ea1i h\u00e0ng qu\u00e1n, b\u1ea1n c\u00f3 th\u1ec3 t\u1ef1 tay l\u00e0m tr\u00e0 s\u1eefa Socola t\u1ea1i nh\u00e0 \u0111\u1ec3 m\u1ecdi ng\u01b0\u1eddi c\u00f9ng th\u01b0\u1edfng th\u1ee9c.<\/p>\n","protected":false},"excerpt":{"rendered":"<p>Combo g\u1ed3m: pha tr\u00ean 50 Ly<\/p>\n<p>+ B\u1ed9t pha ch\u1ebf tr\u00e0 s\u1eefa cao c\u1ea5p ( t\u00fai 1KG, HSD: 12 th\u00e1ng )<\/p>\n<p>+ H\u1ed3ng tr\u00e0 ( t\u00fai 400gr, HSD: 24 th\u00e1ng )<\/p>\n<p>+ B\u1ed9t cacao ( t\u00fai 1KG, HSD: 12 th\u00e1ng )<\/p>\n","protected":false},"featured_media":11689,"comment_status":"open","ping_status":"closed","template":"","meta":{"_acf_changed":false,"inline_featured_image":false},"product_brand":[],"product_cat":[138],"product_tag":[],"class_list":{"0":"post-10559","1":"product","2":"type-product","3":"status-publish","4":"has-post-thumbnail","6":"product_cat-combo-tra-sua-cac-loai","9":"instock","10":"taxable","11":"shipping-taxable","12":"purchasable","13":"product-type-simple"},"acf":[],"_links":{"self":[{"href":"https:\/\/shop.tim-deli.vn\/vi\/wp-json\/wp\/v2\/product\/10559","targetHints":{"allow":["GET"]}}],"collection":[{"href":"https:\/\/shop.tim-deli.vn\/vi\/wp-json\/wp\/v2\/product"}],"about":[{"href":"https:\/\/shop.tim-deli.vn\/vi\/wp-json\/wp\/v2\/types\/product"}],"replies":[{"embeddable":true,"href":"https:\/\/shop.tim-deli.vn\/vi\/wp-json\/wp\/v2\/comments?post=10559"}],"version-history":[{"count":1,"href":"https:\/\/shop.tim-deli.vn\/vi\/wp-json\/wp\/v2\/product\/10559\/revisions"}],"predecessor-version":[{"id":10586,"href":"https:\/\/shop.tim-deli.vn\/vi\/wp-json\/wp\/v2\/product\/10559\/revisions\/10586"}],"wp:featuredmedia":[{"embeddable":true,"href":"https:\/\/shop.tim-deli.vn\/vi\/wp-json\/wp\/v2\/media\/11689"}],"wp:attachment":[{"href":"https:\/\/shop.tim-deli.vn\/vi\/wp-json\/wp\/v2\/media?parent=10559"}],"wp:term":[{"taxonomy":"product_brand","embeddable":true,"href":"https:\/\/shop.tim-deli.vn\/vi\/wp-json\/wp\/v2\/product_brand?post=10559"},{"taxonomy":"product_cat","embeddable":true,"href":"https:\/\/shop.tim-deli.vn\/vi\/wp-json\/wp\/v2\/product_cat?post=10559"},{"taxonomy":"product_tag","embeddable":true,"href":"https:\/\/shop.tim-deli.vn\/vi\/wp-json\/wp\/v2\/product_tag?post=10559"}],"curies":[{"name":"wp","href":"https:\/\/api.w.org\/{rel}","templated":true}]}}