{"id":10558,"date":"2025-07-29T15:56:33","date_gmt":"2025-07-29T08:56:33","guid":{"rendered":"https:\/\/shop.tim-deli.vn\/?post_type=product&#038;p=10558"},"modified":"2025-11-25T16:19:24","modified_gmt":"2025-11-25T09:19:24","slug":"combo-tra-oi-hong-tra-lai-400gr-mut-oi-1l-siro-oi-1l-deli","status":"publish","type":"product","link":"https:\/\/shop.tim-deli.vn\/vi\/san-pham\/combo-tra-oi-hong-tra-lai-400gr-mut-oi-1l-siro-oi-1l-deli\/","title":{"rendered":"Combo Tr\u00e0 \u1ed4i H\u1ed3ng [Tr\u00e0 L\u00e0i 400gr + M\u1ee9t \u1ed4i 1L + Siro \u1ed4i 1L D\u00e9li]"},"content":{"rendered":"<p>V\u1edbi h\u01b0\u01a1ng v\u1ecb d\u1eadm ch\u1ea5t m\u00f9a h\u00e8, k\u1ebft h\u1ee3p h\u00f2a quy\u1ec7n gi\u1eefa v\u1ecb th\u01a1m c\u1ee7a Tr\u00e0 L\u00e0i, Chua nh\u1eb9 v\u00e0 thanh m\u00e1t, ch\u00e1t n\u01a1i \u0111\u1ea7u l\u01b0\u1ee1i \u0111\u1eb7c tr\u01b0ng c\u1ee7a \u1ed4i H\u1ed3ng, h\u00f2a c\u00f9ng v\u1ecb ng\u1ecdt , c\u00e1i dai dai s\u1ef1c s\u1ef1c c\u1ee7a m\u1ee9t \u1ed4i H\u1ed3ng, ch\u1eafc ch\u1eafn s\u1ebd \u0111em \u0111\u1ebfn cho b\u1ea1n m\u1ed9t c\u1ea3m gi\u00e1c thanh m\u00e1t, gi\u1ea3i nhi\u1ec7t trong m\u00f9a h\u00e8 oi \u1ea3 n\u00e0y. C\u00f2n ch\u1edd g\u00ec n\u1eefa, h\u00e3y b\u1ed5 sung ngay cho b\u1ea3n th\u00e2n v\u00e0 gia \u0111\u00ecnh nh\u1eefng ly tr\u00e0 \u1ed4i H\u1ed3ng th\u01a1m m\u00e1t ch\u1ee9a nhi\u1ec1u Vitamin C nh\u00e9.<\/p>\n","protected":false},"excerpt":{"rendered":"<p>Nguy\u00ean li\u1ec7u t\u1ef1 pha Tr\u00e0 Tr\u00e1i C\u00e2y V\u1ecb \u1ed4i H\u1ed3ng<\/p>\n<p><strong>Combo g\u1ed3m:<\/strong><\/p>\n<p>Siro \u0110\u00e0o D\u00e9li 1l\u00edt &#8211; HSD : 12 th\u00e1ng<\/p>\n<p>M\u1ee9t \u0111\u00e0o D\u00e9li : 1 l\u00edt &#8211; HSD: 18 th\u00e1ng<\/p>\n<p>H\u1ed3ng tr\u00e0 D\u00e9li : 400gr, HSD : 24 th\u00e1ng<\/p>\n","protected":false},"featured_media":11688,"comment_status":"open","ping_status":"closed","template":"","meta":{"_acf_changed":false,"inline_featured_image":false},"product_brand":[],"product_cat":[139],"product_tag":[],"class_list":{"0":"post-10558","1":"product","2":"type-product","3":"status-publish","4":"has-post-thumbnail","6":"product_cat-combo-tra-trai-cay","9":"instock","10":"sale","11":"taxable","12":"shipping-taxable","13":"purchasable","14":"product-type-simple"},"acf":[],"_links":{"self":[{"href":"https:\/\/shop.tim-deli.vn\/vi\/wp-json\/wp\/v2\/product\/10558","targetHints":{"allow":["GET"]}}],"collection":[{"href":"https:\/\/shop.tim-deli.vn\/vi\/wp-json\/wp\/v2\/product"}],"about":[{"href":"https:\/\/shop.tim-deli.vn\/vi\/wp-json\/wp\/v2\/types\/product"}],"replies":[{"embeddable":true,"href":"https:\/\/shop.tim-deli.vn\/vi\/wp-json\/wp\/v2\/comments?post=10558"}],"version-history":[{"count":1,"href":"https:\/\/shop.tim-deli.vn\/vi\/wp-json\/wp\/v2\/product\/10558\/revisions"}],"predecessor-version":[{"id":10585,"href":"https:\/\/shop.tim-deli.vn\/vi\/wp-json\/wp\/v2\/product\/10558\/revisions\/10585"}],"wp:featuredmedia":[{"embeddable":true,"href":"https:\/\/shop.tim-deli.vn\/vi\/wp-json\/wp\/v2\/media\/11688"}],"wp:attachment":[{"href":"https:\/\/shop.tim-deli.vn\/vi\/wp-json\/wp\/v2\/media?parent=10558"}],"wp:term":[{"taxonomy":"product_brand","embeddable":true,"href":"https:\/\/shop.tim-deli.vn\/vi\/wp-json\/wp\/v2\/product_brand?post=10558"},{"taxonomy":"product_cat","embeddable":true,"href":"https:\/\/shop.tim-deli.vn\/vi\/wp-json\/wp\/v2\/product_cat?post=10558"},{"taxonomy":"product_tag","embeddable":true,"href":"https:\/\/shop.tim-deli.vn\/vi\/wp-json\/wp\/v2\/product_tag?post=10558"}],"curies":[{"name":"wp","href":"https:\/\/api.w.org\/{rel}","templated":true}]}}