{"id":10555,"date":"2025-07-29T15:56:33","date_gmt":"2025-07-29T08:56:33","guid":{"rendered":"https:\/\/shop.tim-deli.vn\/?post_type=product&#038;p=10555"},"modified":"2025-11-25T16:18:10","modified_gmt":"2025-11-25T09:18:10","slug":"combo-tra-chanh-day-tra-olong-500gr-mut-chanh-day-1l-siro-chanh-day-1lit-deli","status":"publish","type":"product","link":"https:\/\/shop.tim-deli.vn\/vi\/san-pham\/combo-tra-chanh-day-tra-olong-500gr-mut-chanh-day-1l-siro-chanh-day-1lit-deli\/","title":{"rendered":"Combo Tr\u00e0 Chanh D\u00e2y [Tr\u00e0 Olong 500gr+ M\u1ee9t chanh d\u00e2y 1L+ Siro chanh d\u00e2y 1Lit D\u00e9li]"},"content":{"rendered":"<p>Th\u1ee9c u\u1ed1ng gi\u00e0u vitamin, t\u0103ng s\u1ee9c \u0111\u1ec1 kh\u00e1ng cho c\u01a1 th\u1ec3!<\/p>\n<p>M\u1ed9t combo c\u00f3 th\u1ec3 pha \u0111\u01b0\u1ee3c kho\u1ea3ng h\u01a1n 40 ly, m\u00e0 m\u1ed7i ly ch\u1ec9 t\u1eeb 9k, qu\u00e1 r\u1ebb ph\u1ea3i kh\u00f4ng n\u00e0o.<\/p>\n<p>Th\u00edch h\u1ee3p \u0111\u1ec3 l\u00e0m nguy\u00ean li\u1ec7u pha ch\u1ebf cho c\u00e1c qu\u00e1n.<\/p>\n<p>V\u1edbi gia \u0111\u00ecnh th\u00ec l\u1ea1i l\u00e0 gi\u1ea3i ph\u00e1p kinh t\u1ebf hi\u1ec7u qu\u1ea3 mang l\u1ea1i s\u1ee9c \u0111\u1ec1 kh\u00e1ng v\u00e0 tinh th\u1ea7n t\u1ed1t cho c\u00e1c th\u00e0nh vi\u00ean trong gia \u0111\u00ecnh.<\/p>\n<p>Ch\u1ea7n ch\u1eeb g\u00ec n\u1eefa m\u00e0 kh\u00f4ng mua ngay!<\/p>\n","protected":false},"excerpt":{"rendered":"<p>Combo g\u1ed3m 3 m\u00f3n:<\/p>\n<p>&#8211; Tr\u00e0 Oolong: 500g\/t\u00fai<\/p>\n<p>&#8211; HSD: 24 th\u00e1ng<\/p>\n<p>&#8211; Th\u00e0nh ph\u1ea7n: 100% \u0111\u1ecdt tr\u00e0 xanh thu h\u00e1i th\u1ee7 c\u00f4ng, l\u00ean men ho\u00e0n to\u00e0n.<\/p>\n<p>&#8211; M\u1ee9t Chanh D\u00e2y chai nh\u1ef1a 1 L\u00edt &#8211; HSD: 18 th\u00e1ng<\/p>\n<p>&#8211; Siro Chanh D\u00e2y: 1000ml\/chai &#8211; HSD: 12 th\u00e1ng<\/p>\n<p>B\u1ea3o qu\u1ea3n: \u0110\u00f3ng k\u00edn sau khi m\u1edf n\u1eafp\/t\u00fai s\u1ea3n ph\u1ea9m, \u0111\u1ec3 n\u01a1i kh\u00f4 r\u00e1o tho\u00e1ng, tr\u00e1nh \u00e1nh s\u00e1ng tr\u1ef1c ti\u1ebfp.<\/p>\n","protected":false},"featured_media":11686,"comment_status":"open","ping_status":"closed","template":"","meta":{"_acf_changed":false,"inline_featured_image":false},"product_brand":[],"product_cat":[139],"product_tag":[],"class_list":{"0":"post-10555","1":"product","2":"type-product","3":"status-publish","4":"has-post-thumbnail","6":"product_cat-combo-tra-trai-cay","9":"instock","10":"sale","11":"taxable","12":"shipping-taxable","13":"purchasable","14":"product-type-simple"},"acf":[],"_links":{"self":[{"href":"https:\/\/shop.tim-deli.vn\/vi\/wp-json\/wp\/v2\/product\/10555","targetHints":{"allow":["GET"]}}],"collection":[{"href":"https:\/\/shop.tim-deli.vn\/vi\/wp-json\/wp\/v2\/product"}],"about":[{"href":"https:\/\/shop.tim-deli.vn\/vi\/wp-json\/wp\/v2\/types\/product"}],"replies":[{"embeddable":true,"href":"https:\/\/shop.tim-deli.vn\/vi\/wp-json\/wp\/v2\/comments?post=10555"}],"version-history":[{"count":1,"href":"https:\/\/shop.tim-deli.vn\/vi\/wp-json\/wp\/v2\/product\/10555\/revisions"}],"predecessor-version":[{"id":10582,"href":"https:\/\/shop.tim-deli.vn\/vi\/wp-json\/wp\/v2\/product\/10555\/revisions\/10582"}],"wp:featuredmedia":[{"embeddable":true,"href":"https:\/\/shop.tim-deli.vn\/vi\/wp-json\/wp\/v2\/media\/11686"}],"wp:attachment":[{"href":"https:\/\/shop.tim-deli.vn\/vi\/wp-json\/wp\/v2\/media?parent=10555"}],"wp:term":[{"taxonomy":"product_brand","embeddable":true,"href":"https:\/\/shop.tim-deli.vn\/vi\/wp-json\/wp\/v2\/product_brand?post=10555"},{"taxonomy":"product_cat","embeddable":true,"href":"https:\/\/shop.tim-deli.vn\/vi\/wp-json\/wp\/v2\/product_cat?post=10555"},{"taxonomy":"product_tag","embeddable":true,"href":"https:\/\/shop.tim-deli.vn\/vi\/wp-json\/wp\/v2\/product_tag?post=10555"}],"curies":[{"name":"wp","href":"https:\/\/api.w.org\/{rel}","templated":true}]}}