{"id":10553,"date":"2025-07-29T15:56:33","date_gmt":"2025-07-29T08:56:33","guid":{"rendered":"https:\/\/shop.tim-deli.vn\/?post_type=product&#038;p=10553"},"modified":"2025-11-25T16:17:42","modified_gmt":"2025-11-25T09:17:42","slug":"combo-tra-sua-oolong-duong-den-tra-olong-nuong-500gr-bot-sua-cao-cap-1kg-siro-duong-den-1l-deli","status":"publish","type":"product","link":"https:\/\/shop.tim-deli.vn\/vi\/san-pham\/combo-tra-sua-oolong-duong-den-tra-olong-nuong-500gr-bot-sua-cao-cap-1kg-siro-duong-den-1l-deli\/","title":{"rendered":"Combo Tr\u00e0 S\u1eefa Oolong \u0110\u01b0\u1eddng \u0110en [Tr\u00e0 Olong n\u01b0\u1edbng 500gr+ B\u1ed9t s\u1eefa cao c\u1ea5p 1KG+ Siro \u0111\u01b0\u1eddng \u0111en 1L D\u00e9li]"},"content":{"rendered":"<p>Nguy\u00ean li\u1ec7u pha Tr\u00e0 s\u1eefa Olong \u0111\u01b0\u1eddng \u0111en D\u00e9li<\/p>\n<p>\u0110\u1eadm v\u1ecb tr\u00e0, th\u01a1m nh\u1eb9 nh\u00e0ng \u0111\u1eb7c tr\u01b0ng , th\u01a1m nh\u01b0ng kh\u00f4ng b\u1ecb ch\u00e1t khi\u1ebfn ai u\u1ed1ng c\u0169ng th\u00edch.<\/p>\n<p>Tr\u00e0 s\u1eefa \u00d4 Long \u0111\u01b0\u1eddng \u0111en ng\u1ecdt l\u1ecbm, ng\u1ea5t ngay, u\u1ed1ng l\u00e0 ghi\u1ec1n .<\/p>\n<p>Tr\u00e0 s\u1eefa \u00f4 long \u0111\u01b0\u1eddng \u0111en l\u00e0 m\u1ed9t trong nh\u1eefng m\u00f3n tr\u00e0 s\u1eefa h\u00fat kh\u00e1ch c\u1ee7a nhi\u1ec1u th\u01b0\u01a1ng hi\u1ec7u n\u1ed5i ti\u1ebfng.<\/p>\n","protected":false},"excerpt":{"rendered":"<p>Combo g\u1ed3m:<\/p>\n<p>+ B\u1ed9t pha tr\u00e0 s\u1eefa cao c\u1ea5p ( t\u00fai 1KG, HSD: 18 th\u00e1ng )<\/p>\n<p>+ Tr\u00e0 Olong n\u01b0\u1edbng ( t\u00fai 500GR, HSD: 24 th\u00e1ng )<\/p>\n<p>+ Siro \u0111\u01b0\u1eddng \u0111en ( chai 1LIT, HSD: 12 th\u00e1ng )<\/p>\n","protected":false},"featured_media":11690,"comment_status":"open","ping_status":"closed","template":"","meta":{"_acf_changed":false,"inline_featured_image":false},"product_brand":[],"product_cat":[137,138,133,170,134],"product_tag":[],"class_list":{"0":"post-10553","1":"product","2":"type-product","3":"status-publish","4":"has-post-thumbnail","6":"product_cat-combo","7":"product_cat-combo-tra-sua-cac-loai","8":"product_cat-de-xuat-cua-hang","9":"product_cat-duoc-goi-y","10":"product_cat-duoc-mua-nhieu-nhat","13":"instock","14":"sale","15":"taxable","16":"shipping-taxable","17":"purchasable","18":"product-type-simple"},"acf":[],"_links":{"self":[{"href":"https:\/\/shop.tim-deli.vn\/vi\/wp-json\/wp\/v2\/product\/10553","targetHints":{"allow":["GET"]}}],"collection":[{"href":"https:\/\/shop.tim-deli.vn\/vi\/wp-json\/wp\/v2\/product"}],"about":[{"href":"https:\/\/shop.tim-deli.vn\/vi\/wp-json\/wp\/v2\/types\/product"}],"replies":[{"embeddable":true,"href":"https:\/\/shop.tim-deli.vn\/vi\/wp-json\/wp\/v2\/comments?post=10553"}],"version-history":[{"count":1,"href":"https:\/\/shop.tim-deli.vn\/vi\/wp-json\/wp\/v2\/product\/10553\/revisions"}],"predecessor-version":[{"id":10580,"href":"https:\/\/shop.tim-deli.vn\/vi\/wp-json\/wp\/v2\/product\/10553\/revisions\/10580"}],"wp:featuredmedia":[{"embeddable":true,"href":"https:\/\/shop.tim-deli.vn\/vi\/wp-json\/wp\/v2\/media\/11690"}],"wp:attachment":[{"href":"https:\/\/shop.tim-deli.vn\/vi\/wp-json\/wp\/v2\/media?parent=10553"}],"wp:term":[{"taxonomy":"product_brand","embeddable":true,"href":"https:\/\/shop.tim-deli.vn\/vi\/wp-json\/wp\/v2\/product_brand?post=10553"},{"taxonomy":"product_cat","embeddable":true,"href":"https:\/\/shop.tim-deli.vn\/vi\/wp-json\/wp\/v2\/product_cat?post=10553"},{"taxonomy":"product_tag","embeddable":true,"href":"https:\/\/shop.tim-deli.vn\/vi\/wp-json\/wp\/v2\/product_tag?post=10553"}],"curies":[{"name":"wp","href":"https:\/\/api.w.org\/{rel}","templated":true}]}}