{"id":10552,"date":"2025-07-29T15:56:33","date_gmt":"2025-07-29T08:56:33","guid":{"rendered":"https:\/\/shop.tim-deli.vn\/?post_type=product&#038;p=10552"},"modified":"2025-07-29T15:56:35","modified_gmt":"2025-07-29T08:56:35","slug":"bot-nang-deli-combo-2kg-2","status":"publish","type":"product","link":"https:\/\/shop.tim-deli.vn\/vi\/san-pham\/bot-nang-deli-combo-2kg-2\/","title":{"rendered":"B\u1ed9t n\u0103ng D\u00e9li [COMBO 2KG]"},"content":{"rendered":"<p>C\u00d4NG D\u1ee4NG B\u1ed8T N\u0102NG<\/p>\n<p>&#8211; B\u1ed9t n\u0103ng D\u00e9li \u0111\u01b0\u1ee3c s\u1ea3n xu\u1ea5t ho\u00e0n to\u00e0n t\u1eeb b\u1ed9t s\u1eafn (khoai m\u00ec) nguy\u00ean ch\u1ea5t t\u1ea1o \u0111\u01b0\u1ee3c \u0111\u1ed9 dai m\u1ec1m \u0111\u1eb7c bi\u1ec7t cho c\u00e1c m\u00f3n b\u00e1nh, ch\u00e8 hay tr\u00e2n ch\u00e2u.<\/p>\n<p>&#8211; B\u1ed9t n\u0103ng D\u00e9li m\u1ecbn, d\u1ec5 b\u00e1m v\u00e2n tay v\u00e0 c\u00f3 \u0111\u1ed9 k\u1ebft d\u00ednh cao.<\/p>\n<p>&#8211; B\u1ed9t n\u0103ng D\u00e9li kh\u00f4ng ch\u1ee9a ch\u1ea5t b\u1ea3o qu\u1ea3n, kh\u00f4ng c\u00f3 cholesterol g\u00e2y h\u1ea1i cho s\u1ee9c kh\u1ecfe ng\u01b0\u1eddi s\u1eed d\u1ee5ng.<\/p>\n<p>TH\u00d4NG TIN CHI TI\u1ebeT S\u1ea2N PH\u1ea8M<\/p>\n<p>Tinh b\u1ed9t m\u1ecbn 100% t\u1ef1 nhi\u00ean, nguy\u00ean li\u1ec7u l\u00e0m b\u00e1nh, topping tr\u00e0 s\u1eefa<\/p>\n<p>Th\u00e0nh ph\u1ea7n: 100% c\u1ee7 s\u1eafn (khoai m\u00ec) t\u01b0\u01a1i<\/p>\n<p>Tr\u1ecdng l\u01b0\u1ee3ng: 1kg\/t\u00fai<\/p>\n<p>Ng\u00e0y s\u1ea3n xu\u1ea5t: in tr\u00ean bao b\u00ec.<\/p>\n<p>H\u1ea1n s\u1eed d\u1ee5ng: 12 th\u00e1ng k\u1ec3 t\u1eeb ng\u00e0y s\u1ea3n xu\u1ea5t. S\u1ea3n xu\u1ea5t : Vi\u1ec7t Nam<\/p>\n<p>B\u1ea3o qu\u1ea3n: n\u01a1i kh\u00f4 r\u00e1o tho\u00e1ng, tr\u00e1nh \u00e1nh s\u00e1ng tr\u1ef1c ti\u1ebfp. \u0110\u00f3ng k\u00edn mi\u1ec7ng t\u00fai sau khi s\u1eed d\u1ee5ng.<\/p>\n<p><strong data-start=\"130\" data-end=\"147\">B\u1ed9t N\u0103ng D\u00e9li<\/strong> \u2013 Tinh b\u1ed9t khoai m\u00ec nguy\u00ean ch\u1ea5t, l\u00fd t\u01b0\u1edfng \u0111\u1ec3 l\u00e0m b\u00e1nh, ch\u00e8, tr\u00e2n ch\u00e2u v\u00e0 topping tr\u00e0 s\u1eefa th\u01a1m ngon.<\/p>\n","protected":false},"excerpt":{"rendered":"<p><strong>TH\u00d4NG TIN CHI TI\u1ebeT S\u1ea2N PH\u1ea8M<\/strong><\/p>\n<p><strong>Th\u00e0nh ph\u1ea7n:<\/strong> 100% c\u1ee7 s\u1eafn (khoai m\u00ec) t\u01b0\u01a1i<\/p>\n<p><strong>Tr\u1ecdng l\u01b0\u1ee3ng:<\/strong> 1kg\/t\u00fai<\/p>\n<p><strong>Ng\u00e0y s\u1ea3n xu\u1ea5t:<\/strong> in tr\u00ean bao b\u00ec.<\/p>\n<p><strong>H\u1ea1n s\u1eed d\u1ee5ng:<\/strong> 12 th\u00e1ng k\u1ec3 t\u1eeb ng\u00e0y s\u1ea3n xu\u1ea5t.<\/p>\n<p><strong>S\u1ea3n xu\u1ea5t:<\/strong> Vi\u1ec7t Nam<\/p>\n<p><strong>B\u1ea3o qu\u1ea3n:<\/strong> n\u01a1i kh\u00f4 r\u00e1o tho\u00e1ng, tr\u00e1nh \u00e1nh s\u00e1ng tr\u1ef1c ti\u1ebfp. \u0110\u00f3ng k\u00edn mi\u1ec7ng t\u00fai sau khi s\u1eed d\u1ee5ng.<\/p>\n","protected":false},"featured_media":9680,"comment_status":"open","ping_status":"closed","template":"","meta":{"_acf_changed":false,"inline_featured_image":false},"product_brand":[],"product_cat":[153],"product_tag":[],"class_list":{"0":"post-10552","1":"product","2":"type-product","3":"status-publish","4":"has-post-thumbnail","6":"product_cat-nguyen-lieu-lam-banh","9":"instock","10":"taxable","11":"shipping-taxable","12":"purchasable","13":"product-type-simple"},"acf":[],"_links":{"self":[{"href":"https:\/\/shop.tim-deli.vn\/vi\/wp-json\/wp\/v2\/product\/10552","targetHints":{"allow":["GET"]}}],"collection":[{"href":"https:\/\/shop.tim-deli.vn\/vi\/wp-json\/wp\/v2\/product"}],"about":[{"href":"https:\/\/shop.tim-deli.vn\/vi\/wp-json\/wp\/v2\/types\/product"}],"replies":[{"embeddable":true,"href":"https:\/\/shop.tim-deli.vn\/vi\/wp-json\/wp\/v2\/comments?post=10552"}],"version-history":[{"count":1,"href":"https:\/\/shop.tim-deli.vn\/vi\/wp-json\/wp\/v2\/product\/10552\/revisions"}],"predecessor-version":[{"id":10579,"href":"https:\/\/shop.tim-deli.vn\/vi\/wp-json\/wp\/v2\/product\/10552\/revisions\/10579"}],"wp:featuredmedia":[{"embeddable":true,"href":"https:\/\/shop.tim-deli.vn\/vi\/wp-json\/wp\/v2\/media\/9680"}],"wp:attachment":[{"href":"https:\/\/shop.tim-deli.vn\/vi\/wp-json\/wp\/v2\/media?parent=10552"}],"wp:term":[{"taxonomy":"product_brand","embeddable":true,"href":"https:\/\/shop.tim-deli.vn\/vi\/wp-json\/wp\/v2\/product_brand?post=10552"},{"taxonomy":"product_cat","embeddable":true,"href":"https:\/\/shop.tim-deli.vn\/vi\/wp-json\/wp\/v2\/product_cat?post=10552"},{"taxonomy":"product_tag","embeddable":true,"href":"https:\/\/shop.tim-deli.vn\/vi\/wp-json\/wp\/v2\/product_tag?post=10552"}],"curies":[{"name":"wp","href":"https:\/\/api.w.org\/{rel}","templated":true}]}}