{"id":10550,"date":"2025-07-29T15:56:33","date_gmt":"2025-07-29T08:56:33","guid":{"rendered":"https:\/\/shop.tim-deli.vn\/?post_type=product&#038;p=10550"},"modified":"2025-11-25T16:03:37","modified_gmt":"2025-11-25T09:03:37","slug":"combo-tra-dao-hong-tra-400gr-siro-dao-1lit-mut-dao-1lit-deli","status":"publish","type":"product","link":"https:\/\/shop.tim-deli.vn\/vi\/san-pham\/combo-tra-dao-hong-tra-400gr-siro-dao-1lit-mut-dao-1lit-deli\/","title":{"rendered":"Combo Tr\u00e0 \u0110\u00e0o [H\u1ed3ng tr\u00e0 400gr + Siro \u0111\u00e0o 1l\u00edt + M\u1ee9t \u0111\u00e0o 1l\u00edt D\u00e9li]"},"content":{"rendered":"","protected":false},"excerpt":{"rendered":"<p class=\"QN2lPu\"><strong>Nguy\u00ean li\u1ec7u t\u1ef1 pha Tr\u00e0 Tr\u00e1i \u0110\u00e0o<\/strong><\/p>\n<p class=\"QN2lPu\">Combo g\u1ed3m:<\/p>\n<p class=\"QN2lPu\">Siro \u0110\u00e0o D\u00e9li 1l\u00edt , HSD : 12 th\u00e1ng<\/p>\n<p class=\"QN2lPu\">M\u1ee9t \u0111\u00e0o D\u00e9li : 1 l\u00edt , HSD: 18 th\u00e1ng<\/p>\n<p class=\"QN2lPu\">H\u1ed3ng tr\u00e0 D\u00e9li : 400gr, HSD : 24 th\u00e1ng<\/p>\n","protected":false},"featured_media":11687,"comment_status":"open","ping_status":"closed","template":"","meta":{"_acf_changed":false,"inline_featured_image":false},"product_brand":[],"product_cat":[139],"product_tag":[],"class_list":{"0":"post-10550","1":"product","2":"type-product","3":"status-publish","4":"has-post-thumbnail","6":"product_cat-combo-tra-trai-cay","9":"instock","10":"taxable","11":"shipping-taxable","12":"purchasable","13":"product-type-simple"},"acf":[],"_links":{"self":[{"href":"https:\/\/shop.tim-deli.vn\/vi\/wp-json\/wp\/v2\/product\/10550","targetHints":{"allow":["GET"]}}],"collection":[{"href":"https:\/\/shop.tim-deli.vn\/vi\/wp-json\/wp\/v2\/product"}],"about":[{"href":"https:\/\/shop.tim-deli.vn\/vi\/wp-json\/wp\/v2\/types\/product"}],"replies":[{"embeddable":true,"href":"https:\/\/shop.tim-deli.vn\/vi\/wp-json\/wp\/v2\/comments?post=10550"}],"version-history":[{"count":1,"href":"https:\/\/shop.tim-deli.vn\/vi\/wp-json\/wp\/v2\/product\/10550\/revisions"}],"predecessor-version":[{"id":10577,"href":"https:\/\/shop.tim-deli.vn\/vi\/wp-json\/wp\/v2\/product\/10550\/revisions\/10577"}],"wp:featuredmedia":[{"embeddable":true,"href":"https:\/\/shop.tim-deli.vn\/vi\/wp-json\/wp\/v2\/media\/11687"}],"wp:attachment":[{"href":"https:\/\/shop.tim-deli.vn\/vi\/wp-json\/wp\/v2\/media?parent=10550"}],"wp:term":[{"taxonomy":"product_brand","embeddable":true,"href":"https:\/\/shop.tim-deli.vn\/vi\/wp-json\/wp\/v2\/product_brand?post=10550"},{"taxonomy":"product_cat","embeddable":true,"href":"https:\/\/shop.tim-deli.vn\/vi\/wp-json\/wp\/v2\/product_cat?post=10550"},{"taxonomy":"product_tag","embeddable":true,"href":"https:\/\/shop.tim-deli.vn\/vi\/wp-json\/wp\/v2\/product_tag?post=10550"}],"curies":[{"name":"wp","href":"https:\/\/api.w.org\/{rel}","templated":true}]}}