{"id":10549,"date":"2025-07-29T15:56:33","date_gmt":"2025-07-29T08:56:33","guid":{"rendered":"https:\/\/shop.tim-deli.vn\/?post_type=product&#038;p=10549"},"modified":"2025-11-25T16:05:47","modified_gmt":"2025-11-25T09:05:47","slug":"combo-tra-sua-truyen-thong-hong-tra-400gr-bot-sua-cao-cap-1kg-deli","status":"publish","type":"product","link":"https:\/\/shop.tim-deli.vn\/vi\/san-pham\/combo-tra-sua-truyen-thong-hong-tra-400gr-bot-sua-cao-cap-1kg-deli\/","title":{"rendered":"Combo Tr\u00e0 S\u1eefa Truy\u1ec1n Th\u1ed1ng [H\u1ed3ng tr\u00e0 400gr + B\u1ed9t s\u1eefa Cao C\u1ea5p 1kg D\u00e9li]"},"content":{"rendered":"<p>Combo Nguy\u00ean li\u1ec7u t\u1ef1 pha Tr\u00e0 S\u1eefa D\u00e9li g\u1ed3m:<\/p>\n<p>B\u1ed9t pha ch\u1ebf tr\u00e0 s\u1eefa cao c\u1ea5p D\u00e9li: 1kg , HSD: 12 th\u00e1ng<\/p>\n<p>H\u1ed3ng tr\u00e0 D\u00e9li: 400gr , HSD: 24 th\u00e1ng<\/p>\n<p>Combo Pha Ch\u1ebf Tr\u00e0 S\u1eefa th\u00edch h\u1ee3p d\u00f9ng pha ch\u1ebf cho 35 \u0111\u1ebfn 40 ly tr\u00e0 s\u1eefa.<\/p>\n<p>V\u1edbi v\u1ecb ch\u00e1t nh\u1eb9 c\u1ee7a tr\u00e0, v\u00ec b\u00e9o c\u1ee7a b\u1ed9t s\u1eefa khi\u1ebfn cho v\u1ecb tr\u00e0 s\u1eefa th\u00eam \u0111\u1eb7c bi\u1ec7t.<\/p>\n<p>** L\u01b0u \u00fd: tr\u00e0 s\u1eefa ngon nh\u1ea5t khi b\u1ea3o qu\u1ea3n l\u1ea1nh t\u1eeb 5-8h tr\u01b0\u1edbc khi s\u1eed d\u1ee5ng. Ngon h\u01a1n khi th\u00eam tr\u00e2n ch\u00e2u v\u00e0 c\u00e1c lo\u1ea1i pudding.<\/p>\n","protected":false},"excerpt":{"rendered":"<p>Combo Nguy\u00ean li\u1ec7u t\u1ef1 pha Tr\u00e0 S\u1eefa D\u00e9li g\u1ed3m:<\/p>\n<p>B\u1ed9t pha ch\u1ebf tr\u00e0 s\u1eefa cao c\u1ea5p D\u00e9li: 1kg, HSD: 18 th\u00e1ng<\/p>\n<p>H\u1ed3ng tr\u00e0 D\u00e9li: 400gr, HSD: 24 th\u00e1ng<\/p>\n","protected":false},"featured_media":11691,"comment_status":"open","ping_status":"closed","template":"","meta":{"_acf_changed":false,"inline_featured_image":false},"product_brand":[],"product_cat":[138],"product_tag":[],"class_list":{"0":"post-10549","1":"product","2":"type-product","3":"status-publish","4":"has-post-thumbnail","6":"product_cat-combo-tra-sua-cac-loai","9":"instock","10":"taxable","11":"shipping-taxable","12":"purchasable","13":"product-type-simple"},"acf":[],"_links":{"self":[{"href":"https:\/\/shop.tim-deli.vn\/vi\/wp-json\/wp\/v2\/product\/10549","targetHints":{"allow":["GET"]}}],"collection":[{"href":"https:\/\/shop.tim-deli.vn\/vi\/wp-json\/wp\/v2\/product"}],"about":[{"href":"https:\/\/shop.tim-deli.vn\/vi\/wp-json\/wp\/v2\/types\/product"}],"replies":[{"embeddable":true,"href":"https:\/\/shop.tim-deli.vn\/vi\/wp-json\/wp\/v2\/comments?post=10549"}],"version-history":[{"count":1,"href":"https:\/\/shop.tim-deli.vn\/vi\/wp-json\/wp\/v2\/product\/10549\/revisions"}],"predecessor-version":[{"id":10576,"href":"https:\/\/shop.tim-deli.vn\/vi\/wp-json\/wp\/v2\/product\/10549\/revisions\/10576"}],"wp:featuredmedia":[{"embeddable":true,"href":"https:\/\/shop.tim-deli.vn\/vi\/wp-json\/wp\/v2\/media\/11691"}],"wp:attachment":[{"href":"https:\/\/shop.tim-deli.vn\/vi\/wp-json\/wp\/v2\/media?parent=10549"}],"wp:term":[{"taxonomy":"product_brand","embeddable":true,"href":"https:\/\/shop.tim-deli.vn\/vi\/wp-json\/wp\/v2\/product_brand?post=10549"},{"taxonomy":"product_cat","embeddable":true,"href":"https:\/\/shop.tim-deli.vn\/vi\/wp-json\/wp\/v2\/product_cat?post=10549"},{"taxonomy":"product_tag","embeddable":true,"href":"https:\/\/shop.tim-deli.vn\/vi\/wp-json\/wp\/v2\/product_tag?post=10549"}],"curies":[{"name":"wp","href":"https:\/\/api.w.org\/{rel}","templated":true}]}}