{"id":10527,"date":"2025-07-29T15:56:29","date_gmt":"2025-07-29T08:56:29","guid":{"rendered":"https:\/\/shop.tim-deli.vn\/?post_type=product&#038;p=10527"},"modified":"2025-11-25T10:20:10","modified_gmt":"2025-11-25T03:20:10","slug":"mut-dau-deli-350g","status":"publish","type":"product","link":"https:\/\/shop.tim-deli.vn\/vi\/san-pham\/mut-dau-deli-350g\/","title":{"rendered":"M\u1ee9t D\u00e2u D\u00e9li &#8211; 350g"},"content":{"rendered":"<h2 data-start=\"208\" data-end=\"284\">\ud83c\udf53 M\u1ee9t D\u00e2u D\u00e9li 350g \u2013 H\u01b0\u01a1ng D\u00e2u T\u01b0\u01a1i T\u1ef1 Nhi\u00ean Cho \u0110\u1ed3 U\u1ed1ng &amp; Tr\u00e1ng Mi\u1ec7ng<\/h2>\n<p data-start=\"286\" data-end=\"591\"><strong data-start=\"286\" data-end=\"307\">M\u1ee9t d\u00e2u 350g D\u00e9li<\/strong> l\u00e0 d\u00f2ng m\u1ee9t tr\u00e1i c\u00e2y cao c\u1ea5p \u0111\u01b0\u1ee3c s\u1ea3n xu\u1ea5t t\u1eeb d\u00e2u t\u01b0\u01a1i 40%, mang h\u01b0\u01a1ng th\u01a1m quy\u1ebfn r\u0169 v\u00e0 m\u00e0u \u0111\u1ecf \u0111\u1eb9p m\u1eaft. D\u00f2ng s\u1ea3n ph\u1ea9m nh\u1ecf g\u1ecdn, ph\u00f9 h\u1ee3p cho qu\u00e1n quy m\u00f4 nh\u1ecf, ti\u1ec7m b\u00e1nh gia \u0111\u00ecnh ho\u1eb7c pha ch\u1ebf t\u1ea1i nh\u00e0, gi\u00fap t\u0103ng h\u01b0\u01a1ng v\u1ecb cho \u0111\u1ed3 u\u1ed1ng v\u00e0 m\u00f3n \u0103n m\u1ed9t c\u00e1ch ti\u1ec7n l\u1ee3i \u2013 nhanh ch\u00f3ng \u2013 ti\u1ebft ki\u1ec7m.<\/p>\n<hr data-start=\"593\" data-end=\"596\" \/>\n<h3 data-start=\"598\" data-end=\"642\">\ud83c\udf1f \u01afu \u0111i\u1ec3m n\u1ed5i b\u1eadt c\u1ee7a m\u1ee9t d\u00e2u D\u00e9li 350g<\/h3>\n<ul data-start=\"644\" data-end=\"1125\">\n<li data-start=\"644\" data-end=\"733\">\n<p data-start=\"646\" data-end=\"733\"><strong data-start=\"646\" data-end=\"677\">Chi\u1ebft xu\u1ea5t t\u1eeb d\u00e2u t\u01b0\u01a1i 40%<\/strong>, gi\u1eef nguy\u00ean m\u00f9i h\u01b0\u01a1ng v\u00e0 m\u00e0u s\u1eafc \u0111\u1ecf t\u1ef1 nhi\u00ean \u0111\u1eb7c tr\u01b0ng.<\/p>\n<\/li>\n<li data-start=\"734\" data-end=\"818\">\n<p data-start=\"736\" data-end=\"818\">V\u1ecb <strong data-start=\"739\" data-end=\"761\">ng\u1ecdt d\u1ecbu, th\u01a1m m\u00e1t<\/strong>, d\u1ec5 k\u1ebft h\u1ee3p v\u1edbi tr\u00e0, yogurt, soda ho\u1eb7c topping m\u00f3n b\u00e1nh.<\/p>\n<\/li>\n<li data-start=\"819\" data-end=\"893\">\n<p data-start=\"821\" data-end=\"893\">K\u1ebft c\u1ea5u s\u00e1nh nh\u1eb9, kh\u00f4ng v\u00f3n c\u1ee5c, h\u00f2a tan t\u1ed1t trong c\u00e1c n\u1ec1n n\u01b0\u1edbc pha ch\u1ebf.<\/p>\n<\/li>\n<li data-start=\"894\" data-end=\"963\">\n<p data-start=\"896\" data-end=\"963\">H\u0169 350g ti\u1ec7n l\u1ee3i cho qu\u00e1n nh\u1ecf, d\u1ec5 b\u1ea3o qu\u1ea3n v\u00e0 \u0111\u1ecbnh l\u01b0\u1ee3ng ch\u00ednh x\u00e1c.<\/p>\n<\/li>\n<li data-start=\"964\" data-end=\"1042\">\n<p data-start=\"966\" data-end=\"1042\">T\u1ea1o hi\u1ec7u \u1ee9ng m\u00e0u s\u1eafc h\u1ea5p d\u1eabn khi l\u00ean ly, topping b\u00e1nh ho\u1eb7c trang tr\u00ed m\u00f3n \u0103n.<\/p>\n<\/li>\n<li data-start=\"1043\" data-end=\"1125\">\n<p data-start=\"1045\" data-end=\"1125\">S\u1ea3n ph\u1ea9m \u0111\u1ea1t <strong data-start=\"1058\" data-end=\"1082\">ch\u1ee9ng nh\u1eadn ISO 22000<\/strong>, an to\u00e0n th\u1ef1c ph\u1ea9m v\u00e0 ch\u1ea5t l\u01b0\u1ee3ng \u0111\u1ed3ng \u0111\u1ec1u.<\/p>\n<\/li>\n<\/ul>\n<hr data-start=\"1127\" data-end=\"1130\" \/>\n<h3 data-start=\"1132\" data-end=\"1187\">\ud83c\udf79 \u1ee8ng d\u1ee5ng c\u1ee7a m\u1ee9t d\u00e2u 350g trong pha ch\u1ebf &amp; m\u00f3n \u0103n<\/h3>\n<h4 data-start=\"1189\" data-end=\"1216\">Trong pha ch\u1ebf \u0111\u1ed3 u\u1ed1ng:<\/h4>\n<ul data-start=\"1217\" data-end=\"1499\">\n<li data-start=\"1217\" data-end=\"1295\">\n<p data-start=\"1219\" data-end=\"1295\"><strong data-start=\"1219\" data-end=\"1237\">Tr\u00e0 d\u00e2u b\u1ea1c h\u00e0<\/strong>: 40ml m\u1ee9t d\u00e2u + tr\u00e0 olong ho\u1eb7c tr\u00e0 nh\u00e0i + \u0111\u00e1 + l\u00e1 b\u1ea1c h\u00e0.<\/p>\n<\/li>\n<li data-start=\"1296\" data-end=\"1361\">\n<p data-start=\"1298\" data-end=\"1361\"><strong data-start=\"1298\" data-end=\"1310\">Soda d\u00e2u<\/strong>: m\u1ee9t d\u00e2u + soda kh\u00f4ng \u0111\u01b0\u1eddng + l\u00e1t chanh + \u0111\u00e1 vi\u00ean.<\/p>\n<\/li>\n<li data-start=\"1362\" data-end=\"1436\">\n<p data-start=\"1364\" data-end=\"1436\"><strong data-start=\"1364\" data-end=\"1388\">Yogurt \u0111\u00e1 xay v\u1ecb d\u00e2u<\/strong>: yogurt + m\u1ee9t + \u0111\u00e1 xay \u2192 v\u1ecb m\u00e1t l\u1ea1nh, b\u00e9o th\u01a1m.<\/p>\n<\/li>\n<li data-start=\"1437\" data-end=\"1499\">\n<p data-start=\"1439\" data-end=\"1499\"><strong data-start=\"1439\" data-end=\"1457\">Tr\u00e0 s\u1eefa v\u1ecb d\u00e2u<\/strong>: th\u00eam m\u1ee9t \u0111\u1ec3 t\u0103ng t\u1ea7ng h\u01b0\u01a1ng v\u1ecb tr\u00e1i c\u00e2y.<\/p>\n<\/li>\n<\/ul>\n<h4 data-start=\"1501\" data-end=\"1519\">Trong m\u00f3n \u0103n:<\/h4>\n<ul data-start=\"1520\" data-end=\"1715\">\n<li data-start=\"1520\" data-end=\"1581\">\n<p data-start=\"1522\" data-end=\"1581\"><strong data-start=\"1522\" data-end=\"1537\">Pudding d\u00e2u<\/strong>, <strong data-start=\"1539\" data-end=\"1559\">rau c\u00e2u d\u00e2u t\u01b0\u01a1i<\/strong>, <strong data-start=\"1561\" data-end=\"1580\">panna cotta d\u00e2u<\/strong>.<\/p>\n<\/li>\n<li data-start=\"1582\" data-end=\"1660\">\n<p data-start=\"1584\" data-end=\"1660\">L\u00e0m <strong data-start=\"1588\" data-end=\"1626\">nh\u00e2n b\u00e1nh mousse, tart, cheesecake<\/strong> v\u1edbi h\u01b0\u01a1ng v\u1ecb t\u1ef1 nhi\u00ean, kh\u00f4ng g\u1eaft.<\/p>\n<\/li>\n<li data-start=\"1661\" data-end=\"1715\">\n<p data-start=\"1663\" data-end=\"1715\">\u0102n k\u00e8m b\u00e1nh m\u00ec, b\u00e1nh quy nh\u01b0 m\u1ee9t b\u1eefa s\u00e1ng ti\u1ec7n d\u1ee5ng.<\/p>\n<\/li>\n<\/ul>\n<hr data-start=\"1717\" data-end=\"1720\" \/>\n<h3 data-start=\"1722\" data-end=\"1836\">\ud83c\udfa5 Kh\u00e1m ph\u00e1 c\u00e1ch pha ch\u1ebf t\u1eeb m\u1ee9t d\u00e2u D\u00e9li t\u1ea1i TikTok: <a class=\"cursor-pointer\" href=\"https:\/\/www.tiktok.com\/@phachecungdeli\" target=\"_new\" rel=\"noopener\" data-start=\"2012\" data-end=\"2069\">@phachecungdeli<\/a><\/h3>\n<hr data-start=\"1838\" data-end=\"1841\" \/>\n<h3 data-start=\"1843\" data-end=\"1877\">\ud83d\udce6 Th\u00f4ng tin k\u1ef9 thu\u1eadt s\u1ea3n ph\u1ea9m<\/h3>\n<ul data-start=\"1879\" data-end=\"2705\">\n<li data-start=\"1879\" data-end=\"1952\">\n<p data-start=\"1881\" data-end=\"1952\"><strong data-start=\"1881\" data-end=\"1897\">T\u00ean s\u1ea3n ph\u1ea9m<\/strong>: M\u1ee9t D\u00e2u D\u00e9li \u2013 D\u00f2ng s\u1ea3n ph\u1ea9m pha ch\u1ebf cao c\u1ea5p (350g)<\/p>\n<\/li>\n<li data-start=\"1953\" data-end=\"2159\">\n<p data-start=\"1955\" data-end=\"2159\"><strong data-start=\"1955\" data-end=\"1969\">Th\u00e0nh ph\u1ea7n<\/strong>: D\u00e2u t\u01b0\u01a1i (40%), \u0111\u01b0\u1eddng ng\u00f4 HFCS, h\u1ed7n h\u1ee3p l\u00e0m th\u1ef1c ph\u1ea9m h\u01b0\u01a1ng d\u00e2u t\u00e2y &#8211; Pasta fragola w (10%), n\u01b0\u1edbc, ch\u1ea5t \u1ed5n \u0111\u1ecbnh (INS 440), ch\u1ea5t \u0111i\u1ec1u ch\u1ec9nh \u0111\u1ed9 acid (INS 330), h\u01b0\u01a1ng d\u00e2u t\u1ef1 nhi\u00ean v\u00e0 gi\u1ed1ng t\u1ef1 nhi\u00ean, ch\u1ea5t b\u1ea3o qu\u1ea3n (INS 211)<\/p>\n<\/li>\n<li data-start=\"2160\" data-end=\"2263\">\n<p data-start=\"2162\" data-end=\"2263\"><strong data-start=\"2162\" data-end=\"2183\">H\u01b0\u1edbng d\u1eabn s\u1eed d\u1ee5ng<\/strong>: D\u00f9ng pha ch\u1ebf tr\u00e0 tr\u00e1i c\u00e2y, soda, yogurt, \u0111\u00e1 xay ho\u1eb7c l\u00e0m b\u00e1nh, kem, rau c\u00e2u\u2026<\/p>\n<\/li>\n<li data-start=\"2264\" data-end=\"2367\">\n<p data-start=\"2266\" data-end=\"2367\"><strong data-start=\"2266\" data-end=\"2288\">H\u01b0\u1edbng d\u1eabn b\u1ea3o qu\u1ea3n<\/strong>: B\u1ea3o qu\u1ea3n n\u01a1i kh\u00f4 tho\u00e1ng. Sau khi m\u1edf n\u1eafp n\u00ean gi\u1eef l\u1ea1nh v\u00e0 d\u00f9ng trong 30 ng\u00e0y.<\/p>\n<\/li>\n<li data-start=\"2368\" data-end=\"2391\">\n<p data-start=\"2370\" data-end=\"2391\"><strong data-start=\"2370\" data-end=\"2383\">Dung t\u00edch<\/strong>: 350g<\/p>\n<\/li>\n<li data-start=\"2392\" data-end=\"2455\">\n<p data-start=\"2394\" data-end=\"2455\"><strong data-start=\"2394\" data-end=\"2409\">H\u1ea1n s\u1eed d\u1ee5ng<\/strong>: 18 th\u00e1ng t\u1eeb ng\u00e0y s\u1ea3n xu\u1ea5t (in tr\u00ean bao b\u00ec)<\/p>\n<\/li>\n<li data-start=\"2456\" data-end=\"2481\">\n<p data-start=\"2458\" data-end=\"2481\"><strong data-start=\"2458\" data-end=\"2469\">Xu\u1ea5t x\u1ee9<\/strong>: Vi\u1ec7t Nam<\/p>\n<\/li>\n<\/ul>\n<ul>\n<li><strong data-start=\"2852\" data-end=\"2877\">Ti\u00eau chu\u1ea9n ch\u1ea5t l\u01b0\u1ee3ng<\/strong>: ISO 22000<\/li>\n<\/ul>\n<ul data-start=\"2268\" data-end=\"3285\">\n<li data-start=\"3056\" data-end=\"3169\">\n<p data-start=\"3058\" data-end=\"3169\"><strong data-start=\"3058\" data-end=\"3074\">S\u1ea3n xu\u1ea5t t\u1ea1i<\/strong>: C\u00f4ng ty TNHH TMDV TYRAN \u2013 D20\/530 Tr\u1ecbnh Quang Ngh\u1ecb, x\u00e3 B\u00ecnh H\u01b0ng, Th\u00e0nh ph\u1ed1 H\u1ed3 Ch\u00ed Minh, Vi\u1ec7t Nam<\/p>\n<\/li>\n<li data-start=\"3170\" data-end=\"3285\">\n<p data-start=\"3172\" data-end=\"3285\"><strong data-start=\"3172\" data-end=\"3199\">Ph\u00e2n ph\u1ed1i \u0111\u1ed9c quy\u1ec1n b\u1edfi<\/strong>: C\u00f4ng ty TNHH TIM CORP \u2013 T\u1ea7ng 14, T\u00f2a Nh\u00e0 HM Town, 412 Nguy\u1ec5n Th\u1ecb Minh Khai, Ph\u01b0\u1eddng B\u00e0n C\u1edd, Th\u00e0nh ph\u1ed1 H\u1ed3 Ch\u00ed Minh, Vi\u1ec7t Nam<\/p>\n<\/li>\n<\/ul>\n<hr data-start=\"2707\" data-end=\"2710\" \/>\n<h3 data-start=\"2712\" data-end=\"2766\">\u2705 V\u00ec sao m\u1ee9t d\u00e2u 350g D\u00e9li l\u00e0 l\u1ef1a ch\u1ecdn th\u00f4ng minh?<\/h3>\n<ul data-start=\"2768\" data-end=\"2997\">\n<li data-start=\"2768\" data-end=\"2831\">\n<p data-start=\"2770\" data-end=\"2831\">Kh\u00f4ng c\u1ea7n s\u01a1 ch\u1ebf tr\u00e1i c\u00e2y, ti\u1ebft ki\u1ec7m c\u00f4ng \u0111o\u1ea1n &amp; nguy\u00ean li\u1ec7u.<\/p>\n<\/li>\n<li data-start=\"2832\" data-end=\"2874\">\n<p data-start=\"2834\" data-end=\"2874\">Gi\u1eef chu\u1ea9n h\u01b0\u01a1ng v\u1ecb t\u1eebng ly, t\u1eebng m\u00f3n \u0103n.<\/p>\n<\/li>\n<li data-start=\"2875\" data-end=\"2949\">\n<p data-start=\"2877\" data-end=\"2949\">H\u0169 nh\u1ecf ti\u1ec7n d\u1ee5ng, ph\u00f9 h\u1ee3p cho kinh doanh c\u00e1 nh\u00e2n ho\u1eb7c test s\u1ea3n ph\u1ea9m m\u1edbi.<\/p>\n<\/li>\n<li data-start=\"2950\" data-end=\"2997\">\n<p data-start=\"2952\" data-end=\"2997\">An to\u00e0n \u2013 ch\u1ea5t l\u01b0\u1ee3ng \u2013 d\u1ec5 ph\u1ed1i h\u1ee3p c\u00f4ng th\u1ee9c.<\/p>\n<\/li>\n<\/ul>\n<hr data-start=\"2999\" data-end=\"3002\" \/>\n<h3 data-start=\"3004\" data-end=\"3047\">\ud83d\uded2 Kh\u00e1m ph\u00e1 th\u00eam c\u00e1c d\u00f2ng m\u1ee9t D\u00e9li kh\u00e1c<\/h3>\n<p data-start=\"3049\" data-end=\"3261\">D\u00f2ng m\u1ee9t D\u00e9li c\u00f2n c\u00f3 c\u00e1c h\u01b0\u01a1ng v\u1ecb h\u1ea5p d\u1eabn kh\u00e1c nh\u01b0: <strong data-start=\"3101\" data-end=\"3169\">m\u1ee9t \u0111\u00e0o, m\u1ee9t \u1ed5i h\u1ed3ng, m\u1ee9t chanh d\u00e2y, m\u1ee9t cam, m\u1ee9t xo\u00e0i, m\u1ee9t kiwi<\/strong>\u2026 th\u00edch h\u1ee3p cho m\u1ecdi m\u00f3n u\u1ed1ng v\u00e0 tr\u00e1ng mi\u1ec7ng.<br data-start=\"3213\" data-end=\"3216\" \/><strong data-start=\"3216\" data-end=\"3232\">Xem th\u00eam t\u1ea1i<\/strong>: <a class=\"cursor-pointer\" href=\"https:\/\/shop.tim-deli.vn\/en\/shop\/\" rel=\"noopener\" data-start=\"3670\" data-end=\"3705\"><strong data-start=\"3671\" data-end=\"3697\">Danh m\u1ee5c s\u1ea3n ph\u1ea9m D\u00e9li<\/strong><\/a><\/p>\n","protected":false},"excerpt":{"rendered":"<p><strong>TH\u00d4NG TIN S\u1ea2N PH\u1ea8M M\u1ee8T D\u00c2U 350G<\/strong><\/p>\n<p><strong>Th\u01b0\u01a1ng hi\u1ec7u<\/strong>: D\u00e9li<\/p>\n<p><strong>Quy C\u00e1ch:<\/strong> 350gr\/h\u1ee7<\/p>\n<p><strong>Ng\u00e0y s\u1ea3n xu\u1ea5t:<\/strong>\u00a0in tr\u00ean bao b\u00ec.<\/p>\n<p><strong>H\u1ea1n s\u1eed d\u1ee5ng:<\/strong> 18 th\u00e1ng k\u1ec3 t\u1eeb ng\u00e0y s\u1ea3n xu\u1ea5t.<\/p>\n<p><strong>Xu\u1ea5t x\u1ee9:<\/strong>\u00a0Vi\u1ec7t Nam<\/p>\n<p><strong>B\u1ea3o qu\u1ea3n:<\/strong> n\u01a1i kh\u00f4 r\u00e1o tho\u00e1ng, tr\u00e1nh \u00e1nh s\u00e1ng tr\u1ef1c ti\u1ebfp, sau khi m\u1edf n\u1eafp ph\u1ea3i \u0111\u1ec3 trong ng\u0103n m\u00e1t t\u1ee7 l\u1ea1nh.<\/p>\n","protected":false},"featured_media":9161,"comment_status":"open","ping_status":"closed","template":"","meta":{"_acf_changed":false,"inline_featured_image":false},"product_brand":[],"product_cat":[140],"product_tag":[329,327,328],"class_list":{"0":"post-10527","1":"product","2":"type-product","3":"status-publish","4":"has-post-thumbnail","6":"product_cat-mut-trai-cay","7":"product_tag-mut","8":"product_tag-mut-dau","9":"product_tag-mut-dau-tay","12":"instock","13":"taxable","14":"shipping-taxable","15":"purchasable","16":"product-type-variable"},"acf":[],"_links":{"self":[{"href":"https:\/\/shop.tim-deli.vn\/vi\/wp-json\/wp\/v2\/product\/10527","targetHints":{"allow":["GET"]}}],"collection":[{"href":"https:\/\/shop.tim-deli.vn\/vi\/wp-json\/wp\/v2\/product"}],"about":[{"href":"https:\/\/shop.tim-deli.vn\/vi\/wp-json\/wp\/v2\/types\/product"}],"replies":[{"embeddable":true,"href":"https:\/\/shop.tim-deli.vn\/vi\/wp-json\/wp\/v2\/comments?post=10527"}],"version-history":[{"count":1,"href":"https:\/\/shop.tim-deli.vn\/vi\/wp-json\/wp\/v2\/product\/10527\/revisions"}],"predecessor-version":[{"id":10543,"href":"https:\/\/shop.tim-deli.vn\/vi\/wp-json\/wp\/v2\/product\/10527\/revisions\/10543"}],"wp:featuredmedia":[{"embeddable":true,"href":"https:\/\/shop.tim-deli.vn\/vi\/wp-json\/wp\/v2\/media\/9161"}],"wp:attachment":[{"href":"https:\/\/shop.tim-deli.vn\/vi\/wp-json\/wp\/v2\/media?parent=10527"}],"wp:term":[{"taxonomy":"product_brand","embeddable":true,"href":"https:\/\/shop.tim-deli.vn\/vi\/wp-json\/wp\/v2\/product_brand?post=10527"},{"taxonomy":"product_cat","embeddable":true,"href":"https:\/\/shop.tim-deli.vn\/vi\/wp-json\/wp\/v2\/product_cat?post=10527"},{"taxonomy":"product_tag","embeddable":true,"href":"https:\/\/shop.tim-deli.vn\/vi\/wp-json\/wp\/v2\/product_tag?post=10527"}],"curies":[{"name":"wp","href":"https:\/\/api.w.org\/{rel}","templated":true}]}}