{"id":10526,"date":"2025-07-29T15:56:29","date_gmt":"2025-07-29T08:56:29","guid":{"rendered":"https:\/\/shop.tim-deli.vn\/?post_type=product&#038;p=10526"},"modified":"2025-11-25T10:20:58","modified_gmt":"2025-11-25T03:20:58","slug":"mut-dau-tam-deli-350gr","status":"publish","type":"product","link":"https:\/\/shop.tim-deli.vn\/vi\/san-pham\/mut-dau-tam-deli-350gr\/","title":{"rendered":"M\u1ee9t d\u00e2u t\u1eb1m D\u00e9li &#8211; 350gr"},"content":{"rendered":"<p><b>\u01afU \u0110I\u1ec2M S\u1ea2N PH\u1ea8M<\/b><\/p>\n<p><span style=\"font-weight: 400;\">L\u00e0 l\u1ef1a ch\u1ecdn h\u00e0ng \u0111\u1ea7u c\u1ee7a c\u00e1c ch\u1ee7 qu\u00e1n tr\u00e0 s\u1eefa, cafe, tr\u00e0 tr\u00e1i c\u00e2y&#8230;<\/span><\/p>\n<p><span style=\"font-weight: 400;\">H\u01b0\u01a1ng th\u01a1m t\u1ef1 nhi\u00ean, v\u1ecb m\u1ee9t ng\u1ecdt thanh kh\u00f4ng g\u1eaft<\/span><\/p>\n<p><span style=\"font-weight: 400;\">\u0110\u1ed9 h\u00f2a quy\u1ec7n m\u1ee9t tr\u00e1i c\u00e2y t\u1ed1t, th\u00edch h\u1ee3p \u0111\u1ec3 pha ch\u1ebf c\u00e1c th\u1ee9c u\u1ed1ng gi\u1ea3i kh\u00e1t, th\u01a1m ngon v\u00e0 k\u00edch th\u00edch v\u1ecb gi\u00e1c<\/span><\/p>\n<p><span style=\"font-weight: 400;\">Ti\u1ec7n l\u1ee3i trong ch\u1ebf bi\u1ebfn c\u00e1c m\u00f3n \u0103n tr\u00e1ng mi\u1ec7ng<\/span><\/p>\n<p><b>C\u00d4NG D\u1ee4NG<\/b><\/p>\n<p><span style=\"font-weight: 400;\">M\u1ee9t tr\u00e1i c\u00e2y D\u00e9li chuy\u00ean pha ch\u1ebf tr\u00e0 tr\u00e1i c\u00e2y, cocktail, soda, siro \u0111\u00e1 b\u00e0o, tr\u00e0 s\u1eefa&#8230;<\/span><\/p>\n<p><span style=\"font-weight: 400;\">D\u00f9ng trong ch\u1ebf bi\u1ebfn c\u00e1c m\u00f3n \u0103n tr\u00e1ng mi\u1ec7ng nh\u01b0 rau c\u00e2u, s\u1eefa chua tr\u00e1i c\u00e2y, c\u00e1c m\u00f3n b\u00e1nh ng\u1ecdt&#8230;<\/span><\/p>\n<p>&nbsp;<\/p>\n<p><span style=\"font-weight: 400;\">\u2668\ufe0f\u2668\ufe0fM\u1ee8T TR\u00c1I C\u00c2Y D\u00c9LI CAO C\u1ea4P &#8211; \u0110A D\u1ea0NG V\u00c0 \u0110\u1ea6Y \u0110\u1ee6 H\u01af\u01a0NG V\u1eca \ud83c\udf47\ud83c\udf53<\/span><\/p>\n<p><span style=\"font-weight: 400;\">\u2728V\u1edbi 10 lo\u1ea1i tr\u00e1i c\u00e2y ch\u1ecdn l\u1ecdc, m\u1ee9t D\u00e9li \u0111\u01b0\u1ee3c l\u00e0m t\u1eeb c\u1ed1t tr\u00e1i c\u00e2y t\u01b0\u01a1i v\u00e0 tr\u1ed9n l\u1eabn th\u1ecbt tr\u00e1i c\u00e2y th\u00e1i nh\u1ecf v\u00ec v\u1eady m\u00e0u s\u1eafc v\u00e0 h\u01b0\u01a1ng v\u1ecb 100% t\u1ef1 nhi\u00ean, t\u01b0\u01a1i m\u1edbi v\u00e0 h\u1ea5p d\u1eabn (g\u1ed3m d\u00e2u, v\u1ea3i, \u0111\u00e0o, vi\u1ec7t qu\u1ea5t, \u1ed5i h\u1ed3ng, chanh d\u00e2y, xo\u00e0i&#8230;)<\/span><\/p>\n<p><span style=\"font-weight: 400;\">\u2728\u0110i\u1ec3m n\u1ed5i b\u1eadt c\u1ee7a s\u1ea3n ph\u1ea9m m\u1ee9t D\u00e9li l\u00e0 h\u01b0\u01a1ng v\u1ecb th\u01a1m ng\u1ecdt chu\u1ea9n v\u1ecb tr\u00e1i c\u00e2y t\u01b0\u01a1i ho\u00e0n to\u00e0n t\u1ef1 nhi\u00ean.<\/span><\/p>\n<p><span style=\"font-weight: 400;\">\u2728D\u00e9li cam k\u1ebft s\u1eed d\u1ee5ng 100% ngu\u1ed3n nguy\u00ean li\u1ec7u s\u1ea1ch, \u0111\u1ea1t ti\u00eau chu\u1ea9n ch\u1ea5t l\u01b0\u1ee3ng qu\u1ed1c t\u1ebf ISO 22000:2018, ch\u1ee9ng nh\u1eadn v\u1ec1 v\u1ec7 sinh an to\u00e0n th\u1ef1c ph\u1ea9m kh\u00e1c nh\u01b0 VFA, HALAL<\/span><\/p>\n<p><b>TH\u00d4NG TIN CHUNG<\/b><\/p>\n<p><b>Tr\u1ecdng l\u01b0\u1ee3ng:<\/b><span style=\"font-weight: 400;\"> 350gr\/h\u1ee7<\/span><\/p>\n<p><b>HSD:<\/b><span style=\"font-weight: 400;\"> 18 th\u00e1ng k\u1ec3 t\u1eeb ng\u00e0y s\u1ea3n xu\u1ea5t.<\/span><\/p>\n<p><b>N\u01a1i s\u1ea3n xu\u1ea5t:<\/b><span style=\"font-weight: 400;\"> Vi\u1ec7t Nam<\/span><\/p>\n<p><b>H\u01af\u1edaNG D\u1eaaN S\u1eec D\u1ee4NG V\u00c0 B\u1ea2O QU\u1ea2N<\/b><\/p>\n<p><span style=\"font-weight: 400;\">S\u1eed d\u1ee5ng ngay sau khi m\u1edf chai, b\u1ea3o qu\u1ea3n n\u01a1i kh\u00f4 r\u00e1o, tho\u00e1ng m\u00e1t, tr\u00e1nh \u00e1nh s\u00e1ng tr\u1ef1c ti\u1ebfp.<\/span><\/p>\n","protected":false},"excerpt":{"rendered":"<p><strong>TH\u00d4NG TIN CHUNG<\/strong><\/p>\n<p><strong>Th\u01b0\u01a1ng hi\u1ec7u<\/strong>: D\u00e9li<\/p>\n<p><strong>Quy C\u00e1ch:<\/strong> 350gr\/h\u1ee7<\/p>\n<p><strong>Ng\u00e0y s\u1ea3n xu\u1ea5t:<\/strong>\u00a0in tr\u00ean bao b\u00ec.<\/p>\n<p><strong>H\u1ea1n s\u1eed d\u1ee5ng:<\/strong> 18 th\u00e1ng k\u1ec3 t\u1eeb ng\u00e0y s\u1ea3n xu\u1ea5t.<\/p>\n<p><strong>Xu\u1ea5t x\u1ee9:<\/strong>\u00a0Vi\u1ec7t Nam<\/p>\n<p><strong>B\u1ea3o qu\u1ea3n:<\/strong> n\u01a1i kh\u00f4 r\u00e1o tho\u00e1ng, tr\u00e1nh \u00e1nh s\u00e1ng tr\u1ef1c ti\u1ebfp, sau khi m\u1edf n\u1eafp ph\u1ea3i \u0111\u1ec3 trong ng\u0103n m\u00e1t t\u1ee7 l\u1ea1nh.<\/p>\n","protected":false},"featured_media":9221,"comment_status":"open","ping_status":"closed","template":"","meta":{"_acf_changed":false,"inline_featured_image":false},"product_brand":[],"product_cat":[140,134,183],"product_tag":[],"class_list":{"0":"post-10526","1":"product","2":"type-product","3":"status-publish","4":"has-post-thumbnail","6":"product_cat-mut-trai-cay","7":"product_cat-duoc-mua-nhieu-nhat","8":"product_cat-top-nguyen-lieu-ban-pha-che-ban-chay-tai-deli","11":"instock","12":"taxable","13":"shipping-taxable","14":"purchasable","15":"product-type-variable"},"acf":[],"_links":{"self":[{"href":"https:\/\/shop.tim-deli.vn\/vi\/wp-json\/wp\/v2\/product\/10526","targetHints":{"allow":["GET"]}}],"collection":[{"href":"https:\/\/shop.tim-deli.vn\/vi\/wp-json\/wp\/v2\/product"}],"about":[{"href":"https:\/\/shop.tim-deli.vn\/vi\/wp-json\/wp\/v2\/types\/product"}],"replies":[{"embeddable":true,"href":"https:\/\/shop.tim-deli.vn\/vi\/wp-json\/wp\/v2\/comments?post=10526"}],"version-history":[{"count":2,"href":"https:\/\/shop.tim-deli.vn\/vi\/wp-json\/wp\/v2\/product\/10526\/revisions"}],"predecessor-version":[{"id":11477,"href":"https:\/\/shop.tim-deli.vn\/vi\/wp-json\/wp\/v2\/product\/10526\/revisions\/11477"}],"wp:featuredmedia":[{"embeddable":true,"href":"https:\/\/shop.tim-deli.vn\/vi\/wp-json\/wp\/v2\/media\/9221"}],"wp:attachment":[{"href":"https:\/\/shop.tim-deli.vn\/vi\/wp-json\/wp\/v2\/media?parent=10526"}],"wp:term":[{"taxonomy":"product_brand","embeddable":true,"href":"https:\/\/shop.tim-deli.vn\/vi\/wp-json\/wp\/v2\/product_brand?post=10526"},{"taxonomy":"product_cat","embeddable":true,"href":"https:\/\/shop.tim-deli.vn\/vi\/wp-json\/wp\/v2\/product_cat?post=10526"},{"taxonomy":"product_tag","embeddable":true,"href":"https:\/\/shop.tim-deli.vn\/vi\/wp-json\/wp\/v2\/product_tag?post=10526"}],"curies":[{"name":"wp","href":"https:\/\/api.w.org\/{rel}","templated":true}]}}