{"id":10525,"date":"2025-07-29T15:56:29","date_gmt":"2025-07-29T08:56:29","guid":{"rendered":"https:\/\/shop.tim-deli.vn\/?post_type=product&#038;p=10525"},"modified":"2025-11-25T10:21:48","modified_gmt":"2025-11-25T03:21:48","slug":"mut-viet-quat-deli-350g","status":"publish","type":"product","link":"https:\/\/shop.tim-deli.vn\/vi\/san-pham\/mut-viet-quat-deli-350g\/","title":{"rendered":"M\u1ee9t Vi\u1ec7t Qu\u1ea5t D\u00e9li &#8211; 350g"},"content":{"rendered":"<h2 data-start=\"207\" data-end=\"280\">M\u1ee9t Vi\u1ec7t Qu\u1ea5t D\u00e9li 350g \u2013 V\u1ecb Chua Ng\u1ecdt T\u00e2y \u00c2u Cho Pha Ch\u1ebf Hi\u1ec7n \u0110\u1ea1i<\/h2>\n<p data-start=\"282\" data-end=\"592\"><strong data-start=\"282\" data-end=\"309\">M\u1ee9t vi\u1ec7t qu\u1ea5t 350g D\u00e9li<\/strong> l\u00e0 d\u00f2ng m\u1ee9t tr\u00e1i c\u00e2y cao c\u1ea5p \u0111\u01b0\u1ee3c chi\u1ebft xu\u1ea5t t\u1eeb vi\u1ec7t qu\u1ea5t t\u01b0\u01a1i \u226550%, mang s\u1eafc t\u00edm \u0111\u1eb7c tr\u01b0ng c\u00f9ng h\u01b0\u01a1ng v\u1ecb chua ng\u1ecdt h\u00e0i h\u00f2a. H\u0169 m\u1ee9t nh\u1ecf g\u1ecdn, l\u00fd t\u01b0\u1edfng cho qu\u00e1n \u0111\u1ed3 u\u1ed1ng quy m\u00f4 nh\u1ecf, ti\u1ec7m b\u00e1nh gia \u0111\u00ecnh ho\u1eb7c ng\u01b0\u1eddi d\u00f9ng c\u00e1 nh\u00e2n mu\u1ed1n t\u1ea1o ra nh\u1eefng m\u00f3n u\u1ed1ng \u2013 m\u00f3n \u0103n ch\u1ea5t l\u01b0\u1ee3ng ngay t\u1ea1i nh\u00e0.<\/p>\n<hr data-start=\"594\" data-end=\"597\" \/>\n<h3 data-start=\"599\" data-end=\"649\">\ud83c\udf1f \u01afu \u0111i\u1ec3m n\u1ed5i b\u1eadt c\u1ee7a m\u1ee9t vi\u1ec7t qu\u1ea5t D\u00e9li 350g<\/h3>\n<ul data-start=\"651\" data-end=\"1079\">\n<li data-start=\"651\" data-end=\"727\">\n<p data-start=\"653\" data-end=\"727\"><strong data-start=\"653\" data-end=\"687\">Chi\u1ebft xu\u1ea5t \u226550% vi\u1ec7t qu\u1ea5t t\u01b0\u01a1i<\/strong>, h\u01b0\u01a1ng v\u1ecb \u0111\u1eadm \u0111\u00e0, gi\u1eef m\u00e0u t\u00edm t\u1ef1 nhi\u00ean.<\/p>\n<\/li>\n<li data-start=\"728\" data-end=\"816\">\n<p data-start=\"730\" data-end=\"816\">V\u1ecb <strong data-start=\"733\" data-end=\"758\">chua nh\u1eb9 \u2013 ng\u1ecdt thanh<\/strong>, d\u1ec5 k\u1ebft h\u1ee3p c\u00f9ng tr\u00e0, yogurt, soda ho\u1eb7c l\u00e0m topping b\u00e1nh.<\/p>\n<\/li>\n<li data-start=\"817\" data-end=\"887\">\n<p data-start=\"819\" data-end=\"887\">K\u1ebft c\u1ea5u s\u00e1nh m\u1ecbn, d\u1ec5 h\u00f2a tan, kh\u00f4ng l\u1eafng c\u1eb7n hay b\u1ecb v\u00f3n khi pha ch\u1ebf.<\/p>\n<\/li>\n<li data-start=\"888\" data-end=\"991\">\n<p data-start=\"890\" data-end=\"991\">Dung t\u00edch <strong data-start=\"900\" data-end=\"917\">350g ti\u1ec7n l\u1ee3i<\/strong>, ti\u1ebft ki\u1ec7m, ph\u00f9 h\u1ee3p th\u1eed nghi\u1ec7m c\u00f4ng th\u1ee9c m\u1edbi ho\u1eb7c ph\u1ee5c v\u1ee5 kh\u1ed1i l\u01b0\u1ee3ng nh\u1ecf.<\/p>\n<\/li>\n<li data-start=\"992\" data-end=\"1079\">\n<p data-start=\"994\" data-end=\"1079\">\u0110\u1ea1t ch\u1ee9ng nh\u1eadn <strong data-start=\"1009\" data-end=\"1022\">ISO 22000<\/strong>, \u0111\u1ea3m b\u1ea3o an to\u00e0n th\u1ef1c ph\u1ea9m v\u00e0 ch\u1ea5t l\u01b0\u1ee3ng \u0111\u1ea7u ra \u1ed5n \u0111\u1ecbnh.<\/p>\n<\/li>\n<\/ul>\n<hr data-start=\"1081\" data-end=\"1084\" \/>\n<h3 data-start=\"1086\" data-end=\"1147\">\ud83c\udf79 \u1ee8ng d\u1ee5ng c\u1ee7a m\u1ee9t vi\u1ec7t qu\u1ea5t 350g trong pha ch\u1ebf &amp; m\u00f3n \u0103n<\/h3>\n<h4 data-start=\"1149\" data-end=\"1176\">Trong pha ch\u1ebf \u0111\u1ed3 u\u1ed1ng:<\/h4>\n<ul data-start=\"1177\" data-end=\"1479\">\n<li data-start=\"1177\" data-end=\"1239\">\n<p data-start=\"1179\" data-end=\"1239\"><strong data-start=\"1179\" data-end=\"1196\">Tr\u00e0 vi\u1ec7t qu\u1ea5t<\/strong>: 40ml m\u1ee9t + 80ml tr\u00e0 nh\u00e0i ho\u1eb7c olong + \u0111\u00e1.<\/p>\n<\/li>\n<li data-start=\"1240\" data-end=\"1308\">\n<p data-start=\"1242\" data-end=\"1308\"><strong data-start=\"1242\" data-end=\"1266\">Soda vi\u1ec7t qu\u1ea5t chanh<\/strong>: m\u1ee9t + soda kh\u00f4ng \u0111\u01b0\u1eddng + l\u00e1t chanh + \u0111\u00e1.<\/p>\n<\/li>\n<li data-start=\"1309\" data-end=\"1389\">\n<p data-start=\"1311\" data-end=\"1389\"><strong data-start=\"1311\" data-end=\"1340\">Smoothie yogurt vi\u1ec7t qu\u1ea5t<\/strong>: yogurt + m\u1ee9t + \u0111\u00e1 xay \u2192 v\u1ecb m\u00e1t l\u1ea1nh, th\u01a1m n\u1ed3ng.<\/p>\n<\/li>\n<li data-start=\"1390\" data-end=\"1479\">\n<p data-start=\"1392\" data-end=\"1479\"><strong data-start=\"1392\" data-end=\"1416\">Tr\u00e0 s\u1eefa v\u1ecb vi\u1ec7t qu\u1ea5t<\/strong>: m\u1ee9t vi\u1ec7t qu\u1ea5t gi\u00fap t\u1ea1o chi\u1ec1u s\u00e2u h\u01b0\u01a1ng v\u1ecb tr\u00e1i c\u00e2y \u0111\u1eb7c tr\u01b0ng.<\/p>\n<\/li>\n<\/ul>\n<h4 data-start=\"1481\" data-end=\"1499\">Trong m\u00f3n \u0103n:<\/h4>\n<ul data-start=\"1500\" data-end=\"1704\">\n<li data-start=\"1500\" data-end=\"1579\">\n<p data-start=\"1502\" data-end=\"1579\"><strong data-start=\"1502\" data-end=\"1538\">Panna cotta, rau c\u00e2u, cheesecake<\/strong>: s\u1eed d\u1ee5ng m\u1ee9t l\u00e0m topping ho\u1eb7c nh\u00e2n gi\u1eefa.<\/p>\n<\/li>\n<li data-start=\"1580\" data-end=\"1636\">\n<p data-start=\"1582\" data-end=\"1636\"><strong data-start=\"1582\" data-end=\"1603\">B\u00e1nh quy, b\u00e1nh m\u00ec<\/strong>: ph\u1ebft tr\u1ef1c ti\u1ebfp nh\u01b0 m\u1ee9t \u0103n s\u00e1ng.<\/p>\n<\/li>\n<li data-start=\"1637\" data-end=\"1704\">\n<p data-start=\"1639\" data-end=\"1704\"><strong data-start=\"1639\" data-end=\"1674\">L\u00e0m nh\u00e2n b\u00e1nh tart, mousse l\u1ea1nh<\/strong> t\u0103ng t\u00ednh th\u1ea9m m\u1ef9 v\u00e0 \u0111\u1ed9 ngon.<\/p>\n<\/li>\n<\/ul>\n<hr data-start=\"1706\" data-end=\"1709\" \/>\n<h3 data-start=\"1711\" data-end=\"1837\">\ud83c\udfa5 Xem video c\u00f4ng th\u1ee9c pha ch\u1ebf t\u1eeb m\u1ee9t vi\u1ec7t qu\u1ea5t D\u00e9li t\u1ea1i TikTok: <a class=\"cursor-pointer\" href=\"https:\/\/www.tiktok.com\/@phachecungdeli\" target=\"_new\" rel=\"noopener\" data-start=\"2012\" data-end=\"2069\">@phachecungdeli<\/a><\/h3>\n<hr data-start=\"1839\" data-end=\"1842\" \/>\n<h3 data-start=\"1844\" data-end=\"1878\">\ud83d\udce6 Th\u00f4ng tin k\u1ef9 thu\u1eadt s\u1ea3n ph\u1ea9m<\/h3>\n<ul data-start=\"1880\" data-end=\"2713\">\n<li data-start=\"1880\" data-end=\"1959\">\n<p data-start=\"1882\" data-end=\"1959\"><strong data-start=\"1882\" data-end=\"1898\">T\u00ean s\u1ea3n ph\u1ea9m<\/strong>: M\u1ee9t Vi\u1ec7t Qu\u1ea5t D\u00e9li \u2013 D\u00f2ng s\u1ea3n ph\u1ea9m pha ch\u1ebf cao c\u1ea5p (350g)<\/p>\n<\/li>\n<li data-start=\"1960\" data-end=\"2178\">\n<p data-start=\"1962\" data-end=\"2178\"><strong data-start=\"1962\" data-end=\"1976\">Th\u00e0nh ph\u1ea7n<\/strong>: Vi\u1ec7t qu\u1ea5t (40%), \u0111\u01b0\u1eddng ng\u00f4 HFCS, h\u1ed7n h\u1ee3p l\u00e0m th\u1ef1c ph\u1ea9m h\u01b0\u01a1ng d\u00e2u r\u1eebng &#8211; Pasta frutti di bosco (10%), m\u1ea1ch nha, n\u01b0\u1edbc, ch\u1ea5t \u1ed5n \u0111\u1ecbnh (INS 440), ch\u1ea5t \u0111i\u1ec1u ch\u1ec9nh \u0111\u1ed9 acid (INS 330), m\u00e0u th\u1ef1c ph\u1ea9m t\u1ef1 nhi\u00ean (INS 163), h\u01b0\u01a1ng vi\u1ec7t qu\u1ea5t t\u1ed5ng h\u1ee3p, ch\u1ea5t b\u1ea3o qu\u1ea3n (INS 211).<\/p>\n<\/li>\n<li data-start=\"2179\" data-end=\"2275\">\n<p data-start=\"2181\" data-end=\"2275\"><strong data-start=\"2181\" data-end=\"2202\">H\u01b0\u1edbng d\u1eabn s\u1eed d\u1ee5ng<\/strong>: D\u00f9ng pha ch\u1ebf tr\u00e0, soda, yogurt, \u0111\u00e1 xay ho\u1eb7c l\u00e0m b\u00e1nh, kem, rau c\u00e2u&#8230;<\/p>\n<\/li>\n<li data-start=\"2276\" data-end=\"2384\">\n<p data-start=\"2278\" data-end=\"2384\"><strong data-start=\"2278\" data-end=\"2300\">H\u01b0\u1edbng d\u1eabn b\u1ea3o qu\u1ea3n<\/strong>: B\u1ea3o qu\u1ea3n n\u01a1i kh\u00f4 tho\u00e1ng. Sau khi m\u1edf n\u1eafp, gi\u1eef l\u1ea1nh v\u00e0 s\u1eed d\u1ee5ng trong v\u00f2ng 30 ng\u00e0y.<\/p>\n<\/li>\n<li data-start=\"2385\" data-end=\"2408\">\n<p data-start=\"2387\" data-end=\"2408\"><strong data-start=\"2387\" data-end=\"2400\">Dung t\u00edch<\/strong>: 350g<\/p>\n<\/li>\n<li data-start=\"2409\" data-end=\"2455\">\n<p data-start=\"2411\" data-end=\"2455\"><strong data-start=\"2411\" data-end=\"2426\">H\u1ea1n s\u1eed d\u1ee5ng<\/strong>: 18 th\u00e1ng t\u1eeb ng\u00e0y s\u1ea3n xu\u1ea5t<\/p>\n<\/li>\n<li data-start=\"2456\" data-end=\"2481\">\n<p data-start=\"2458\" data-end=\"2481\"><strong data-start=\"2458\" data-end=\"2469\">Xu\u1ea5t x\u1ee9<\/strong>: Vi\u1ec7t Nam<\/p>\n<\/li>\n<\/ul>\n<ul>\n<li><strong data-start=\"2681\" data-end=\"2706\">Ch\u1ee9ng nh\u1eadn ch\u1ea5t l\u01b0\u1ee3ng<\/strong>: ISO 22000:2018<\/li>\n<\/ul>\n<ul data-start=\"2268\" data-end=\"3285\">\n<li data-start=\"3056\" data-end=\"3169\">\n<p data-start=\"3058\" data-end=\"3169\"><strong data-start=\"3058\" data-end=\"3074\">S\u1ea3n xu\u1ea5t t\u1ea1i<\/strong>: C\u00f4ng ty TNHH TMDV TYRAN \u2013 D20\/530 Tr\u1ecbnh Quang Ngh\u1ecb, x\u00e3 B\u00ecnh H\u01b0ng, Th\u00e0nh ph\u1ed1 H\u1ed3 Ch\u00ed Minh, Vi\u1ec7t Nam<\/p>\n<\/li>\n<li data-start=\"3170\" data-end=\"3285\">\n<p data-start=\"3172\" data-end=\"3285\"><strong data-start=\"3172\" data-end=\"3199\">Ph\u00e2n ph\u1ed1i \u0111\u1ed9c quy\u1ec1n b\u1edfi<\/strong>: C\u00f4ng ty TNHH TIM CORP \u2013 T\u1ea7ng 14, T\u00f2a Nh\u00e0 HM Town, 412 Nguy\u1ec5n Th\u1ecb Minh Khai, Ph\u01b0\u1eddng B\u00e0n C\u1edd, Th\u00e0nh ph\u1ed1 H\u1ed3 Ch\u00ed Minh, Vi\u1ec7t Nam<\/p>\n<\/li>\n<\/ul>\n<hr data-start=\"2715\" data-end=\"2718\" \/>\n<h3 data-start=\"2720\" data-end=\"2780\">\u2705 V\u00ec sao m\u1ee9t vi\u1ec7t qu\u1ea5t 350g D\u00e9li l\u00e0 l\u1ef1a ch\u1ecdn th\u00f4ng minh?<\/h3>\n<ul data-start=\"2782\" data-end=\"3017\">\n<li data-start=\"2782\" data-end=\"2843\">\n<p data-start=\"2784\" data-end=\"2843\">Kh\u00f4ng c\u1ea7n s\u01a1 ch\u1ebf tr\u00e1i c\u00e2y, ti\u1ebft ki\u1ec7m th\u1eddi gian \u2013 nh\u00e2n c\u00f4ng.<\/p>\n<\/li>\n<li data-start=\"2844\" data-end=\"2888\">\n<p data-start=\"2846\" data-end=\"2888\">B\u1ea3o to\u00e0n ch\u1ea5t l\u01b0\u1ee3ng v\u00e0 \u0111\u1ecbnh l\u01b0\u1ee3ng \u1ed5n \u0111\u1ecbnh.<\/p>\n<\/li>\n<li data-start=\"2889\" data-end=\"2963\">\n<p data-start=\"2891\" data-end=\"2963\">H\u0169 nh\u1ecf, d\u1ec5 th\u1eed nghi\u1ec7m c\u00f4ng th\u1ee9c m\u1edbi \u2013 ph\u00f9 h\u1ee3p qu\u00e1n nh\u1ecf, c\u00e1 nh\u00e2n s\u1eed d\u1ee5ng.<\/p>\n<\/li>\n<li data-start=\"2964\" data-end=\"3017\">\n<p data-start=\"2966\" data-end=\"3017\">\u0110a \u1ee9ng d\u1ee5ng, t\u1eeb pha ch\u1ebf \u0111\u1ebfn l\u00e0m b\u00e1nh \u2013 tr\u00e1ng mi\u1ec7ng.<\/p>\n<\/li>\n<\/ul>\n<hr data-start=\"3019\" data-end=\"3022\" \/>\n<h3 data-start=\"3024\" data-end=\"3062\">\ud83d\uded2 Kh\u00e1m ph\u00e1 th\u00eam c\u00e1c d\u00f2ng m\u1ee9t D\u00e9li<\/h3>\n<p data-start=\"3064\" data-end=\"3287\">D\u00e9li hi\u1ec7n c\u00f3 nhi\u1ec1u h\u01b0\u01a1ng v\u1ecb h\u1ea5p d\u1eabn kh\u00e1c: <strong data-start=\"3106\" data-end=\"3174\">m\u1ee9t \u0111\u00e0o, m\u1ee9t d\u00e2u, m\u1ee9t \u1ed5i h\u1ed3ng, m\u1ee9t cam, m\u1ee9t xo\u00e0i, m\u1ee9t chanh d\u00e2y\u2026<\/strong>, ph\u1ee5c v\u1ee5 linh ho\u1ea1t cho m\u1ecdi nhu c\u1ea7u pha ch\u1ebf v\u00e0 ch\u1ebf bi\u1ebfn m\u00f3n ng\u1ecdt.<br data-start=\"3239\" data-end=\"3242\" \/><strong data-start=\"3242\" data-end=\"3258\">Xem th\u00eam t\u1ea1i<\/strong>: <a class=\"cursor-pointer\" href=\"https:\/\/shop.tim-deli.vn\/en\/shop\/\" rel=\"noopener\" data-start=\"3670\" data-end=\"3705\"><strong data-start=\"3671\" data-end=\"3697\">Danh m\u1ee5c s\u1ea3n ph\u1ea9m D\u00e9li<\/strong><\/a><\/p>\n","protected":false},"excerpt":{"rendered":"<p><strong>TH\u00d4NG TIN S\u1ea2N PH\u1ea8M M\u1ee8T VI\u1ec6T QU\u1ea4T 350G<\/strong><\/p>\n<p><strong>Th\u01b0\u01a1ng hi\u1ec7u<\/strong>: D\u00e9li<\/p>\n<p><strong>Quy C\u00e1ch:<\/strong> 350gr\/h\u1ee7<\/p>\n<p><strong>Ng\u00e0y s\u1ea3n xu\u1ea5t:<\/strong>\u00a0in tr\u00ean bao b\u00ec.<\/p>\n<p><strong>H\u1ea1n s\u1eed d\u1ee5ng:<\/strong> 18 th\u00e1ng k\u1ec3 t\u1eeb ng\u00e0y s\u1ea3n xu\u1ea5t.<\/p>\n<p><strong>Xu\u1ea5t x\u1ee9:<\/strong>\u00a0Vi\u1ec7t Nam<\/p>\n<p><strong>B\u1ea3o qu\u1ea3n:<\/strong> n\u01a1i kh\u00f4 r\u00e1o tho\u00e1ng, tr\u00e1nh \u00e1nh s\u00e1ng tr\u1ef1c ti\u1ebfp, sau khi m\u1edf n\u1eafp ph\u1ea3i \u0111\u1ec3 trong ng\u0103n m\u00e1t t\u1ee7 l\u1ea1nh.<\/p>\n","protected":false},"featured_media":9149,"comment_status":"open","ping_status":"closed","template":"","meta":{"_acf_changed":false,"inline_featured_image":false},"product_brand":[],"product_cat":[140],"product_tag":[],"class_list":{"0":"post-10525","1":"product","2":"type-product","3":"status-publish","4":"has-post-thumbnail","6":"product_cat-mut-trai-cay","9":"instock","10":"taxable","11":"shipping-taxable","12":"purchasable","13":"product-type-variable"},"acf":[],"_links":{"self":[{"href":"https:\/\/shop.tim-deli.vn\/vi\/wp-json\/wp\/v2\/product\/10525","targetHints":{"allow":["GET"]}}],"collection":[{"href":"https:\/\/shop.tim-deli.vn\/vi\/wp-json\/wp\/v2\/product"}],"about":[{"href":"https:\/\/shop.tim-deli.vn\/vi\/wp-json\/wp\/v2\/types\/product"}],"replies":[{"embeddable":true,"href":"https:\/\/shop.tim-deli.vn\/vi\/wp-json\/wp\/v2\/comments?post=10525"}],"version-history":[{"count":2,"href":"https:\/\/shop.tim-deli.vn\/vi\/wp-json\/wp\/v2\/product\/10525\/revisions"}],"predecessor-version":[{"id":11510,"href":"https:\/\/shop.tim-deli.vn\/vi\/wp-json\/wp\/v2\/product\/10525\/revisions\/11510"}],"wp:featuredmedia":[{"embeddable":true,"href":"https:\/\/shop.tim-deli.vn\/vi\/wp-json\/wp\/v2\/media\/9149"}],"wp:attachment":[{"href":"https:\/\/shop.tim-deli.vn\/vi\/wp-json\/wp\/v2\/media?parent=10525"}],"wp:term":[{"taxonomy":"product_brand","embeddable":true,"href":"https:\/\/shop.tim-deli.vn\/vi\/wp-json\/wp\/v2\/product_brand?post=10525"},{"taxonomy":"product_cat","embeddable":true,"href":"https:\/\/shop.tim-deli.vn\/vi\/wp-json\/wp\/v2\/product_cat?post=10525"},{"taxonomy":"product_tag","embeddable":true,"href":"https:\/\/shop.tim-deli.vn\/vi\/wp-json\/wp\/v2\/product_tag?post=10525"}],"curies":[{"name":"wp","href":"https:\/\/api.w.org\/{rel}","templated":true}]}}