{"id":10524,"date":"2025-07-29T15:56:29","date_gmt":"2025-07-29T08:56:29","guid":{"rendered":"https:\/\/shop.tim-deli.vn\/?post_type=product&#038;p=10524"},"modified":"2025-11-25T10:22:29","modified_gmt":"2025-11-25T03:22:29","slug":"mut-dao-deli-350g","status":"publish","type":"product","link":"https:\/\/shop.tim-deli.vn\/vi\/san-pham\/mut-dao-deli-350g\/","title":{"rendered":"M\u1ee9t \u0110\u00e0o D\u00e9li &#8211; 350g"},"content":{"rendered":"<h3 data-start=\"254\" data-end=\"339\">\ud83c\udf51 M\u1ee9t \u0110\u00e0o D\u00e9li 350g \u2013 V\u1ecb \u0110\u00e0o T\u1ef1 Nhi\u00ean Cho M\u00f3n U\u1ed1ng &amp; Tr\u00e1ng Mi\u1ec7ng Ngon Chu\u1ea9n Qu\u00e1n<\/h3>\n<p data-start=\"341\" data-end=\"670\"><strong data-start=\"341\" data-end=\"362\">M\u1ee9t \u0111\u00e0o 350g D\u00e9li<\/strong> l\u00e0 d\u00f2ng m\u1ee9t tr\u00e1i c\u00e2y cao c\u1ea5p chi\u1ebft xu\u1ea5t t\u1eeb tr\u00e1i \u0111\u00e0o ch\u00edn \u226540%, mang \u0111\u1ebfn h\u01b0\u01a1ng v\u1ecb th\u01a1m ng\u1ecdt t\u1ef1 nhi\u00ean, m\u00e0u s\u1eafc v\u00e0ng t\u01b0\u01a1i \u0111\u1eb9p m\u1eaft v\u00e0 \u1ee9ng d\u1ee5ng linh ho\u1ea1t trong pha ch\u1ebf l\u1eabn m\u00f3n tr\u00e1ng mi\u1ec7ng. V\u1edbi dung t\u00edch nh\u1ecf g\u1ecdn 350g, s\u1ea3n ph\u1ea9m l\u00fd t\u01b0\u1edfng cho c\u00e1c qu\u00e1n quy m\u00f4 nh\u1ecf, c\u00e1 nh\u00e2n kinh doanh t\u1ea1i nh\u00e0 ho\u1eb7c d\u00f9ng trong gia \u0111\u00ecnh.<\/p>\n<hr data-start=\"672\" data-end=\"675\" \/>\n<h3 data-start=\"677\" data-end=\"721\">\ud83c\udf1f \u01afu \u0111i\u1ec3m n\u1ed5i b\u1eadt c\u1ee7a m\u1ee9t \u0111\u00e0o 350g D\u00e9li<\/h3>\n<ul data-start=\"723\" data-end=\"1248\">\n<li data-start=\"723\" data-end=\"802\">\n<p data-start=\"725\" data-end=\"802\"><strong data-start=\"725\" data-end=\"756\">Chi\u1ebft xu\u1ea5t t\u1eeb \u0111\u00e0o t\u01b0\u01a1i \u226540%<\/strong> \u2013 gi\u1eef \u0111\u01b0\u1ee3c h\u01b0\u01a1ng v\u1ecb th\u1eadt v\u00e0 m\u00e0u s\u1eafc t\u1ef1 nhi\u00ean.<\/p>\n<\/li>\n<li data-start=\"803\" data-end=\"877\">\n<p data-start=\"805\" data-end=\"877\">V\u1ecb <strong data-start=\"808\" data-end=\"831\">ng\u1ecdt thanh, d\u1ecbu nh\u1eb9<\/strong>, ph\u00f9 h\u1ee3p v\u1edbi kh\u1ea9u v\u1ecb s\u1ed1 \u0111\u00f4ng kh\u00e1ch h\u00e0ng Vi\u1ec7t.<\/p>\n<\/li>\n<li data-start=\"878\" data-end=\"955\">\n<p data-start=\"880\" data-end=\"955\">K\u1ebft c\u1ea5u s\u00e1nh m\u1ecbn, d\u1ec5 tan \u0111\u1ec1u trong c\u00e1c n\u1ec1n tr\u00e0, yogurt, soda, kh\u00f4ng b\u1ecb v\u00f3n.<\/p>\n<\/li>\n<li data-start=\"956\" data-end=\"1026\">\n<p data-start=\"958\" data-end=\"1026\">H\u0169 350g nh\u1ecf g\u1ecdn \u2013 d\u1ec5 b\u1ea3o qu\u1ea3n, \u0111\u1ecbnh l\u01b0\u1ee3ng v\u00e0 ph\u00f9 h\u1ee3p v\u1edbi quy m\u00f4 nh\u1ecf.<\/p>\n<\/li>\n<li data-start=\"1027\" data-end=\"1103\">\n<p data-start=\"1029\" data-end=\"1103\">T\u0103ng hi\u1ec7u qu\u1ea3 v\u1eadn h\u00e0nh cho qu\u00e1n nh\u1edd r\u00fat ng\u1eafn th\u1eddi gian s\u01a1 ch\u1ebf nguy\u00ean li\u1ec7u.<\/p>\n<\/li>\n<li data-start=\"1104\" data-end=\"1181\">\n<p data-start=\"1106\" data-end=\"1181\">M\u00e0u v\u00e0ng cam n\u1ed5i b\u1eadt gi\u00fap m\u00f3n u\u1ed1ng, m\u00f3n tr\u00e1ng mi\u1ec7ng h\u1ea5p d\u1eabn h\u01a1n khi l\u00ean ly.<\/p>\n<\/li>\n<li data-start=\"1182\" data-end=\"1248\">\n<p data-start=\"1184\" data-end=\"1248\">\u0110\u1ea1t ch\u1ee9ng nh\u1eadn <strong data-start=\"1199\" data-end=\"1212\">ISO 22000<\/strong>, \u0111\u1ea3m b\u1ea3o v\u1ec7 sinh an to\u00e0n th\u1ef1c ph\u1ea9m.<\/p>\n<\/li>\n<\/ul>\n<hr data-start=\"1250\" data-end=\"1253\" \/>\n<h3 data-start=\"1255\" data-end=\"1315\">\ud83c\udf79 \u1ee8ng d\u1ee5ng c\u1ee7a m\u1ee9t \u0111\u00e0o D\u00e9li 350g trong pha ch\u1ebf &amp; m\u00f3n \u0103n<\/h3>\n<h4 data-start=\"1317\" data-end=\"1344\">Trong pha ch\u1ebf \u0111\u1ed3 u\u1ed1ng:<\/h4>\n<ul data-start=\"1345\" data-end=\"1630\">\n<li data-start=\"1345\" data-end=\"1415\">\n<p data-start=\"1347\" data-end=\"1415\"><strong data-start=\"1347\" data-end=\"1365\">Tr\u00e0 \u0111\u00e0o cam s\u1ea3<\/strong>: 40ml m\u1ee9t \u0111\u00e0o 350g + tr\u00e0 \u0111en + l\u00e1t cam t\u01b0\u01a1i + \u0111\u00e1.<\/p>\n<\/li>\n<li data-start=\"1416\" data-end=\"1473\">\n<p data-start=\"1418\" data-end=\"1473\"><strong data-start=\"1418\" data-end=\"1430\">Soda \u0111\u00e0o<\/strong>: m\u1ee9t \u0111\u00e0o + soda kh\u00f4ng \u0111\u01b0\u1eddng + l\u00e1 h\u00fang l\u1ee7i.<\/p>\n<\/li>\n<li data-start=\"1474\" data-end=\"1556\">\n<p data-start=\"1476\" data-end=\"1556\"><strong data-start=\"1476\" data-end=\"1494\">Tr\u00e0 s\u1eefa v\u1ecb \u0111\u00e0o<\/strong>: th\u00eam m\u1ee9t \u0111\u00e0o v\u00e0o c\u00e1c d\u00f2ng tr\u00e0 s\u1eefa tr\u00e1i c\u00e2y \u0111\u1ec3 t\u0103ng h\u01b0\u01a1ng v\u1ecb.<\/p>\n<\/li>\n<li data-start=\"1557\" data-end=\"1630\">\n<p data-start=\"1559\" data-end=\"1630\"><strong data-start=\"1559\" data-end=\"1578\">Yogurt \u0111\u00e0o l\u1ea1nh<\/strong>: yogurt + m\u1ee9t \u0111\u00e0o + \u0111\u00e1 vi\u00ean \u2192 xay nhuy\u1ec5n, m\u00e1t l\u1ea1nh.<\/p>\n<\/li>\n<\/ul>\n<h4 data-start=\"1632\" data-end=\"1659\">Trong m\u00f3n tr\u00e1ng mi\u1ec7ng:<\/h4>\n<ul data-start=\"1660\" data-end=\"1879\">\n<li data-start=\"1660\" data-end=\"1723\">\n<p data-start=\"1662\" data-end=\"1723\"><strong data-start=\"1662\" data-end=\"1684\">Pudding \u0111\u00e0o 2 t\u1ea7ng<\/strong>, <strong data-start=\"1686\" data-end=\"1701\">rau c\u00e2u \u0111\u00e0o<\/strong>, <strong data-start=\"1703\" data-end=\"1722\">mousse \u0111\u00e0o l\u1ea1nh<\/strong>\u2026<\/p>\n<\/li>\n<li data-start=\"1724\" data-end=\"1812\">\n<p data-start=\"1726\" data-end=\"1812\">D\u00f9ng l\u00e0m <strong data-start=\"1735\" data-end=\"1778\">nh\u00e2n b\u00e1nh tart, cheesecake, panna cotta<\/strong>, t\u1ea1o \u0111i\u1ec3m nh\u1ea5n h\u01b0\u01a1ng v\u1ecb t\u1ef1 nhi\u00ean.<\/p>\n<\/li>\n<li data-start=\"1813\" data-end=\"1879\">\n<p data-start=\"1815\" data-end=\"1879\">\u0102n k\u00e8m b\u00e1nh m\u00ec, b\u00e1nh quy ho\u1eb7c d\u00f9ng l\u00e0m <strong data-start=\"1854\" data-end=\"1878\">m\u1ee9t \u0103n s\u00e1ng ti\u1ec7n l\u1ee3i<\/strong>.<\/p>\n<\/li>\n<\/ul>\n<hr data-start=\"1881\" data-end=\"1884\" \/>\n<h3 data-start=\"1886\" data-end=\"1995\">\ud83c\udfa5 Xem c\u00e1ch pha ch\u1ebf t\u1eeb m\u1ee9t \u0111\u00e0o D\u00e9li t\u1ea1i TikTok: <a class=\"cursor-pointer\" href=\"https:\/\/www.tiktok.com\/@phachecungdeli\" target=\"_new\" rel=\"noopener\" data-start=\"2012\" data-end=\"2069\">@phachecungdeli<\/a><\/h3>\n<hr data-start=\"1997\" data-end=\"2000\" \/>\n<h3 data-start=\"2002\" data-end=\"2036\">\ud83d\udce6 Th\u00f4ng tin k\u1ef9 thu\u1eadt s\u1ea3n ph\u1ea9m<\/h3>\n<ul data-start=\"2038\" data-end=\"2833\">\n<li data-start=\"2038\" data-end=\"2102\">\n<p data-start=\"2040\" data-end=\"2102\"><strong data-start=\"2040\" data-end=\"2056\">T\u00ean s\u1ea3n ph\u1ea9m<\/strong>: M\u1ee9t \u0110\u00e0o D\u00e9li \u2013 D\u00f2ng pha ch\u1ebf cao c\u1ea5p (350g)<\/p>\n<\/li>\n<li data-start=\"2103\" data-end=\"2295\">\n<p data-start=\"2105\" data-end=\"2295\"><strong data-start=\"2105\" data-end=\"2119\">Th\u00e0nh ph\u1ea7n<\/strong>: \u0110\u00e0o \u226540%, \u0111\u01b0\u1eddng ng\u00f4 HFCS, h\u1ed7n h\u1ee3p l\u00e0m th\u1ef1c ph\u1ea9m h\u01b0\u01a1ng \u0111\u00e0o &#8211; Pasta Pesca (15%), m\u1ea1ch nha, n\u01b0\u1edbc, ch\u1ea5t \u1ed5n \u0111\u1ecbnh (INS 440), \u0111i\u1ec1u ch\u1ec9nh \u0111\u1ed9 acid (INS 330), h\u01b0\u01a1ng \u0111\u00e0o t\u1ed5ng h\u1ee3p, ch\u1ea5t b\u1ea3o qu\u1ea3n (INS 211).<\/p>\n<\/li>\n<li data-start=\"2296\" data-end=\"2409\">\n<p data-start=\"2298\" data-end=\"2409\"><strong data-start=\"2298\" data-end=\"2319\">H\u01b0\u1edbng d\u1eabn s\u1eed d\u1ee5ng<\/strong>: D\u00f9ng pha ch\u1ebf tr\u00e0 tr\u00e1i c\u00e2y, soda, yogurt, \u0111\u00e1 xay ho\u1eb7c ch\u1ebf bi\u1ebfn b\u00e1nh ng\u1ecdt, kem, rau c\u00e2u.<\/p>\n<\/li>\n<li data-start=\"2410\" data-end=\"2515\">\n<p data-start=\"2412\" data-end=\"2515\"><strong data-start=\"2412\" data-end=\"2434\">H\u01b0\u1edbng d\u1eabn b\u1ea3o qu\u1ea3n<\/strong>: B\u1ea3o qu\u1ea3n n\u01a1i kh\u00f4 r\u00e1o. Sau khi m\u1edf n\u1eafp n\u00ean b\u1ea3o qu\u1ea3n l\u1ea1nh v\u00e0 d\u00f9ng trong 30 ng\u00e0y.<\/p>\n<\/li>\n<li data-start=\"2516\" data-end=\"2539\">\n<p data-start=\"2518\" data-end=\"2539\"><strong data-start=\"2518\" data-end=\"2531\">Dung t\u00edch<\/strong>: 350g<\/p>\n<\/li>\n<li data-start=\"2540\" data-end=\"2586\">\n<p data-start=\"2542\" data-end=\"2586\"><strong data-start=\"2542\" data-end=\"2557\">H\u1ea1n s\u1eed d\u1ee5ng<\/strong>: 18 th\u00e1ng t\u1eeb ng\u00e0y s\u1ea3n xu\u1ea5t<\/p>\n<\/li>\n<li data-start=\"2587\" data-end=\"2612\">\n<p data-start=\"2589\" data-end=\"2612\"><strong data-start=\"2589\" data-end=\"2600\">Xu\u1ea5t x\u1ee9<\/strong>: Vi\u1ec7t Nam<\/p>\n<\/li>\n<\/ul>\n<ul>\n<li><strong data-start=\"2681\" data-end=\"2706\">Ch\u1ee9ng nh\u1eadn ch\u1ea5t l\u01b0\u1ee3ng<\/strong>: ISO 22000:2018<\/li>\n<\/ul>\n<ul data-start=\"2268\" data-end=\"3285\">\n<li data-start=\"3056\" data-end=\"3169\">\n<p data-start=\"3058\" data-end=\"3169\"><strong data-start=\"3058\" data-end=\"3074\">S\u1ea3n xu\u1ea5t t\u1ea1i<\/strong>: C\u00f4ng ty TNHH TMDV TYRAN \u2013 D20\/530 Tr\u1ecbnh Quang Ngh\u1ecb, x\u00e3 B\u00ecnh H\u01b0ng, Th\u00e0nh ph\u1ed1 H\u1ed3 Ch\u00ed Minh, Vi\u1ec7t Nam<\/p>\n<\/li>\n<li data-start=\"3170\" data-end=\"3285\">\n<p data-start=\"3172\" data-end=\"3285\"><strong data-start=\"3172\" data-end=\"3199\">Ph\u00e2n ph\u1ed1i \u0111\u1ed9c quy\u1ec1n b\u1edfi<\/strong>: C\u00f4ng ty TNHH TIM CORP \u2013 T\u1ea7ng 14, T\u00f2a Nh\u00e0 HM Town, 412 Nguy\u1ec5n Th\u1ecb Minh Khai, Ph\u01b0\u1eddng B\u00e0n C\u1edd, Th\u00e0nh ph\u1ed1 H\u1ed3 Ch\u00ed Minh, Vi\u1ec7t Nam<\/p>\n<\/li>\n<\/ul>\n<hr data-start=\"2835\" data-end=\"2838\" \/>\n<h3 data-start=\"2840\" data-end=\"2880\">\u2705 V\u00ec sao n\u00ean ch\u1ecdn m\u1ee9t \u0111\u00e0o 350g D\u00e9li?<\/h3>\n<ul data-start=\"2882\" data-end=\"3195\">\n<li data-start=\"2882\" data-end=\"2952\">\n<p data-start=\"2884\" data-end=\"2952\">Ph\u00f9 h\u1ee3p nhu c\u1ea7u nh\u1ecf l\u1ebb, ti\u1ebft ki\u1ec7m nguy\u00ean li\u1ec7u v\u00e0 kh\u00f4ng gian tr\u1eef kho.<\/p>\n<\/li>\n<li data-start=\"2953\" data-end=\"3030\">\n<p data-start=\"2955\" data-end=\"3030\">Ti\u1ec7n l\u1ee3i cho c\u00e1c qu\u00e1n take-away, m\u00f4 h\u00ecnh gia \u0111\u00ecnh ho\u1eb7c c\u00e1 nh\u00e2n kh\u1edfi nghi\u1ec7p.<\/p>\n<\/li>\n<li data-start=\"3031\" data-end=\"3110\">\n<p data-start=\"3033\" data-end=\"3110\">Kh\u00f4ng c\u1ea7n x\u1eed l\u00fd tr\u00e1i c\u00e2y t\u01b0\u01a1i, gi\u1eef ch\u1ea5t l\u01b0\u1ee3ng \u0111\u1ed3ng \u0111\u1ec1u qua t\u1eebng ph\u1ea7n pha ch\u1ebf.<\/p>\n<\/li>\n<li data-start=\"3111\" data-end=\"3195\">\n<p data-start=\"3113\" data-end=\"3195\">B\u1ea3o qu\u1ea3n d\u1ec5, \u0111\u1ecbnh l\u01b0\u1ee3ng linh ho\u1ea1t v\u00e0 kh\u00f4ng lo hao h\u1ee5t do h\u01b0 h\u1ecfng nguy\u00ean li\u1ec7u t\u01b0\u01a1i.<\/p>\n<\/li>\n<\/ul>\n<hr data-start=\"3197\" data-end=\"3200\" \/>\n<h3 data-start=\"3202\" data-end=\"3241\">\ud83d\uded2 Kh\u00e1m ph\u00e1 th\u00eam d\u00f2ng s\u1ea3n ph\u1ea9m D\u00e9li<\/h3>\n<p data-start=\"3243\" data-end=\"3473\">Ngo\u00e0i <strong data-start=\"3249\" data-end=\"3265\">m\u1ee9t \u0111\u00e0o 350g<\/strong>, D\u00e9li c\u00f2n c\u00f3 c\u00e1c v\u1ecb h\u1ea5p d\u1eabn nh\u01b0: <strong data-start=\"3299\" data-end=\"3383\">m\u1ee9t \u1ed5i h\u1ed3ng, m\u1ee9t d\u00e2u, m\u1ee9t chanh d\u00e2y, m\u1ee9t xo\u00e0i, m\u1ee9t thanh long, m\u1ee9t cam, m\u1ee9t kiwi<\/strong>\u2026 ph\u00f9 h\u1ee3p \u0111a d\u1ea1ng m\u00f3n u\u1ed1ng v\u00e0 tr\u00e1ng mi\u1ec7ng.<br data-start=\"3425\" data-end=\"3428\" \/><strong data-start=\"3428\" data-end=\"3444\">Xem th\u00eam t\u1ea1i<\/strong>: <a class=\"cursor-pointer\" href=\"https:\/\/shop.tim-deli.vn\/en\/shop\/\" rel=\"noopener\" data-start=\"3670\" data-end=\"3705\"><strong data-start=\"3671\" data-end=\"3697\">Danh m\u1ee5c s\u1ea3n ph\u1ea9m D\u00e9li<\/strong><\/a><\/p>\n","protected":false},"excerpt":{"rendered":"<p><strong>TH\u00d4NG TIN S\u1ea2N PH\u1ea8M M\u1ee8T \u0110\u00c0O 350G<\/strong><\/p>\n<p><strong>Th\u01b0\u01a1ng hi\u1ec7u<\/strong>: D\u00e9li<\/p>\n<p><strong>Quy C\u00e1ch:<\/strong> 350gr\/h\u1ee7<\/p>\n<p><strong>Ng\u00e0y s\u1ea3n xu\u1ea5t:<\/strong>\u00a0in tr\u00ean bao b\u00ec.<\/p>\n<p><strong>H\u1ea1n s\u1eed d\u1ee5ng:<\/strong> 18 th\u00e1ng k\u1ec3 t\u1eeb ng\u00e0y s\u1ea3n xu\u1ea5t.<\/p>\n<p><strong>Xu\u1ea5t x\u1ee9:<\/strong>\u00a0Vi\u1ec7t Nam<\/p>\n<p><strong>B\u1ea3o qu\u1ea3n:<\/strong> n\u01a1i kh\u00f4 r\u00e1o tho\u00e1ng, tr\u00e1nh \u00e1nh s\u00e1ng tr\u1ef1c ti\u1ebfp, sau khi m\u1edf n\u1eafp ph\u1ea3i \u0111\u1ec3 trong ng\u0103n m\u00e1t t\u1ee7 l\u1ea1nh.<\/p>\n","protected":false},"featured_media":9222,"comment_status":"open","ping_status":"closed","template":"","meta":{"_acf_changed":false,"inline_featured_image":false},"product_brand":[],"product_cat":[140],"product_tag":[],"class_list":{"0":"post-10524","1":"product","2":"type-product","3":"status-publish","4":"has-post-thumbnail","6":"product_cat-mut-trai-cay","9":"instock","10":"taxable","11":"shipping-taxable","12":"purchasable","13":"product-type-variable"},"acf":[],"_links":{"self":[{"href":"https:\/\/shop.tim-deli.vn\/vi\/wp-json\/wp\/v2\/product\/10524","targetHints":{"allow":["GET"]}}],"collection":[{"href":"https:\/\/shop.tim-deli.vn\/vi\/wp-json\/wp\/v2\/product"}],"about":[{"href":"https:\/\/shop.tim-deli.vn\/vi\/wp-json\/wp\/v2\/types\/product"}],"replies":[{"embeddable":true,"href":"https:\/\/shop.tim-deli.vn\/vi\/wp-json\/wp\/v2\/comments?post=10524"}],"version-history":[{"count":1,"href":"https:\/\/shop.tim-deli.vn\/vi\/wp-json\/wp\/v2\/product\/10524\/revisions"}],"predecessor-version":[{"id":10540,"href":"https:\/\/shop.tim-deli.vn\/vi\/wp-json\/wp\/v2\/product\/10524\/revisions\/10540"}],"wp:featuredmedia":[{"embeddable":true,"href":"https:\/\/shop.tim-deli.vn\/vi\/wp-json\/wp\/v2\/media\/9222"}],"wp:attachment":[{"href":"https:\/\/shop.tim-deli.vn\/vi\/wp-json\/wp\/v2\/media?parent=10524"}],"wp:term":[{"taxonomy":"product_brand","embeddable":true,"href":"https:\/\/shop.tim-deli.vn\/vi\/wp-json\/wp\/v2\/product_brand?post=10524"},{"taxonomy":"product_cat","embeddable":true,"href":"https:\/\/shop.tim-deli.vn\/vi\/wp-json\/wp\/v2\/product_cat?post=10524"},{"taxonomy":"product_tag","embeddable":true,"href":"https:\/\/shop.tim-deli.vn\/vi\/wp-json\/wp\/v2\/product_tag?post=10524"}],"curies":[{"name":"wp","href":"https:\/\/api.w.org\/{rel}","templated":true}]}}