{"id":10521,"date":"2025-07-29T15:56:29","date_gmt":"2025-07-29T08:56:29","guid":{"rendered":"https:\/\/shop.tim-deli.vn\/?post_type=product&#038;p=10521"},"modified":"2025-11-25T16:50:27","modified_gmt":"2025-11-25T09:50:27","slug":"bot-tra-sua-thai-do-3in1-deli-1kg-25-ly","status":"publish","type":"product","link":"https:\/\/shop.tim-deli.vn\/vi\/san-pham\/bot-tra-sua-thai-do-3in1-deli-1kg-25-ly\/","title":{"rendered":"B\u1ed9t tr\u00e0 s\u1eefa th\u00e1i \u0111\u1ecf 3in1 D\u00e9li &#8211; 1kg (25 ly)"},"content":{"rendered":"<p>Tr\u00e0 s\u1eefa c\u00f3 th\u1ec3 n\u00f3i l\u00e0 th\u1ee9c u\u1ed1ng \u0111\u01b0\u1ee3c y\u00eau th\u00edch nh\u1ea5t c\u1ee7a gi\u1edbi tr\u1ebb hi\u1ec7n nay. Nh\u1eefng ai l\u00e0 t\u00edn \u0111\u1ed3 c\u1ee7a tr\u00e0 s\u1eefa th\u00ec c\u0169ng hi\u1ec3u m\u1ed9t \u0111i\u1ec1u l\u00e0 khi c\u01a1n th\u00e8m tr\u00e0 s\u1eefa \u0111\u1ebfn l\u00e0 ph\u1ea3i t\u00ecm tr\u00e0 s\u1eefa u\u1ed1ng ngay. Tuy nhi\u00ean, n\u1ebfu c\u00f3 nh\u1eefng ng\u00e0y b\u1ea1n qu\u00e1 b\u1eadn r\u1ed9n, nh\u1eefng khi tr\u1eddi m\u01b0a v\u00e0 \u0111\u1eb7c bi\u1ec7t h\u01a1n c\u1ea3 l\u00e0 t\u00ecnh h\u00ecnh d\u1ecbch b\u1ec7nh ph\u1ee9c t\u1ea1p hi\u1ec7n t\u1ea1i, m\u1ecdi ng\u01b0\u1eddi kh\u00f4ng th\u1ec3 ra qu\u00e1n th\u01b0\u1edfng th\u1ee9c tr\u00e0 s\u1eefa th\u00ec vi\u1ec7c t\u00ecm \u0111\u1ebfn nh\u1eefng g\u00f3i tr\u00e0 s\u1eefa t\u1ef1 pha l\u00e0 m\u1ed9t l\u1ef1a ch\u1ecdn qu\u00e1 ho\u00e0n h\u1ea3o. Ch\u00ednh v\u00ec nhu c\u1ea7u t\u1ef1 pha tr\u00e0 s\u1eefa ng\u00e0y c\u00e0ng cao nh\u01b0 v\u1eady n\u00ean D\u00e9li c\u0169ng cho ra \u0111\u1eddi d\u00f2ng s\u1ea3n ph\u1ea9m tr\u00e0 s\u1eefa 3in1 t\u1ef1 pha v\u1edbi h\u01b0\u01a1ng v\u1ecb v\u00e0 ch\u1ea5t l\u01b0\u1ee3ng nh\u01b0 u\u1ed1ng ngo\u00e0i h\u00e0ng qu\u00e1n.<\/p>\n<p><strong>Tr\u1ecdng l\u01b0\u1ee3ng:<\/strong> 1KG<\/p>\n<p><strong>HSD:<\/strong> 18 th\u00e1ng k\u1ec3 t\u1eeb ng\u00e0y s\u1ea3n xu\u1ea5t.<\/p>\n<p>B\u1ea3o qu\u1ea3n n\u01a1i kh\u00f4 r\u00e1o, tho\u00e1ng m\u00e1t. \u0110\u00f3ng k\u00edn s\u1ea3n ph\u1ea9m sau khi s\u1eed d\u1ee5ng.<\/p>\n<p><strong>H\u01b0\u1edbng D\u1eabn S\u1eed D\u1ee5ng:<\/strong> Tr\u00e0 s\u1eefa Th\u00e1i D\u00e9li l\u00e0 d\u1ea1ng b\u1ed9t h\u00f2a tan v\u00f4 c\u00f9ng ti\u1ec7n l\u1ee3i v\u00e0 th\u01a1m ngon, ch\u1ec9 c\u1ea7n pha 40g b\u1ed9t tr\u00e0 s\u1eefa v\u1edbi 100ml n\u01b0\u1edbc s\u00f4i v\u00e0 cho th\u00eam ch\u00fat \u0111\u00e1 l\u00e0 b\u1ea1n \u0111\u00e3 c\u00f3 ngay 1 ly tr\u00e0 s\u1eefa th\u00e1i \u0111\u00fang \u0111i\u1ec7u v\u00f4 c\u0169ng th\u01a1m m\u00e1t .<\/p>\n<p>&nbsp;<\/p>\n","protected":false},"excerpt":{"rendered":"<p><strong>Th\u00f4ng tin s\u1ea3n ph\u1ea9m<\/strong><\/p>\n<p><strong>Tr\u1ecdng l\u01b0\u1ee3ng:<\/strong> 1KG<\/p>\n<p><strong>Xu\u1ea5t x\u1ee9:\u00a0<\/strong>Vi\u1ec7t Nam<\/p>\n<p><strong>HSD:<\/strong> 18 th\u00e1ng k\u1ec3 t\u1eeb ng\u00e0y s\u1ea3n xu\u1ea5t.<\/p>\n<p><strong>H\u01b0\u1edbng d\u1eabn b\u1ea3o qu\u1ea3n:<\/strong>\u00a0b\u1ea3o qu\u1ea3n n\u01a1i kh\u00f4 r\u00e1o, tho\u00e1ng m\u00e1t.<\/p>\n<p>&nbsp;<\/p>\n","protected":false},"featured_media":11698,"comment_status":"open","ping_status":"closed","template":"","meta":{"_acf_changed":false,"inline_featured_image":false},"product_brand":[],"product_cat":[182],"product_tag":[],"class_list":{"0":"post-10521","1":"product","2":"type-product","3":"status-publish","4":"has-post-thumbnail","6":"product_cat-bot-tra-sua-3-in-1","9":"instock","10":"taxable","11":"shipping-taxable","12":"purchasable","13":"product-type-variable"},"acf":[],"_links":{"self":[{"href":"https:\/\/shop.tim-deli.vn\/vi\/wp-json\/wp\/v2\/product\/10521","targetHints":{"allow":["GET"]}}],"collection":[{"href":"https:\/\/shop.tim-deli.vn\/vi\/wp-json\/wp\/v2\/product"}],"about":[{"href":"https:\/\/shop.tim-deli.vn\/vi\/wp-json\/wp\/v2\/types\/product"}],"replies":[{"embeddable":true,"href":"https:\/\/shop.tim-deli.vn\/vi\/wp-json\/wp\/v2\/comments?post=10521"}],"version-history":[{"count":1,"href":"https:\/\/shop.tim-deli.vn\/vi\/wp-json\/wp\/v2\/product\/10521\/revisions"}],"predecessor-version":[{"id":10537,"href":"https:\/\/shop.tim-deli.vn\/vi\/wp-json\/wp\/v2\/product\/10521\/revisions\/10537"}],"wp:featuredmedia":[{"embeddable":true,"href":"https:\/\/shop.tim-deli.vn\/vi\/wp-json\/wp\/v2\/media\/11698"}],"wp:attachment":[{"href":"https:\/\/shop.tim-deli.vn\/vi\/wp-json\/wp\/v2\/media?parent=10521"}],"wp:term":[{"taxonomy":"product_brand","embeddable":true,"href":"https:\/\/shop.tim-deli.vn\/vi\/wp-json\/wp\/v2\/product_brand?post=10521"},{"taxonomy":"product_cat","embeddable":true,"href":"https:\/\/shop.tim-deli.vn\/vi\/wp-json\/wp\/v2\/product_cat?post=10521"},{"taxonomy":"product_tag","embeddable":true,"href":"https:\/\/shop.tim-deli.vn\/vi\/wp-json\/wp\/v2\/product_tag?post=10521"}],"curies":[{"name":"wp","href":"https:\/\/api.w.org\/{rel}","templated":true}]}}