{"id":10519,"date":"2025-07-29T15:56:29","date_gmt":"2025-07-29T08:56:29","guid":{"rendered":"https:\/\/shop.tim-deli.vn\/?post_type=product&#038;p=10519"},"modified":"2025-11-25T10:28:53","modified_gmt":"2025-11-25T03:28:53","slug":"bot-sua-chua-deli-1kg","status":"publish","type":"product","link":"https:\/\/shop.tim-deli.vn\/vi\/san-pham\/bot-sua-chua-deli-1kg\/","title":{"rendered":"B\u1ed9t s\u1eefa chua D\u00e9li &#8211; 1kg"},"content":{"rendered":"<p>N\u1ebfu b\u1ea1n \u0111ang g\u1eb7p kh\u00f3 kh\u0103n trong vi\u1ec7c b\u1ea3o qu\u1ea3n, t\u1ed3n kho s\u1eefa chua h\u1ed9p khi date ng\u1eafn h\u1ea1n v\u00e0 lo ng\u1ea1i v\u00ec m\u1ee9c gi\u00e1 cost cao th\u00ec s\u1ea3n ph\u1ea9m B\u1ed8T S\u1eeeA CHUA D\u00c9LI ch\u00ednh l\u00e0 l\u1ef1a ch\u1ecdn thay th\u1ebf ho\u00e0n h\u1ea3o nh\u1edd h\u01b0\u01a1ng v\u1ecb th\u01a1m ngon t\u1ef1 nhi\u00ean, chua d\u1ecbu d\u00e0ng, \u00eam m\u01b0\u1ee3t gi\u00fap b\u1ea1n \u1ee9ng d\u1ee5ng \u0111a d\u1ea1ng trong pha ch\u1ebf.<\/p>\n<p class=\"QN2lPu\"><strong>H\u01b0\u1edbng d\u1eabn pha ch\u1ebf:<\/strong> Yougurt Tr\u00e1i C\u00e2y \u0110\u00e1 Xay<\/p>\n<p class=\"QN2lPu\">&#8211; Cho 40ml m\u1ee9t tr\u00e1i c\u00e2y D\u00e9li v\u00e0 50ml s\u1eefa t\u01b0\u01a1i, s\u1eefa \u0111\u1eb7c, \u0111\u01b0\u1eddng, 15g b\u1ed9t Frappe Base D\u00e9li, 15g b\u1ed9t s\u1eefa chua v\u00e0o xay cho h\u1ed7n h\u1ee3p tan h\u1ebft b\u1ed9t d\u1ebbo v\u00e0 m\u1ecbn .<\/p>\n<p class=\"QN2lPu\">&#8211; Sau \u0111\u00f3 cho ra ly: Decor B\u00f4ng Kem + 10ml m\u1ee9t Tr\u00e1i C\u00e2y D\u00e9li Cho 40ml m\u1ee9t Cam D\u00e9li v\u00e0 s\u1eefa t\u01b0\u01a1i, s\u1eefa \u0111\u1eb7c, \u0111\u01b0\u1eddng, b\u1ed9t Frappe Base D\u00e9li, b\u1ed9t s\u1eefa chua v\u00e0o xay cho h\u1ed7n h\u1ee3p tan h\u1ebft b\u1ed9t d\u1ebbo v\u00e0 m\u1ecbn .<\/p>\n<p><strong>TH\u00d4NG TIN S\u1ea2N PH\u1ea8M:<\/strong><\/p>\n<p><strong>Th\u00e0nh ph\u1ea7n:<\/strong> \u0111\u01b0\u1eddng tinh luy\u1ec7n, b\u1ed9t kem b\u00e9o th\u1ef1c v\u1eadt, s\u1eefa b\u1ed9t nguy\u00ean kem, ch\u1ea5t \u0111i\u1ec7u ch\u1ec9nh \u0111\u1ed9 acid, b\u1ed9t s\u1eefa chua, h\u01b0\u01a1ng s\u1eefa chua t\u1ed5ng h\u1ee3p, ch\u1ea5t \u1ed5n \u0111\u1ecbnh, ch\u1ea5t ch\u1ed1ng v\u00f3n.<\/p>\n<p><strong>HSD:<\/strong> 12 th\u00e1ng k\u1ec3 t\u1eeb ng\u00e0y s\u1ea3n xu\u1ea5t<\/p>\n<p><strong>Xu\u1ea5t x\u1ee9:<\/strong> Vi\u1ec7t Nam<\/p>\n<p><strong>Tr\u1ecdng l\u01b0\u1ee3ng:<\/strong> 1KG<\/p>\n<p><strong>H\u01b0\u1edbng d\u1eabn s\u1eed d\u1ee5ng:<\/strong> D\u00f9ng l\u00e0m nguy\u00ean li\u1ec7u trong pha ch\u1ebf nh\u01b0 \u0111\u00e1 xay, smothie, sinh t\u1ed1, l\u00e0m b\u00e1nh, kem,&#8230;<\/p>\n","protected":false},"excerpt":{"rendered":"<p><strong>TH\u00d4NG TIN S\u1ea2N PH\u1ea8M:<\/strong><\/p>\n<p><strong>Th\u00e0nh ph\u1ea7n:<\/strong> \u0111\u01b0\u1eddng tinh luy\u1ec7n, b\u1ed9t kem b\u00e9o th\u1ef1c v\u1eadt, s\u1eefa b\u1ed9t nguy\u00ean kem, ch\u1ea5t \u0111i\u1ec7u ch\u1ec9nh \u0111\u1ed9 acid, b\u1ed9t s\u1eefa chua, h\u01b0\u01a1ng s\u1eefa chua t\u1ed5ng h\u1ee3p, ch\u1ea5t \u1ed5n \u0111\u1ecbnh, ch\u1ea5t ch\u1ed1ng v\u00f3n.<\/p>\n<p><strong>HSD:<\/strong> 12 th\u00e1ng k\u1ec3 t\u1eeb ng\u00e0y s\u1ea3n xu\u1ea5t<\/p>\n<p><strong>Xu\u1ea5t x\u1ee9:<\/strong> Vi\u1ec7t Nam<\/p>\n<p><strong>Tr\u1ecdng l\u01b0\u1ee3ng:<\/strong> 1KG<\/p>\n<p><strong>H\u01b0\u1edbng d\u1eabn s\u1eed d\u1ee5ng:<\/strong> D\u00f9ng l\u00e0m nguy\u00ean li\u1ec7u trong pha ch\u1ebf nh\u01b0 \u0111\u00e1 xay, smothie, sinh t\u1ed1, l\u00e0m b\u00e1nh, kem,&#8230;<\/p>\n","protected":false},"featured_media":9533,"comment_status":"open","ping_status":"closed","template":"","meta":{"_acf_changed":false,"inline_featured_image":false},"product_brand":[],"product_cat":[187],"product_tag":[],"class_list":{"0":"post-10519","1":"product","2":"type-product","3":"status-publish","4":"has-post-thumbnail","6":"product_cat-bot-pha-che","9":"outofstock","10":"taxable","11":"shipping-taxable","12":"purchasable","13":"product-type-variable"},"acf":[],"_links":{"self":[{"href":"https:\/\/shop.tim-deli.vn\/vi\/wp-json\/wp\/v2\/product\/10519","targetHints":{"allow":["GET"]}}],"collection":[{"href":"https:\/\/shop.tim-deli.vn\/vi\/wp-json\/wp\/v2\/product"}],"about":[{"href":"https:\/\/shop.tim-deli.vn\/vi\/wp-json\/wp\/v2\/types\/product"}],"replies":[{"embeddable":true,"href":"https:\/\/shop.tim-deli.vn\/vi\/wp-json\/wp\/v2\/comments?post=10519"}],"version-history":[{"count":2,"href":"https:\/\/shop.tim-deli.vn\/vi\/wp-json\/wp\/v2\/product\/10519\/revisions"}],"predecessor-version":[{"id":11513,"href":"https:\/\/shop.tim-deli.vn\/vi\/wp-json\/wp\/v2\/product\/10519\/revisions\/11513"}],"wp:featuredmedia":[{"embeddable":true,"href":"https:\/\/shop.tim-deli.vn\/vi\/wp-json\/wp\/v2\/media\/9533"}],"wp:attachment":[{"href":"https:\/\/shop.tim-deli.vn\/vi\/wp-json\/wp\/v2\/media?parent=10519"}],"wp:term":[{"taxonomy":"product_brand","embeddable":true,"href":"https:\/\/shop.tim-deli.vn\/vi\/wp-json\/wp\/v2\/product_brand?post=10519"},{"taxonomy":"product_cat","embeddable":true,"href":"https:\/\/shop.tim-deli.vn\/vi\/wp-json\/wp\/v2\/product_cat?post=10519"},{"taxonomy":"product_tag","embeddable":true,"href":"https:\/\/shop.tim-deli.vn\/vi\/wp-json\/wp\/v2\/product_tag?post=10519"}],"curies":[{"name":"wp","href":"https:\/\/api.w.org\/{rel}","templated":true}]}}