{"id":10518,"date":"2025-07-29T15:56:29","date_gmt":"2025-07-29T08:56:29","guid":{"rendered":"https:\/\/shop.tim-deli.vn\/?post_type=product&#038;p=10518"},"modified":"2025-11-25T10:29:26","modified_gmt":"2025-11-25T03:29:26","slug":"bot-milk-foam-trung-muoi-deli-1kg","status":"publish","type":"product","link":"https:\/\/shop.tim-deli.vn\/vi\/san-pham\/bot-milk-foam-trung-muoi-deli-1kg\/","title":{"rendered":"B\u1ed9t milk foam tr\u1ee9ng mu\u1ed1i D\u00e9li &#8211; 1kg"},"content":{"rendered":"<p>Topping cream hay whipping cream c\u00f3 th\u1ec3 t\u1ea1o ra foam s\u1eefa, nh\u01b0ng kh\u00f4ng b\u1ea3o qu\u1ea3n \u0111\u01b0\u1ee3c l\u00e2u sau khi m\u1edf h\u1ed9p. B\u1ed9t Milk Foam Tr\u1ee9ng Mu\u1ed1i D\u00e9li kh\u1eafc ph\u1ee5c \u0111\u01b0\u1ee3c t\u00ecnh tr\u1ea1ng n\u00e0y, gi\u00fap t\u1ea1o l\u1edbp foam s\u1eefa h\u01b0\u01a1ng v\u1ecb Tr\u1ee9ng Mu\u1ed1i th\u01a1m ngon b\u00e9o ng\u1eady, \u0111\u1eb9p m\u1eaft m\u00e0 v\u1eabn d\u1ec5 b\u1ea3o qu\u1ea3n. B\u1ed9t Milk Foam tr\u1ee9ng mu\u1ed1i D\u00e9li c\u00f3 v\u1ecb m\u1eb1n m\u1eb7n, b\u00e9o ng\u1eady, th\u01a1m ngon. L\u1edbp foam s\u1eefa kh\u00f4ng h\u00f2a l\u1eabn v\u00e0o tr\u00e0 ho\u1eb7c c\u00e0 ph\u00ea, gi\u00fap gi\u1eef \u0111\u01b0\u1ee3c h\u01b0\u01a1ng v\u1ecb ch\u1ee7 \u0111\u1ea1o, \u0111\u1ed3ng th\u1eddi t\u0103ng th\u00eam h\u01b0\u01a1ng v\u1ecb cho m\u00f3n n\u01b0\u1edbc.<\/p>\n<div id=\"bd_1\" class=\"com-struct\">\n<div id=\"bd_1_container_0\" class=\"com-struct\">\n<div id=\"shell-com-1380041512\" class=\"J_module\">\n<div class=\"module-detailImageText\">\n<p data-spm-anchor-id=\"a2o4n.pdp_revamp.product_detail.i0.1b39294f9YPXwc\"><strong>TH\u00d4NG TIN S\u1ea2N PH\u1ea8M<\/strong><\/p>\n<\/div>\n<\/div>\n<\/div>\n<\/div>\n<div id=\"bd_2\" class=\"com-struct\">\n<div id=\"bd_2_container_0\" class=\"com-struct\">\n<div id=\"shell-com-1380055545\" class=\"J_module\">\n<div class=\"module-detailImageText\">\n<p><strong>Th\u00e0nh ph\u1ea7n:<\/strong> B\u1ed9t kem b\u00e9o th\u1ef1c v\u1eadt, b\u1ed9t l\u00f2ng \u0111\u1ecf tr\u1ee9ng, ph\u1ee5 gia th\u1ef1c ph\u1ea9m, b\u1ed9t s\u1eefa nguy\u00ean kem, h\u01b0\u01a1ng tr\u1ee9ng mu\u1ed1i gi\u1ed1ng t\u1ef1 nhi\u00ean, ch\u1ea5t t\u1ea1o ng\u1ecdt t\u1ed5ng h\u1ee3p, m\u00e0u th\u1ef1c ph\u1ea9m t\u1ed5ng h\u1ee3p,<\/p>\n<p><strong>Tr\u1ecdng l\u01b0\u1ee3ng:<\/strong> 1kg<\/p>\n<p><strong>HSD:<\/strong> 18 th\u00e1ng k\u1ec3 t\u1eeb ng\u00e0y s\u1ea3n xu\u1ea5t<\/p>\n<p><strong>Xu\u1ea5t x\u1ee9:<\/strong> Vi\u1ec7t Nam<\/p>\n<p><strong>H\u01b0\u1edbng d\u1eabn s\u1eed d\u1ee5ng:<\/strong> k\u1ebft h\u1ee3p 40gr B\u1ed9t Foam 100ml n\u01b0\u1edbc l\u1ecdc\/s\u1eefa t\u01b0\u01a1i kh\u00f4ng \u0111\u01b0\u1eddng d\u00f9ng m\u00e1y xay ho\u1eb7c m\u00e1y \u0111\u00e1nh tr\u1ee9ng, \u0111\u00e1nh \u0111\u1ec1u h\u1ed7n h\u1ee3p trong 2-3 ph\u00fat cho \u0111\u1ebfn khi s\u00e1nh m\u1ecbn l\u00e0 \u0111\u01b0\u1ee3c (c\u00f3 th\u1ec3 t\u0103ng th\u1eddi gian \u0111\u00e1nh \u0111\u1ec3 \u0111\u1ea1t \u0111\u01b0\u1ee3c \u0111\u1ed9 b\u00f4ng mong mu\u1ed1n).<\/p>\n<p><strong>H\u01b0\u1edbng d\u1eabn b\u1ea3o qu\u1ea3n:<\/strong> b\u1ea3o qu\u1ea3n n\u01a1i kh\u00f4 r\u00e1o, tho\u00e1ng m\u00e1t, tr\u00e1nh ti\u1ebfp x\u00fac tr\u1ef1c ti\u1ebfp v\u1edbi \u00e1nh s\u00e1ng m\u1eb7t tr\u1eddi.<\/p>\n<\/div>\n<\/div>\n<\/div>\n<\/div>\n","protected":false},"excerpt":{"rendered":"<div id=\"bd_1\" class=\"com-struct\">\n<div id=\"bd_1_container_0\" class=\"com-struct\">\n<div id=\"shell-com-1380041512\" class=\"J_module\">\n<div class=\"module-detailImageText\">\n<p data-spm-anchor-id=\"a2o4n.pdp_revamp.product_detail.i0.1b39294f9YPXwc\"><strong>TH\u00d4NG TIN S\u1ea2N PH\u1ea8M<\/strong><\/p>\n<\/div>\n<\/div>\n<\/div>\n<\/div>\n<div id=\"bd_2\" class=\"com-struct\">\n<div id=\"bd_2_container_0\" class=\"com-struct\">\n<div id=\"shell-com-1380055545\" class=\"J_module\">\n<div class=\"module-detailImageText\">\n<p><strong>Th\u00e0nh ph\u1ea7n:<\/strong> B\u1ed9t milk foam tr\u1ee9ng mu\u1ed1i.<\/p>\n<p><strong>Tr\u1ecdng l\u01b0\u1ee3ng:<\/strong> 1kg<\/p>\n<p><strong>HSD:<\/strong> 18 th\u00e1ng k\u1ec3 t\u1eeb ng\u00e0y s\u1ea3n xu\u1ea5t<\/p>\n<p><strong>Xu\u1ea5t x\u1ee9:<\/strong> Vi\u1ec7t Nam<\/p>\n<p><strong>\u1ee8ng d\u1ee5ng:<\/strong> d\u00f9ng l\u00e0m nguy\u00ean li\u1ec7u pha ch\u1ebf.<\/p>\n<p><strong>H\u01b0\u1edbng d\u1eabn b\u1ea3o qu\u1ea3n:<\/strong> b\u1ea3o qu\u1ea3n n\u01a1i kh\u00f4 r\u00e1o, tho\u00e1ng m\u00e1t.<\/p>\n<\/div>\n<\/div>\n<\/div>\n<\/div>\n","protected":false},"featured_media":9516,"comment_status":"open","ping_status":"closed","template":"","meta":{"_acf_changed":false,"inline_featured_image":false},"product_brand":[],"product_cat":[187],"product_tag":[],"class_list":{"0":"post-10518","1":"product","2":"type-product","3":"status-publish","4":"has-post-thumbnail","6":"product_cat-bot-pha-che","9":"instock","10":"taxable","11":"shipping-taxable","12":"purchasable","13":"product-type-variable"},"acf":[],"_links":{"self":[{"href":"https:\/\/shop.tim-deli.vn\/vi\/wp-json\/wp\/v2\/product\/10518","targetHints":{"allow":["GET"]}}],"collection":[{"href":"https:\/\/shop.tim-deli.vn\/vi\/wp-json\/wp\/v2\/product"}],"about":[{"href":"https:\/\/shop.tim-deli.vn\/vi\/wp-json\/wp\/v2\/types\/product"}],"replies":[{"embeddable":true,"href":"https:\/\/shop.tim-deli.vn\/vi\/wp-json\/wp\/v2\/comments?post=10518"}],"version-history":[{"count":1,"href":"https:\/\/shop.tim-deli.vn\/vi\/wp-json\/wp\/v2\/product\/10518\/revisions"}],"predecessor-version":[{"id":10534,"href":"https:\/\/shop.tim-deli.vn\/vi\/wp-json\/wp\/v2\/product\/10518\/revisions\/10534"}],"wp:featuredmedia":[{"embeddable":true,"href":"https:\/\/shop.tim-deli.vn\/vi\/wp-json\/wp\/v2\/media\/9516"}],"wp:attachment":[{"href":"https:\/\/shop.tim-deli.vn\/vi\/wp-json\/wp\/v2\/media?parent=10518"}],"wp:term":[{"taxonomy":"product_brand","embeddable":true,"href":"https:\/\/shop.tim-deli.vn\/vi\/wp-json\/wp\/v2\/product_brand?post=10518"},{"taxonomy":"product_cat","embeddable":true,"href":"https:\/\/shop.tim-deli.vn\/vi\/wp-json\/wp\/v2\/product_cat?post=10518"},{"taxonomy":"product_tag","embeddable":true,"href":"https:\/\/shop.tim-deli.vn\/vi\/wp-json\/wp\/v2\/product_tag?post=10518"}],"curies":[{"name":"wp","href":"https:\/\/api.w.org\/{rel}","templated":true}]}}