{"id":10517,"date":"2025-07-29T15:56:29","date_gmt":"2025-07-29T08:56:29","guid":{"rendered":"https:\/\/shop.tim-deli.vn\/?post_type=product&#038;p=10517"},"modified":"2025-11-25T10:31:00","modified_gmt":"2025-11-25T03:31:00","slug":"bot-milk-foam-pho-mai-deli-1kg","status":"publish","type":"product","link":"https:\/\/shop.tim-deli.vn\/vi\/san-pham\/bot-milk-foam-pho-mai-deli-1kg\/","title":{"rendered":"B\u1ed9t milk foam ph\u00f4 mai D\u00e9li &#8211; 1kg"},"content":{"rendered":"<p>B\u1ed9t Milk Foam Ph\u00f4 Mai l\u00e0 y\u1ebfu t\u1ed1 quan tr\u1ecdng t\u1ea1o n\u00ean c\u00e1c lo\u1ea1i th\u1ee9c u\u1ed1ng \u0111\u01b0\u1ee3c gi\u1edbi tr\u1ebb y\u00eau th\u00edch nh\u01b0 Black Tea Macchiato, Oolong Macchiato, Matcha Macchiato v\u00e0 k\u1ebft h\u1ee3p v\u1edbi tr\u00e0 s\u1eefa, tr\u00e0 \u0111\u00e0o, \u0111\u00e1 xay, c\u00e0 ph\u00ea,\u2026<\/p>\n<p>B\u1ed9t Milk Foam Ph\u00f4 Mai c\u00f3 v\u1ecb m\u1eb1n m\u1eb7n, b\u00e9o b\u00e9o, h\u01b0\u01a1ng th\u01a1m d\u1ecbu nh\u1eb9. L\u1edbp v\u00e1ng s\u1eefa kh\u00f4ng h\u00f2a l\u1eabn v\u00e0o tr\u00e0 ho\u1eb7c c\u00e0 ph\u00ea, gi\u00fap gi\u1eef \u0111\u01b0\u1ee3c h\u01b0\u01a1ng v\u1ecb ch\u1ee7 \u0111\u1ea1o, \u0111\u1ed3ng th\u1eddi t\u0103ng th\u00eam h\u01b0\u01a1ng v\u1ecb cho m\u00f3n n\u01b0\u1edbc.<\/p>\n<p>L\u00e0 lo\u1ea1i b\u1ed9t r\u1ea5t \u0111\u01b0\u1ee3c y\u00eau th\u00edch b\u1edfi c\u00e1c chu\u1ed7i th\u01b0\u01a1ng hi\u1ec7u c\u00e0 ph\u00ea, tr\u00e0 s\u1eefa n\u1ed5i ti\u1ebfng t\u1ea1i \u0110\u00e0i Loan v\u00e0 Vi\u1ec7t Nam nh\u01b0 Koi Th\u00e9, Gong Cha, R&amp;B, Highland, The Coffee House\u2026<\/p>\n<p><strong>TH\u00d4NG TIN S\u1ea2N PH\u1ea8M<\/strong><\/p>\n<p><strong>Th\u00e0nh ph\u1ea7n:<\/strong> B\u1ed9t kem b\u00e9o th\u1ef1c v\u1eadt, ph\u1ee5 gia th\u1ef1c ph\u1ea9m, b\u1ed9t s\u1eefa nguy\u00ean kem, b\u1ed9t ph\u00f4 mai, h\u01b0\u01a1ng ph\u00f4 mai t\u1ef1 nhi\u00ean, ch\u1ea5t t\u1ea1o ng\u1ecdt t\u1ed5ng h\u1ee3p, m\u00e0u th\u1ef1c ph\u1ea9m t\u1ed5ng h\u1ee3p.<\/p>\n<p><strong>Tr\u1ecdng l\u01b0\u1ee3ng:<\/strong> 1kg<\/p>\n<p><strong>HSD:<\/strong> 18 th\u00e1ng k\u1ec3 t\u1eeb ng\u00e0y s\u1ea3n xu\u1ea5t<\/p>\n<p><strong>Xu\u1ea5t x\u1ee9:<\/strong> Vi\u1ec7t Nam<\/p>\n<p><strong>H\u01b0\u1edbng d\u1eabn s\u1ee7 d\u1ee5ng:<\/strong> k\u1ebft h\u1ee3p 40gr B\u1ed9t Foam 100ml n\u01b0\u1edbc l\u1ecdc\/s\u1eefa t\u01b0\u01a1i kh\u00f4ng \u0111\u01b0\u1eddng d\u00f9ng m\u00e1y xay ho\u1eb7c m\u00e1y \u0111\u00e1nh tr\u1ee9ng, \u0111\u00e1nh \u0111\u1ec1u h\u1ed7n h\u1ee3p trong 2-3 ph\u00fat cho \u0111\u1ebfn khi s\u00e1nh m\u1ecbn l\u00e0 \u0111\u01b0\u1ee3c (c\u00f3 th\u1ec3 t\u0103ng th\u1eddi gian \u0111\u00e1nh \u0111\u1ec3 \u0111\u1ea1t \u0111\u01b0\u1ee3c \u0111\u1ed9 b\u00f4ng mong mu\u1ed1n).<\/p>\n<p><strong>H\u01b0\u1edbng d\u1eabn b\u1ea3o qu\u1ea3n:<\/strong> b\u1ea3o qu\u1ea3n n\u01a1i kh\u00f4 r\u00e1o, tho\u00e1ng m\u00e1t, tr\u00e1nh ti\u1ebfp x\u00fac tr\u1ef1c ti\u1ebfp v\u1edbi \u00e1nh s\u00e1ng m\u1eb7t tr\u1eddi.<\/p>\n<p><strong>TH\u00d4NG TIN S\u1ea2N PH\u1ea8M<\/strong><\/p>\n<p><strong>Th\u00e0nh ph\u1ea7n:<\/strong> B\u1ed9t milk foam ph\u00f4 mai.<\/p>\n<p><strong>Tr\u1ecdng l\u01b0\u1ee3ng:<\/strong> 1kg<\/p>\n<p><strong>HSD:<\/strong> 18 th\u00e1ng k\u1ec3 t\u1eeb ng\u00e0y s\u1ea3n xu\u1ea5t<\/p>\n<p><strong>Xu\u1ea5t x\u1ee9:<\/strong> Vi\u1ec7t Nam<\/p>\n<p><strong>\u1ee8ng d\u1ee5ng:<\/strong> d\u00f9ng l\u00e0m nguy\u00ean li\u1ec7u pha ch\u1ebf.<\/p>\n<p><strong>H\u01b0\u1edbng d\u1eabn b\u1ea3o qu\u1ea3n:<\/strong> b\u1ea3o qu\u1ea3n n\u01a1i kh\u00f4 r\u00e1o, tho\u00e1ng m\u00e1t.<\/p>\n","protected":false},"excerpt":{"rendered":"<p><strong>TH\u00d4NG TIN S\u1ea2N PH\u1ea8M<\/strong><\/p>\n<p><strong>Th\u00e0nh ph\u1ea7n:<\/strong> B\u1ed9t milk foam ph\u00f4 mai.<\/p>\n<p><strong>Tr\u1ecdng l\u01b0\u1ee3ng:<\/strong> 1kg<\/p>\n<p><strong>HSD:<\/strong> 18 th\u00e1ng k\u1ec3 t\u1eeb ng\u00e0y s\u1ea3n xu\u1ea5t<\/p>\n<p><strong>Xu\u1ea5t x\u1ee9:<\/strong> Vi\u1ec7t Nam<\/p>\n<p><strong>\u1ee8ng d\u1ee5ng:<\/strong> d\u00f9ng l\u00e0m nguy\u00ean li\u1ec7u pha ch\u1ebf.<\/p>\n<p><strong>H\u01b0\u1edbng d\u1eabn b\u1ea3o qu\u1ea3n:<\/strong> b\u1ea3o qu\u1ea3n n\u01a1i kh\u00f4 r\u00e1o, tho\u00e1ng m\u00e1t.<\/p>\n","protected":false},"featured_media":9511,"comment_status":"open","ping_status":"closed","template":"","meta":{"_acf_changed":false,"inline_featured_image":false},"product_brand":[],"product_cat":[187],"product_tag":[],"class_list":{"0":"post-10517","1":"product","2":"type-product","3":"status-publish","4":"has-post-thumbnail","6":"product_cat-bot-pha-che","9":"instock","10":"taxable","11":"shipping-taxable","12":"purchasable","13":"product-type-variable"},"acf":[],"_links":{"self":[{"href":"https:\/\/shop.tim-deli.vn\/vi\/wp-json\/wp\/v2\/product\/10517","targetHints":{"allow":["GET"]}}],"collection":[{"href":"https:\/\/shop.tim-deli.vn\/vi\/wp-json\/wp\/v2\/product"}],"about":[{"href":"https:\/\/shop.tim-deli.vn\/vi\/wp-json\/wp\/v2\/types\/product"}],"replies":[{"embeddable":true,"href":"https:\/\/shop.tim-deli.vn\/vi\/wp-json\/wp\/v2\/comments?post=10517"}],"version-history":[{"count":1,"href":"https:\/\/shop.tim-deli.vn\/vi\/wp-json\/wp\/v2\/product\/10517\/revisions"}],"predecessor-version":[{"id":10533,"href":"https:\/\/shop.tim-deli.vn\/vi\/wp-json\/wp\/v2\/product\/10517\/revisions\/10533"}],"wp:featuredmedia":[{"embeddable":true,"href":"https:\/\/shop.tim-deli.vn\/vi\/wp-json\/wp\/v2\/media\/9511"}],"wp:attachment":[{"href":"https:\/\/shop.tim-deli.vn\/vi\/wp-json\/wp\/v2\/media?parent=10517"}],"wp:term":[{"taxonomy":"product_brand","embeddable":true,"href":"https:\/\/shop.tim-deli.vn\/vi\/wp-json\/wp\/v2\/product_brand?post=10517"},{"taxonomy":"product_cat","embeddable":true,"href":"https:\/\/shop.tim-deli.vn\/vi\/wp-json\/wp\/v2\/product_cat?post=10517"},{"taxonomy":"product_tag","embeddable":true,"href":"https:\/\/shop.tim-deli.vn\/vi\/wp-json\/wp\/v2\/product_tag?post=10517"}],"curies":[{"name":"wp","href":"https:\/\/api.w.org\/{rel}","templated":true}]}}