{"id":10516,"date":"2025-07-29T15:56:28","date_gmt":"2025-07-29T08:56:28","guid":{"rendered":"https:\/\/shop.tim-deli.vn\/?post_type=product&#038;p=10516"},"modified":"2025-11-25T10:32:09","modified_gmt":"2025-11-25T03:32:09","slug":"ca-phe-bot-rang-xay-500g-100-robusta-arabica","status":"publish","type":"product","link":"https:\/\/shop.tim-deli.vn\/vi\/san-pham\/ca-phe-bot-rang-xay-500g-100-robusta-arabica\/","title":{"rendered":"C\u00e0 Ph\u00ea B\u1ed9t Rang Xay 500g &#8211; 100% Robusta &#038; Arabica"},"content":{"rendered":"<h2 data-start=\"307\" data-end=\"381\"><strong data-start=\"310\" data-end=\"381\">C\u00e0 Ph\u00ea Rang Xay 500g \u2013 Robusta &amp; Arabica Nguy\u00ean Ch\u1ea5t, Rang V\u1eeba<\/strong><\/h2>\n<p data-start=\"383\" data-end=\"717\">Trong th\u1ebf gi\u1edbi <strong data-start=\"398\" data-end=\"420\">c\u00e0 ph\u00ea nguy\u00ean ch\u1ea5t<\/strong>, s\u1ef1 k\u1ebft h\u1ee3p gi\u1eefa <strong data-start=\"438\" data-end=\"457\">Robusta m\u1ea1nh m\u1ebd<\/strong> v\u00e0 <strong data-start=\"461\" data-end=\"481\">Arabica th\u01a1m d\u1ecbu<\/strong> lu\u00f4n mang \u0111\u1ebfn tr\u1ea3i nghi\u1ec7m h\u00e0i h\u00f2a v\u00e0 chi\u1ec1u s\u00e2u v\u1ecb gi\u00e1c. <strong data-start=\"538\" data-end=\"567\">C\u00e0 ph\u00ea rang xay 500g D\u00e9li<\/strong> l\u00e0 l\u1ef1a ch\u1ecdn l\u00fd t\u01b0\u1edfng cho nh\u1eefng ai y\u00eau th\u00edch <strong data-start=\"612\" data-end=\"638\">c\u00e0 ph\u00ea b\u1ed9t nguy\u00ean ch\u1ea5t<\/strong>, v\u1ecb \u0111\u1eadm \u2013 nh\u01b0ng kh\u00f4ng g\u1eaft, th\u01a1m \u2013 nh\u01b0ng kh\u00f4ng ch\u00e1t, d\u1ec5 pha \u2013 v\u00e0 ti\u1ec7n b\u1ea3o qu\u1ea3n.<\/p>\n<h3 data-start=\"719\" data-end=\"759\"><strong data-start=\"723\" data-end=\"759\">H\u01b0\u01a1ng v\u1ecb Vi\u1ec7t \u2013 chu\u1ea9n gu Barista<\/strong><\/h3>\n<p data-start=\"761\" data-end=\"1097\">S\u1ea3n ph\u1ea9m \u0111\u01b0\u1ee3c l\u00e0m t\u1eeb <strong data-start=\"782\" data-end=\"828\">100% h\u1ea1t c\u00e0 ph\u00ea Robusta v\u00e0 Arabica ch\u00edn \u0111\u1ecf<\/strong>, rang v\u1eeba theo ti\u00eau chu\u1ea9n qu\u1ed1c t\u1ebf \u0111\u1ec3 gi\u1eef \u0111\u01b0\u1ee3c tr\u1ecdn v\u1eb9n \u0111\u1eb7c t\u00ednh n\u1ed5i b\u1eadt c\u1ee7a t\u1eebng gi\u1ed1ng h\u1ea1t. <strong data-start=\"921\" data-end=\"932\">Robusta<\/strong> mang \u0111\u1ebfn v\u1ecb \u0111\u1eadm, th\u00e2n c\u00e0 ph\u00ea d\u00e0y v\u00e0 caffeine cao. <strong data-start=\"983\" data-end=\"994\">Arabica<\/strong> n\u1ed5i b\u1eadt v\u1edbi h\u01b0\u01a1ng th\u01a1m tinh t\u1ebf, chua nh\u1eb9 v\u00e0 h\u1eadu ng\u1ecdt t\u1ef1 nhi\u00ean \u2013 r\u1ea5t \u0111\u01b0\u1ee3c \u01b0a chu\u1ed9ng b\u1edfi gi\u1edbi s\u00e0nh caf\u00e9.<\/p>\n<p data-start=\"1099\" data-end=\"1345\">S\u1ef1 h\u00f2a quy\u1ec7n gi\u1eefa hai lo\u1ea1i h\u1ea1t t\u1ea1o n\u00ean h\u01b0\u01a1ng v\u1ecb c\u00e2n b\u1eb1ng, r\u1ea5t ph\u00f9 h\u1ee3p v\u1edbi kh\u1ea9u v\u1ecb ng\u01b0\u1eddi Vi\u1ec7t. <strong data-start=\"1193\" data-end=\"1222\">C\u00e0 ph\u00ea rang xay 500g D\u00e9li<\/strong> \u0111\u01b0\u1ee3c xay s\u1eb5n, ti\u1ec7n l\u1ee3i \u0111\u1ec3 s\u1eed d\u1ee5ng cho c\u1ea3 pha phin truy\u1ec1n th\u1ed1ng v\u00e0 m\u00e1y pha c\u00e0 ph\u00ea espresso t\u1ea1i nh\u00e0, v\u0103n ph\u00f2ng hay qu\u00e1n nh\u1ecf.<\/p>\n<hr data-start=\"1302\" data-end=\"1305\" \/>\n<h2 data-start=\"1307\" data-end=\"1329\"><strong data-start=\"1310\" data-end=\"1329\">\u01afu \u0111i\u1ec3m n\u1ed5i b\u1eadt<\/strong><\/h2>\n<ul data-start=\"1331\" data-end=\"1706\">\n<li data-start=\"1331\" data-end=\"1391\">\n<p data-start=\"1333\" data-end=\"1391\">\u2714\ufe0f <strong data-start=\"1336\" data-end=\"1362\">100% Robusta &amp; Arabica<\/strong> \u2013 kh\u00f4ng \u0111\u1ed9n, kh\u00f4ng t\u1ea9m h\u01b0\u01a1ng<\/p>\n<\/li>\n<li data-start=\"1392\" data-end=\"1456\">\n<p data-start=\"1394\" data-end=\"1456\">\u2714\ufe0f <strong data-start=\"1397\" data-end=\"1418\">Rang v\u1eeba (Medium)<\/strong> \u2013 gi\u1eef h\u01b0\u01a1ng, \u00edt \u0111\u1eafng, h\u1eadu v\u1ecb c\u00e2n b\u1eb1ng<\/p>\n<\/li>\n<li data-start=\"1457\" data-end=\"1508\">\n<p data-start=\"1459\" data-end=\"1508\">\u2714\ufe0f <strong data-start=\"1462\" data-end=\"1475\">Xay chu\u1ea9n<\/strong> \u2013 ph\u00f9 h\u1ee3p c\u1ea3 pha phin v\u00e0 pha m\u00e1y<\/p>\n<\/li>\n<li data-start=\"1509\" data-end=\"1574\">\n<p data-start=\"1511\" data-end=\"1574\">\u2714\ufe0f <strong data-start=\"1514\" data-end=\"1531\">\u0110\u00f3ng g\u00f3i 500g<\/strong> \u2013 ti\u1ec7n l\u1ee3i, d\u1ec5 b\u1ea3o qu\u1ea3n, s\u1eed d\u1ee5ng h\u00e0ng ng\u00e0y<\/p>\n<\/li>\n<li data-start=\"1575\" data-end=\"1629\">\n<p data-start=\"1577\" data-end=\"1629\">\u2714\ufe0f <strong data-start=\"1580\" data-end=\"1603\">H\u01b0\u01a1ng th\u01a1m t\u1ef1 nhi\u00ean<\/strong>, kh\u00f4ng b\u1ecb n\u1ed3ng h\u01b0\u01a1ng li\u1ec7u<\/p>\n<\/li>\n<li data-start=\"1630\" data-end=\"1706\">\n<p data-start=\"1632\" data-end=\"1706\">\u2714\ufe0f <strong data-start=\"1635\" data-end=\"1660\">S\u1ea3n xu\u1ea5t b\u1edfi TIM Corp<\/strong> \u2013 th\u01b0\u01a1ng hi\u1ec7u uy t\u00edn trong ng\u00e0nh F&amp;B Vi\u1ec7t Nam<\/p>\n<\/li>\n<\/ul>\n<hr data-start=\"1708\" data-end=\"1711\" \/>\n<h2 data-start=\"1713\" data-end=\"1736\"><strong data-start=\"1716\" data-end=\"1736\">\u1ee8ng d\u1ee5ng th\u1ef1c t\u1ebf<\/strong><\/h2>\n<h3 data-start=\"1738\" data-end=\"1770\">Trong qu\u00e1n c\u00e0 ph\u00ea v\u00e0 HORECA:<\/h3>\n<ul data-start=\"1771\" data-end=\"1922\">\n<li data-start=\"1771\" data-end=\"1825\">\n<p data-start=\"1773\" data-end=\"1825\">Ph\u00f9 h\u1ee3p cho qu\u00e1n nh\u1ecf, kiosk caf\u00e9, kh\u00e1ch s\u1ea1n boutique<\/p>\n<\/li>\n<li data-start=\"1826\" data-end=\"1882\">\n<p data-start=\"1828\" data-end=\"1882\">Pha ch\u1ebf espresso, latte, cappuccino v\u1edbi \u0111\u1ed9 \u1ed5n \u0111\u1ecbnh cao<\/p>\n<\/li>\n<li data-start=\"1883\" data-end=\"1922\">\n<p data-start=\"1885\" data-end=\"1922\">\u0110\u00f3ng g\u00f3i v\u1eeba \u0111\u1ee7 \u0111\u1ec3 d\u1ec5 qu\u1ea3n l\u00fd t\u1ed3n kho<\/p>\n<\/li>\n<\/ul>\n<h3 data-start=\"1924\" data-end=\"1958\">Trong gia \u0111\u00ecnh ho\u1eb7c v\u0103n ph\u00f2ng:<\/h3>\n<ul data-start=\"1959\" data-end=\"2105\">\n<li data-start=\"1959\" data-end=\"1992\">\n<p data-start=\"1961\" data-end=\"1992\">Pha phin truy\u1ec1n th\u1ed1ng bu\u1ed5i s\u00e1ng<\/p>\n<\/li>\n<li data-start=\"1993\" data-end=\"2045\">\n<p data-start=\"1995\" data-end=\"2045\">D\u00f9ng v\u1edbi m\u00e1y pha t\u1ef1 \u0111\u1ed9ng t\u1ea1i nh\u00e0 ho\u1eb7c n\u01a1i l\u00e0m vi\u1ec7c<\/p>\n<\/li>\n<li data-start=\"2046\" data-end=\"2105\">\n<p data-start=\"2048\" data-end=\"2105\">H\u01b0\u01a1ng th\u01a1m d\u1ec5 ch\u1ecbu, kh\u00f4ng qu\u00e1 m\u1ea1nh, ph\u00f9 h\u1ee3p nhi\u1ec1u \u0111\u1ed9 tu\u1ed5i<\/p>\n<\/li>\n<\/ul>\n<hr data-start=\"2107\" data-end=\"2110\" \/>\n<h3 data-start=\"1965\" data-end=\"2031\">\ud83c\udfa5 <strong data-start=\"1972\" data-end=\"2029\">Xem video pha ch\u1ebf th\u1ef1c t\u1ebf D\u00e9li t\u1ea1i TikTok: <a class=\"cursor-pointer\" href=\"https:\/\/www.tiktok.com\/@phachecungdeli\" target=\"_new\" rel=\"noopener\" data-start=\"2012\" data-end=\"2069\">@phachecungdeli<\/a><\/strong><\/h3>\n<hr data-start=\"2107\" data-end=\"2110\" \/>\n<h2 data-start=\"2112\" data-end=\"2146\"><strong data-start=\"2115\" data-end=\"2146\">Th\u00f4ng tin k\u1ef9 thu\u1eadt s\u1ea3n ph\u1ea9m<\/strong><\/h2>\n<ul data-start=\"2148\" data-end=\"2672\">\n<li data-start=\"2148\" data-end=\"2210\">\n<p data-start=\"2150\" data-end=\"2210\"><strong data-start=\"2150\" data-end=\"2167\">T\u00ean s\u1ea3n ph\u1ea9m:<\/strong> C\u00e0 ph\u00ea rang xay D\u00e9li \u2013 Robusta &amp; Arabica<\/p>\n<\/li>\n<li data-start=\"2211\" data-end=\"2240\">\n<p data-start=\"2213\" data-end=\"2240\"><strong data-start=\"2213\" data-end=\"2233\">Kh\u1ed1i l\u01b0\u1ee3ng t\u1ecbnh:<\/strong> 500g<\/p>\n<\/li>\n<li data-start=\"2241\" data-end=\"2274\">\n<p data-start=\"2243\" data-end=\"2274\"><strong data-start=\"2243\" data-end=\"2261\">D\u1ea1ng s\u1ea3n ph\u1ea9m:<\/strong> C\u00e0 ph\u00ea xay<\/p>\n<\/li>\n<li data-start=\"2275\" data-end=\"2314\">\n<p data-start=\"2277\" data-end=\"2314\"><strong data-start=\"2277\" data-end=\"2293\">M\u1ee9c \u0111\u1ed9 rang:<\/strong> V\u1eeba (Medium Roast)<\/p>\n<\/li>\n<li data-start=\"2315\" data-end=\"2369\">\n<p data-start=\"2317\" data-end=\"2369\"><strong data-start=\"2317\" data-end=\"2332\">Th\u00e0nh ph\u1ea7n:<\/strong> 100% h\u1ea1t c\u00e0 ph\u00ea Robusta v\u00e0 Arabica<\/p>\n<\/li>\n<li data-start=\"2370\" data-end=\"2421\">\n<p data-start=\"2372\" data-end=\"2421\"><strong data-start=\"2372\" data-end=\"2392\">Ph\u00f9 h\u1ee3p s\u1eed d\u1ee5ng:<\/strong> Pha phin, pha m\u00e1y espresso<\/p>\n<\/li>\n<li data-start=\"2422\" data-end=\"2491\">\n<p data-start=\"2424\" data-end=\"2491\"><strong data-start=\"2424\" data-end=\"2446\">H\u01b0\u1edbng d\u1eabn s\u1eed d\u1ee5ng:<\/strong> D\u00f9ng ngay, b\u1ea3o qu\u1ea3n n\u01a1i kh\u00f4 r\u00e1o tho\u00e1ng m\u00e1t<\/p>\n<\/li>\n<li data-start=\"2492\" data-end=\"2557\">\n<p data-start=\"2494\" data-end=\"2557\"><strong data-start=\"2494\" data-end=\"2508\">NSX \u2013 HSD:<\/strong> 12 th\u00e1ng k\u1ec3 t\u1eeb ng\u00e0y s\u1ea3n xu\u1ea5t (xem tr\u00ean bao b\u00ec)<\/p>\n<\/li>\n<li data-start=\"2492\" data-end=\"2557\"><strong>B\u1ea3o qu\u1ea3n:<\/strong> B\u1ea3o qu\u1ea3n n\u01a1i kh\u00f4 r\u00e1o, tho\u00e1ng m\u00e1t. Tr\u00e1nh ti\u1ebfp x\u00fac tr\u1ef1c ti\u1ebfp v\u1edbi \u00e1nh s\u00e1ng m\u1eb7t tr\u1eddi, \u0111\u00f3ng k\u00edn mi\u1ec7ng t\u00fai sau khi s\u1eed d\u1ee5ng<\/li>\n<li data-start=\"2558\" data-end=\"2583\">\n<p data-start=\"2560\" data-end=\"2583\"><strong data-start=\"2560\" data-end=\"2572\">Xu\u1ea5t x\u1ee9:<\/strong> Vi\u1ec7t Nam<\/p>\n<\/li>\n<\/ul>\n<ul>\n<li><strong data-start=\"3001\" data-end=\"3026\">Ti\u00eau chu\u1ea9n ch\u1ea5t l\u01b0\u1ee3ng<\/strong>: ISO 22000<\/li>\n<\/ul>\n<ul data-start=\"2268\" data-end=\"3285\">\n<li data-start=\"3056\" data-end=\"3169\">\n<p data-start=\"3058\" data-end=\"3169\"><strong data-start=\"3058\" data-end=\"3074\">S\u1ea3n xu\u1ea5t t\u1ea1i<\/strong>: C\u00f4ng ty TNHH TMDV TYRAN \u2013 D20\/530 Tr\u1ecbnh Quang Ngh\u1ecb, x\u00e3 B\u00ecnh H\u01b0ng, Th\u00e0nh ph\u1ed1 H\u1ed3 Ch\u00ed Minh, Vi\u1ec7t Nam<\/p>\n<\/li>\n<li data-start=\"3170\" data-end=\"3285\">\n<p data-start=\"3172\" data-end=\"3285\"><strong data-start=\"3172\" data-end=\"3199\">Ph\u00e2n ph\u1ed1i \u0111\u1ed9c quy\u1ec1n b\u1edfi<\/strong>: C\u00f4ng ty TNHH TIM CORP \u2013 T\u1ea7ng 14, T\u00f2a Nh\u00e0 HM Town, 412 Nguy\u1ec5n Th\u1ecb Minh Khai, Ph\u01b0\u1eddng B\u00e0n C\u1edd, Th\u00e0nh ph\u1ed1 H\u1ed3 Ch\u00ed Minh, Vi\u1ec7t Nam<\/p>\n<\/li>\n<\/ul>\n<hr data-start=\"2674\" data-end=\"2677\" \/>\n<h2 data-start=\"2679\" data-end=\"2726\"><strong data-start=\"2682\" data-end=\"2726\">L\u00fd do n\u00ean ch\u1ecdn c\u00e0 ph\u00ea rang xay 500g D\u00e9li<\/strong><\/h2>\n<ul data-start=\"2728\" data-end=\"3007\">\n<li data-start=\"2728\" data-end=\"2790\">\n<p data-start=\"2730\" data-end=\"2790\">\ud83c\udfaf \u0110\u1eadm \u0111\u00e0 \u2013 nh\u01b0ng kh\u00f4ng g\u1eaft, th\u01a1m l\u00e2u \u2013 nh\u01b0ng kh\u00f4ng ng\u1ecdt g\u1eaft<\/p>\n<\/li>\n<li data-start=\"2791\" data-end=\"2837\">\n<p data-start=\"2793\" data-end=\"2837\">\ud83d\udcbc Ph\u00f9 h\u1ee3p c\u1ea3 kinh doanh &amp; ti\u00eau d\u00f9ng c\u00e1 nh\u00e2n<\/p>\n<\/li>\n<li data-start=\"2838\" data-end=\"2882\">\n<p data-start=\"2840\" data-end=\"2882\">\ud83d\udce6 Quy c\u00e1ch 500g ti\u1ec7n l\u1ee3i \u2013 d\u1ec5 mua, d\u1ec5 b\u00e1n<\/p>\n<\/li>\n<li data-start=\"2883\" data-end=\"2939\">\n<p data-start=\"2885\" data-end=\"2939\">\ud83e\uddca Kh\u00f4ng d\u00f9ng ch\u1ea5t b\u1ea3o qu\u1ea3n, kh\u00f4ng h\u01b0\u01a1ng li\u1ec7u t\u1ed5ng h\u1ee3p<\/p>\n<\/li>\n<li data-start=\"2940\" data-end=\"3007\">\n<p data-start=\"2942\" data-end=\"3007\">\ud83c\udfc6 S\u1ea3n ph\u1ea9m c\u1ee7a th\u01b0\u01a1ng hi\u1ec7u chuy\u00ean cung c\u1ea5p nguy\u00ean li\u1ec7u ng\u00e0nh F&amp;B<\/p>\n<\/li>\n<\/ul>\n<hr data-start=\"3009\" data-end=\"3012\" \/>\n<h2 data-start=\"3014\" data-end=\"3060\"><strong data-start=\"3017\" data-end=\"3060\">G\u1ee3i \u00fd d\u00f2ng s\u1ea3n ph\u1ea9m c\u00e0 ph\u00ea kh\u00e1c t\u1eeb D\u00e9li<\/strong><\/h2>\n<ul data-start=\"3062\" data-end=\"3273\">\n<li data-start=\"3062\" data-end=\"3133\">\n<p data-start=\"3064\" data-end=\"3133\">\ud83d\udc49 <a class=\"\" href=\"#\" rel=\"noopener\" data-start=\"3067\" data-end=\"3131\">C\u00e0 ph\u00ea rang xay 1kg D\u00e9li \u2013 D\u00e0nh cho qu\u00e1n caf\u00e9 chuy\u00ean nghi\u1ec7p<\/a><\/p>\n<\/li>\n<li data-start=\"3134\" data-end=\"3204\">\n<p data-start=\"3136\" data-end=\"3204\">\ud83d\udc49 <a class=\"\" href=\"#\" rel=\"noopener\" data-start=\"3139\" data-end=\"3202\">C\u00e0 ph\u00ea h\u1ea1t rang Arabica 100% \u2013 Rang nh\u1eb9, ph\u00f9 h\u1ee3p cold brew<\/a><\/p>\n<\/li>\n<\/ul>\n<p data-start=\"3275\" data-end=\"3349\">\ud83d\udc49 <strong data-start=\"3564\" data-end=\"3599\">Xem danh m\u1ee5c s\u1ea3n ph\u1ea9m D\u00e9li t\u1ea1i: <a class=\"cursor-pointer\" href=\"https:\/\/shop.tim-deli.vn\/en\/shop\/\" rel=\"noopener\" data-start=\"3670\" data-end=\"3705\">Danh m\u1ee5c s\u1ea3n ph\u1ea9m D\u00e9li<\/a><\/strong><\/p>\n","protected":false},"excerpt":{"rendered":"<p class=\"QN2lPu\"><strong>TH\u00d4NG TIN S\u1ea2N PH\u1ea8M C\u00c0 PH\u00ca RANG XAY 500G<\/strong><\/p>\n<p><strong>Th\u01b0\u01a1ng hi\u1ec7u<\/strong>: D\u00e9li<\/p>\n<p><strong>Th\u00e0nh ph\u1ea7n:<\/strong> 100% cafe ch\u00edn Robusta &amp; Arabica<\/p>\n<p><strong>Quy C\u00e1ch:<\/strong> 500g<\/p>\n<p><strong>Ng\u00e0y s\u1ea3n xu\u1ea5t:<\/strong>\u00a0in tr\u00ean bao b\u00ec.<\/p>\n<p><strong>H\u1ea1n s\u1eed d\u1ee5ng:<\/strong> 12 th\u00e1ng k\u1ec3 t\u1eeb ng\u00e0y s\u1ea3n xu\u1ea5t.<\/p>\n<p><strong>Xu\u1ea5t x\u1ee9:<\/strong>\u00a0Vi\u1ec7t Nam<\/p>\n<p><strong>B\u1ea3o qu\u1ea3n:<\/strong> B\u1ea3o qu\u1ea3n n\u01a1i kh\u00f4 r\u00e1o, tho\u00e1ng m\u00e1t. Tr\u00e1nh ti\u1ebfp x\u00fac tr\u1ef1c ti\u1ebfp v\u1edbi \u00e1nh s\u00e1ng m\u1eb7t tr\u1eddi, \u0111\u00f3ng k\u00edn mi\u1ec7ng t\u00fai sau khi s\u1eed d\u1ee5ng<\/p>\n","protected":false},"featured_media":9413,"comment_status":"open","ping_status":"closed","template":"","meta":{"_acf_changed":false,"inline_featured_image":false},"product_brand":[],"product_cat":[15],"product_tag":[],"class_list":{"0":"post-10516","1":"product","2":"type-product","3":"status-publish","4":"has-post-thumbnail","6":"product_cat-ca-phe","9":"outofstock","10":"taxable","11":"shipping-taxable","12":"purchasable","13":"product-type-variable"},"acf":[],"_links":{"self":[{"href":"https:\/\/shop.tim-deli.vn\/vi\/wp-json\/wp\/v2\/product\/10516","targetHints":{"allow":["GET"]}}],"collection":[{"href":"https:\/\/shop.tim-deli.vn\/vi\/wp-json\/wp\/v2\/product"}],"about":[{"href":"https:\/\/shop.tim-deli.vn\/vi\/wp-json\/wp\/v2\/types\/product"}],"replies":[{"embeddable":true,"href":"https:\/\/shop.tim-deli.vn\/vi\/wp-json\/wp\/v2\/comments?post=10516"}],"version-history":[{"count":1,"href":"https:\/\/shop.tim-deli.vn\/vi\/wp-json\/wp\/v2\/product\/10516\/revisions"}],"predecessor-version":[{"id":10532,"href":"https:\/\/shop.tim-deli.vn\/vi\/wp-json\/wp\/v2\/product\/10516\/revisions\/10532"}],"wp:featuredmedia":[{"embeddable":true,"href":"https:\/\/shop.tim-deli.vn\/vi\/wp-json\/wp\/v2\/media\/9413"}],"wp:attachment":[{"href":"https:\/\/shop.tim-deli.vn\/vi\/wp-json\/wp\/v2\/media?parent=10516"}],"wp:term":[{"taxonomy":"product_brand","embeddable":true,"href":"https:\/\/shop.tim-deli.vn\/vi\/wp-json\/wp\/v2\/product_brand?post=10516"},{"taxonomy":"product_cat","embeddable":true,"href":"https:\/\/shop.tim-deli.vn\/vi\/wp-json\/wp\/v2\/product_cat?post=10516"},{"taxonomy":"product_tag","embeddable":true,"href":"https:\/\/shop.tim-deli.vn\/vi\/wp-json\/wp\/v2\/product_tag?post=10516"}],"curies":[{"name":"wp","href":"https:\/\/api.w.org\/{rel}","templated":true}]}}