{"id":10481,"date":"2025-07-29T15:56:25","date_gmt":"2025-07-29T08:56:25","guid":{"rendered":"https:\/\/shop.tim-deli.vn\/?post_type=product&#038;p=10481"},"modified":"2025-07-29T15:56:26","modified_gmt":"2025-07-29T08:56:26","slug":"chai-thuy-tinh-cao-cap-deli-2","status":"publish","type":"product","link":"https:\/\/shop.tim-deli.vn\/vi\/san-pham\/chai-thuy-tinh-cao-cap-deli-2\/","title":{"rendered":"Chai Th\u1ee7y Tinh Cao C\u1ea5p D\u00e9li"},"content":{"rendered":"<p class=\"QN2lPu\">Thi\u1ebft k\u1ebf d\u00e1ng tr\u1ee5 tr\u00f2n, n\u1eafp nh\u1ef1a b\u1ecdc inox c\u00f3 d\u00e2y x\u00e1ch (treo), in m\u00e0u 2 m\u1eb7t.<\/p>\n<p class=\"QN2lPu\">\u0110\u01b0\u1ee3c l\u00e0m t\u1eeb thu\u1ef7 tinh 100%, c\u00f3 th\u1ec3 s\u1eed d\u1ee5ng \u0111\u1ec3 ch\u1ee9a nhi\u1ec1u lo\u1ea1i nguy\u00ean li\u1ec7u kh\u00e1c nhau nh\u01b0: \u00e9p tr\u00e1i c\u00e2y, s\u1eefa t\u01b0\u01a1i, tr\u00e0 s\u1eefa, m\u1eadt ong, tinh b\u1ed9t\u2026<\/p>\n<p class=\"QN2lPu\">Dung t\u00edch: 300ml<\/p>\n<p class=\"QN2lPu\">K\u00edch th\u01b0\u1edbc: 4 x 17cm<\/p>\n","protected":false},"excerpt":{"rendered":"<p class=\"QN2lPu\">Thi\u1ebft k\u1ebf d\u00e1ng tr\u1ee5 tr\u00f2n, n\u1eafp nh\u1ef1a b\u1ecdc inox c\u00f3 d\u00e2y x\u00e1ch (treo), in m\u00e0u 2 m\u1eb7t.<\/p>\n<p class=\"QN2lPu\">\u0110\u01b0\u1ee3c l\u00e0m t\u1eeb thu\u1ef7 tinh 100%<\/p>\n<p class=\"QN2lPu\">Dung t\u00edch: 300ml<\/p>\n<p class=\"QN2lPu\">K\u00edch th\u01b0\u1edbc: 4 x 17cm<\/p>\n","protected":false},"featured_media":9701,"comment_status":"open","ping_status":"closed","template":"","meta":{"_acf_changed":false,"inline_featured_image":false},"product_brand":[],"product_cat":[188],"product_tag":[],"class_list":{"0":"post-10481","1":"product","2":"type-product","3":"status-publish","4":"has-post-thumbnail","6":"product_cat-dung-cu-pha-che","9":"instock","10":"sold-individually","11":"taxable","12":"shipping-taxable","13":"purchasable","14":"product-type-simple"},"acf":[],"_links":{"self":[{"href":"https:\/\/shop.tim-deli.vn\/vi\/wp-json\/wp\/v2\/product\/10481","targetHints":{"allow":["GET"]}}],"collection":[{"href":"https:\/\/shop.tim-deli.vn\/vi\/wp-json\/wp\/v2\/product"}],"about":[{"href":"https:\/\/shop.tim-deli.vn\/vi\/wp-json\/wp\/v2\/types\/product"}],"replies":[{"embeddable":true,"href":"https:\/\/shop.tim-deli.vn\/vi\/wp-json\/wp\/v2\/comments?post=10481"}],"version-history":[{"count":1,"href":"https:\/\/shop.tim-deli.vn\/vi\/wp-json\/wp\/v2\/product\/10481\/revisions"}],"predecessor-version":[{"id":10499,"href":"https:\/\/shop.tim-deli.vn\/vi\/wp-json\/wp\/v2\/product\/10481\/revisions\/10499"}],"wp:featuredmedia":[{"embeddable":true,"href":"https:\/\/shop.tim-deli.vn\/vi\/wp-json\/wp\/v2\/media\/9701"}],"wp:attachment":[{"href":"https:\/\/shop.tim-deli.vn\/vi\/wp-json\/wp\/v2\/media?parent=10481"}],"wp:term":[{"taxonomy":"product_brand","embeddable":true,"href":"https:\/\/shop.tim-deli.vn\/vi\/wp-json\/wp\/v2\/product_brand?post=10481"},{"taxonomy":"product_cat","embeddable":true,"href":"https:\/\/shop.tim-deli.vn\/vi\/wp-json\/wp\/v2\/product_cat?post=10481"},{"taxonomy":"product_tag","embeddable":true,"href":"https:\/\/shop.tim-deli.vn\/vi\/wp-json\/wp\/v2\/product_tag?post=10481"}],"curies":[{"name":"wp","href":"https:\/\/api.w.org\/{rel}","templated":true}]}}