{"id":10467,"date":"2025-07-29T15:56:21","date_gmt":"2025-07-29T08:56:21","guid":{"rendered":"https:\/\/shop.tim-deli.vn\/?post_type=product&#038;p=10467"},"modified":"2025-11-25T10:38:15","modified_gmt":"2025-11-25T03:38:15","slug":"bot-milk-foam-nguyen-vi-deli-1kg","status":"publish","type":"product","link":"https:\/\/shop.tim-deli.vn\/vi\/san-pham\/bot-milk-foam-nguyen-vi-deli-1kg\/","title":{"rendered":"B\u1ed9t Milk Foam Nguy\u00ean V\u1ecb D\u00e9li &#8211; 1kg"},"content":{"rendered":"<h2><strong>B\u1ed8T MILK FOAM D\u00c9LI<\/strong><\/h2>\n<div data-spm-anchor-id=\"a2o4n.pdp_revamp.product_detail.i1.166c7239yZQ1O4\">B\u1ed9t Milk Foam D\u00e9li l\u00e0 s\u1ea3n ph\u1ea9m b\u1ed9t s\u1eefa d\u00f9ng \u0111\u1ec3 t\u1ea1o ra l\u1edbp kem s\u1eefa hay l\u1edbp v\u00e1ng s\u1eefa th\u01a1m ng\u1eady ph\u1ee7 tr\u00ean \u0111\u1ed3 u\u1ed1ng. Th\u01b0\u1eddng Milk foam s\u1ebd c\u00f3 v\u1ecb ng\u1ecdt nh\u1eb9, pha ch\u00fat m\u1eb1n m\u1eb7n t\u1ea1o c\u1ea3m gi\u00e1c cu\u1ed1n h\u00fat v\u00e0 th\u00edch th\u00fa khi d\u00f9ng.<\/div>\n<div data-spm-anchor-id=\"a2o4n.pdp_revamp.product_detail.i1.166c7239yZQ1O4\">\n<p>TH\u00d4NG TIN CHI TI\u1ebeT S\u1ea2N PH\u1ea8M<\/p>\n<div><strong>Tr\u1ecdng l\u01b0\u1ee3ng:<\/strong> 1KG\/t\u00fai<\/div>\n<div><strong>NSX:<\/strong> in tr\u00ean bao b\u00ec<\/div>\n<div data-spm-anchor-id=\"a2o4n.pdp_revamp.product_detail.i1.166c7239yZQ1O4\"><strong>HSD:<\/strong> 18 th\u00e1ng k\u1ec3 t\u1eeb ng\u00e0y s\u1ea3n xu\u1ea5t.<\/div>\n<div data-spm-anchor-id=\"a2o4n.pdp_revamp.product_detail.i1.166c7239yZQ1O4\"><strong>S\u1ea3n xu\u1ea5t:<\/strong> Vi\u1ec7t Nam<\/div>\n<div data-spm-anchor-id=\"a2o4n.pdp_revamp.product_detail.i1.166c7239yZQ1O4\"><strong>B\u1ea3o qu\u1ea3n:<\/strong> n\u01a1i kh\u00f4 r\u00e1o tho\u00e1ng, lu\u00f4n \u0111\u00f3ng k\u00edn bao b\u00ec sau khi s\u1eed d\u1ee5ng.<\/div>\n<div data-spm-anchor-id=\"a2o4n.pdp_revamp.product_detail.i1.166c7239yZQ1O4\">Th\u00f4ng tin c\u1ea3nh b\u00e1o an to\u00e0n, v\u1ec7 sinh: kh\u00f4ng s\u1eed d\u1ee5ng khi s\u1ea3n ph\u1ea9m c\u00f3 hi\u1ec7n t\u01b0\u1ee3ng n\u1ea5m m\u1ed1c, m\u00f9i l\u1ea1.<\/div>\n<div data-spm-anchor-id=\"a2o4n.pdp_revamp.product_detail.i1.166c7239yZQ1O4\">\n<div><span data-spm-anchor-id=\"a2o4n.pdp_revamp.product_detail.i3.166c7239yZQ1O4\">H\u01af\u1edaNG D\u1eaaN S\u1eec D\u1ee4NG<\/span><\/div>\n<div>\u2022 D\u00f9ng l\u00e0m kem topping trong pha ch\u1ebf v\u00e0 th\u1ef1c ph\u1ea9m<\/div>\n<div>\u2022 D\u00f9ng 30g b\u1ed9t milk foam D\u00e9li v\u00e0 100ml s\u1eefa t\u01b0\u01a1i, \u0111\u00e1nh b\u00f4ng 1-2 ph\u00fat<\/div>\n<div><\/div>\n<\/div>\n<\/div>\n<p>&nbsp;<\/p>\n<p>&nbsp;<\/p>\n","protected":false},"excerpt":{"rendered":"<p><strong>TH\u00d4NG TIN CHI TI\u1ebeT S\u1ea2N PH\u1ea8M<\/strong><\/p>\n<p class=\"QN2lPu\"><strong>Tr\u1ecdng l\u01b0\u1ee3ng:<\/strong>\u00a0200g\/<\/p>\n<p class=\"QN2lPu\"><strong>NSX:<\/strong>\u00a0in tr\u00ean bao b\u00ec.<\/p>\n<p class=\"QN2lPu\"><strong>HSD:<\/strong> 18 th\u00e1ng k\u1ec3 t\u1eeb ng\u00e0y s\u1ea3n xu\u1ea5t.<\/p>\n<p class=\"\" data-start=\"1097\" data-end=\"1191\"><strong data-start=\"1097\" data-end=\"1111\">C\u00f4ng d\u1ee5ng:<\/strong> D\u00f9ng l\u00e0m kem topping trong pha ch\u1ebf v\u00e0 th\u1ef1c ph\u1ea9m<\/p>\n<p class=\"\" data-start=\"1194\" data-end=\"1301\"><strong data-start=\"1194\" data-end=\"1217\">H\u01b0\u1edbng d\u1eabn b\u1ea3o qu\u1ea3n:<\/strong> \u0110\u1ec3 n\u01a1i kh\u00f4 r\u00e1o, tho\u00e1ng m\u00e1t.<\/p>\n<p class=\"\" data-start=\"1304\" data-end=\"1328\"><strong data-start=\"1304\" data-end=\"1316\">Xu\u1ea5t x\u1ee9:<\/strong>\u00a0Vi\u1ec7t Nam.<\/p>\n","protected":false},"featured_media":9506,"comment_status":"open","ping_status":"closed","template":"","meta":{"_acf_changed":false,"inline_featured_image":false},"product_brand":[],"product_cat":[187],"product_tag":[],"class_list":{"0":"post-10467","1":"product","2":"type-product","3":"status-publish","4":"has-post-thumbnail","6":"product_cat-bot-pha-che","9":"instock","10":"taxable","11":"shipping-taxable","12":"purchasable","13":"product-type-variable"},"acf":[],"_links":{"self":[{"href":"https:\/\/shop.tim-deli.vn\/vi\/wp-json\/wp\/v2\/product\/10467","targetHints":{"allow":["GET"]}}],"collection":[{"href":"https:\/\/shop.tim-deli.vn\/vi\/wp-json\/wp\/v2\/product"}],"about":[{"href":"https:\/\/shop.tim-deli.vn\/vi\/wp-json\/wp\/v2\/types\/product"}],"replies":[{"embeddable":true,"href":"https:\/\/shop.tim-deli.vn\/vi\/wp-json\/wp\/v2\/comments?post=10467"}],"version-history":[{"count":2,"href":"https:\/\/shop.tim-deli.vn\/vi\/wp-json\/wp\/v2\/product\/10467\/revisions"}],"predecessor-version":[{"id":11525,"href":"https:\/\/shop.tim-deli.vn\/vi\/wp-json\/wp\/v2\/product\/10467\/revisions\/11525"}],"wp:featuredmedia":[{"embeddable":true,"href":"https:\/\/shop.tim-deli.vn\/vi\/wp-json\/wp\/v2\/media\/9506"}],"wp:attachment":[{"href":"https:\/\/shop.tim-deli.vn\/vi\/wp-json\/wp\/v2\/media?parent=10467"}],"wp:term":[{"taxonomy":"product_brand","embeddable":true,"href":"https:\/\/shop.tim-deli.vn\/vi\/wp-json\/wp\/v2\/product_brand?post=10467"},{"taxonomy":"product_cat","embeddable":true,"href":"https:\/\/shop.tim-deli.vn\/vi\/wp-json\/wp\/v2\/product_cat?post=10467"},{"taxonomy":"product_tag","embeddable":true,"href":"https:\/\/shop.tim-deli.vn\/vi\/wp-json\/wp\/v2\/product_tag?post=10467"}],"curies":[{"name":"wp","href":"https:\/\/api.w.org\/{rel}","templated":true}]}}