{"id":10462,"date":"2025-07-29T15:56:21","date_gmt":"2025-07-29T08:56:21","guid":{"rendered":"https:\/\/shop.tim-deli.vn\/?post_type=product&#038;p=10462"},"modified":"2025-11-25T10:40:19","modified_gmt":"2025-11-25T03:40:19","slug":"pudding-khoai-mon-deli","status":"publish","type":"product","link":"https:\/\/shop.tim-deli.vn\/vi\/san-pham\/pudding-khoai-mon-deli\/","title":{"rendered":"B\u1ed9t Pudding khoai m\u00f4n D\u00e9li &#8211; 1Kg"},"content":{"rendered":"<h2><strong>PUDDING KHOAI M\u00d4N D\u00c9LI<\/strong><\/h2>\n<p><strong data-start=\"124\" data-end=\"150\">Pudding Khoai M\u00f4n D\u00e9li<\/strong> l\u00e0 m\u1ed9t trong nh\u1eefng lo\u1ea1i topping c\u1ef1c k\u1ef3 \u0111\u1ed9c \u0111\u00e1o v\u00e0 \u0111\u01b0\u1ee3c y\u00eau th\u00edch cho m\u00f3n tr\u00e0 s\u1eefa, mang \u0111\u1ebfn h\u01b0\u01a1ng v\u1ecb khoai m\u00f4n b\u00f9i b\u00f9i, b\u00e9o b\u00e9o, th\u01a1m ng\u1eady. V\u1edbi m\u00e0u s\u1eafc b\u1eaft m\u1eaft v\u00e0 h\u01b0\u01a1ng v\u1ecb h\u1ea5p d\u1eabn, s\u1ea3n ph\u1ea9m gi\u00fap ly tr\u00e0 s\u1eefa hay m\u00f3n tr\u00e1ng mi\u1ec7ng c\u1ee7a b\u1ea1n tr\u1edf n\u00ean n\u1ed5i b\u1eadt v\u00e0 l\u00f4i cu\u1ed1n h\u01a1n bao gi\u1edd h\u1ebft.<\/p>\n<p><strong>\u01afU \u0110I\u1ec2M S\u1ea2N PH\u1ea8M<\/strong><\/p>\n<ul>\n<li data-start=\"463\" data-end=\"720\">H\u01b0\u01a1ng khoai m\u00f4n th\u01a1m ngon, b\u00f9i b\u00e9o t\u1ef1 nhi\u00ean, v\u1ecb ng\u1ecdt d\u1ecbu, kh\u00f4ng g\u1eaft.<\/li>\n<li data-start=\"463\" data-end=\"720\">Pudding m\u1ec1m m\u1ecbn, d\u1ec5 pha ch\u1ebf, ph\u00f9 h\u1ee3p c\u1ea3 qu\u00e1n tr\u00e0 s\u1eefa chuy\u00ean nghi\u1ec7p l\u1eabn s\u1eed d\u1ee5ng t\u1ea1i nh\u00e0.<\/li>\n<li data-start=\"463\" data-end=\"720\">L\u00e0m topping tuy\u1ec7t v\u1eddi cho tr\u00e0 s\u1eefa, tr\u00e0 tr\u00e1i c\u00e2y, rau c\u00e2u, s\u1eefa chua, c\u00e1c m\u00f3n tr\u00e1ng mi\u1ec7ng.<\/li>\n<\/ul>\n<p><strong>C\u00c1CH S\u1eec D\u1ee4NG<\/strong><\/p>\n<ul>\n<li data-start=\"777\" data-end=\"1085\">Chu\u1ea9n b\u1ecb: 100g b\u1ed9t pudding D\u00e9li, 50g \u0111\u01b0\u1eddng c\u00e1t tr\u1eafng, 800ml n\u01b0\u1edbc.<\/li>\n<li data-start=\"777\" data-end=\"1085\">\u0110un s\u00f4i n\u01b0\u1edbc.<\/li>\n<li data-start=\"777\" data-end=\"1085\">Tr\u1ed9n \u0111\u1ec1u b\u1ed9t pudding v\u00e0 \u0111\u01b0\u1eddng, cho t\u1eeb t\u1eeb v\u00e0o n\u01b0\u1edbc s\u00f4i, khu\u1ea5y \u0111\u1ec1u 3\u20135 ph\u00fat cho tan h\u1ebft.<\/li>\n<li data-start=\"777\" data-end=\"1085\">T\u1eaft b\u1ebfp, v\u1edbt b\u1ecdt tr\u00ean m\u1eb7t, r\u00f3t dung d\u1ecbch v\u00e0o khu\u00f4n.<\/li>\n<li data-start=\"777\" data-end=\"1085\">\u0110\u1ec3 ngu\u1ed9i, cho v\u00e0o t\u1ee7 m\u00e1t ch\u1edd pudding \u0111\u00f4ng l\u1ea1i, th\u01b0\u1edfng th\u1ee9c.<\/li>\n<\/ul>\n<p><strong>TH\u00d4NG TIN CHI TI\u1ebeT S\u1ea2N PH\u1ea8M<\/strong><\/p>\n<p class=\"\" data-start=\"1132\" data-end=\"1319\"><strong data-start=\"1132\" data-end=\"1147\">Th\u00e0nh ph\u1ea7n:<\/strong> B\u1ed9t kem b\u00e9o th\u1ef1c v\u1eadt, b\u1ed9t s\u1eefa, \u0111\u01b0\u1eddng tinh luy\u1ec7n, b\u1ed9t khoai m\u00f4n, h\u01b0\u01a1ng khoai m\u00f4n, ch\u1ea5t l\u00e0m d\u00e0y (INS 407), ch\u1ea5t ch\u1ed1ng \u0111\u00f4ng v\u00f3n (INS 551), m\u00e0u th\u1ef1c ph\u1ea9m (INS 102, INS 113).<\/p>\n<p class=\"\" data-start=\"1322\" data-end=\"1349\"><strong data-start=\"1322\" data-end=\"1338\">Tr\u1ecdng l\u01b0\u1ee3ng:<\/strong> 1kg\/t\u00fai.<\/p>\n<p class=\"\" data-start=\"1352\" data-end=\"1418\"><strong data-start=\"1352\" data-end=\"1368\">H\u1ea1n s\u1eed d\u1ee5ng:<\/strong> 18 th\u00e1ng k\u1ec3 t\u1eeb ng\u00e0y s\u1ea3n xu\u1ea5t (xem tr\u00ean bao b\u00ec).<\/p>\n<p class=\"\" data-start=\"1421\" data-end=\"1445\"><strong data-start=\"1421\" data-end=\"1433\">Xu\u1ea5t x\u1ee9:<\/strong> Vi\u1ec7t Nam.<\/p>\n<p class=\"\" data-start=\"1448\" data-end=\"1553\"><strong data-start=\"1448\" data-end=\"1461\">B\u1ea3o qu\u1ea3n:<\/strong> N\u01a1i kh\u00f4 r\u00e1o, tho\u00e1ng m\u00e1t, tr\u00e1nh ti\u1ebfp x\u00fac tr\u1ef1c ti\u1ebfp \u00e1nh n\u1eafng; \u0111\u00f3ng k\u00edn t\u00fai sau khi s\u1eed d\u1ee5ng.<\/p>\n<p><strong data-start=\"2106\" data-end=\"2132\">Pudding Khoai M\u00f4n D\u00e9li<\/strong> \u2013 b\u1ed9t pudding khoai m\u00f4n b\u00f9i b\u00e9o, m\u1ec1m m\u1ecbn, th\u01a1m ngon, d\u1ec5 pha ch\u1ebf, chuy\u00ean d\u00f9ng l\u00e0m topping tr\u00e0 s\u1eefa, tr\u00e0 tr\u00e1i c\u00e2y, m\u00f3n tr\u00e1ng mi\u1ec7ng, gi\u00fap m\u00f3n \u0103n, th\u1ee9c u\u1ed1ng th\u00eam h\u1ea5p d\u1eabn, b\u1eaft m\u1eaft.<\/p>\n","protected":false},"excerpt":{"rendered":"<p><strong>TH\u00d4NG TIN CHI TI\u1ebeT S\u1ea2N PH\u1ea8M<\/strong><\/p>\n<p class=\"\" data-start=\"1132\" data-end=\"1319\"><strong data-start=\"1132\" data-end=\"1147\">Th\u00e0nh ph\u1ea7n:<\/strong> B\u1ed9t kem b\u00e9o th\u1ef1c v\u1eadt, b\u1ed9t s\u1eefa, \u0111\u01b0\u1eddng tinh luy\u1ec7n, b\u1ed9t khoai m\u00f4n, h\u01b0\u01a1ng khoai m\u00f4n, ch\u1ea5t l\u00e0m d\u00e0y (INS 407), ch\u1ea5t ch\u1ed1ng \u0111\u00f4ng v\u00f3n (INS 551), m\u00e0u th\u1ef1c ph\u1ea9m (INS 102, INS 113).<\/p>\n<p class=\"\" data-start=\"1322\" data-end=\"1349\"><strong data-start=\"1322\" data-end=\"1338\">Tr\u1ecdng l\u01b0\u1ee3ng:<\/strong> 1kg\/t\u00fai.<\/p>\n<p class=\"\" data-start=\"1352\" data-end=\"1418\"><strong data-start=\"1352\" data-end=\"1368\">H\u1ea1n s\u1eed d\u1ee5ng:<\/strong> 18 th\u00e1ng k\u1ec3 t\u1eeb ng\u00e0y s\u1ea3n xu\u1ea5t (xem tr\u00ean bao b\u00ec).<\/p>\n<p class=\"\" data-start=\"1421\" data-end=\"1445\"><strong data-start=\"1421\" data-end=\"1433\">Xu\u1ea5t x\u1ee9:<\/strong> Vi\u1ec7t Nam.<\/p>\n<p class=\"\" data-start=\"1448\" data-end=\"1553\"><strong data-start=\"1448\" data-end=\"1461\">B\u1ea3o qu\u1ea3n:<\/strong> N\u01a1i kh\u00f4 r\u00e1o, tho\u00e1ng m\u00e1t, tr\u00e1nh ti\u1ebfp x\u00fac tr\u1ef1c ti\u1ebfp \u00e1nh n\u1eafng; \u0111\u00f3ng k\u00edn t\u00fai sau khi s\u1eed d\u1ee5ng.<\/p>\n","protected":false},"featured_media":9608,"comment_status":"open","ping_status":"closed","template":"","meta":{"_acf_changed":false,"inline_featured_image":false},"product_brand":[],"product_cat":[145],"product_tag":[],"class_list":{"0":"post-10462","1":"product","2":"type-product","3":"status-publish","4":"has-post-thumbnail","6":"product_cat-tran-chau-topping","9":"instock","10":"taxable","11":"shipping-taxable","12":"purchasable","13":"product-type-variable"},"acf":[],"_links":{"self":[{"href":"https:\/\/shop.tim-deli.vn\/vi\/wp-json\/wp\/v2\/product\/10462","targetHints":{"allow":["GET"]}}],"collection":[{"href":"https:\/\/shop.tim-deli.vn\/vi\/wp-json\/wp\/v2\/product"}],"about":[{"href":"https:\/\/shop.tim-deli.vn\/vi\/wp-json\/wp\/v2\/types\/product"}],"replies":[{"embeddable":true,"href":"https:\/\/shop.tim-deli.vn\/vi\/wp-json\/wp\/v2\/comments?post=10462"}],"version-history":[{"count":3,"href":"https:\/\/shop.tim-deli.vn\/vi\/wp-json\/wp\/v2\/product\/10462\/revisions"}],"predecessor-version":[{"id":11661,"href":"https:\/\/shop.tim-deli.vn\/vi\/wp-json\/wp\/v2\/product\/10462\/revisions\/11661"}],"wp:featuredmedia":[{"embeddable":true,"href":"https:\/\/shop.tim-deli.vn\/vi\/wp-json\/wp\/v2\/media\/9608"}],"wp:attachment":[{"href":"https:\/\/shop.tim-deli.vn\/vi\/wp-json\/wp\/v2\/media?parent=10462"}],"wp:term":[{"taxonomy":"product_brand","embeddable":true,"href":"https:\/\/shop.tim-deli.vn\/vi\/wp-json\/wp\/v2\/product_brand?post=10462"},{"taxonomy":"product_cat","embeddable":true,"href":"https:\/\/shop.tim-deli.vn\/vi\/wp-json\/wp\/v2\/product_cat?post=10462"},{"taxonomy":"product_tag","embeddable":true,"href":"https:\/\/shop.tim-deli.vn\/vi\/wp-json\/wp\/v2\/product_tag?post=10462"}],"curies":[{"name":"wp","href":"https:\/\/api.w.org\/{rel}","templated":true}]}}