{"id":10457,"date":"2025-07-29T15:56:20","date_gmt":"2025-07-29T08:56:20","guid":{"rendered":"https:\/\/shop.tim-deli.vn\/?post_type=product&#038;p=10457"},"modified":"2025-11-25T10:45:51","modified_gmt":"2025-11-25T03:45:51","slug":"tra-lai-deli-400gr","status":"publish","type":"product","link":"https:\/\/shop.tim-deli.vn\/vi\/san-pham\/tra-lai-deli-400gr\/","title":{"rendered":"Tr\u00e0 l\u00e0i D\u00e9li &#8211; 400gr"},"content":{"rendered":"<h2><strong>TR\u00c0 L\u00c0I D\u00c9LI<\/strong><\/h2>\n<p class=\"QN2lPu\"><strong>NGU\u1ed2N G\u1ed0C S\u1ea2N PH\u1ea8M<\/strong><\/p>\n<ul>\n<li class=\"QN2lPu\">Tr\u00e0 L\u00e0i D\u00e9li \u0111\u01b0\u1ee3c l\u00e0m t\u1eeb tr\u00e0 xanh ch\u1ea5t l\u01b0\u1ee3ng cao, s\u1ea5y \u01b0\u1edbp c\u00f9ng hoa l\u00e0i t\u1ef1 nhi\u00ean, thu h\u00e1i th\u1ee7 c\u00f4ng t\u1ea1i v\u00f9ng nguy\u00ean li\u1ec7u L\u00e2m \u0110\u1ed3ng.<\/li>\n<li class=\"QN2lPu\">N\u1eb1m tr\u00ean \u0111\u1ed9 cao 1600m so v\u1edbi m\u1ef1c n\u01b0\u1edbc bi\u1ec3n, C\u1ea7u \u0110\u1ea5t c\u00f3 kh\u00ed h\u1eadu \u00f4n h\u00f2a, \u0111\u1ea5t Bazan m\u00e0u m\u1ee1, t\u1ea1o n\u00ean nh\u1eefng \u0111\u1ed3i tr\u00e0 mang h\u01b0\u01a1ng th\u01a1m v\u00e0 ph\u1ea9m ch\u1ea5t ri\u00eang bi\u1ec7t.<\/li>\n<li class=\"QN2lPu\">100% tr\u00e0 l\u00e0i nguy\u00ean ch\u1ea5t, l\u00e1 tr\u00e0 \u0111\u01b0\u1ee3c sao nhi\u1ec1u l\u1ea7n cho th\u1ea5m \u0111\u1eabm h\u01b0\u01a1ng th\u01a1m hoa nh\u00e0i, mang l\u1ea1i c\u1ea3m gi\u00e1c th\u01b0 gi\u00e3n, khoan kho\u00e1i khi pha.<\/li>\n<\/ul>\n<p><strong>C\u00d4NG D\u1ee4NG<\/strong><\/p>\n<ul>\n<li>Chuy\u00ean d\u00f9ng pha ch\u1ebf: tr\u00e0 s\u1eefa, tr\u00e0 tr\u00e1i c\u00e2y, tr\u00e0 l\u00e0i u\u1ed1ng h\u1eb1ng ng\u00e0y.<\/li>\n<li>H\u1ed7 tr\u1ee3 gi\u1ea3m cholesterol, t\u0103ng l\u01b0u th\u00f4ng m\u00e1u, gi\u1ea3m stress, gi\u1ea3m lo \u00e2u, gi\u00fap tinh th\u1ea7n th\u01b0 gi\u00e3n.<\/li>\n<li>T\u0103ng c\u01b0\u1eddng h\u1ec7 mi\u1ec5n d\u1ecbch, gi\u00fap c\u01a1 th\u1ec3 ch\u1ed1ng l\u1ea1i virus, vi khu\u1ea9n, b\u1ea3o v\u1ec7 s\u1ee9c kh\u1ecfe to\u00e0n di\u1ec7n.<\/li>\n<\/ul>\n<p class=\"QN2lPu\"><strong>TH\u00d4NG TIN CHI TI\u1ebeT S\u1ea2N PH\u1ea8M<\/strong><\/p>\n<p class=\"QN2lPu\"><strong>Th\u00e0nh ph\u1ea7n:<\/strong> Tr\u00e0 xanh tuy\u1ec3n ch\u1ecdn v\u00e0 hoa l\u00e0i t\u1ef1 nhi\u00ean.<\/p>\n<p><strong data-start=\"1020\" data-end=\"1033\">H\u01b0\u01a1ng v\u1ecb:<\/strong> H\u01b0\u01a1ng th\u01a1m hoa nh\u00e0i t\u1ef1 nhi\u00ean, v\u1ecb tr\u00e0 thanh nh\u1eb9, h\u1eadu v\u1ecb d\u1ec5 ch\u1ecbu, th\u01b0 gi\u00e3n.<\/p>\n<p class=\"QN2lPu\"><strong>Tr\u1ecdng l\u01b0\u1ee3ng:<\/strong> 400gr\/t\u00fai<\/p>\n<p class=\"QN2lPu\"><strong>NSX:<\/strong> xem tr\u00ean bao b\u00ec.<\/p>\n<p class=\"QN2lPu\"><strong>HSD:<\/strong> 24 th\u00e1ng k\u1ec3 t\u1eeb ng\u00e0y s\u1ea3n xu\u1ea5t.<\/p>\n<p class=\"QN2lPu\"><strong>Xu\u1ea5t x\u1ee9:<\/strong>\u00a0Vi\u1ec7t Nam<\/p>\n<p class=\"QN2lPu\"><strong>B\u1ea3o qu\u1ea3n:<\/strong> N\u01a1i kh\u00f4 r\u00e1o, tho\u00e1ng m\u00e1t, tr\u00e1nh \u00e1nh n\u1eafng tr\u1ef1c ti\u1ebfp, \u0111\u00f3ng k\u00edn t\u00fai sau khi s\u1eed d\u1ee5ng.<\/p>\n<p><strong data-start=\"1350\" data-end=\"1371\">C\u1ea3nh b\u00e1o an to\u00e0n:<\/strong> Kh\u00f4ng s\u1eed d\u1ee5ng khi s\u1ea3n ph\u1ea9m c\u00f3 d\u1ea5u hi\u1ec7u n\u1ea5m m\u1ed1c, m\u00f9i l\u1ea1.<\/p>\n","protected":false},"excerpt":{"rendered":"<p class=\"QN2lPu\"><strong>Th\u00e0nh ph\u1ea7n:<\/strong>\u00a0Tr\u00e0 xanh ch\u1ea5t l\u01b0\u1ee3ng v\u00e0 hoa l\u00e0i<\/p>\n<p class=\"QN2lPu\"><strong>Quy C\u00e1ch:<\/strong>\u00a0 T\u00fai 400g<\/p>\n<p class=\"QN2lPu\"><strong>NSX:<\/strong>\u00a0in tr\u00ean bao b\u00ec.<\/p>\n<p class=\"QN2lPu\"><strong>HSD:<\/strong>\u00a024 th\u00e1ng k\u1ec3 t\u1eeb ng\u00e0y s\u1ea3n xu\u1ea5t.<\/p>\n<p class=\"QN2lPu\"><strong>Xu\u1ea5t x\u1ee9:<\/strong>\u00a0Vi\u1ec7t Nam<\/p>\n<p class=\"QN2lPu\"><strong>B\u1ea3o qu\u1ea3n:<\/strong>\u00a0n\u01a1i kh\u00f4 r\u00e1o tho\u00e1ng, \u0111\u00f3ng k\u00edn mi\u1ec7ng bao sau khi s\u1eed d\u1ee5ng.<\/p>\n","protected":false},"featured_media":9457,"comment_status":"open","ping_status":"closed","template":"","meta":{"_acf_changed":false,"inline_featured_image":false},"product_brand":[],"product_cat":[144,134,183],"product_tag":[341],"class_list":{"0":"post-10457","1":"product","2":"type-product","3":"status-publish","4":"has-post-thumbnail","6":"product_cat-tra-goi-cac-loai","7":"product_cat-duoc-mua-nhieu-nhat","8":"product_cat-top-nguyen-lieu-ban-pha-che-ban-chay-tai-deli","9":"product_tag-tra-lai-deli","12":"instock","13":"taxable","14":"shipping-taxable","15":"purchasable","16":"product-type-variable"},"acf":[],"_links":{"self":[{"href":"https:\/\/shop.tim-deli.vn\/vi\/wp-json\/wp\/v2\/product\/10457","targetHints":{"allow":["GET"]}}],"collection":[{"href":"https:\/\/shop.tim-deli.vn\/vi\/wp-json\/wp\/v2\/product"}],"about":[{"href":"https:\/\/shop.tim-deli.vn\/vi\/wp-json\/wp\/v2\/types\/product"}],"replies":[{"embeddable":true,"href":"https:\/\/shop.tim-deli.vn\/vi\/wp-json\/wp\/v2\/comments?post=10457"}],"version-history":[{"count":1,"href":"https:\/\/shop.tim-deli.vn\/vi\/wp-json\/wp\/v2\/product\/10457\/revisions"}],"predecessor-version":[{"id":10469,"href":"https:\/\/shop.tim-deli.vn\/vi\/wp-json\/wp\/v2\/product\/10457\/revisions\/10469"}],"wp:featuredmedia":[{"embeddable":true,"href":"https:\/\/shop.tim-deli.vn\/vi\/wp-json\/wp\/v2\/media\/9457"}],"wp:attachment":[{"href":"https:\/\/shop.tim-deli.vn\/vi\/wp-json\/wp\/v2\/media?parent=10457"}],"wp:term":[{"taxonomy":"product_brand","embeddable":true,"href":"https:\/\/shop.tim-deli.vn\/vi\/wp-json\/wp\/v2\/product_brand?post=10457"},{"taxonomy":"product_cat","embeddable":true,"href":"https:\/\/shop.tim-deli.vn\/vi\/wp-json\/wp\/v2\/product_cat?post=10457"},{"taxonomy":"product_tag","embeddable":true,"href":"https:\/\/shop.tim-deli.vn\/vi\/wp-json\/wp\/v2\/product_tag?post=10457"}],"curies":[{"name":"wp","href":"https:\/\/api.w.org\/{rel}","templated":true}]}}