{"id":10456,"date":"2025-07-29T15:56:20","date_gmt":"2025-07-29T08:56:20","guid":{"rendered":"https:\/\/shop.tim-deli.vn\/?post_type=product&#038;p=10456"},"modified":"2026-03-06T23:35:01","modified_gmt":"2026-03-06T16:35:01","slug":"hong-tra-deli-400gr","status":"publish","type":"product","link":"https:\/\/shop.tim-deli.vn\/vi\/san-pham\/hong-tra-deli-400gr\/","title":{"rendered":"H\u1ed3ng Tr\u00e0 D\u00e9li &#8211; 400gr"},"content":{"rendered":"<h2><strong>H\u1ed2NG TR\u00c0 D\u00c9LI<\/strong><\/h2>\n<p>B\u1ea1n \u0111ang t\u00ecm ki\u1ebfm lo\u1ea1i tr\u00e0 \u0111en (h\u1ed3ng tr\u00e0) ch\u1ea5t l\u01b0\u1ee3ng cao \u0111\u1ec3 pha ch\u1ebf tr\u00e0 s\u1eefa, tr\u00e0 tr\u00e1i c\u00e2y hay tr\u00e0 \u0111\u00e0o th\u01a1m ngon chu\u1ea9n v\u1ecb? <strong data-start=\"193\" data-end=\"210\">H\u1ed3ng Tr\u00e0 D\u00e9li<\/strong> ch\u00ednh l\u00e0 l\u1ef1a ch\u1ecdn ho\u00e0n h\u1ea3o!<\/p>\n<p class=\"QN2lPu\"><strong>NGU\u1ed2N G\u1ed0C S\u1ea2N PH\u1ea8M<\/strong><\/p>\n<p class=\"QN2lPu\">\u2022 Tr\u00e0 \u0110en (H\u1ed3ng Tr\u00e0) C\u1ea7u \u0110\u1ea5t \u0111\u01b0\u1ee3c l\u00ean men 100% t\u1eeb nh\u1eefng b\u00fap tr\u00e0 xanh t\u01b0\u01a1i non, thu ho\u1ea1ch th\u1ee7 c\u00f4ng t\u1ea1i v\u00f9ng nguy\u00ean li\u1ec7u n\u1ed5i ti\u1ebfng L\u00e2m \u0110\u1ed3ng.<\/p>\n<p class=\"QN2lPu\">\u2022 N\u1eb1m tr\u00ean \u0111\u1ed9 cao h\u01a1n 1600m so v\u1edbi m\u1ef1c n\u01b0\u1edbc bi\u1ec3n, C\u1ea7u \u0110\u1ea5t c\u00f3 kh\u00ed h\u1eadu \u00f4n h\u00f2a quanh n\u0103m, th\u1ed5 nh\u01b0\u1ee1ng Bazan m\u00e0u m\u1ee1, t\u1ea1o n\u00ean h\u01b0\u01a1ng v\u1ecb v\u00e0 ph\u1ea9m ch\u1ea5t tr\u00e0 r\u1ea5t ri\u00eang, kh\u00f3 n\u01a1i n\u00e0o s\u00e1nh \u0111\u01b0\u1ee3c.<\/p>\n<p class=\"QN2lPu\">\u2022 100% tr\u00e0 s\u1ea1ch, nguy\u00ean ch\u1ea5t, kh\u00f4ng pha t\u1ea1p, \u0111\u01b0\u1ee3c l\u00ean men v\u00e0 \u00f4xy h\u00f3a ho\u00e0n to\u00e0n, mang m\u00e0u \u0111en \u0111\u1eb7c tr\u01b0ng, h\u01b0\u01a1ng th\u01a1m thanh nh\u00e3, v\u1ecb tr\u00e0 \u0111\u1eadm \u0111\u00e0, h\u1eadu v\u1ecb nh\u1eb9 nh\u00e0ng \u2013 \u0111\u00fang chu\u1ea9n h\u1ed3ng tr\u00e0 C\u1ea7u \u0110\u1ea5t.<\/p>\n<p><strong>C\u00d4NG D\u1ee4NG<\/strong><\/p>\n<ul>\n<li>Chuy\u00ean d\u00f9ng pha ch\u1ebf: tr\u00e0 s\u1eefa tr\u00e2n ch\u00e2u \u0111\u01b0\u1eddng \u0111en, tr\u00e0 s\u1eefa \u0110\u00e0i Loan, tr\u00e0 s\u1eefa handmade, h\u1ed3ng tr\u00e0, tr\u00e0 \u0111\u00e0o, tr\u00e0 tr\u00e1i c\u00e2y.<\/li>\n<li>Gi\u1ea3m cholesterol, h\u1ed7 tr\u1ee3 l\u01b0u th\u00f4ng m\u00e1u, gi\u1ea3m stress, xua tan lo \u00e2u.<\/li>\n<li>T\u0103ng c\u01b0\u1eddng h\u1ec7 mi\u1ec5n d\u1ecbch, gi\u00fap c\u01a1 th\u1ec3 ch\u1ed1ng l\u1ea1i virus, vi khu\u1ea9n, b\u1ea3o v\u1ec7 s\u1ee9c kh\u1ecfe to\u00e0n di\u1ec7n.<\/li>\n<\/ul>\n<p><strong>B\u1ea3o qu\u1ea3n:\u00a0<\/strong>n\u01a1i kh\u00f4 r\u00e1o, tho\u00e1ng m\u00e1t, tr\u00e1nh tr\u1ef1c ti\u1ebfp \u00e1nh s\u00e1ng m\u1eb7t tr\u1eddi<\/p>\n<p class=\"QN2lPu\"><strong>TH\u00d4NG TIN CHI TI\u1ebeT S\u1ea2N PH\u1ea8M<\/strong><\/p>\n<p class=\"QN2lPu\"><strong>Th\u00e0nh ph\u1ea7n:<\/strong> 100% \u0111\u1ecdt tr\u00e0 xanh thu h\u00e1i th\u1ee7 c\u00f4ng, l\u00ean men ho\u00e0n to\u00e0n.<\/p>\n<p><strong data-start=\"1306\" data-end=\"1319\">H\u01b0\u01a1ng v\u1ecb:<\/strong> Tr\u00e0 \u0111en n\u01b0\u1edbc h\u1ed3ng ng\u1ecdc, v\u1ecb tr\u00e0 \u0111\u1eadm \u0111\u00e0 v\u1eeba ph\u1ea3i, h\u01b0\u01a1ng hoa qu\u1ea3 ch\u00edn, h\u1eadu v\u1ecb nh\u1eb9 nh\u00e0ng.<\/p>\n<p class=\"QN2lPu\"><strong>Tr\u1ecdng l\u01b0\u1ee3ng:<\/strong> 400gr\/t\u00fai<\/p>\n<p class=\"QN2lPu\"><strong>NSX:<\/strong> xem tr\u00ean bao b\u00ec.<\/p>\n<p class=\"QN2lPu\"><strong>HSD:<\/strong> 24 th\u00e1ng k\u1ec3 t\u1eeb ng\u00e0y s\u1ea3n xu\u1ea5t.<\/p>\n<p class=\"QN2lPu\"><strong>Xu\u1ea5t x\u1ee9:<\/strong> Vi\u1ec7t Nam<\/p>\n<p class=\"QN2lPu\"><strong>B\u1ea3o qu\u1ea3n:<\/strong> N\u01a1i kh\u00f4 r\u00e1o, tho\u00e1ng m\u00e1t, tr\u00e1nh \u00e1nh n\u1eafng tr\u1ef1c ti\u1ebfp, lu\u00f4n \u0111\u00f3ng k\u00edn t\u00fai sau khi s\u1eed d\u1ee5ng.<\/p>\n<p><strong data-start=\"1653\" data-end=\"1674\">C\u1ea3nh b\u00e1o an to\u00e0n:<\/strong> Kh\u00f4ng s\u1eed d\u1ee5ng khi s\u1ea3n ph\u1ea9m c\u00f3 d\u1ea5u hi\u1ec7u \u1ea9m m\u1ed1c ho\u1eb7c m\u00f9i l\u1ea1.<\/p>\n","protected":false},"excerpt":{"rendered":"<p data-start=\"193\" data-end=\"509\"><strong>Th\u00e0nh ph\u1ea7n:<\/strong> 100% \u0111\u1ecdt tr\u00e0 xanh<\/p>\n<p class=\"QN2lPu\"><strong>Quy C\u00e1ch:<\/strong>\u00a0 T\u00fai 400g<\/p>\n<p class=\"QN2lPu\"><strong>NSX:<\/strong>\u00a0in tr\u00ean bao b\u00ec.<\/p>\n<p class=\"QN2lPu\"><strong>HSD:<\/strong>\u00a024 th\u00e1ng k\u1ec3 t\u1eeb ng\u00e0y s\u1ea3n xu\u1ea5t.<\/p>\n<p class=\"QN2lPu\"><strong>Xu\u1ea5t x\u1ee9:<\/strong>\u00a0Vi\u1ec7t Nam<\/p>\n<p class=\"QN2lPu\"><strong>B\u1ea3o qu\u1ea3n:<\/strong>\u00a0n\u01a1i kh\u00f4 r\u00e1o tho\u00e1ng, \u0111\u00f3ng k\u00edn mi\u1ec7ng bao sau khi s\u1eed d\u1ee5ng.<\/p>\n","protected":false},"featured_media":9464,"comment_status":"open","ping_status":"closed","template":"","meta":{"_acf_changed":false,"inline_featured_image":false},"product_brand":[],"product_cat":[144,133,170,183],"product_tag":[342,336],"class_list":{"0":"post-10456","1":"product","2":"type-product","3":"status-publish","4":"has-post-thumbnail","6":"product_cat-tra-goi-cac-loai","7":"product_cat-de-xuat-cua-hang","8":"product_cat-duoc-goi-y","9":"product_cat-top-nguyen-lieu-ban-pha-che-ban-chay-tai-deli","10":"product_tag-hong-tra","11":"product_tag-tra","14":"instock","15":"taxable","16":"shipping-taxable","17":"purchasable","18":"product-type-variable"},"acf":[],"_links":{"self":[{"href":"https:\/\/shop.tim-deli.vn\/vi\/wp-json\/wp\/v2\/product\/10456","targetHints":{"allow":["GET"]}}],"collection":[{"href":"https:\/\/shop.tim-deli.vn\/vi\/wp-json\/wp\/v2\/product"}],"about":[{"href":"https:\/\/shop.tim-deli.vn\/vi\/wp-json\/wp\/v2\/types\/product"}],"replies":[{"embeddable":true,"href":"https:\/\/shop.tim-deli.vn\/vi\/wp-json\/wp\/v2\/comments?post=10456"}],"version-history":[{"count":1,"href":"https:\/\/shop.tim-deli.vn\/vi\/wp-json\/wp\/v2\/product\/10456\/revisions"}],"predecessor-version":[{"id":10468,"href":"https:\/\/shop.tim-deli.vn\/vi\/wp-json\/wp\/v2\/product\/10456\/revisions\/10468"}],"wp:featuredmedia":[{"embeddable":true,"href":"https:\/\/shop.tim-deli.vn\/vi\/wp-json\/wp\/v2\/media\/9464"}],"wp:attachment":[{"href":"https:\/\/shop.tim-deli.vn\/vi\/wp-json\/wp\/v2\/media?parent=10456"}],"wp:term":[{"taxonomy":"product_brand","embeddable":true,"href":"https:\/\/shop.tim-deli.vn\/vi\/wp-json\/wp\/v2\/product_brand?post=10456"},{"taxonomy":"product_cat","embeddable":true,"href":"https:\/\/shop.tim-deli.vn\/vi\/wp-json\/wp\/v2\/product_cat?post=10456"},{"taxonomy":"product_tag","embeddable":true,"href":"https:\/\/shop.tim-deli.vn\/vi\/wp-json\/wp\/v2\/product_tag?post=10456"}],"curies":[{"name":"wp","href":"https:\/\/api.w.org\/{rel}","templated":true}]}}